{"id":68,"date":"2018-01-18T11:15:26","date_gmt":"2018-01-18T09:15:26","guid":{"rendered":"https:\/\/timbeco.ee\/se\/?page_id=68"},"modified":"2020-02-10T11:13:01","modified_gmt":"2020-02-10T09:13:01","slug":"vaggelement","status":"publish","type":"page","link":"https:\/\/timbeco.ee\/sv\/produkter\/vaggelement\/","title":{"rendered":"Prefabricerade v\u00e4ggelement"},"content":{"rendered":"","protected":false},"excerpt":{"rendered":"<p>Fasadselement f\u00f6r bostadshus, offentliga byggnader samt kommersiella byggnader, enligt kundens projekt och maximal genomf\u00f6randegrad. Ofta anv\u00e4nds fasadelement som tillbeh\u00f6r och termiskt element f\u00f6r d\u00e4ckhusets yttre omkrets.<\/p>\n","protected":false},"author":1,"featured_media":606,"parent":29,"menu_order":0,"comment_status":"closed","ping_status":"closed","template":"","meta":{"_acf_changed":false,"_monsterinsights_skip_tracking":false,"_monsterinsights_sitenote_active":false,"_monsterinsights_sitenote_note":"","_monsterinsights_sitenote_category":0,"footnotes":""},"class_list":["post-68","page","type-page","status-publish","has-post-thumbnail","hentry"],"acf":[],"yoast_head":"<!-- This site is optimized with the Yoast SEO Premium plugin v27.2 (Yoast SEO v27.2) - https:\/\/yoast.com\/product\/yoast-seo-premium-wordpress\/ -->\n<title>Prefabricerade v\u00e4ggelement tillverkade i tr\u00e4 - Timbeco Woodhouse<\/title>\n<meta name=\"description\" content=\"Timbeco tillverkar smarta och prisv\u00e4rda prefab element. Vi erbjuder produktionerav h\u00f6gsta kvalitet anpassade efter v\u00e5ra kunders olika projekt.\" \/>\n<meta name=\"robots\" content=\"index, follow, max-snippet:-1, max-image-preview:large, max-video-preview:-1\" \/>\n<link rel=\"canonical\" href=\"https:\/\/timbeco.ee\/sv\/produkter\/vaggelement\/\" \/>\n<meta property=\"og:locale\" content=\"sv_SE\" \/>\n<meta property=\"og:type\" content=\"article\" \/>\n<meta property=\"og:title\" content=\"Prefabricerade v\u00e4ggelement\" \/>\n<meta property=\"og:description\" content=\"Fasadselement f\u00f6r bostadshus, offentliga byggnader samt kommersiella byggnader, enligt kundens projekt och maximal genomf\u00f6randegrad. Ofta anv\u00e4nds fasadelement som tillbeh\u00f6r och termiskt element f\u00f6r d\u00e4ckhusets yttre omkrets.\" \/>\n<meta property=\"og:url\" content=\"https:\/\/timbeco.ee\/sv\/produkter\/vaggelement\/\" \/>\n<meta property=\"og:site_name\" content=\"Timbeco Sweden\" \/>\n<meta property=\"article:modified_time\" content=\"2020-02-10T09:13:01+00:00\" \/>\n<meta property=\"og:image\" content=\"https:\/\/timbeco.ee\/sv\/wp-content\/uploads\/sites\/6\/2018\/04\/bardufoss_kool3_edited.jpg\" \/>\n\t<meta property=\"og:image:width\" content=\"1270\" \/>\n\t<meta property=\"og:image:height\" content=\"673\" \/>\n\t<meta property=\"og:image:type\" content=\"image\/jpeg\" \/>\n<meta name=\"twitter:card\" content=\"summary_large_image\" \/>\n<script type=\"application\/ld+json\" class=\"yoast-schema-graph\">{\"@context\":\"https:\/\/schema.org\",\"@graph\":[{\"@type\":\"WebPage\",\"@id\":\"https:\/\/timbeco.ee\/sv\/produkter\/vaggelement\/\",\"url\":\"https:\/\/timbeco.ee\/sv\/produkter\/vaggelement\/\",\"name\":\"Prefabricerade v\u00e4ggelement tillverkade i tr\u00e4 - Timbeco Woodhouse\",\"isPartOf\":{\"@id\":\"https:\/\/timbeco.ee\/sv\/#website\"},\"primaryImageOfPage\":{\"@id\":\"https:\/\/timbeco.ee\/sv\/produkter\/vaggelement\/#primaryimage\"},\"image\":{\"@id\":\"https:\/\/timbeco.ee\/sv\/produkter\/vaggelement\/#primaryimage\"},\"thumbnailUrl\":\"https:\/\/timbeco.ee\/sv\/wp-content\/uploads\/sites\/6\/2018\/04\/bardufoss_kool3_edited.jpg\",\"datePublished\":\"2018-01-18T09:15:26+00:00\",\"dateModified\":\"2020-02-10T09:13:01+00:00\",\"description\":\"Timbeco tillverkar smarta och prisv\u00e4rda prefab element. Vi erbjuder produktionerav h\u00f6gsta kvalitet anpassade efter v\u00e5ra kunders olika projekt.\",\"breadcrumb\":{\"@id\":\"https:\/\/timbeco.ee\/sv\/produkter\/vaggelement\/#breadcrumb\"},\"inLanguage\":\"sv-SE\",\"potentialAction\":[{\"@type\":\"ReadAction\",\"target\":[\"https:\/\/timbeco.ee\/sv\/produkter\/vaggelement\/\"]}]},{\"@type\":\"ImageObject\",\"inLanguage\":\"sv-SE\",\"@id\":\"https:\/\/timbeco.ee\/sv\/produkter\/vaggelement\/#primaryimage\",\"url\":\"https:\/\/timbeco.ee\/sv\/wp-content\/uploads\/sites\/6\/2018\/04\/bardufoss_kool3_edited.jpg\",\"contentUrl\":\"https:\/\/timbeco.ee\/sv\/wp-content\/uploads\/sites\/6\/2018\/04\/bardufoss_kool3_edited.jpg\",\"width\":1270,\"height\":673,\"caption\":\"bardufoss v\u00e4ggelement\"},{\"@type\":\"BreadcrumbList\",\"@id\":\"https:\/\/timbeco.ee\/sv\/produkter\/vaggelement\/#breadcrumb\",\"itemListElement\":[{\"@type\":\"ListItem\",\"position\":1,\"name\":\"Avaleht\",\"item\":\"https:\/\/timbeco.ee\/sv\/\"},{\"@type\":\"ListItem\",\"position\":2,\"name\":\"Produkter\",\"item\":\"https:\/\/timbeco.ee\/sv\/produkter\/\"},{\"@type\":\"ListItem\",\"position\":3,\"name\":\"Prefabricerade v\u00e4ggelement\"}]},{\"@type\":\"WebSite\",\"@id\":\"https:\/\/timbeco.ee\/sv\/#website\",\"url\":\"https:\/\/timbeco.ee\/sv\/\",\"name\":\"Timbeco Sweden\",\"description\":\"BYGGELEMENTER, ELEMENT-BYGGNADER OCH MODULAR HUS\",\"publisher\":{\"@id\":\"https:\/\/timbeco.ee\/sv\/#organization\"},\"potentialAction\":[{\"@type\":\"SearchAction\",\"target\":{\"@type\":\"EntryPoint\",\"urlTemplate\":\"https:\/\/timbeco.ee\/sv\/?s={search_term_string}\"},\"query-input\":{\"@type\":\"PropertyValueSpecification\",\"valueRequired\":true,\"valueName\":\"search_term_string\"}}],\"inLanguage\":\"sv-SE\"},{\"@type\":\"Organization\",\"@id\":\"https:\/\/timbeco.ee\/sv\/#organization\",\"name\":\"Timbeco Woodhouse O\u00dc\",\"url\":\"https:\/\/timbeco.ee\/sv\/\",\"logo\":{\"@type\":\"ImageObject\",\"inLanguage\":\"sv-SE\",\"@id\":\"https:\/\/timbeco.ee\/sv\/#\/schema\/logo\/image\/\",\"url\":\"https:\/\/timbeco.ee\/sv\/wp-content\/uploads\/sites\/6\/2018\/03\/timbeco-logo.png\",\"contentUrl\":\"https:\/\/timbeco.ee\/sv\/wp-content\/uploads\/sites\/6\/2018\/03\/timbeco-logo.png\",\"width\":200,\"height\":41,\"caption\":\"Timbeco Woodhouse O\u00dc\"},\"image\":{\"@id\":\"https:\/\/timbeco.ee\/sv\/#\/schema\/logo\/image\/\"}}]}<\/script>\n<!-- \/ Yoast SEO Premium plugin. -->","yoast_head_json":{"title":"Prefabricerade v\u00e4ggelement tillverkade i tr\u00e4 - Timbeco Woodhouse","description":"Timbeco tillverkar smarta och prisv\u00e4rda prefab element. Vi erbjuder produktionerav h\u00f6gsta kvalitet anpassade efter v\u00e5ra kunders olika projekt.","robots":{"index":"index","follow":"follow","max-snippet":"max-snippet:-1","max-image-preview":"max-image-preview:large","max-video-preview":"max-video-preview:-1"},"canonical":"https:\/\/timbeco.ee\/sv\/produkter\/vaggelement\/","og_locale":"sv_SE","og_type":"article","og_title":"Prefabricerade v\u00e4ggelement","og_description":"Fasadselement f\u00f6r bostadshus, offentliga byggnader samt kommersiella byggnader, enligt kundens projekt och maximal genomf\u00f6randegrad. Ofta anv\u00e4nds fasadelement som tillbeh\u00f6r och termiskt element f\u00f6r d\u00e4ckhusets yttre omkrets.","og_url":"https:\/\/timbeco.ee\/sv\/produkter\/vaggelement\/","og_site_name":"Timbeco Sweden","article_modified_time":"2020-02-10T09:13:01+00:00","og_image":[{"width":1270,"height":673,"url":"https:\/\/timbeco.ee\/sv\/wp-content\/uploads\/sites\/6\/2018\/04\/bardufoss_kool3_edited.jpg","type":"image\/jpeg"}],"twitter_card":"summary_large_image","schema":{"@context":"https:\/\/schema.org","@graph":[{"@type":"WebPage","@id":"https:\/\/timbeco.ee\/sv\/produkter\/vaggelement\/","url":"https:\/\/timbeco.ee\/sv\/produkter\/vaggelement\/","name":"Prefabricerade v\u00e4ggelement tillverkade i tr\u00e4 - Timbeco Woodhouse","isPartOf":{"@id":"https:\/\/timbeco.ee\/sv\/#website"},"primaryImageOfPage":{"@id":"https:\/\/timbeco.ee\/sv\/produkter\/vaggelement\/#primaryimage"},"image":{"@id":"https:\/\/timbeco.ee\/sv\/produkter\/vaggelement\/#primaryimage"},"thumbnailUrl":"https:\/\/timbeco.ee\/sv\/wp-content\/uploads\/sites\/6\/2018\/04\/bardufoss_kool3_edited.jpg","datePublished":"2018-01-18T09:15:26+00:00","dateModified":"2020-02-10T09:13:01+00:00","description":"Timbeco tillverkar smarta och prisv\u00e4rda prefab element. Vi erbjuder produktionerav h\u00f6gsta kvalitet anpassade efter v\u00e5ra kunders olika projekt.","breadcrumb":{"@id":"https:\/\/timbeco.ee\/sv\/produkter\/vaggelement\/#breadcrumb"},"inLanguage":"sv-SE","potentialAction":[{"@type":"ReadAction","target":["https:\/\/timbeco.ee\/sv\/produkter\/vaggelement\/"]}]},{"@type":"ImageObject","inLanguage":"sv-SE","@id":"https:\/\/timbeco.ee\/sv\/produkter\/vaggelement\/#primaryimage","url":"https:\/\/timbeco.ee\/sv\/wp-content\/uploads\/sites\/6\/2018\/04\/bardufoss_kool3_edited.jpg","contentUrl":"https:\/\/timbeco.ee\/sv\/wp-content\/uploads\/sites\/6\/2018\/04\/bardufoss_kool3_edited.jpg","width":1270,"height":673,"caption":"bardufoss v\u00e4ggelement"},{"@type":"BreadcrumbList","@id":"https:\/\/timbeco.ee\/sv\/produkter\/vaggelement\/#breadcrumb","itemListElement":[{"@type":"ListItem","position":1,"name":"Avaleht","item":"https:\/\/timbeco.ee\/sv\/"},{"@type":"ListItem","position":2,"name":"Produkter","item":"https:\/\/timbeco.ee\/sv\/produkter\/"},{"@type":"ListItem","position":3,"name":"Prefabricerade v\u00e4ggelement"}]},{"@type":"WebSite","@id":"https:\/\/timbeco.ee\/sv\/#website","url":"https:\/\/timbeco.ee\/sv\/","name":"Timbeco Sweden","description":"BYGGELEMENTER, ELEMENT-BYGGNADER OCH MODULAR HUS","publisher":{"@id":"https:\/\/timbeco.ee\/sv\/#organization"},"potentialAction":[{"@type":"SearchAction","target":{"@type":"EntryPoint","urlTemplate":"https:\/\/timbeco.ee\/sv\/?s={search_term_string}"},"query-input":{"@type":"PropertyValueSpecification","valueRequired":true,"valueName":"search_term_string"}}],"inLanguage":"sv-SE"},{"@type":"Organization","@id":"https:\/\/timbeco.ee\/sv\/#organization","name":"Timbeco Woodhouse O\u00dc","url":"https:\/\/timbeco.ee\/sv\/","logo":{"@type":"ImageObject","inLanguage":"sv-SE","@id":"https:\/\/timbeco.ee\/sv\/#\/schema\/logo\/image\/","url":"https:\/\/timbeco.ee\/sv\/wp-content\/uploads\/sites\/6\/2018\/03\/timbeco-logo.png","contentUrl":"https:\/\/timbeco.ee\/sv\/wp-content\/uploads\/sites\/6\/2018\/03\/timbeco-logo.png","width":200,"height":41,"caption":"Timbeco Woodhouse O\u00dc"},"image":{"@id":"https:\/\/timbeco.ee\/sv\/#\/schema\/logo\/image\/"}}]}},"_links":{"self":[{"href":"https:\/\/timbeco.ee\/sv\/wp-json\/wp\/v2\/pages\/68","targetHints":{"allow":["GET"]}}],"collection":[{"href":"https:\/\/timbeco.ee\/sv\/wp-json\/wp\/v2\/pages"}],"about":[{"href":"https:\/\/timbeco.ee\/sv\/wp-json\/wp\/v2\/types\/page"}],"author":[{"embeddable":true,"href":"https:\/\/timbeco.ee\/sv\/wp-json\/wp\/v2\/users\/1"}],"replies":[{"embeddable":true,"href":"https:\/\/timbeco.ee\/sv\/wp-json\/wp\/v2\/comments?post=68"}],"version-history":[{"count":132,"href":"https:\/\/timbeco.ee\/sv\/wp-json\/wp\/v2\/pages\/68\/revisions"}],"predecessor-version":[{"id":3988,"href":"https:\/\/timbeco.ee\/sv\/wp-json\/wp\/v2\/pages\/68\/revisions\/3988"}],"up":[{"embeddable":true,"href":"https:\/\/timbeco.ee\/sv\/wp-json\/wp\/v2\/pages\/29"}],"wp:featuredmedia":[{"embeddable":true,"href":"https:\/\/timbeco.ee\/sv\/wp-json\/wp\/v2\/media\/606"}],"wp:attachment":[{"href":"https:\/\/timbeco.ee\/sv\/wp-json\/wp\/v2\/media?parent=68"}],"curies":[{"name":"wp","href":"https:\/\/api.w.org\/{rel}","templated":true}]}}