{"id":5083,"date":"2025-02-25T13:14:59","date_gmt":"2025-02-25T11:14:59","guid":{"rendered":"https:\/\/timbeco.ee\/sv\/?page_id=5083"},"modified":"2026-04-13T10:47:55","modified_gmt":"2026-04-13T07:47:55","slug":"flex","status":"publish","type":"page","link":"https:\/\/timbeco.ee\/sv\/flex\/","title":{"rendered":"Flex"},"content":{"rendered":"","protected":false},"excerpt":{"rendered":"","protected":false},"author":2,"featured_media":5118,"parent":0,"menu_order":0,"comment_status":"closed","ping_status":"closed","template":"","meta":{"_acf_changed":false,"_monsterinsights_skip_tracking":false,"_monsterinsights_sitenote_active":false,"_monsterinsights_sitenote_note":"","_monsterinsights_sitenote_category":0,"footnotes":""},"class_list":["post-5083","page","type-page","status-publish","has-post-thumbnail","hentry"],"acf":[],"yoast_head":"<!-- This site is optimized with the Yoast SEO Premium plugin v27.2 (Yoast SEO v27.2) - https:\/\/yoast.com\/product\/yoast-seo-premium-wordpress\/ -->\n<title>Timbeco FLEX \u2013 Prefabricerade modulhus f\u00f6r h\u00e5llbart och effektivt<\/title>\n<meta name=\"description\" content=\"Timbeco FLEX erbjuder prefabricerade tr\u00e4ramsmoduler f\u00f6r multifunktionella bost\u00e4der med fokus p\u00e5 h\u00e5llbarhet, snabb montering och n\u00e4stan\" \/>\n<meta name=\"robots\" content=\"index, follow, max-snippet:-1, max-image-preview:large, max-video-preview:-1\" \/>\n<link rel=\"canonical\" href=\"https:\/\/timbeco.ee\/sv\/flex\/\" \/>\n<meta property=\"og:locale\" content=\"sv_SE\" \/>\n<meta property=\"og:type\" content=\"article\" \/>\n<meta property=\"og:title\" content=\"Flex\" \/>\n<meta property=\"og:url\" content=\"https:\/\/timbeco.ee\/sv\/flex\/\" \/>\n<meta property=\"og:site_name\" content=\"Timbeco Sweden\" \/>\n<meta property=\"article:modified_time\" content=\"2026-04-13T07:47:55+00:00\" \/>\n<meta property=\"og:image\" content=\"https:\/\/timbeco.ee\/sv\/wp-content\/uploads\/sites\/6\/revslider\/slider-9\/Flex-areal-plan.jpg\" \/>\n\t<meta property=\"og:image:width\" content=\"2560\" \/>\n\t<meta property=\"og:image:height\" content=\"1444\" \/>\n\t<meta property=\"og:image:type\" content=\"image\/jpeg\" \/>\n<meta name=\"twitter:card\" content=\"summary_large_image\" \/>\n<meta name=\"twitter:label1\" content=\"Ber\u00e4knad l\u00e4stid\" \/>\n\t<meta name=\"twitter:data1\" content=\"7 minuter\" \/>\n<script type=\"application\/ld+json\" class=\"yoast-schema-graph\">{\"@context\":\"https:\/\/schema.org\",\"@graph\":[{\"@type\":\"WebPage\",\"@id\":\"https:\/\/timbeco.ee\/sv\/flex\/\",\"url\":\"https:\/\/timbeco.ee\/sv\/flex\/\",\"name\":\"Timbeco FLEX \u2013 Prefabricerade modulhus f\u00f6r h\u00e5llbart och effektivt\",\"isPartOf\":{\"@id\":\"https:\/\/timbeco.ee\/sv\/#website\"},\"primaryImageOfPage\":{\"@id\":\"https:\/\/timbeco.ee\/sv\/flex\/#primaryimage\"},\"image\":{\"@id\":\"https:\/\/timbeco.ee\/sv\/flex\/#primaryimage\"},\"thumbnailUrl\":\"https:\/\/timbeco.ee\/sv\/wp-content\/uploads\/sites\/6\/revslider\/slider-9\/Flex-areal-plan.jpg\",\"datePublished\":\"2025-02-25T11:14:59+00:00\",\"dateModified\":\"2026-04-13T07:47:55+00:00\",\"description\":\"Timbeco FLEX erbjuder prefabricerade tr\u00e4ramsmoduler f\u00f6r multifunktionella bost\u00e4der med fokus p\u00e5 h\u00e5llbarhet, snabb montering och n\u00e4stan\",\"breadcrumb\":{\"@id\":\"https:\/\/timbeco.ee\/sv\/flex\/#breadcrumb\"},\"inLanguage\":\"sv-SE\",\"potentialAction\":[{\"@type\":\"ReadAction\",\"target\":[\"https:\/\/timbeco.ee\/sv\/flex\/\"]}]},{\"@type\":\"ImageObject\",\"inLanguage\":\"sv-SE\",\"@id\":\"https:\/\/timbeco.ee\/sv\/flex\/#primaryimage\",\"url\":\"https:\/\/timbeco.ee\/sv\/wp-content\/uploads\/sites\/6\/revslider\/slider-9\/Flex-areal-plan.jpg\",\"contentUrl\":\"https:\/\/timbeco.ee\/sv\/wp-content\/uploads\/sites\/6\/revslider\/slider-9\/Flex-areal-plan.jpg\",\"width\":2560,\"height\":1444},{\"@type\":\"BreadcrumbList\",\"@id\":\"https:\/\/timbeco.ee\/sv\/flex\/#breadcrumb\",\"itemListElement\":[{\"@type\":\"ListItem\",\"position\":1,\"name\":\"Avaleht\",\"item\":\"https:\/\/timbeco.ee\/sv\/\"},{\"@type\":\"ListItem\",\"position\":2,\"name\":\"Flex\"}]},{\"@type\":\"WebSite\",\"@id\":\"https:\/\/timbeco.ee\/sv\/#website\",\"url\":\"https:\/\/timbeco.ee\/sv\/\",\"name\":\"Timbeco Sweden\",\"description\":\"BYGGELEMENTER, ELEMENT-BYGGNADER OCH MODULAR HUS\",\"publisher\":{\"@id\":\"https:\/\/timbeco.ee\/sv\/#organization\"},\"potentialAction\":[{\"@type\":\"SearchAction\",\"target\":{\"@type\":\"EntryPoint\",\"urlTemplate\":\"https:\/\/timbeco.ee\/sv\/?s={search_term_string}\"},\"query-input\":{\"@type\":\"PropertyValueSpecification\",\"valueRequired\":true,\"valueName\":\"search_term_string\"}}],\"inLanguage\":\"sv-SE\"},{\"@type\":\"Organization\",\"@id\":\"https:\/\/timbeco.ee\/sv\/#organization\",\"name\":\"Timbeco Woodhouse O\u00dc\",\"url\":\"https:\/\/timbeco.ee\/sv\/\",\"logo\":{\"@type\":\"ImageObject\",\"inLanguage\":\"sv-SE\",\"@id\":\"https:\/\/timbeco.ee\/sv\/#\/schema\/logo\/image\/\",\"url\":\"https:\/\/timbeco.ee\/sv\/wp-content\/uploads\/sites\/6\/2018\/03\/timbeco-logo.png\",\"contentUrl\":\"https:\/\/timbeco.ee\/sv\/wp-content\/uploads\/sites\/6\/2018\/03\/timbeco-logo.png\",\"width\":200,\"height\":41,\"caption\":\"Timbeco Woodhouse O\u00dc\"},\"image\":{\"@id\":\"https:\/\/timbeco.ee\/sv\/#\/schema\/logo\/image\/\"}}]}<\/script>\n<!-- \/ Yoast SEO Premium plugin. -->","yoast_head_json":{"title":"Timbeco FLEX \u2013 Prefabricerade modulhus f\u00f6r h\u00e5llbart och effektivt","description":"Timbeco FLEX erbjuder prefabricerade tr\u00e4ramsmoduler f\u00f6r multifunktionella bost\u00e4der med fokus p\u00e5 h\u00e5llbarhet, snabb montering och n\u00e4stan","robots":{"index":"index","follow":"follow","max-snippet":"max-snippet:-1","max-image-preview":"max-image-preview:large","max-video-preview":"max-video-preview:-1"},"canonical":"https:\/\/timbeco.ee\/sv\/flex\/","og_locale":"sv_SE","og_type":"article","og_title":"Flex","og_url":"https:\/\/timbeco.ee\/sv\/flex\/","og_site_name":"Timbeco Sweden","article_modified_time":"2026-04-13T07:47:55+00:00","og_image":[{"width":2560,"height":1444,"url":"https:\/\/timbeco.ee\/sv\/wp-content\/uploads\/sites\/6\/revslider\/slider-9\/Flex-areal-plan.jpg","type":"image\/jpeg"}],"twitter_card":"summary_large_image","twitter_misc":{"Ber\u00e4knad l\u00e4stid":"7 minuter"},"schema":{"@context":"https:\/\/schema.org","@graph":[{"@type":"WebPage","@id":"https:\/\/timbeco.ee\/sv\/flex\/","url":"https:\/\/timbeco.ee\/sv\/flex\/","name":"Timbeco FLEX \u2013 Prefabricerade modulhus f\u00f6r h\u00e5llbart och effektivt","isPartOf":{"@id":"https:\/\/timbeco.ee\/sv\/#website"},"primaryImageOfPage":{"@id":"https:\/\/timbeco.ee\/sv\/flex\/#primaryimage"},"image":{"@id":"https:\/\/timbeco.ee\/sv\/flex\/#primaryimage"},"thumbnailUrl":"https:\/\/timbeco.ee\/sv\/wp-content\/uploads\/sites\/6\/revslider\/slider-9\/Flex-areal-plan.jpg","datePublished":"2025-02-25T11:14:59+00:00","dateModified":"2026-04-13T07:47:55+00:00","description":"Timbeco FLEX erbjuder prefabricerade tr\u00e4ramsmoduler f\u00f6r multifunktionella bost\u00e4der med fokus p\u00e5 h\u00e5llbarhet, snabb montering och n\u00e4stan","breadcrumb":{"@id":"https:\/\/timbeco.ee\/sv\/flex\/#breadcrumb"},"inLanguage":"sv-SE","potentialAction":[{"@type":"ReadAction","target":["https:\/\/timbeco.ee\/sv\/flex\/"]}]},{"@type":"ImageObject","inLanguage":"sv-SE","@id":"https:\/\/timbeco.ee\/sv\/flex\/#primaryimage","url":"https:\/\/timbeco.ee\/sv\/wp-content\/uploads\/sites\/6\/revslider\/slider-9\/Flex-areal-plan.jpg","contentUrl":"https:\/\/timbeco.ee\/sv\/wp-content\/uploads\/sites\/6\/revslider\/slider-9\/Flex-areal-plan.jpg","width":2560,"height":1444},{"@type":"BreadcrumbList","@id":"https:\/\/timbeco.ee\/sv\/flex\/#breadcrumb","itemListElement":[{"@type":"ListItem","position":1,"name":"Avaleht","item":"https:\/\/timbeco.ee\/sv\/"},{"@type":"ListItem","position":2,"name":"Flex"}]},{"@type":"WebSite","@id":"https:\/\/timbeco.ee\/sv\/#website","url":"https:\/\/timbeco.ee\/sv\/","name":"Timbeco Sweden","description":"BYGGELEMENTER, ELEMENT-BYGGNADER OCH MODULAR HUS","publisher":{"@id":"https:\/\/timbeco.ee\/sv\/#organization"},"potentialAction":[{"@type":"SearchAction","target":{"@type":"EntryPoint","urlTemplate":"https:\/\/timbeco.ee\/sv\/?s={search_term_string}"},"query-input":{"@type":"PropertyValueSpecification","valueRequired":true,"valueName":"search_term_string"}}],"inLanguage":"sv-SE"},{"@type":"Organization","@id":"https:\/\/timbeco.ee\/sv\/#organization","name":"Timbeco Woodhouse O\u00dc","url":"https:\/\/timbeco.ee\/sv\/","logo":{"@type":"ImageObject","inLanguage":"sv-SE","@id":"https:\/\/timbeco.ee\/sv\/#\/schema\/logo\/image\/","url":"https:\/\/timbeco.ee\/sv\/wp-content\/uploads\/sites\/6\/2018\/03\/timbeco-logo.png","contentUrl":"https:\/\/timbeco.ee\/sv\/wp-content\/uploads\/sites\/6\/2018\/03\/timbeco-logo.png","width":200,"height":41,"caption":"Timbeco Woodhouse O\u00dc"},"image":{"@id":"https:\/\/timbeco.ee\/sv\/#\/schema\/logo\/image\/"}}]}},"_links":{"self":[{"href":"https:\/\/timbeco.ee\/sv\/wp-json\/wp\/v2\/pages\/5083","targetHints":{"allow":["GET"]}}],"collection":[{"href":"https:\/\/timbeco.ee\/sv\/wp-json\/wp\/v2\/pages"}],"about":[{"href":"https:\/\/timbeco.ee\/sv\/wp-json\/wp\/v2\/types\/page"}],"author":[{"embeddable":true,"href":"https:\/\/timbeco.ee\/sv\/wp-json\/wp\/v2\/users\/2"}],"replies":[{"embeddable":true,"href":"https:\/\/timbeco.ee\/sv\/wp-json\/wp\/v2\/comments?post=5083"}],"version-history":[{"count":14,"href":"https:\/\/timbeco.ee\/sv\/wp-json\/wp\/v2\/pages\/5083\/revisions"}],"predecessor-version":[{"id":5190,"href":"https:\/\/timbeco.ee\/sv\/wp-json\/wp\/v2\/pages\/5083\/revisions\/5190"}],"wp:featuredmedia":[{"embeddable":true,"href":"https:\/\/timbeco.ee\/sv\/wp-json\/wp\/v2\/media\/5118"}],"wp:attachment":[{"href":"https:\/\/timbeco.ee\/sv\/wp-json\/wp\/v2\/media?parent=5083"}],"curies":[{"name":"wp","href":"https:\/\/api.w.org\/{rel}","templated":true}]}}