{"id":4640,"date":"2023-07-03T13:04:25","date_gmt":"2023-07-03T10:04:25","guid":{"rendered":"https:\/\/timbeco.ee\/sv\/?page_id=4640"},"modified":"2023-09-27T08:34:09","modified_gmt":"2023-09-27T05:34:09","slug":"modular2","status":"publish","type":"page","link":"https:\/\/timbeco.ee\/sv\/modular2\/","title":{"rendered":"Modular2"},"content":{"rendered":"","protected":false},"excerpt":{"rendered":"<p>Modulbyggnader tillverkas p\u00e5 en fabrik i en mycket h\u00f6g grad av f\u00e4rdigst\u00e4llande. Modulerna \u00e4r som regel utformade fr\u00e5n och till och med upp till 80-90% och m\u00f6bler \u00e4r installerade. Ekonomiskt sett \u00e4r det ekonomiskt rimligt att konstruera moduler d\u00e4r moduler \/ byggkomponenter kan anv\u00e4ndas.<\/p>\n","protected":false},"author":2,"featured_media":4642,"parent":0,"menu_order":3,"comment_status":"closed","ping_status":"closed","template":"","meta":{"_acf_changed":false,"_monsterinsights_skip_tracking":false,"_monsterinsights_sitenote_active":false,"_monsterinsights_sitenote_note":"","_monsterinsights_sitenote_category":0,"footnotes":""},"class_list":["post-4640","page","type-page","status-publish","has-post-thumbnail","hentry"],"acf":[],"yoast_head":"<!-- This site is optimized with the Yoast SEO Premium plugin v27.2 (Yoast SEO v27.2) - https:\/\/yoast.com\/product\/yoast-seo-premium-wordpress\/ -->\n<title>Modul\u00e6r Standard for \u00e5 bygge modul\u00e6re leiligheter - Timbeco<\/title>\n<meta name=\"description\" content=\"Timbeco Modular Standard hjelper med \u00e5 bygge boliger p\u00e5 en effektiv m\u00e5te, med kort leveringstid og kontrollert budsjett.\" \/>\n<meta name=\"robots\" content=\"index, follow, max-snippet:-1, max-image-preview:large, max-video-preview:-1\" \/>\n<link rel=\"canonical\" href=\"https:\/\/timbeco.ee\/sv\/modular2\/\" \/>\n<meta property=\"og:locale\" content=\"sv_SE\" \/>\n<meta property=\"og:type\" content=\"article\" \/>\n<meta property=\"og:title\" content=\"Modular Standard f\u00f6r att bygga modull\u00e4genheter - Timbeco\" \/>\n<meta property=\"og:description\" content=\"Timbeco Modular Standard hj\u00e4lper till att bygga bost\u00e4der p\u00e5 ett effektivt s\u00e4tt, med kort leveranstid och kontrollerad budget. Kombinera multimodul\" \/>\n<meta property=\"og:url\" content=\"https:\/\/timbeco.ee\/sv\/modular2\/\" \/>\n<meta property=\"og:site_name\" content=\"Timbeco Sweden\" \/>\n<meta property=\"article:modified_time\" content=\"2023-09-27T05:34:09+00:00\" \/>\n<meta property=\"og:image\" content=\"https:\/\/timbeco.ee\/sv\/wp-content\/uploads\/sites\/6\/2023\/07\/Modular2-se.jpg\" \/>\n\t<meta property=\"og:image:width\" content=\"1424\" \/>\n\t<meta property=\"og:image:height\" content=\"722\" \/>\n\t<meta property=\"og:image:type\" content=\"image\/jpeg\" \/>\n<meta name=\"twitter:card\" content=\"summary_large_image\" \/>\n<meta name=\"twitter:title\" content=\"Modular Standard f\u00f6r att bygga modull\u00e4genheter - Timbeco\" \/>\n<meta name=\"twitter:description\" content=\"Timbeco Modular Standard hj\u00e4lper till att bygga bost\u00e4der p\u00e5 ett effektivt s\u00e4tt, med kort leveranstid och kontrollerad budget. Kombinera multimodul\" \/>\n<script type=\"application\/ld+json\" class=\"yoast-schema-graph\">{\"@context\":\"https:\/\/schema.org\",\"@graph\":[{\"@type\":\"WebPage\",\"@id\":\"https:\/\/timbeco.ee\/sv\/modular2\/\",\"url\":\"https:\/\/timbeco.ee\/sv\/modular2\/\",\"name\":\"Modul\u00e6r Standard for \u00e5 bygge modul\u00e6re leiligheter - Timbeco\",\"isPartOf\":{\"@id\":\"https:\/\/timbeco.ee\/sv\/#website\"},\"primaryImageOfPage\":{\"@id\":\"https:\/\/timbeco.ee\/sv\/modular2\/#primaryimage\"},\"image\":{\"@id\":\"https:\/\/timbeco.ee\/sv\/modular2\/#primaryimage\"},\"thumbnailUrl\":\"https:\/\/timbeco.ee\/sv\/wp-content\/uploads\/sites\/6\/2023\/07\/Modular2-se.jpg\",\"datePublished\":\"2023-07-03T10:04:25+00:00\",\"dateModified\":\"2023-09-27T05:34:09+00:00\",\"description\":\"Timbeco Modular Standard hjelper med \u00e5 bygge boliger p\u00e5 en effektiv m\u00e5te, med kort leveringstid og kontrollert budsjett.\",\"breadcrumb\":{\"@id\":\"https:\/\/timbeco.ee\/sv\/modular2\/#breadcrumb\"},\"inLanguage\":\"sv-SE\",\"potentialAction\":[{\"@type\":\"ReadAction\",\"target\":[\"https:\/\/timbeco.ee\/sv\/modular2\/\"]}]},{\"@type\":\"ImageObject\",\"inLanguage\":\"sv-SE\",\"@id\":\"https:\/\/timbeco.ee\/sv\/modular2\/#primaryimage\",\"url\":\"https:\/\/timbeco.ee\/sv\/wp-content\/uploads\/sites\/6\/2023\/07\/Modular2-se.jpg\",\"contentUrl\":\"https:\/\/timbeco.ee\/sv\/wp-content\/uploads\/sites\/6\/2023\/07\/Modular2-se.jpg\",\"width\":1424,\"height\":722},{\"@type\":\"BreadcrumbList\",\"@id\":\"https:\/\/timbeco.ee\/sv\/modular2\/#breadcrumb\",\"itemListElement\":[{\"@type\":\"ListItem\",\"position\":1,\"name\":\"Avaleht\",\"item\":\"https:\/\/timbeco.ee\/sv\/\"},{\"@type\":\"ListItem\",\"position\":2,\"name\":\"Modular2\"}]},{\"@type\":\"WebSite\",\"@id\":\"https:\/\/timbeco.ee\/sv\/#website\",\"url\":\"https:\/\/timbeco.ee\/sv\/\",\"name\":\"Timbeco Sweden\",\"description\":\"BYGGELEMENTER, ELEMENT-BYGGNADER OCH MODULAR HUS\",\"publisher\":{\"@id\":\"https:\/\/timbeco.ee\/sv\/#organization\"},\"potentialAction\":[{\"@type\":\"SearchAction\",\"target\":{\"@type\":\"EntryPoint\",\"urlTemplate\":\"https:\/\/timbeco.ee\/sv\/?s={search_term_string}\"},\"query-input\":{\"@type\":\"PropertyValueSpecification\",\"valueRequired\":true,\"valueName\":\"search_term_string\"}}],\"inLanguage\":\"sv-SE\"},{\"@type\":\"Organization\",\"@id\":\"https:\/\/timbeco.ee\/sv\/#organization\",\"name\":\"Timbeco Woodhouse O\u00dc\",\"url\":\"https:\/\/timbeco.ee\/sv\/\",\"logo\":{\"@type\":\"ImageObject\",\"inLanguage\":\"sv-SE\",\"@id\":\"https:\/\/timbeco.ee\/sv\/#\/schema\/logo\/image\/\",\"url\":\"https:\/\/timbeco.ee\/sv\/wp-content\/uploads\/sites\/6\/2018\/03\/timbeco-logo.png\",\"contentUrl\":\"https:\/\/timbeco.ee\/sv\/wp-content\/uploads\/sites\/6\/2018\/03\/timbeco-logo.png\",\"width\":200,\"height\":41,\"caption\":\"Timbeco Woodhouse O\u00dc\"},\"image\":{\"@id\":\"https:\/\/timbeco.ee\/sv\/#\/schema\/logo\/image\/\"}}]}<\/script>\n<!-- \/ Yoast SEO Premium plugin. -->","yoast_head_json":{"title":"Modul\u00e6r Standard for \u00e5 bygge modul\u00e6re leiligheter - Timbeco","description":"Timbeco Modular Standard hjelper med \u00e5 bygge boliger p\u00e5 en effektiv m\u00e5te, med kort leveringstid og kontrollert budsjett.","robots":{"index":"index","follow":"follow","max-snippet":"max-snippet:-1","max-image-preview":"max-image-preview:large","max-video-preview":"max-video-preview:-1"},"canonical":"https:\/\/timbeco.ee\/sv\/modular2\/","og_locale":"sv_SE","og_type":"article","og_title":"Modular Standard f\u00f6r att bygga modull\u00e4genheter - Timbeco","og_description":"Timbeco Modular Standard hj\u00e4lper till att bygga bost\u00e4der p\u00e5 ett effektivt s\u00e4tt, med kort leveranstid och kontrollerad budget. Kombinera multimodul","og_url":"https:\/\/timbeco.ee\/sv\/modular2\/","og_site_name":"Timbeco Sweden","article_modified_time":"2023-09-27T05:34:09+00:00","og_image":[{"width":1424,"height":722,"url":"https:\/\/timbeco.ee\/sv\/wp-content\/uploads\/sites\/6\/2023\/07\/Modular2-se.jpg","type":"image\/jpeg"}],"twitter_card":"summary_large_image","twitter_title":"Modular Standard f\u00f6r att bygga modull\u00e4genheter - Timbeco","twitter_description":"Timbeco Modular Standard hj\u00e4lper till att bygga bost\u00e4der p\u00e5 ett effektivt s\u00e4tt, med kort leveranstid och kontrollerad budget. Kombinera multimodul","schema":{"@context":"https:\/\/schema.org","@graph":[{"@type":"WebPage","@id":"https:\/\/timbeco.ee\/sv\/modular2\/","url":"https:\/\/timbeco.ee\/sv\/modular2\/","name":"Modul\u00e6r Standard for \u00e5 bygge modul\u00e6re leiligheter - Timbeco","isPartOf":{"@id":"https:\/\/timbeco.ee\/sv\/#website"},"primaryImageOfPage":{"@id":"https:\/\/timbeco.ee\/sv\/modular2\/#primaryimage"},"image":{"@id":"https:\/\/timbeco.ee\/sv\/modular2\/#primaryimage"},"thumbnailUrl":"https:\/\/timbeco.ee\/sv\/wp-content\/uploads\/sites\/6\/2023\/07\/Modular2-se.jpg","datePublished":"2023-07-03T10:04:25+00:00","dateModified":"2023-09-27T05:34:09+00:00","description":"Timbeco Modular Standard hjelper med \u00e5 bygge boliger p\u00e5 en effektiv m\u00e5te, med kort leveringstid og kontrollert budsjett.","breadcrumb":{"@id":"https:\/\/timbeco.ee\/sv\/modular2\/#breadcrumb"},"inLanguage":"sv-SE","potentialAction":[{"@type":"ReadAction","target":["https:\/\/timbeco.ee\/sv\/modular2\/"]}]},{"@type":"ImageObject","inLanguage":"sv-SE","@id":"https:\/\/timbeco.ee\/sv\/modular2\/#primaryimage","url":"https:\/\/timbeco.ee\/sv\/wp-content\/uploads\/sites\/6\/2023\/07\/Modular2-se.jpg","contentUrl":"https:\/\/timbeco.ee\/sv\/wp-content\/uploads\/sites\/6\/2023\/07\/Modular2-se.jpg","width":1424,"height":722},{"@type":"BreadcrumbList","@id":"https:\/\/timbeco.ee\/sv\/modular2\/#breadcrumb","itemListElement":[{"@type":"ListItem","position":1,"name":"Avaleht","item":"https:\/\/timbeco.ee\/sv\/"},{"@type":"ListItem","position":2,"name":"Modular2"}]},{"@type":"WebSite","@id":"https:\/\/timbeco.ee\/sv\/#website","url":"https:\/\/timbeco.ee\/sv\/","name":"Timbeco Sweden","description":"BYGGELEMENTER, ELEMENT-BYGGNADER OCH MODULAR HUS","publisher":{"@id":"https:\/\/timbeco.ee\/sv\/#organization"},"potentialAction":[{"@type":"SearchAction","target":{"@type":"EntryPoint","urlTemplate":"https:\/\/timbeco.ee\/sv\/?s={search_term_string}"},"query-input":{"@type":"PropertyValueSpecification","valueRequired":true,"valueName":"search_term_string"}}],"inLanguage":"sv-SE"},{"@type":"Organization","@id":"https:\/\/timbeco.ee\/sv\/#organization","name":"Timbeco Woodhouse O\u00dc","url":"https:\/\/timbeco.ee\/sv\/","logo":{"@type":"ImageObject","inLanguage":"sv-SE","@id":"https:\/\/timbeco.ee\/sv\/#\/schema\/logo\/image\/","url":"https:\/\/timbeco.ee\/sv\/wp-content\/uploads\/sites\/6\/2018\/03\/timbeco-logo.png","contentUrl":"https:\/\/timbeco.ee\/sv\/wp-content\/uploads\/sites\/6\/2018\/03\/timbeco-logo.png","width":200,"height":41,"caption":"Timbeco Woodhouse O\u00dc"},"image":{"@id":"https:\/\/timbeco.ee\/sv\/#\/schema\/logo\/image\/"}}]}},"_links":{"self":[{"href":"https:\/\/timbeco.ee\/sv\/wp-json\/wp\/v2\/pages\/4640","targetHints":{"allow":["GET"]}}],"collection":[{"href":"https:\/\/timbeco.ee\/sv\/wp-json\/wp\/v2\/pages"}],"about":[{"href":"https:\/\/timbeco.ee\/sv\/wp-json\/wp\/v2\/types\/page"}],"author":[{"embeddable":true,"href":"https:\/\/timbeco.ee\/sv\/wp-json\/wp\/v2\/users\/2"}],"replies":[{"embeddable":true,"href":"https:\/\/timbeco.ee\/sv\/wp-json\/wp\/v2\/comments?post=4640"}],"version-history":[{"count":4,"href":"https:\/\/timbeco.ee\/sv\/wp-json\/wp\/v2\/pages\/4640\/revisions"}],"predecessor-version":[{"id":4777,"href":"https:\/\/timbeco.ee\/sv\/wp-json\/wp\/v2\/pages\/4640\/revisions\/4777"}],"wp:featuredmedia":[{"embeddable":true,"href":"https:\/\/timbeco.ee\/sv\/wp-json\/wp\/v2\/media\/4642"}],"wp:attachment":[{"href":"https:\/\/timbeco.ee\/sv\/wp-json\/wp\/v2\/media?parent=4640"}],"curies":[{"name":"wp","href":"https:\/\/api.w.org\/{rel}","templated":true}]}}