{"id":2729,"date":"2018-07-04T10:08:17","date_gmt":"2018-07-04T07:08:17","guid":{"rendered":"https:\/\/timbeco.ee\/se\/?page_id=2729"},"modified":"2019-07-10T12:45:53","modified_gmt":"2019-07-10T09:45:53","slug":"byggelement-tra-for-betongbyggnader","status":"publish","type":"page","link":"https:\/\/timbeco.ee\/sv\/produkter\/vaggelement\/byggelement-tra-for-betongbyggnader\/","title":{"rendered":"Byggelement tr\u00e4 f\u00f6r betongbyggnader"},"content":{"rendered":"","protected":false},"excerpt":{"rendered":"","protected":false},"author":2,"featured_media":0,"parent":68,"menu_order":0,"comment_status":"closed","ping_status":"closed","template":"","meta":{"_acf_changed":false,"_monsterinsights_skip_tracking":false,"_monsterinsights_sitenote_active":false,"_monsterinsights_sitenote_note":"","_monsterinsights_sitenote_category":0,"footnotes":""},"class_list":["post-2729","page","type-page","status-publish","hentry"],"acf":[],"yoast_head":"<!-- This site is optimized with the Yoast SEO Premium plugin v27.2 (Yoast SEO v27.2) - https:\/\/yoast.com\/product\/yoast-seo-premium-wordpress\/ -->\n<title>Byggelement tr\u00e4 f\u00f6r betongbyggnader - Timbeco Sweden<\/title>\n<meta name=\"description\" content=\"Anv\u00e4ndning av\u00a0fasadelement vid byggnader med betongkonstruktion\u00a0\u00e4r \u00e4n idag en ganska s\u00e4llsynt byggmetod. Men anv\u00e4ndning av tr\u00e4ytterv\u00e4ggar vid\" \/>\n<meta name=\"robots\" content=\"index, follow, max-snippet:-1, max-image-preview:large, max-video-preview:-1\" \/>\n<link rel=\"canonical\" href=\"https:\/\/timbeco.ee\/sv\/produkter\/vaggelement\/byggelement-tra-for-betongbyggnader\/\" \/>\n<meta property=\"og:locale\" content=\"sv_SE\" \/>\n<meta property=\"og:type\" content=\"article\" \/>\n<meta property=\"og:title\" content=\"Byggelement tr\u00e4 f\u00f6r betongbyggnader\" \/>\n<meta property=\"og:url\" content=\"https:\/\/timbeco.ee\/sv\/produkter\/vaggelement\/byggelement-tra-for-betongbyggnader\/\" \/>\n<meta property=\"og:site_name\" content=\"Timbeco Sweden\" \/>\n<meta property=\"article:modified_time\" content=\"2019-07-10T09:45:53+00:00\" \/>\n<meta name=\"twitter:card\" content=\"summary_large_image\" \/>\n<script type=\"application\/ld+json\" class=\"yoast-schema-graph\">{\"@context\":\"https:\/\/schema.org\",\"@graph\":[{\"@type\":\"WebPage\",\"@id\":\"https:\/\/timbeco.ee\/sv\/produkter\/vaggelement\/byggelement-tra-for-betongbyggnader\/\",\"url\":\"https:\/\/timbeco.ee\/sv\/produkter\/vaggelement\/byggelement-tra-for-betongbyggnader\/\",\"name\":\"Byggelement tr\u00e4 f\u00f6r betongbyggnader - Timbeco Sweden\",\"isPartOf\":{\"@id\":\"https:\/\/timbeco.ee\/sv\/#website\"},\"datePublished\":\"2018-07-04T07:08:17+00:00\",\"dateModified\":\"2019-07-10T09:45:53+00:00\",\"description\":\"Anv\u00e4ndning av\u00a0fasadelement vid byggnader med betongkonstruktion\u00a0\u00e4r \u00e4n idag en ganska s\u00e4llsynt byggmetod. Men anv\u00e4ndning av tr\u00e4ytterv\u00e4ggar vid\",\"breadcrumb\":{\"@id\":\"https:\/\/timbeco.ee\/sv\/produkter\/vaggelement\/byggelement-tra-for-betongbyggnader\/#breadcrumb\"},\"inLanguage\":\"sv-SE\",\"potentialAction\":[{\"@type\":\"ReadAction\",\"target\":[\"https:\/\/timbeco.ee\/sv\/produkter\/vaggelement\/byggelement-tra-for-betongbyggnader\/\"]}]},{\"@type\":\"BreadcrumbList\",\"@id\":\"https:\/\/timbeco.ee\/sv\/produkter\/vaggelement\/byggelement-tra-for-betongbyggnader\/#breadcrumb\",\"itemListElement\":[{\"@type\":\"ListItem\",\"position\":1,\"name\":\"Avaleht\",\"item\":\"https:\/\/timbeco.ee\/sv\/\"},{\"@type\":\"ListItem\",\"position\":2,\"name\":\"Produkter\",\"item\":\"https:\/\/timbeco.ee\/sv\/produkter\/\"},{\"@type\":\"ListItem\",\"position\":3,\"name\":\"Prefabricerade v\u00e4ggelement\",\"item\":\"https:\/\/timbeco.ee\/sv\/produkter\/vaggelement\/\"},{\"@type\":\"ListItem\",\"position\":4,\"name\":\"Byggelement tr\u00e4 f\u00f6r betongbyggnader\"}]},{\"@type\":\"WebSite\",\"@id\":\"https:\/\/timbeco.ee\/sv\/#website\",\"url\":\"https:\/\/timbeco.ee\/sv\/\",\"name\":\"Timbeco Sweden\",\"description\":\"BYGGELEMENTER, ELEMENT-BYGGNADER OCH MODULAR HUS\",\"publisher\":{\"@id\":\"https:\/\/timbeco.ee\/sv\/#organization\"},\"potentialAction\":[{\"@type\":\"SearchAction\",\"target\":{\"@type\":\"EntryPoint\",\"urlTemplate\":\"https:\/\/timbeco.ee\/sv\/?s={search_term_string}\"},\"query-input\":{\"@type\":\"PropertyValueSpecification\",\"valueRequired\":true,\"valueName\":\"search_term_string\"}}],\"inLanguage\":\"sv-SE\"},{\"@type\":\"Organization\",\"@id\":\"https:\/\/timbeco.ee\/sv\/#organization\",\"name\":\"Timbeco Woodhouse O\u00dc\",\"url\":\"https:\/\/timbeco.ee\/sv\/\",\"logo\":{\"@type\":\"ImageObject\",\"inLanguage\":\"sv-SE\",\"@id\":\"https:\/\/timbeco.ee\/sv\/#\/schema\/logo\/image\/\",\"url\":\"https:\/\/timbeco.ee\/sv\/wp-content\/uploads\/sites\/6\/2018\/03\/timbeco-logo.png\",\"contentUrl\":\"https:\/\/timbeco.ee\/sv\/wp-content\/uploads\/sites\/6\/2018\/03\/timbeco-logo.png\",\"width\":200,\"height\":41,\"caption\":\"Timbeco Woodhouse O\u00dc\"},\"image\":{\"@id\":\"https:\/\/timbeco.ee\/sv\/#\/schema\/logo\/image\/\"}}]}<\/script>\n<!-- \/ Yoast SEO Premium plugin. -->","yoast_head_json":{"title":"Byggelement tr\u00e4 f\u00f6r betongbyggnader - Timbeco Sweden","description":"Anv\u00e4ndning av\u00a0fasadelement vid byggnader med betongkonstruktion\u00a0\u00e4r \u00e4n idag en ganska s\u00e4llsynt byggmetod. Men anv\u00e4ndning av tr\u00e4ytterv\u00e4ggar vid","robots":{"index":"index","follow":"follow","max-snippet":"max-snippet:-1","max-image-preview":"max-image-preview:large","max-video-preview":"max-video-preview:-1"},"canonical":"https:\/\/timbeco.ee\/sv\/produkter\/vaggelement\/byggelement-tra-for-betongbyggnader\/","og_locale":"sv_SE","og_type":"article","og_title":"Byggelement tr\u00e4 f\u00f6r betongbyggnader","og_url":"https:\/\/timbeco.ee\/sv\/produkter\/vaggelement\/byggelement-tra-for-betongbyggnader\/","og_site_name":"Timbeco Sweden","article_modified_time":"2019-07-10T09:45:53+00:00","twitter_card":"summary_large_image","schema":{"@context":"https:\/\/schema.org","@graph":[{"@type":"WebPage","@id":"https:\/\/timbeco.ee\/sv\/produkter\/vaggelement\/byggelement-tra-for-betongbyggnader\/","url":"https:\/\/timbeco.ee\/sv\/produkter\/vaggelement\/byggelement-tra-for-betongbyggnader\/","name":"Byggelement tr\u00e4 f\u00f6r betongbyggnader - Timbeco Sweden","isPartOf":{"@id":"https:\/\/timbeco.ee\/sv\/#website"},"datePublished":"2018-07-04T07:08:17+00:00","dateModified":"2019-07-10T09:45:53+00:00","description":"Anv\u00e4ndning av\u00a0fasadelement vid byggnader med betongkonstruktion\u00a0\u00e4r \u00e4n idag en ganska s\u00e4llsynt byggmetod. Men anv\u00e4ndning av tr\u00e4ytterv\u00e4ggar vid","breadcrumb":{"@id":"https:\/\/timbeco.ee\/sv\/produkter\/vaggelement\/byggelement-tra-for-betongbyggnader\/#breadcrumb"},"inLanguage":"sv-SE","potentialAction":[{"@type":"ReadAction","target":["https:\/\/timbeco.ee\/sv\/produkter\/vaggelement\/byggelement-tra-for-betongbyggnader\/"]}]},{"@type":"BreadcrumbList","@id":"https:\/\/timbeco.ee\/sv\/produkter\/vaggelement\/byggelement-tra-for-betongbyggnader\/#breadcrumb","itemListElement":[{"@type":"ListItem","position":1,"name":"Avaleht","item":"https:\/\/timbeco.ee\/sv\/"},{"@type":"ListItem","position":2,"name":"Produkter","item":"https:\/\/timbeco.ee\/sv\/produkter\/"},{"@type":"ListItem","position":3,"name":"Prefabricerade v\u00e4ggelement","item":"https:\/\/timbeco.ee\/sv\/produkter\/vaggelement\/"},{"@type":"ListItem","position":4,"name":"Byggelement tr\u00e4 f\u00f6r betongbyggnader"}]},{"@type":"WebSite","@id":"https:\/\/timbeco.ee\/sv\/#website","url":"https:\/\/timbeco.ee\/sv\/","name":"Timbeco Sweden","description":"BYGGELEMENTER, ELEMENT-BYGGNADER OCH MODULAR HUS","publisher":{"@id":"https:\/\/timbeco.ee\/sv\/#organization"},"potentialAction":[{"@type":"SearchAction","target":{"@type":"EntryPoint","urlTemplate":"https:\/\/timbeco.ee\/sv\/?s={search_term_string}"},"query-input":{"@type":"PropertyValueSpecification","valueRequired":true,"valueName":"search_term_string"}}],"inLanguage":"sv-SE"},{"@type":"Organization","@id":"https:\/\/timbeco.ee\/sv\/#organization","name":"Timbeco Woodhouse O\u00dc","url":"https:\/\/timbeco.ee\/sv\/","logo":{"@type":"ImageObject","inLanguage":"sv-SE","@id":"https:\/\/timbeco.ee\/sv\/#\/schema\/logo\/image\/","url":"https:\/\/timbeco.ee\/sv\/wp-content\/uploads\/sites\/6\/2018\/03\/timbeco-logo.png","contentUrl":"https:\/\/timbeco.ee\/sv\/wp-content\/uploads\/sites\/6\/2018\/03\/timbeco-logo.png","width":200,"height":41,"caption":"Timbeco Woodhouse O\u00dc"},"image":{"@id":"https:\/\/timbeco.ee\/sv\/#\/schema\/logo\/image\/"}}]}},"_links":{"self":[{"href":"https:\/\/timbeco.ee\/sv\/wp-json\/wp\/v2\/pages\/2729","targetHints":{"allow":["GET"]}}],"collection":[{"href":"https:\/\/timbeco.ee\/sv\/wp-json\/wp\/v2\/pages"}],"about":[{"href":"https:\/\/timbeco.ee\/sv\/wp-json\/wp\/v2\/types\/page"}],"author":[{"embeddable":true,"href":"https:\/\/timbeco.ee\/sv\/wp-json\/wp\/v2\/users\/2"}],"replies":[{"embeddable":true,"href":"https:\/\/timbeco.ee\/sv\/wp-json\/wp\/v2\/comments?post=2729"}],"version-history":[{"count":5,"href":"https:\/\/timbeco.ee\/sv\/wp-json\/wp\/v2\/pages\/2729\/revisions"}],"predecessor-version":[{"id":3859,"href":"https:\/\/timbeco.ee\/sv\/wp-json\/wp\/v2\/pages\/2729\/revisions\/3859"}],"up":[{"embeddable":true,"href":"https:\/\/timbeco.ee\/sv\/wp-json\/wp\/v2\/pages\/68"}],"wp:attachment":[{"href":"https:\/\/timbeco.ee\/sv\/wp-json\/wp\/v2\/media?parent=2729"}],"curies":[{"name":"wp","href":"https:\/\/api.w.org\/{rel}","templated":true}]}}