{"id":2715,"date":"2018-07-04T09:31:04","date_gmt":"2018-07-04T06:31:04","guid":{"rendered":"https:\/\/timbeco.ee\/se\/?page_id=2715"},"modified":"2019-07-04T09:22:20","modified_gmt":"2019-07-04T06:22:20","slug":"montering-av-byggelement","status":"publish","type":"page","link":"https:\/\/timbeco.ee\/sv\/produkter\/byggelement\/montering-av-byggelement\/","title":{"rendered":"Montering av byggelement"},"content":{"rendered":"","protected":false},"excerpt":{"rendered":"","protected":false},"author":2,"featured_media":0,"parent":62,"menu_order":0,"comment_status":"closed","ping_status":"closed","template":"","meta":{"_acf_changed":false,"_monsterinsights_skip_tracking":false,"_monsterinsights_sitenote_active":false,"_monsterinsights_sitenote_note":"","_monsterinsights_sitenote_category":0,"footnotes":""},"class_list":["post-2715","page","type-page","status-publish","hentry"],"acf":[],"yoast_head":"<!-- This site is optimized with the Yoast SEO Premium plugin v27.2 (Yoast SEO v27.2) - https:\/\/yoast.com\/product\/yoast-seo-premium-wordpress\/ -->\n<title>Vi tillhandah\u00e5ller montering av v\u00e5ra fabrikstillverkade byggelement<\/title>\n<meta name=\"description\" content=\"Montering av byggelement. Vi tillhandah\u00e5ller montering av v\u00e5ra fabrikstillverkade bygg element som tj\u00e4nst i Estland, Finland, Sverige, Norge, UK\" \/>\n<meta name=\"robots\" content=\"index, follow, max-snippet:-1, max-image-preview:large, max-video-preview:-1\" \/>\n<link rel=\"canonical\" href=\"https:\/\/timbeco.ee\/sv\/produkter\/byggelement\/montering-av-byggelement\/\" \/>\n<meta property=\"og:locale\" content=\"sv_SE\" \/>\n<meta property=\"og:type\" content=\"article\" \/>\n<meta property=\"og:title\" content=\"Montering av byggelement\" \/>\n<meta property=\"og:url\" content=\"https:\/\/timbeco.ee\/sv\/produkter\/byggelement\/montering-av-byggelement\/\" \/>\n<meta property=\"og:site_name\" content=\"Timbeco Sweden\" \/>\n<meta property=\"article:modified_time\" content=\"2019-07-04T06:22:20+00:00\" \/>\n<meta name=\"twitter:card\" content=\"summary_large_image\" \/>\n<script type=\"application\/ld+json\" class=\"yoast-schema-graph\">{\"@context\":\"https:\/\/schema.org\",\"@graph\":[{\"@type\":\"WebPage\",\"@id\":\"https:\/\/timbeco.ee\/sv\/produkter\/byggelement\/montering-av-byggelement\/\",\"url\":\"https:\/\/timbeco.ee\/sv\/produkter\/byggelement\/montering-av-byggelement\/\",\"name\":\"Vi tillhandah\u00e5ller montering av v\u00e5ra fabrikstillverkade byggelement\",\"isPartOf\":{\"@id\":\"https:\/\/timbeco.ee\/sv\/#website\"},\"datePublished\":\"2018-07-04T06:31:04+00:00\",\"dateModified\":\"2019-07-04T06:22:20+00:00\",\"description\":\"Montering av byggelement. Vi tillhandah\u00e5ller montering av v\u00e5ra fabrikstillverkade bygg element som tj\u00e4nst i Estland, Finland, Sverige, Norge, UK\",\"breadcrumb\":{\"@id\":\"https:\/\/timbeco.ee\/sv\/produkter\/byggelement\/montering-av-byggelement\/#breadcrumb\"},\"inLanguage\":\"sv-SE\",\"potentialAction\":[{\"@type\":\"ReadAction\",\"target\":[\"https:\/\/timbeco.ee\/sv\/produkter\/byggelement\/montering-av-byggelement\/\"]}]},{\"@type\":\"BreadcrumbList\",\"@id\":\"https:\/\/timbeco.ee\/sv\/produkter\/byggelement\/montering-av-byggelement\/#breadcrumb\",\"itemListElement\":[{\"@type\":\"ListItem\",\"position\":1,\"name\":\"Avaleht\",\"item\":\"https:\/\/timbeco.ee\/sv\/\"},{\"@type\":\"ListItem\",\"position\":2,\"name\":\"Produkter\",\"item\":\"https:\/\/timbeco.ee\/sv\/produkter\/\"},{\"@type\":\"ListItem\",\"position\":3,\"name\":\"Byggelement\",\"item\":\"https:\/\/timbeco.ee\/sv\/produkter\/byggelement\/\"},{\"@type\":\"ListItem\",\"position\":4,\"name\":\"Montering av byggelement\"}]},{\"@type\":\"WebSite\",\"@id\":\"https:\/\/timbeco.ee\/sv\/#website\",\"url\":\"https:\/\/timbeco.ee\/sv\/\",\"name\":\"Timbeco Sweden\",\"description\":\"BYGGELEMENTER, ELEMENT-BYGGNADER OCH MODULAR HUS\",\"publisher\":{\"@id\":\"https:\/\/timbeco.ee\/sv\/#organization\"},\"potentialAction\":[{\"@type\":\"SearchAction\",\"target\":{\"@type\":\"EntryPoint\",\"urlTemplate\":\"https:\/\/timbeco.ee\/sv\/?s={search_term_string}\"},\"query-input\":{\"@type\":\"PropertyValueSpecification\",\"valueRequired\":true,\"valueName\":\"search_term_string\"}}],\"inLanguage\":\"sv-SE\"},{\"@type\":\"Organization\",\"@id\":\"https:\/\/timbeco.ee\/sv\/#organization\",\"name\":\"Timbeco Woodhouse O\u00dc\",\"url\":\"https:\/\/timbeco.ee\/sv\/\",\"logo\":{\"@type\":\"ImageObject\",\"inLanguage\":\"sv-SE\",\"@id\":\"https:\/\/timbeco.ee\/sv\/#\/schema\/logo\/image\/\",\"url\":\"https:\/\/timbeco.ee\/sv\/wp-content\/uploads\/sites\/6\/2018\/03\/timbeco-logo.png\",\"contentUrl\":\"https:\/\/timbeco.ee\/sv\/wp-content\/uploads\/sites\/6\/2018\/03\/timbeco-logo.png\",\"width\":200,\"height\":41,\"caption\":\"Timbeco Woodhouse O\u00dc\"},\"image\":{\"@id\":\"https:\/\/timbeco.ee\/sv\/#\/schema\/logo\/image\/\"}}]}<\/script>\n<!-- \/ Yoast SEO Premium plugin. -->","yoast_head_json":{"title":"Vi tillhandah\u00e5ller montering av v\u00e5ra fabrikstillverkade byggelement","description":"Montering av byggelement. Vi tillhandah\u00e5ller montering av v\u00e5ra fabrikstillverkade bygg element som tj\u00e4nst i Estland, Finland, Sverige, Norge, UK","robots":{"index":"index","follow":"follow","max-snippet":"max-snippet:-1","max-image-preview":"max-image-preview:large","max-video-preview":"max-video-preview:-1"},"canonical":"https:\/\/timbeco.ee\/sv\/produkter\/byggelement\/montering-av-byggelement\/","og_locale":"sv_SE","og_type":"article","og_title":"Montering av byggelement","og_url":"https:\/\/timbeco.ee\/sv\/produkter\/byggelement\/montering-av-byggelement\/","og_site_name":"Timbeco Sweden","article_modified_time":"2019-07-04T06:22:20+00:00","twitter_card":"summary_large_image","schema":{"@context":"https:\/\/schema.org","@graph":[{"@type":"WebPage","@id":"https:\/\/timbeco.ee\/sv\/produkter\/byggelement\/montering-av-byggelement\/","url":"https:\/\/timbeco.ee\/sv\/produkter\/byggelement\/montering-av-byggelement\/","name":"Vi tillhandah\u00e5ller montering av v\u00e5ra fabrikstillverkade byggelement","isPartOf":{"@id":"https:\/\/timbeco.ee\/sv\/#website"},"datePublished":"2018-07-04T06:31:04+00:00","dateModified":"2019-07-04T06:22:20+00:00","description":"Montering av byggelement. Vi tillhandah\u00e5ller montering av v\u00e5ra fabrikstillverkade bygg element som tj\u00e4nst i Estland, Finland, Sverige, Norge, UK","breadcrumb":{"@id":"https:\/\/timbeco.ee\/sv\/produkter\/byggelement\/montering-av-byggelement\/#breadcrumb"},"inLanguage":"sv-SE","potentialAction":[{"@type":"ReadAction","target":["https:\/\/timbeco.ee\/sv\/produkter\/byggelement\/montering-av-byggelement\/"]}]},{"@type":"BreadcrumbList","@id":"https:\/\/timbeco.ee\/sv\/produkter\/byggelement\/montering-av-byggelement\/#breadcrumb","itemListElement":[{"@type":"ListItem","position":1,"name":"Avaleht","item":"https:\/\/timbeco.ee\/sv\/"},{"@type":"ListItem","position":2,"name":"Produkter","item":"https:\/\/timbeco.ee\/sv\/produkter\/"},{"@type":"ListItem","position":3,"name":"Byggelement","item":"https:\/\/timbeco.ee\/sv\/produkter\/byggelement\/"},{"@type":"ListItem","position":4,"name":"Montering av byggelement"}]},{"@type":"WebSite","@id":"https:\/\/timbeco.ee\/sv\/#website","url":"https:\/\/timbeco.ee\/sv\/","name":"Timbeco Sweden","description":"BYGGELEMENTER, ELEMENT-BYGGNADER OCH MODULAR HUS","publisher":{"@id":"https:\/\/timbeco.ee\/sv\/#organization"},"potentialAction":[{"@type":"SearchAction","target":{"@type":"EntryPoint","urlTemplate":"https:\/\/timbeco.ee\/sv\/?s={search_term_string}"},"query-input":{"@type":"PropertyValueSpecification","valueRequired":true,"valueName":"search_term_string"}}],"inLanguage":"sv-SE"},{"@type":"Organization","@id":"https:\/\/timbeco.ee\/sv\/#organization","name":"Timbeco Woodhouse O\u00dc","url":"https:\/\/timbeco.ee\/sv\/","logo":{"@type":"ImageObject","inLanguage":"sv-SE","@id":"https:\/\/timbeco.ee\/sv\/#\/schema\/logo\/image\/","url":"https:\/\/timbeco.ee\/sv\/wp-content\/uploads\/sites\/6\/2018\/03\/timbeco-logo.png","contentUrl":"https:\/\/timbeco.ee\/sv\/wp-content\/uploads\/sites\/6\/2018\/03\/timbeco-logo.png","width":200,"height":41,"caption":"Timbeco Woodhouse O\u00dc"},"image":{"@id":"https:\/\/timbeco.ee\/sv\/#\/schema\/logo\/image\/"}}]}},"_links":{"self":[{"href":"https:\/\/timbeco.ee\/sv\/wp-json\/wp\/v2\/pages\/2715","targetHints":{"allow":["GET"]}}],"collection":[{"href":"https:\/\/timbeco.ee\/sv\/wp-json\/wp\/v2\/pages"}],"about":[{"href":"https:\/\/timbeco.ee\/sv\/wp-json\/wp\/v2\/types\/page"}],"author":[{"embeddable":true,"href":"https:\/\/timbeco.ee\/sv\/wp-json\/wp\/v2\/users\/2"}],"replies":[{"embeddable":true,"href":"https:\/\/timbeco.ee\/sv\/wp-json\/wp\/v2\/comments?post=2715"}],"version-history":[{"count":10,"href":"https:\/\/timbeco.ee\/sv\/wp-json\/wp\/v2\/pages\/2715\/revisions"}],"predecessor-version":[{"id":3857,"href":"https:\/\/timbeco.ee\/sv\/wp-json\/wp\/v2\/pages\/2715\/revisions\/3857"}],"up":[{"embeddable":true,"href":"https:\/\/timbeco.ee\/sv\/wp-json\/wp\/v2\/pages\/62"}],"wp:attachment":[{"href":"https:\/\/timbeco.ee\/sv\/wp-json\/wp\/v2\/media?parent=2715"}],"curies":[{"name":"wp","href":"https:\/\/api.w.org\/{rel}","templated":true}]}}