{"id":1886,"date":"2018-05-04T11:42:49","date_gmt":"2018-05-04T08:42:49","guid":{"rendered":"https:\/\/timbeco.ee\/se\/?page_id=1886"},"modified":"2021-01-20T11:37:44","modified_gmt":"2021-01-20T09:37:44","slug":"byggande-av-elementhus","status":"publish","type":"page","link":"https:\/\/timbeco.ee\/sv\/byggnader\/byggande-av-elementhus\/","title":{"rendered":"Byggande av elementhus"},"content":{"rendered":"","protected":false},"excerpt":{"rendered":"<p>Vi har byggt upp 3-v\u00e5nings byggnader p\u00e5 en snidad tr\u00e4ram. Denna typ av konstruktion \u00e4r idealisk f\u00f6r uppf\u00f6rande av privata hus, men vi har byggt b\u00e5de rad- och l\u00e4genhetbyggnader samt offentliga byggnader (till exempel daghem, kontorsbyggnader och skolor).<\/p>\n","protected":false},"author":2,"featured_media":1703,"parent":35,"menu_order":0,"comment_status":"closed","ping_status":"closed","template":"","meta":{"_acf_changed":false,"_monsterinsights_skip_tracking":false,"_monsterinsights_sitenote_active":false,"_monsterinsights_sitenote_note":"","_monsterinsights_sitenote_category":0,"footnotes":""},"class_list":["post-1886","page","type-page","status-publish","has-post-thumbnail","hentry"],"acf":[],"yoast_head":"<!-- This site is optimized with the Yoast SEO Premium plugin v27.2 (Yoast SEO v27.2) - https:\/\/yoast.com\/product\/yoast-seo-premium-wordpress\/ -->\n<title>Byggande av elementhus - Timbeco Sweden<\/title>\n<meta name=\"description\" content=\"Vi har byggt upp 3-v\u00e5nings byggnader p\u00e5 en snidad tr\u00e4ram. Denna typ av konstruktion \u00e4r idealisk f\u00f6r uppf\u00f6rande av privata hus, men vi har ....\" \/>\n<meta name=\"robots\" content=\"index, follow, max-snippet:-1, max-image-preview:large, max-video-preview:-1\" \/>\n<link rel=\"canonical\" href=\"https:\/\/timbeco.ee\/sv\/byggnader\/byggande-av-elementhus\/\" \/>\n<meta property=\"og:locale\" content=\"sv_SE\" \/>\n<meta property=\"og:type\" content=\"article\" \/>\n<meta property=\"og:title\" content=\"Byggande av elementhus\" \/>\n<meta property=\"og:description\" content=\"Vi har byggt upp 3-v\u00e5nings byggnader p\u00e5 en snidad tr\u00e4ram. Denna typ av konstruktion \u00e4r idealisk f\u00f6r uppf\u00f6rande av privata hus, men vi har byggt b\u00e5de rad- och l\u00e4genhetbyggnader samt offentliga byggnader (till exempel daghem, kontorsbyggnader och skolor).\" \/>\n<meta property=\"og:url\" content=\"https:\/\/timbeco.ee\/sv\/byggnader\/byggande-av-elementhus\/\" \/>\n<meta property=\"og:site_name\" content=\"Timbeco Sweden\" \/>\n<meta property=\"article:modified_time\" content=\"2021-01-20T09:37:44+00:00\" \/>\n<meta property=\"og:image\" content=\"https:\/\/timbeco.ee\/sv\/wp-content\/uploads\/sites\/6\/2018\/04\/Timbeco-ehitus.jpg\" \/>\n\t<meta property=\"og:image:width\" content=\"1280\" \/>\n\t<meta property=\"og:image:height\" content=\"692\" \/>\n\t<meta property=\"og:image:type\" content=\"image\/jpeg\" \/>\n<meta name=\"twitter:card\" content=\"summary_large_image\" \/>\n<script type=\"application\/ld+json\" class=\"yoast-schema-graph\">{\"@context\":\"https:\/\/schema.org\",\"@graph\":[{\"@type\":\"WebPage\",\"@id\":\"https:\/\/timbeco.ee\/sv\/byggnader\/byggande-av-elementhus\/\",\"url\":\"https:\/\/timbeco.ee\/sv\/byggnader\/byggande-av-elementhus\/\",\"name\":\"Byggande av elementhus - Timbeco Sweden\",\"isPartOf\":{\"@id\":\"https:\/\/timbeco.ee\/sv\/#website\"},\"primaryImageOfPage\":{\"@id\":\"https:\/\/timbeco.ee\/sv\/byggnader\/byggande-av-elementhus\/#primaryimage\"},\"image\":{\"@id\":\"https:\/\/timbeco.ee\/sv\/byggnader\/byggande-av-elementhus\/#primaryimage\"},\"thumbnailUrl\":\"https:\/\/timbeco.ee\/sv\/wp-content\/uploads\/sites\/6\/2018\/04\/Timbeco-ehitus.jpg\",\"datePublished\":\"2018-05-04T08:42:49+00:00\",\"dateModified\":\"2021-01-20T09:37:44+00:00\",\"description\":\"Vi har byggt upp 3-v\u00e5nings byggnader p\u00e5 en snidad tr\u00e4ram. Denna typ av konstruktion \u00e4r idealisk f\u00f6r uppf\u00f6rande av privata hus, men vi har ....\",\"breadcrumb\":{\"@id\":\"https:\/\/timbeco.ee\/sv\/byggnader\/byggande-av-elementhus\/#breadcrumb\"},\"inLanguage\":\"sv-SE\",\"potentialAction\":[{\"@type\":\"ReadAction\",\"target\":[\"https:\/\/timbeco.ee\/sv\/byggnader\/byggande-av-elementhus\/\"]}]},{\"@type\":\"ImageObject\",\"inLanguage\":\"sv-SE\",\"@id\":\"https:\/\/timbeco.ee\/sv\/byggnader\/byggande-av-elementhus\/#primaryimage\",\"url\":\"https:\/\/timbeco.ee\/sv\/wp-content\/uploads\/sites\/6\/2018\/04\/Timbeco-ehitus.jpg\",\"contentUrl\":\"https:\/\/timbeco.ee\/sv\/wp-content\/uploads\/sites\/6\/2018\/04\/Timbeco-ehitus.jpg\",\"width\":1280,\"height\":692,\"caption\":\"Byggande av elementhus\"},{\"@type\":\"BreadcrumbList\",\"@id\":\"https:\/\/timbeco.ee\/sv\/byggnader\/byggande-av-elementhus\/#breadcrumb\",\"itemListElement\":[{\"@type\":\"ListItem\",\"position\":1,\"name\":\"Avaleht\",\"item\":\"https:\/\/timbeco.ee\/sv\/\"},{\"@type\":\"ListItem\",\"position\":2,\"name\":\"Byggnader\",\"item\":\"https:\/\/timbeco.ee\/sv\/byggnader\/\"},{\"@type\":\"ListItem\",\"position\":3,\"name\":\"Byggande av elementhus\"}]},{\"@type\":\"WebSite\",\"@id\":\"https:\/\/timbeco.ee\/sv\/#website\",\"url\":\"https:\/\/timbeco.ee\/sv\/\",\"name\":\"Timbeco Sweden\",\"description\":\"BYGGELEMENTER, ELEMENT-BYGGNADER OCH MODULAR HUS\",\"publisher\":{\"@id\":\"https:\/\/timbeco.ee\/sv\/#organization\"},\"potentialAction\":[{\"@type\":\"SearchAction\",\"target\":{\"@type\":\"EntryPoint\",\"urlTemplate\":\"https:\/\/timbeco.ee\/sv\/?s={search_term_string}\"},\"query-input\":{\"@type\":\"PropertyValueSpecification\",\"valueRequired\":true,\"valueName\":\"search_term_string\"}}],\"inLanguage\":\"sv-SE\"},{\"@type\":\"Organization\",\"@id\":\"https:\/\/timbeco.ee\/sv\/#organization\",\"name\":\"Timbeco Woodhouse O\u00dc\",\"url\":\"https:\/\/timbeco.ee\/sv\/\",\"logo\":{\"@type\":\"ImageObject\",\"inLanguage\":\"sv-SE\",\"@id\":\"https:\/\/timbeco.ee\/sv\/#\/schema\/logo\/image\/\",\"url\":\"https:\/\/timbeco.ee\/sv\/wp-content\/uploads\/sites\/6\/2018\/03\/timbeco-logo.png\",\"contentUrl\":\"https:\/\/timbeco.ee\/sv\/wp-content\/uploads\/sites\/6\/2018\/03\/timbeco-logo.png\",\"width\":200,\"height\":41,\"caption\":\"Timbeco Woodhouse O\u00dc\"},\"image\":{\"@id\":\"https:\/\/timbeco.ee\/sv\/#\/schema\/logo\/image\/\"}}]}<\/script>\n<!-- \/ Yoast SEO Premium plugin. -->","yoast_head_json":{"title":"Byggande av elementhus - Timbeco Sweden","description":"Vi har byggt upp 3-v\u00e5nings byggnader p\u00e5 en snidad tr\u00e4ram. Denna typ av konstruktion \u00e4r idealisk f\u00f6r uppf\u00f6rande av privata hus, men vi har ....","robots":{"index":"index","follow":"follow","max-snippet":"max-snippet:-1","max-image-preview":"max-image-preview:large","max-video-preview":"max-video-preview:-1"},"canonical":"https:\/\/timbeco.ee\/sv\/byggnader\/byggande-av-elementhus\/","og_locale":"sv_SE","og_type":"article","og_title":"Byggande av elementhus","og_description":"Vi har byggt upp 3-v\u00e5nings byggnader p\u00e5 en snidad tr\u00e4ram. Denna typ av konstruktion \u00e4r idealisk f\u00f6r uppf\u00f6rande av privata hus, men vi har byggt b\u00e5de rad- och l\u00e4genhetbyggnader samt offentliga byggnader (till exempel daghem, kontorsbyggnader och skolor).","og_url":"https:\/\/timbeco.ee\/sv\/byggnader\/byggande-av-elementhus\/","og_site_name":"Timbeco Sweden","article_modified_time":"2021-01-20T09:37:44+00:00","og_image":[{"width":1280,"height":692,"url":"https:\/\/timbeco.ee\/sv\/wp-content\/uploads\/sites\/6\/2018\/04\/Timbeco-ehitus.jpg","type":"image\/jpeg"}],"twitter_card":"summary_large_image","schema":{"@context":"https:\/\/schema.org","@graph":[{"@type":"WebPage","@id":"https:\/\/timbeco.ee\/sv\/byggnader\/byggande-av-elementhus\/","url":"https:\/\/timbeco.ee\/sv\/byggnader\/byggande-av-elementhus\/","name":"Byggande av elementhus - Timbeco Sweden","isPartOf":{"@id":"https:\/\/timbeco.ee\/sv\/#website"},"primaryImageOfPage":{"@id":"https:\/\/timbeco.ee\/sv\/byggnader\/byggande-av-elementhus\/#primaryimage"},"image":{"@id":"https:\/\/timbeco.ee\/sv\/byggnader\/byggande-av-elementhus\/#primaryimage"},"thumbnailUrl":"https:\/\/timbeco.ee\/sv\/wp-content\/uploads\/sites\/6\/2018\/04\/Timbeco-ehitus.jpg","datePublished":"2018-05-04T08:42:49+00:00","dateModified":"2021-01-20T09:37:44+00:00","description":"Vi har byggt upp 3-v\u00e5nings byggnader p\u00e5 en snidad tr\u00e4ram. Denna typ av konstruktion \u00e4r idealisk f\u00f6r uppf\u00f6rande av privata hus, men vi har ....","breadcrumb":{"@id":"https:\/\/timbeco.ee\/sv\/byggnader\/byggande-av-elementhus\/#breadcrumb"},"inLanguage":"sv-SE","potentialAction":[{"@type":"ReadAction","target":["https:\/\/timbeco.ee\/sv\/byggnader\/byggande-av-elementhus\/"]}]},{"@type":"ImageObject","inLanguage":"sv-SE","@id":"https:\/\/timbeco.ee\/sv\/byggnader\/byggande-av-elementhus\/#primaryimage","url":"https:\/\/timbeco.ee\/sv\/wp-content\/uploads\/sites\/6\/2018\/04\/Timbeco-ehitus.jpg","contentUrl":"https:\/\/timbeco.ee\/sv\/wp-content\/uploads\/sites\/6\/2018\/04\/Timbeco-ehitus.jpg","width":1280,"height":692,"caption":"Byggande av elementhus"},{"@type":"BreadcrumbList","@id":"https:\/\/timbeco.ee\/sv\/byggnader\/byggande-av-elementhus\/#breadcrumb","itemListElement":[{"@type":"ListItem","position":1,"name":"Avaleht","item":"https:\/\/timbeco.ee\/sv\/"},{"@type":"ListItem","position":2,"name":"Byggnader","item":"https:\/\/timbeco.ee\/sv\/byggnader\/"},{"@type":"ListItem","position":3,"name":"Byggande av elementhus"}]},{"@type":"WebSite","@id":"https:\/\/timbeco.ee\/sv\/#website","url":"https:\/\/timbeco.ee\/sv\/","name":"Timbeco Sweden","description":"BYGGELEMENTER, ELEMENT-BYGGNADER OCH MODULAR HUS","publisher":{"@id":"https:\/\/timbeco.ee\/sv\/#organization"},"potentialAction":[{"@type":"SearchAction","target":{"@type":"EntryPoint","urlTemplate":"https:\/\/timbeco.ee\/sv\/?s={search_term_string}"},"query-input":{"@type":"PropertyValueSpecification","valueRequired":true,"valueName":"search_term_string"}}],"inLanguage":"sv-SE"},{"@type":"Organization","@id":"https:\/\/timbeco.ee\/sv\/#organization","name":"Timbeco Woodhouse O\u00dc","url":"https:\/\/timbeco.ee\/sv\/","logo":{"@type":"ImageObject","inLanguage":"sv-SE","@id":"https:\/\/timbeco.ee\/sv\/#\/schema\/logo\/image\/","url":"https:\/\/timbeco.ee\/sv\/wp-content\/uploads\/sites\/6\/2018\/03\/timbeco-logo.png","contentUrl":"https:\/\/timbeco.ee\/sv\/wp-content\/uploads\/sites\/6\/2018\/03\/timbeco-logo.png","width":200,"height":41,"caption":"Timbeco Woodhouse O\u00dc"},"image":{"@id":"https:\/\/timbeco.ee\/sv\/#\/schema\/logo\/image\/"}}]}},"_links":{"self":[{"href":"https:\/\/timbeco.ee\/sv\/wp-json\/wp\/v2\/pages\/1886","targetHints":{"allow":["GET"]}}],"collection":[{"href":"https:\/\/timbeco.ee\/sv\/wp-json\/wp\/v2\/pages"}],"about":[{"href":"https:\/\/timbeco.ee\/sv\/wp-json\/wp\/v2\/types\/page"}],"author":[{"embeddable":true,"href":"https:\/\/timbeco.ee\/sv\/wp-json\/wp\/v2\/users\/2"}],"replies":[{"embeddable":true,"href":"https:\/\/timbeco.ee\/sv\/wp-json\/wp\/v2\/comments?post=1886"}],"version-history":[{"count":16,"href":"https:\/\/timbeco.ee\/sv\/wp-json\/wp\/v2\/pages\/1886\/revisions"}],"predecessor-version":[{"id":4096,"href":"https:\/\/timbeco.ee\/sv\/wp-json\/wp\/v2\/pages\/1886\/revisions\/4096"}],"up":[{"embeddable":true,"href":"https:\/\/timbeco.ee\/sv\/wp-json\/wp\/v2\/pages\/35"}],"wp:featuredmedia":[{"embeddable":true,"href":"https:\/\/timbeco.ee\/sv\/wp-json\/wp\/v2\/media\/1703"}],"wp:attachment":[{"href":"https:\/\/timbeco.ee\/sv\/wp-json\/wp\/v2\/media?parent=1886"}],"curies":[{"name":"wp","href":"https:\/\/api.w.org\/{rel}","templated":true}]}}