{"id":1654,"date":"2018-04-30T12:13:51","date_gmt":"2018-04-30T09:13:51","guid":{"rendered":"https:\/\/timbeco.ee\/se\/?page_id=1654"},"modified":"2022-02-15T14:38:14","modified_gmt":"2022-02-15T12:38:14","slug":"timbeco-ehitus-ou","status":"publish","type":"page","link":"https:\/\/timbeco.ee\/sv\/om-oss\/foretagsstruktur\/timbeco-ehitus-ou\/","title":{"rendered":"Timbeco Ehitus O\u00dc"},"content":{"rendered":"","protected":false},"excerpt":{"rendered":"","protected":false},"author":2,"featured_media":0,"parent":1164,"menu_order":2,"comment_status":"closed","ping_status":"closed","template":"","meta":{"_acf_changed":false,"_monsterinsights_skip_tracking":false,"_monsterinsights_sitenote_active":false,"_monsterinsights_sitenote_note":"","_monsterinsights_sitenote_category":0,"footnotes":""},"class_list":["post-1654","page","type-page","status-publish","hentry"],"acf":[],"yoast_head":"<!-- This site is optimized with the Yoast SEO Premium plugin v27.2 (Yoast SEO v27.2) - https:\/\/yoast.com\/product\/yoast-seo-premium-wordpress\/ -->\n<title>Timbeco Ehitus O\u00dc -Byggnadsarbete i Estland - Timbeco Sweden<\/title>\n<meta name=\"description\" content=\"Timbeco Ehitus fokuserar p\u00e5 byggandet av element\u00e4ra byggnader och utveckling av fastigheter. S\u00e4ljer och bygger fr\u00e4mst bostadshus, radhus\" \/>\n<meta name=\"robots\" content=\"index, follow, max-snippet:-1, max-image-preview:large, max-video-preview:-1\" \/>\n<link rel=\"canonical\" href=\"https:\/\/timbeco.ee\/sv\/om-oss\/foretagsstruktur\/timbeco-ehitus-ou\/\" \/>\n<meta property=\"og:locale\" content=\"sv_SE\" \/>\n<meta property=\"og:type\" content=\"article\" \/>\n<meta property=\"og:title\" content=\"Timbeco Ehitus O\u00dc\" \/>\n<meta property=\"og:url\" content=\"https:\/\/timbeco.ee\/sv\/om-oss\/foretagsstruktur\/timbeco-ehitus-ou\/\" \/>\n<meta property=\"og:site_name\" content=\"Timbeco Sweden\" \/>\n<meta property=\"article:modified_time\" content=\"2022-02-15T12:38:14+00:00\" \/>\n<meta name=\"twitter:card\" content=\"summary_large_image\" \/>\n<script type=\"application\/ld+json\" class=\"yoast-schema-graph\">{\"@context\":\"https:\/\/schema.org\",\"@graph\":[{\"@type\":\"WebPage\",\"@id\":\"https:\/\/timbeco.ee\/sv\/om-oss\/foretagsstruktur\/timbeco-ehitus-ou\/\",\"url\":\"https:\/\/timbeco.ee\/sv\/om-oss\/foretagsstruktur\/timbeco-ehitus-ou\/\",\"name\":\"Timbeco Ehitus O\u00dc -Byggnadsarbete i Estland - Timbeco Sweden\",\"isPartOf\":{\"@id\":\"https:\/\/timbeco.ee\/sv\/#website\"},\"datePublished\":\"2018-04-30T09:13:51+00:00\",\"dateModified\":\"2022-02-15T12:38:14+00:00\",\"description\":\"Timbeco Ehitus fokuserar p\u00e5 byggandet av element\u00e4ra byggnader och utveckling av fastigheter. S\u00e4ljer och bygger fr\u00e4mst bostadshus, radhus\",\"breadcrumb\":{\"@id\":\"https:\/\/timbeco.ee\/sv\/om-oss\/foretagsstruktur\/timbeco-ehitus-ou\/#breadcrumb\"},\"inLanguage\":\"sv-SE\",\"potentialAction\":[{\"@type\":\"ReadAction\",\"target\":[\"https:\/\/timbeco.ee\/sv\/om-oss\/foretagsstruktur\/timbeco-ehitus-ou\/\"]}]},{\"@type\":\"BreadcrumbList\",\"@id\":\"https:\/\/timbeco.ee\/sv\/om-oss\/foretagsstruktur\/timbeco-ehitus-ou\/#breadcrumb\",\"itemListElement\":[{\"@type\":\"ListItem\",\"position\":1,\"name\":\"Avaleht\",\"item\":\"https:\/\/timbeco.ee\/sv\/\"},{\"@type\":\"ListItem\",\"position\":2,\"name\":\"Om oss\",\"item\":\"https:\/\/timbeco.ee\/sv\/om-oss\/\"},{\"@type\":\"ListItem\",\"position\":3,\"name\":\"F\u00f6retagsstruktur\",\"item\":\"https:\/\/timbeco.ee\/sv\/om-oss\/foretagsstruktur\/\"},{\"@type\":\"ListItem\",\"position\":4,\"name\":\"Timbeco Ehitus O\u00dc\"}]},{\"@type\":\"WebSite\",\"@id\":\"https:\/\/timbeco.ee\/sv\/#website\",\"url\":\"https:\/\/timbeco.ee\/sv\/\",\"name\":\"Timbeco Sweden\",\"description\":\"BYGGELEMENTER, ELEMENT-BYGGNADER OCH MODULAR HUS\",\"publisher\":{\"@id\":\"https:\/\/timbeco.ee\/sv\/#organization\"},\"potentialAction\":[{\"@type\":\"SearchAction\",\"target\":{\"@type\":\"EntryPoint\",\"urlTemplate\":\"https:\/\/timbeco.ee\/sv\/?s={search_term_string}\"},\"query-input\":{\"@type\":\"PropertyValueSpecification\",\"valueRequired\":true,\"valueName\":\"search_term_string\"}}],\"inLanguage\":\"sv-SE\"},{\"@type\":\"Organization\",\"@id\":\"https:\/\/timbeco.ee\/sv\/#organization\",\"name\":\"Timbeco Woodhouse O\u00dc\",\"url\":\"https:\/\/timbeco.ee\/sv\/\",\"logo\":{\"@type\":\"ImageObject\",\"inLanguage\":\"sv-SE\",\"@id\":\"https:\/\/timbeco.ee\/sv\/#\/schema\/logo\/image\/\",\"url\":\"https:\/\/timbeco.ee\/sv\/wp-content\/uploads\/sites\/6\/2018\/03\/timbeco-logo.png\",\"contentUrl\":\"https:\/\/timbeco.ee\/sv\/wp-content\/uploads\/sites\/6\/2018\/03\/timbeco-logo.png\",\"width\":200,\"height\":41,\"caption\":\"Timbeco Woodhouse O\u00dc\"},\"image\":{\"@id\":\"https:\/\/timbeco.ee\/sv\/#\/schema\/logo\/image\/\"}}]}<\/script>\n<!-- \/ Yoast SEO Premium plugin. -->","yoast_head_json":{"title":"Timbeco Ehitus O\u00dc -Byggnadsarbete i Estland - Timbeco Sweden","description":"Timbeco Ehitus fokuserar p\u00e5 byggandet av element\u00e4ra byggnader och utveckling av fastigheter. S\u00e4ljer och bygger fr\u00e4mst bostadshus, radhus","robots":{"index":"index","follow":"follow","max-snippet":"max-snippet:-1","max-image-preview":"max-image-preview:large","max-video-preview":"max-video-preview:-1"},"canonical":"https:\/\/timbeco.ee\/sv\/om-oss\/foretagsstruktur\/timbeco-ehitus-ou\/","og_locale":"sv_SE","og_type":"article","og_title":"Timbeco Ehitus O\u00dc","og_url":"https:\/\/timbeco.ee\/sv\/om-oss\/foretagsstruktur\/timbeco-ehitus-ou\/","og_site_name":"Timbeco Sweden","article_modified_time":"2022-02-15T12:38:14+00:00","twitter_card":"summary_large_image","schema":{"@context":"https:\/\/schema.org","@graph":[{"@type":"WebPage","@id":"https:\/\/timbeco.ee\/sv\/om-oss\/foretagsstruktur\/timbeco-ehitus-ou\/","url":"https:\/\/timbeco.ee\/sv\/om-oss\/foretagsstruktur\/timbeco-ehitus-ou\/","name":"Timbeco Ehitus O\u00dc -Byggnadsarbete i Estland - Timbeco Sweden","isPartOf":{"@id":"https:\/\/timbeco.ee\/sv\/#website"},"datePublished":"2018-04-30T09:13:51+00:00","dateModified":"2022-02-15T12:38:14+00:00","description":"Timbeco Ehitus fokuserar p\u00e5 byggandet av element\u00e4ra byggnader och utveckling av fastigheter. S\u00e4ljer och bygger fr\u00e4mst bostadshus, radhus","breadcrumb":{"@id":"https:\/\/timbeco.ee\/sv\/om-oss\/foretagsstruktur\/timbeco-ehitus-ou\/#breadcrumb"},"inLanguage":"sv-SE","potentialAction":[{"@type":"ReadAction","target":["https:\/\/timbeco.ee\/sv\/om-oss\/foretagsstruktur\/timbeco-ehitus-ou\/"]}]},{"@type":"BreadcrumbList","@id":"https:\/\/timbeco.ee\/sv\/om-oss\/foretagsstruktur\/timbeco-ehitus-ou\/#breadcrumb","itemListElement":[{"@type":"ListItem","position":1,"name":"Avaleht","item":"https:\/\/timbeco.ee\/sv\/"},{"@type":"ListItem","position":2,"name":"Om oss","item":"https:\/\/timbeco.ee\/sv\/om-oss\/"},{"@type":"ListItem","position":3,"name":"F\u00f6retagsstruktur","item":"https:\/\/timbeco.ee\/sv\/om-oss\/foretagsstruktur\/"},{"@type":"ListItem","position":4,"name":"Timbeco Ehitus O\u00dc"}]},{"@type":"WebSite","@id":"https:\/\/timbeco.ee\/sv\/#website","url":"https:\/\/timbeco.ee\/sv\/","name":"Timbeco Sweden","description":"BYGGELEMENTER, ELEMENT-BYGGNADER OCH MODULAR HUS","publisher":{"@id":"https:\/\/timbeco.ee\/sv\/#organization"},"potentialAction":[{"@type":"SearchAction","target":{"@type":"EntryPoint","urlTemplate":"https:\/\/timbeco.ee\/sv\/?s={search_term_string}"},"query-input":{"@type":"PropertyValueSpecification","valueRequired":true,"valueName":"search_term_string"}}],"inLanguage":"sv-SE"},{"@type":"Organization","@id":"https:\/\/timbeco.ee\/sv\/#organization","name":"Timbeco Woodhouse O\u00dc","url":"https:\/\/timbeco.ee\/sv\/","logo":{"@type":"ImageObject","inLanguage":"sv-SE","@id":"https:\/\/timbeco.ee\/sv\/#\/schema\/logo\/image\/","url":"https:\/\/timbeco.ee\/sv\/wp-content\/uploads\/sites\/6\/2018\/03\/timbeco-logo.png","contentUrl":"https:\/\/timbeco.ee\/sv\/wp-content\/uploads\/sites\/6\/2018\/03\/timbeco-logo.png","width":200,"height":41,"caption":"Timbeco Woodhouse O\u00dc"},"image":{"@id":"https:\/\/timbeco.ee\/sv\/#\/schema\/logo\/image\/"}}]}},"_links":{"self":[{"href":"https:\/\/timbeco.ee\/sv\/wp-json\/wp\/v2\/pages\/1654","targetHints":{"allow":["GET"]}}],"collection":[{"href":"https:\/\/timbeco.ee\/sv\/wp-json\/wp\/v2\/pages"}],"about":[{"href":"https:\/\/timbeco.ee\/sv\/wp-json\/wp\/v2\/types\/page"}],"author":[{"embeddable":true,"href":"https:\/\/timbeco.ee\/sv\/wp-json\/wp\/v2\/users\/2"}],"replies":[{"embeddable":true,"href":"https:\/\/timbeco.ee\/sv\/wp-json\/wp\/v2\/comments?post=1654"}],"version-history":[{"count":18,"href":"https:\/\/timbeco.ee\/sv\/wp-json\/wp\/v2\/pages\/1654\/revisions"}],"predecessor-version":[{"id":4240,"href":"https:\/\/timbeco.ee\/sv\/wp-json\/wp\/v2\/pages\/1654\/revisions\/4240"}],"up":[{"embeddable":true,"href":"https:\/\/timbeco.ee\/sv\/wp-json\/wp\/v2\/pages\/1164"}],"wp:attachment":[{"href":"https:\/\/timbeco.ee\/sv\/wp-json\/wp\/v2\/media?parent=1654"}],"curies":[{"name":"wp","href":"https:\/\/api.w.org\/{rel}","templated":true}]}}