{"id":1594,"date":"2018-04-27T17:38:34","date_gmt":"2018-04-27T14:38:34","guid":{"rendered":"https:\/\/timbeco.ee\/se\/?page_id=1594"},"modified":"2022-02-15T14:55:56","modified_gmt":"2022-02-15T12:55:56","slug":"att-arbeta-pa-timbeco","status":"publish","type":"page","link":"https:\/\/timbeco.ee\/sv\/om-oss\/att-arbeta-pa-timbeco\/","title":{"rendered":"Att arbeta p\u00e5 Timbeco"},"content":{"rendered":"","protected":false},"excerpt":{"rendered":"","protected":false},"author":2,"featured_media":0,"parent":39,"menu_order":5,"comment_status":"closed","ping_status":"closed","template":"","meta":{"_acf_changed":false,"_monsterinsights_skip_tracking":false,"_monsterinsights_sitenote_active":false,"_monsterinsights_sitenote_note":"","_monsterinsights_sitenote_category":0,"footnotes":""},"class_list":["post-1594","page","type-page","status-publish","hentry"],"acf":[],"yoast_head":"<!-- This site is optimized with the Yoast SEO Premium plugin v27.2 (Yoast SEO v27.2) - https:\/\/yoast.com\/product\/yoast-seo-premium-wordpress\/ -->\n<title>Att arbeta p\u00e5 Timbeco - moderna arbetsf\u00f6rh\u00e5llanden - Timbeco Sweden<\/title>\n<meta name=\"description\" content=\"Timbeco Woodhouse O\u00dc \u00e4r en\u00a0attraktiv arbetsgivare, vi \u00e4r \u00f6ppna f\u00f6r nya id\u00e9er, m\u00e4nniskor och utmaningar. V\u00e5r l\u00e5ngvariga verksamhet\" \/>\n<meta name=\"robots\" content=\"index, follow, max-snippet:-1, max-image-preview:large, max-video-preview:-1\" \/>\n<link rel=\"canonical\" href=\"https:\/\/timbeco.ee\/sv\/om-oss\/att-arbeta-pa-timbeco\/\" \/>\n<meta property=\"og:locale\" content=\"sv_SE\" \/>\n<meta property=\"og:type\" content=\"article\" \/>\n<meta property=\"og:title\" content=\"Att arbeta p\u00e5 Timbeco\" \/>\n<meta property=\"og:url\" content=\"https:\/\/timbeco.ee\/sv\/om-oss\/att-arbeta-pa-timbeco\/\" \/>\n<meta property=\"og:site_name\" content=\"Timbeco Sweden\" \/>\n<meta property=\"article:modified_time\" content=\"2022-02-15T12:55:56+00:00\" \/>\n<meta name=\"twitter:card\" content=\"summary_large_image\" \/>\n<script type=\"application\/ld+json\" class=\"yoast-schema-graph\">{\"@context\":\"https:\/\/schema.org\",\"@graph\":[{\"@type\":\"WebPage\",\"@id\":\"https:\/\/timbeco.ee\/sv\/om-oss\/att-arbeta-pa-timbeco\/\",\"url\":\"https:\/\/timbeco.ee\/sv\/om-oss\/att-arbeta-pa-timbeco\/\",\"name\":\"Att arbeta p\u00e5 Timbeco - moderna arbetsf\u00f6rh\u00e5llanden - Timbeco Sweden\",\"isPartOf\":{\"@id\":\"https:\/\/timbeco.ee\/sv\/#website\"},\"datePublished\":\"2018-04-27T14:38:34+00:00\",\"dateModified\":\"2022-02-15T12:55:56+00:00\",\"description\":\"Timbeco Woodhouse O\u00dc \u00e4r en\u00a0attraktiv arbetsgivare, vi \u00e4r \u00f6ppna f\u00f6r nya id\u00e9er, m\u00e4nniskor och utmaningar. V\u00e5r l\u00e5ngvariga verksamhet\",\"breadcrumb\":{\"@id\":\"https:\/\/timbeco.ee\/sv\/om-oss\/att-arbeta-pa-timbeco\/#breadcrumb\"},\"inLanguage\":\"sv-SE\",\"potentialAction\":[{\"@type\":\"ReadAction\",\"target\":[\"https:\/\/timbeco.ee\/sv\/om-oss\/att-arbeta-pa-timbeco\/\"]}]},{\"@type\":\"BreadcrumbList\",\"@id\":\"https:\/\/timbeco.ee\/sv\/om-oss\/att-arbeta-pa-timbeco\/#breadcrumb\",\"itemListElement\":[{\"@type\":\"ListItem\",\"position\":1,\"name\":\"Avaleht\",\"item\":\"https:\/\/timbeco.ee\/sv\/\"},{\"@type\":\"ListItem\",\"position\":2,\"name\":\"Om oss\",\"item\":\"https:\/\/timbeco.ee\/sv\/om-oss\/\"},{\"@type\":\"ListItem\",\"position\":3,\"name\":\"Att arbeta p\u00e5 Timbeco\"}]},{\"@type\":\"WebSite\",\"@id\":\"https:\/\/timbeco.ee\/sv\/#website\",\"url\":\"https:\/\/timbeco.ee\/sv\/\",\"name\":\"Timbeco Sweden\",\"description\":\"BYGGELEMENTER, ELEMENT-BYGGNADER OCH MODULAR HUS\",\"publisher\":{\"@id\":\"https:\/\/timbeco.ee\/sv\/#organization\"},\"potentialAction\":[{\"@type\":\"SearchAction\",\"target\":{\"@type\":\"EntryPoint\",\"urlTemplate\":\"https:\/\/timbeco.ee\/sv\/?s={search_term_string}\"},\"query-input\":{\"@type\":\"PropertyValueSpecification\",\"valueRequired\":true,\"valueName\":\"search_term_string\"}}],\"inLanguage\":\"sv-SE\"},{\"@type\":\"Organization\",\"@id\":\"https:\/\/timbeco.ee\/sv\/#organization\",\"name\":\"Timbeco Woodhouse O\u00dc\",\"url\":\"https:\/\/timbeco.ee\/sv\/\",\"logo\":{\"@type\":\"ImageObject\",\"inLanguage\":\"sv-SE\",\"@id\":\"https:\/\/timbeco.ee\/sv\/#\/schema\/logo\/image\/\",\"url\":\"https:\/\/timbeco.ee\/sv\/wp-content\/uploads\/sites\/6\/2018\/03\/timbeco-logo.png\",\"contentUrl\":\"https:\/\/timbeco.ee\/sv\/wp-content\/uploads\/sites\/6\/2018\/03\/timbeco-logo.png\",\"width\":200,\"height\":41,\"caption\":\"Timbeco Woodhouse O\u00dc\"},\"image\":{\"@id\":\"https:\/\/timbeco.ee\/sv\/#\/schema\/logo\/image\/\"}}]}<\/script>\n<!-- \/ Yoast SEO Premium plugin. -->","yoast_head_json":{"title":"Att arbeta p\u00e5 Timbeco - moderna arbetsf\u00f6rh\u00e5llanden - Timbeco Sweden","description":"Timbeco Woodhouse O\u00dc \u00e4r en\u00a0attraktiv arbetsgivare, vi \u00e4r \u00f6ppna f\u00f6r nya id\u00e9er, m\u00e4nniskor och utmaningar. V\u00e5r l\u00e5ngvariga verksamhet","robots":{"index":"index","follow":"follow","max-snippet":"max-snippet:-1","max-image-preview":"max-image-preview:large","max-video-preview":"max-video-preview:-1"},"canonical":"https:\/\/timbeco.ee\/sv\/om-oss\/att-arbeta-pa-timbeco\/","og_locale":"sv_SE","og_type":"article","og_title":"Att arbeta p\u00e5 Timbeco","og_url":"https:\/\/timbeco.ee\/sv\/om-oss\/att-arbeta-pa-timbeco\/","og_site_name":"Timbeco Sweden","article_modified_time":"2022-02-15T12:55:56+00:00","twitter_card":"summary_large_image","schema":{"@context":"https:\/\/schema.org","@graph":[{"@type":"WebPage","@id":"https:\/\/timbeco.ee\/sv\/om-oss\/att-arbeta-pa-timbeco\/","url":"https:\/\/timbeco.ee\/sv\/om-oss\/att-arbeta-pa-timbeco\/","name":"Att arbeta p\u00e5 Timbeco - moderna arbetsf\u00f6rh\u00e5llanden - Timbeco Sweden","isPartOf":{"@id":"https:\/\/timbeco.ee\/sv\/#website"},"datePublished":"2018-04-27T14:38:34+00:00","dateModified":"2022-02-15T12:55:56+00:00","description":"Timbeco Woodhouse O\u00dc \u00e4r en\u00a0attraktiv arbetsgivare, vi \u00e4r \u00f6ppna f\u00f6r nya id\u00e9er, m\u00e4nniskor och utmaningar. V\u00e5r l\u00e5ngvariga verksamhet","breadcrumb":{"@id":"https:\/\/timbeco.ee\/sv\/om-oss\/att-arbeta-pa-timbeco\/#breadcrumb"},"inLanguage":"sv-SE","potentialAction":[{"@type":"ReadAction","target":["https:\/\/timbeco.ee\/sv\/om-oss\/att-arbeta-pa-timbeco\/"]}]},{"@type":"BreadcrumbList","@id":"https:\/\/timbeco.ee\/sv\/om-oss\/att-arbeta-pa-timbeco\/#breadcrumb","itemListElement":[{"@type":"ListItem","position":1,"name":"Avaleht","item":"https:\/\/timbeco.ee\/sv\/"},{"@type":"ListItem","position":2,"name":"Om oss","item":"https:\/\/timbeco.ee\/sv\/om-oss\/"},{"@type":"ListItem","position":3,"name":"Att arbeta p\u00e5 Timbeco"}]},{"@type":"WebSite","@id":"https:\/\/timbeco.ee\/sv\/#website","url":"https:\/\/timbeco.ee\/sv\/","name":"Timbeco Sweden","description":"BYGGELEMENTER, ELEMENT-BYGGNADER OCH MODULAR HUS","publisher":{"@id":"https:\/\/timbeco.ee\/sv\/#organization"},"potentialAction":[{"@type":"SearchAction","target":{"@type":"EntryPoint","urlTemplate":"https:\/\/timbeco.ee\/sv\/?s={search_term_string}"},"query-input":{"@type":"PropertyValueSpecification","valueRequired":true,"valueName":"search_term_string"}}],"inLanguage":"sv-SE"},{"@type":"Organization","@id":"https:\/\/timbeco.ee\/sv\/#organization","name":"Timbeco Woodhouse O\u00dc","url":"https:\/\/timbeco.ee\/sv\/","logo":{"@type":"ImageObject","inLanguage":"sv-SE","@id":"https:\/\/timbeco.ee\/sv\/#\/schema\/logo\/image\/","url":"https:\/\/timbeco.ee\/sv\/wp-content\/uploads\/sites\/6\/2018\/03\/timbeco-logo.png","contentUrl":"https:\/\/timbeco.ee\/sv\/wp-content\/uploads\/sites\/6\/2018\/03\/timbeco-logo.png","width":200,"height":41,"caption":"Timbeco Woodhouse O\u00dc"},"image":{"@id":"https:\/\/timbeco.ee\/sv\/#\/schema\/logo\/image\/"}}]}},"_links":{"self":[{"href":"https:\/\/timbeco.ee\/sv\/wp-json\/wp\/v2\/pages\/1594","targetHints":{"allow":["GET"]}}],"collection":[{"href":"https:\/\/timbeco.ee\/sv\/wp-json\/wp\/v2\/pages"}],"about":[{"href":"https:\/\/timbeco.ee\/sv\/wp-json\/wp\/v2\/types\/page"}],"author":[{"embeddable":true,"href":"https:\/\/timbeco.ee\/sv\/wp-json\/wp\/v2\/users\/2"}],"replies":[{"embeddable":true,"href":"https:\/\/timbeco.ee\/sv\/wp-json\/wp\/v2\/comments?post=1594"}],"version-history":[{"count":16,"href":"https:\/\/timbeco.ee\/sv\/wp-json\/wp\/v2\/pages\/1594\/revisions"}],"predecessor-version":[{"id":4247,"href":"https:\/\/timbeco.ee\/sv\/wp-json\/wp\/v2\/pages\/1594\/revisions\/4247"}],"up":[{"embeddable":true,"href":"https:\/\/timbeco.ee\/sv\/wp-json\/wp\/v2\/pages\/39"}],"wp:attachment":[{"href":"https:\/\/timbeco.ee\/sv\/wp-json\/wp\/v2\/media?parent=1594"}],"curies":[{"name":"wp","href":"https:\/\/api.w.org\/{rel}","templated":true}]}}