{"id":1589,"date":"2018-04-27T17:21:28","date_gmt":"2018-04-27T14:21:28","guid":{"rendered":"https:\/\/timbeco.ee\/se\/?page_id=1589"},"modified":"2025-03-06T10:30:03","modified_gmt":"2025-03-06T08:30:03","slug":"vision-mission-varderingar","status":"publish","type":"page","link":"https:\/\/timbeco.ee\/sv\/om-oss\/vision-mission-varderingar\/","title":{"rendered":"Vision, Mission, V\u00e4rderingar"},"content":{"rendered":"","protected":false},"excerpt":{"rendered":"","protected":false},"author":2,"featured_media":0,"parent":39,"menu_order":3,"comment_status":"closed","ping_status":"closed","template":"","meta":{"_acf_changed":false,"_monsterinsights_skip_tracking":false,"_monsterinsights_sitenote_active":false,"_monsterinsights_sitenote_note":"","_monsterinsights_sitenote_category":0,"footnotes":""},"class_list":["post-1589","page","type-page","status-publish","hentry"],"acf":[],"yoast_head":"<!-- This site is optimized with the Yoast SEO Premium plugin v27.2 (Yoast SEO v27.2) - https:\/\/yoast.com\/product\/yoast-seo-premium-wordpress\/ -->\n<title>Vision, Mission, V\u00e4rderingar - Timbeco Woodhouse Sweden<\/title>\n<meta name=\"description\" content=\"Timbeco \u00e4r tillverkare av tr\u00e4komponenter och modulbyggnader i Europa med b\u00e4sta kunnande och erfarenhet. V\u00e5rt uppdrag \u00e4r att hj\u00e4lpa\" \/>\n<meta name=\"robots\" content=\"index, follow, max-snippet:-1, max-image-preview:large, max-video-preview:-1\" \/>\n<link rel=\"canonical\" href=\"https:\/\/timbeco.ee\/sv\/om-oss\/vision-mission-varderingar\/\" \/>\n<meta property=\"og:locale\" content=\"sv_SE\" \/>\n<meta property=\"og:type\" content=\"article\" \/>\n<meta property=\"og:title\" content=\"Vision, Mission, V\u00e4rderingar\" \/>\n<meta property=\"og:url\" content=\"https:\/\/timbeco.ee\/sv\/om-oss\/vision-mission-varderingar\/\" \/>\n<meta property=\"og:site_name\" content=\"Timbeco Sweden\" \/>\n<meta property=\"article:modified_time\" content=\"2025-03-06T08:30:03+00:00\" \/>\n<meta name=\"twitter:card\" content=\"summary_large_image\" \/>\n<meta name=\"twitter:label1\" content=\"Ber\u00e4knad l\u00e4stid\" \/>\n\t<meta name=\"twitter:data1\" content=\"1 minut\" \/>\n<script type=\"application\/ld+json\" class=\"yoast-schema-graph\">{\"@context\":\"https:\/\/schema.org\",\"@graph\":[{\"@type\":\"WebPage\",\"@id\":\"https:\/\/timbeco.ee\/sv\/om-oss\/vision-mission-varderingar\/\",\"url\":\"https:\/\/timbeco.ee\/sv\/om-oss\/vision-mission-varderingar\/\",\"name\":\"Vision, Mission, V\u00e4rderingar - Timbeco Woodhouse Sweden\",\"isPartOf\":{\"@id\":\"https:\/\/timbeco.ee\/sv\/#website\"},\"datePublished\":\"2018-04-27T14:21:28+00:00\",\"dateModified\":\"2025-03-06T08:30:03+00:00\",\"description\":\"Timbeco \u00e4r tillverkare av tr\u00e4komponenter och modulbyggnader i Europa med b\u00e4sta kunnande och erfarenhet. V\u00e5rt uppdrag \u00e4r att hj\u00e4lpa\",\"breadcrumb\":{\"@id\":\"https:\/\/timbeco.ee\/sv\/om-oss\/vision-mission-varderingar\/#breadcrumb\"},\"inLanguage\":\"sv-SE\",\"potentialAction\":[{\"@type\":\"ReadAction\",\"target\":[\"https:\/\/timbeco.ee\/sv\/om-oss\/vision-mission-varderingar\/\"]}]},{\"@type\":\"BreadcrumbList\",\"@id\":\"https:\/\/timbeco.ee\/sv\/om-oss\/vision-mission-varderingar\/#breadcrumb\",\"itemListElement\":[{\"@type\":\"ListItem\",\"position\":1,\"name\":\"Avaleht\",\"item\":\"https:\/\/timbeco.ee\/sv\/\"},{\"@type\":\"ListItem\",\"position\":2,\"name\":\"Om oss\",\"item\":\"https:\/\/timbeco.ee\/sv\/om-oss\/\"},{\"@type\":\"ListItem\",\"position\":3,\"name\":\"Vision, Mission, V\u00e4rderingar\"}]},{\"@type\":\"WebSite\",\"@id\":\"https:\/\/timbeco.ee\/sv\/#website\",\"url\":\"https:\/\/timbeco.ee\/sv\/\",\"name\":\"Timbeco Sweden\",\"description\":\"BYGGELEMENTER, ELEMENT-BYGGNADER OCH MODULAR HUS\",\"publisher\":{\"@id\":\"https:\/\/timbeco.ee\/sv\/#organization\"},\"potentialAction\":[{\"@type\":\"SearchAction\",\"target\":{\"@type\":\"EntryPoint\",\"urlTemplate\":\"https:\/\/timbeco.ee\/sv\/?s={search_term_string}\"},\"query-input\":{\"@type\":\"PropertyValueSpecification\",\"valueRequired\":true,\"valueName\":\"search_term_string\"}}],\"inLanguage\":\"sv-SE\"},{\"@type\":\"Organization\",\"@id\":\"https:\/\/timbeco.ee\/sv\/#organization\",\"name\":\"Timbeco Woodhouse O\u00dc\",\"url\":\"https:\/\/timbeco.ee\/sv\/\",\"logo\":{\"@type\":\"ImageObject\",\"inLanguage\":\"sv-SE\",\"@id\":\"https:\/\/timbeco.ee\/sv\/#\/schema\/logo\/image\/\",\"url\":\"https:\/\/timbeco.ee\/sv\/wp-content\/uploads\/sites\/6\/2018\/03\/timbeco-logo.png\",\"contentUrl\":\"https:\/\/timbeco.ee\/sv\/wp-content\/uploads\/sites\/6\/2018\/03\/timbeco-logo.png\",\"width\":200,\"height\":41,\"caption\":\"Timbeco Woodhouse O\u00dc\"},\"image\":{\"@id\":\"https:\/\/timbeco.ee\/sv\/#\/schema\/logo\/image\/\"}}]}<\/script>\n<!-- \/ Yoast SEO Premium plugin. -->","yoast_head_json":{"title":"Vision, Mission, V\u00e4rderingar - Timbeco Woodhouse Sweden","description":"Timbeco \u00e4r tillverkare av tr\u00e4komponenter och modulbyggnader i Europa med b\u00e4sta kunnande och erfarenhet. V\u00e5rt uppdrag \u00e4r att hj\u00e4lpa","robots":{"index":"index","follow":"follow","max-snippet":"max-snippet:-1","max-image-preview":"max-image-preview:large","max-video-preview":"max-video-preview:-1"},"canonical":"https:\/\/timbeco.ee\/sv\/om-oss\/vision-mission-varderingar\/","og_locale":"sv_SE","og_type":"article","og_title":"Vision, Mission, V\u00e4rderingar","og_url":"https:\/\/timbeco.ee\/sv\/om-oss\/vision-mission-varderingar\/","og_site_name":"Timbeco Sweden","article_modified_time":"2025-03-06T08:30:03+00:00","twitter_card":"summary_large_image","twitter_misc":{"Ber\u00e4knad l\u00e4stid":"1 minut"},"schema":{"@context":"https:\/\/schema.org","@graph":[{"@type":"WebPage","@id":"https:\/\/timbeco.ee\/sv\/om-oss\/vision-mission-varderingar\/","url":"https:\/\/timbeco.ee\/sv\/om-oss\/vision-mission-varderingar\/","name":"Vision, Mission, V\u00e4rderingar - Timbeco Woodhouse Sweden","isPartOf":{"@id":"https:\/\/timbeco.ee\/sv\/#website"},"datePublished":"2018-04-27T14:21:28+00:00","dateModified":"2025-03-06T08:30:03+00:00","description":"Timbeco \u00e4r tillverkare av tr\u00e4komponenter och modulbyggnader i Europa med b\u00e4sta kunnande och erfarenhet. V\u00e5rt uppdrag \u00e4r att hj\u00e4lpa","breadcrumb":{"@id":"https:\/\/timbeco.ee\/sv\/om-oss\/vision-mission-varderingar\/#breadcrumb"},"inLanguage":"sv-SE","potentialAction":[{"@type":"ReadAction","target":["https:\/\/timbeco.ee\/sv\/om-oss\/vision-mission-varderingar\/"]}]},{"@type":"BreadcrumbList","@id":"https:\/\/timbeco.ee\/sv\/om-oss\/vision-mission-varderingar\/#breadcrumb","itemListElement":[{"@type":"ListItem","position":1,"name":"Avaleht","item":"https:\/\/timbeco.ee\/sv\/"},{"@type":"ListItem","position":2,"name":"Om oss","item":"https:\/\/timbeco.ee\/sv\/om-oss\/"},{"@type":"ListItem","position":3,"name":"Vision, Mission, V\u00e4rderingar"}]},{"@type":"WebSite","@id":"https:\/\/timbeco.ee\/sv\/#website","url":"https:\/\/timbeco.ee\/sv\/","name":"Timbeco Sweden","description":"BYGGELEMENTER, ELEMENT-BYGGNADER OCH MODULAR HUS","publisher":{"@id":"https:\/\/timbeco.ee\/sv\/#organization"},"potentialAction":[{"@type":"SearchAction","target":{"@type":"EntryPoint","urlTemplate":"https:\/\/timbeco.ee\/sv\/?s={search_term_string}"},"query-input":{"@type":"PropertyValueSpecification","valueRequired":true,"valueName":"search_term_string"}}],"inLanguage":"sv-SE"},{"@type":"Organization","@id":"https:\/\/timbeco.ee\/sv\/#organization","name":"Timbeco Woodhouse O\u00dc","url":"https:\/\/timbeco.ee\/sv\/","logo":{"@type":"ImageObject","inLanguage":"sv-SE","@id":"https:\/\/timbeco.ee\/sv\/#\/schema\/logo\/image\/","url":"https:\/\/timbeco.ee\/sv\/wp-content\/uploads\/sites\/6\/2018\/03\/timbeco-logo.png","contentUrl":"https:\/\/timbeco.ee\/sv\/wp-content\/uploads\/sites\/6\/2018\/03\/timbeco-logo.png","width":200,"height":41,"caption":"Timbeco Woodhouse O\u00dc"},"image":{"@id":"https:\/\/timbeco.ee\/sv\/#\/schema\/logo\/image\/"}}]}},"_links":{"self":[{"href":"https:\/\/timbeco.ee\/sv\/wp-json\/wp\/v2\/pages\/1589","targetHints":{"allow":["GET"]}}],"collection":[{"href":"https:\/\/timbeco.ee\/sv\/wp-json\/wp\/v2\/pages"}],"about":[{"href":"https:\/\/timbeco.ee\/sv\/wp-json\/wp\/v2\/types\/page"}],"author":[{"embeddable":true,"href":"https:\/\/timbeco.ee\/sv\/wp-json\/wp\/v2\/users\/2"}],"replies":[{"embeddable":true,"href":"https:\/\/timbeco.ee\/sv\/wp-json\/wp\/v2\/comments?post=1589"}],"version-history":[{"count":16,"href":"https:\/\/timbeco.ee\/sv\/wp-json\/wp\/v2\/pages\/1589\/revisions"}],"predecessor-version":[{"id":5180,"href":"https:\/\/timbeco.ee\/sv\/wp-json\/wp\/v2\/pages\/1589\/revisions\/5180"}],"up":[{"embeddable":true,"href":"https:\/\/timbeco.ee\/sv\/wp-json\/wp\/v2\/pages\/39"}],"wp:attachment":[{"href":"https:\/\/timbeco.ee\/sv\/wp-json\/wp\/v2\/media?parent=1589"}],"curies":[{"name":"wp","href":"https:\/\/api.w.org\/{rel}","templated":true}]}}