{"id":10,"date":"2017-12-12T14:45:15","date_gmt":"2017-12-12T12:45:15","guid":{"rendered":"http:\/\/timbeco.ee\/?page_id=10"},"modified":"2025-08-25T12:01:29","modified_gmt":"2025-08-25T09:01:29","slug":"energiasaastlike-puitmajade-tehas-2","status":"publish","type":"page","link":"https:\/\/timbeco.ee\/sv\/","title":{"rendered":"Hem"},"content":{"rendered":"","protected":false},"excerpt":{"rendered":"","protected":false},"author":1,"featured_media":4135,"parent":0,"menu_order":0,"comment_status":"closed","ping_status":"closed","template":"","meta":{"_acf_changed":false,"_monsterinsights_skip_tracking":false,"_monsterinsights_sitenote_active":false,"_monsterinsights_sitenote_note":"","_monsterinsights_sitenote_category":0,"footnotes":""},"class_list":["post-10","page","type-page","status-publish","has-post-thumbnail","hentry"],"acf":[],"yoast_head":"<!-- This site is optimized with the Yoast SEO Premium plugin v27.2 (Yoast SEO v27.2) - https:\/\/yoast.com\/product\/yoast-seo-premium-wordpress\/ -->\n<title>Modulhus tillverkare i Estland - Timbeco Woodhouse Sweden<\/title>\n<meta name=\"description\" content=\"Modulhus fabrik i Estland med 30 \u00e5rs. tillhandah\u00e5ller en helhetstj\u00e4nst f\u00f6r tillverkning modul. Prisv\u00e4rda modulhus med h\u00f6g kvalitet\" \/>\n<meta name=\"robots\" content=\"index, follow, max-snippet:-1, max-image-preview:large, max-video-preview:-1\" \/>\n<link rel=\"canonical\" href=\"https:\/\/timbeco.ee\/sv\/\" \/>\n<meta property=\"og:locale\" content=\"sv_SE\" \/>\n<meta property=\"og:type\" content=\"article\" \/>\n<meta property=\"og:title\" content=\"Modulhus tillverkare i Estland - Timbeco Woodhouse Sweden\" \/>\n<meta property=\"og:description\" content=\"Modulhus fabrik i Estland med 30 \u00e5rs. tillhandah\u00e5ller en helhetstj\u00e4nst f\u00f6r tillverkning modul. Prisv\u00e4rda modulhus med h\u00f6g kvalitet\" \/>\n<meta property=\"og:url\" content=\"https:\/\/timbeco.ee\/sv\/\" \/>\n<meta property=\"og:site_name\" content=\"Timbeco Sweden\" \/>\n<meta property=\"article:modified_time\" content=\"2025-08-25T09:01:29+00:00\" \/>\n<meta property=\"og:image\" content=\"https:\/\/timbeco.ee\/sv\/wp-content\/uploads\/sites\/6\/2021\/03\/Lillgarden_3.jpg\" \/>\n\t<meta property=\"og:image:width\" content=\"2369\" \/>\n\t<meta property=\"og:image:height\" content=\"1299\" \/>\n\t<meta property=\"og:image:type\" content=\"image\/jpeg\" \/>\n<meta name=\"twitter:card\" content=\"summary_large_image\" \/>\n<meta name=\"twitter:title\" content=\"Hem\" \/>\n<meta name=\"twitter:label1\" content=\"Ber\u00e4knad l\u00e4stid\" \/>\n\t<meta name=\"twitter:data1\" content=\"1 minut\" \/>\n<script type=\"application\/ld+json\" class=\"yoast-schema-graph\">{\"@context\":\"https:\/\/schema.org\",\"@graph\":[{\"@type\":\"WebPage\",\"@id\":\"https:\/\/timbeco.ee\/sv\/\",\"url\":\"https:\/\/timbeco.ee\/sv\/\",\"name\":\"Modulhus tillverkare i Estland - Timbeco Woodhouse Sweden\",\"isPartOf\":{\"@id\":\"https:\/\/timbeco.ee\/sv\/#website\"},\"primaryImageOfPage\":{\"@id\":\"https:\/\/timbeco.ee\/sv\/#primaryimage\"},\"image\":{\"@id\":\"https:\/\/timbeco.ee\/sv\/#primaryimage\"},\"thumbnailUrl\":\"https:\/\/timbeco.ee\/sv\/wp-content\/uploads\/sites\/6\/2021\/03\/Lillgarden_front-scaled.jpg\",\"datePublished\":\"2017-12-12T12:45:15+00:00\",\"dateModified\":\"2025-08-25T09:01:29+00:00\",\"description\":\"Modulhus fabrik i Estland med 30 \u00e5rs. tillhandah\u00e5ller en helhetstj\u00e4nst f\u00f6r tillverkning modul. Prisv\u00e4rda modulhus med h\u00f6g kvalitet\",\"breadcrumb\":{\"@id\":\"https:\/\/timbeco.ee\/sv\/#breadcrumb\"},\"inLanguage\":\"sv-SE\",\"potentialAction\":[{\"@type\":\"ReadAction\",\"target\":[\"https:\/\/timbeco.ee\/sv\/\"]}]},{\"@type\":\"ImageObject\",\"inLanguage\":\"sv-SE\",\"@id\":\"https:\/\/timbeco.ee\/sv\/#primaryimage\",\"url\":\"https:\/\/timbeco.ee\/sv\/wp-content\/uploads\/sites\/6\/2021\/03\/Lillgarden_front-scaled.jpg\",\"contentUrl\":\"https:\/\/timbeco.ee\/sv\/wp-content\/uploads\/sites\/6\/2021\/03\/Lillgarden_front-scaled.jpg\",\"width\":2560,\"height\":1281,\"caption\":\"element-hus\"},{\"@type\":\"BreadcrumbList\",\"@id\":\"https:\/\/timbeco.ee\/sv\/#breadcrumb\",\"itemListElement\":[{\"@type\":\"ListItem\",\"position\":1,\"name\":\"Avaleht\",\"item\":\"https:\/\/timbeco.ee\/sv\/\"},{\"@type\":\"ListItem\",\"position\":2,\"name\":\"Hem\"}]},{\"@type\":\"WebSite\",\"@id\":\"https:\/\/timbeco.ee\/sv\/#website\",\"url\":\"https:\/\/timbeco.ee\/sv\/\",\"name\":\"Timbeco Sweden\",\"description\":\"BYGGELEMENTER, ELEMENT-BYGGNADER OCH MODULAR HUS\",\"publisher\":{\"@id\":\"https:\/\/timbeco.ee\/sv\/#organization\"},\"potentialAction\":[{\"@type\":\"SearchAction\",\"target\":{\"@type\":\"EntryPoint\",\"urlTemplate\":\"https:\/\/timbeco.ee\/sv\/?s={search_term_string}\"},\"query-input\":{\"@type\":\"PropertyValueSpecification\",\"valueRequired\":true,\"valueName\":\"search_term_string\"}}],\"inLanguage\":\"sv-SE\"},{\"@type\":\"Organization\",\"@id\":\"https:\/\/timbeco.ee\/sv\/#organization\",\"name\":\"Timbeco Woodhouse O\u00dc\",\"url\":\"https:\/\/timbeco.ee\/sv\/\",\"logo\":{\"@type\":\"ImageObject\",\"inLanguage\":\"sv-SE\",\"@id\":\"https:\/\/timbeco.ee\/sv\/#\/schema\/logo\/image\/\",\"url\":\"https:\/\/timbeco.ee\/sv\/wp-content\/uploads\/sites\/6\/2018\/03\/timbeco-logo.png\",\"contentUrl\":\"https:\/\/timbeco.ee\/sv\/wp-content\/uploads\/sites\/6\/2018\/03\/timbeco-logo.png\",\"width\":200,\"height\":41,\"caption\":\"Timbeco Woodhouse O\u00dc\"},\"image\":{\"@id\":\"https:\/\/timbeco.ee\/sv\/#\/schema\/logo\/image\/\"}}]}<\/script>\n<!-- \/ Yoast SEO Premium plugin. -->","yoast_head_json":{"title":"Modulhus tillverkare i Estland - Timbeco Woodhouse Sweden","description":"Modulhus fabrik i Estland med 30 \u00e5rs. tillhandah\u00e5ller en helhetstj\u00e4nst f\u00f6r tillverkning modul. Prisv\u00e4rda modulhus med h\u00f6g kvalitet","robots":{"index":"index","follow":"follow","max-snippet":"max-snippet:-1","max-image-preview":"max-image-preview:large","max-video-preview":"max-video-preview:-1"},"canonical":"https:\/\/timbeco.ee\/sv\/","og_locale":"sv_SE","og_type":"article","og_title":"Modulhus tillverkare i Estland - Timbeco Woodhouse Sweden","og_description":"Modulhus fabrik i Estland med 30 \u00e5rs. tillhandah\u00e5ller en helhetstj\u00e4nst f\u00f6r tillverkning modul. Prisv\u00e4rda modulhus med h\u00f6g kvalitet","og_url":"https:\/\/timbeco.ee\/sv\/","og_site_name":"Timbeco Sweden","article_modified_time":"2025-08-25T09:01:29+00:00","og_image":[{"width":2369,"height":1299,"url":"https:\/\/timbeco.ee\/sv\/wp-content\/uploads\/sites\/6\/2021\/03\/Lillgarden_3.jpg","type":"image\/jpeg"}],"twitter_card":"summary_large_image","twitter_title":"Hem","twitter_misc":{"Ber\u00e4knad l\u00e4stid":"1 minut"},"schema":{"@context":"https:\/\/schema.org","@graph":[{"@type":"WebPage","@id":"https:\/\/timbeco.ee\/sv\/","url":"https:\/\/timbeco.ee\/sv\/","name":"Modulhus tillverkare i Estland - Timbeco Woodhouse Sweden","isPartOf":{"@id":"https:\/\/timbeco.ee\/sv\/#website"},"primaryImageOfPage":{"@id":"https:\/\/timbeco.ee\/sv\/#primaryimage"},"image":{"@id":"https:\/\/timbeco.ee\/sv\/#primaryimage"},"thumbnailUrl":"https:\/\/timbeco.ee\/sv\/wp-content\/uploads\/sites\/6\/2021\/03\/Lillgarden_front-scaled.jpg","datePublished":"2017-12-12T12:45:15+00:00","dateModified":"2025-08-25T09:01:29+00:00","description":"Modulhus fabrik i Estland med 30 \u00e5rs. tillhandah\u00e5ller en helhetstj\u00e4nst f\u00f6r tillverkning modul. Prisv\u00e4rda modulhus med h\u00f6g kvalitet","breadcrumb":{"@id":"https:\/\/timbeco.ee\/sv\/#breadcrumb"},"inLanguage":"sv-SE","potentialAction":[{"@type":"ReadAction","target":["https:\/\/timbeco.ee\/sv\/"]}]},{"@type":"ImageObject","inLanguage":"sv-SE","@id":"https:\/\/timbeco.ee\/sv\/#primaryimage","url":"https:\/\/timbeco.ee\/sv\/wp-content\/uploads\/sites\/6\/2021\/03\/Lillgarden_front-scaled.jpg","contentUrl":"https:\/\/timbeco.ee\/sv\/wp-content\/uploads\/sites\/6\/2021\/03\/Lillgarden_front-scaled.jpg","width":2560,"height":1281,"caption":"element-hus"},{"@type":"BreadcrumbList","@id":"https:\/\/timbeco.ee\/sv\/#breadcrumb","itemListElement":[{"@type":"ListItem","position":1,"name":"Avaleht","item":"https:\/\/timbeco.ee\/sv\/"},{"@type":"ListItem","position":2,"name":"Hem"}]},{"@type":"WebSite","@id":"https:\/\/timbeco.ee\/sv\/#website","url":"https:\/\/timbeco.ee\/sv\/","name":"Timbeco Sweden","description":"BYGGELEMENTER, ELEMENT-BYGGNADER OCH MODULAR HUS","publisher":{"@id":"https:\/\/timbeco.ee\/sv\/#organization"},"potentialAction":[{"@type":"SearchAction","target":{"@type":"EntryPoint","urlTemplate":"https:\/\/timbeco.ee\/sv\/?s={search_term_string}"},"query-input":{"@type":"PropertyValueSpecification","valueRequired":true,"valueName":"search_term_string"}}],"inLanguage":"sv-SE"},{"@type":"Organization","@id":"https:\/\/timbeco.ee\/sv\/#organization","name":"Timbeco Woodhouse O\u00dc","url":"https:\/\/timbeco.ee\/sv\/","logo":{"@type":"ImageObject","inLanguage":"sv-SE","@id":"https:\/\/timbeco.ee\/sv\/#\/schema\/logo\/image\/","url":"https:\/\/timbeco.ee\/sv\/wp-content\/uploads\/sites\/6\/2018\/03\/timbeco-logo.png","contentUrl":"https:\/\/timbeco.ee\/sv\/wp-content\/uploads\/sites\/6\/2018\/03\/timbeco-logo.png","width":200,"height":41,"caption":"Timbeco Woodhouse O\u00dc"},"image":{"@id":"https:\/\/timbeco.ee\/sv\/#\/schema\/logo\/image\/"}}]}},"_links":{"self":[{"href":"https:\/\/timbeco.ee\/sv\/wp-json\/wp\/v2\/pages\/10","targetHints":{"allow":["GET"]}}],"collection":[{"href":"https:\/\/timbeco.ee\/sv\/wp-json\/wp\/v2\/pages"}],"about":[{"href":"https:\/\/timbeco.ee\/sv\/wp-json\/wp\/v2\/types\/page"}],"author":[{"embeddable":true,"href":"https:\/\/timbeco.ee\/sv\/wp-json\/wp\/v2\/users\/1"}],"replies":[{"embeddable":true,"href":"https:\/\/timbeco.ee\/sv\/wp-json\/wp\/v2\/comments?post=10"}],"version-history":[{"count":146,"href":"https:\/\/timbeco.ee\/sv\/wp-json\/wp\/v2\/pages\/10\/revisions"}],"predecessor-version":[{"id":5183,"href":"https:\/\/timbeco.ee\/sv\/wp-json\/wp\/v2\/pages\/10\/revisions\/5183"}],"wp:featuredmedia":[{"embeddable":true,"href":"https:\/\/timbeco.ee\/sv\/wp-json\/wp\/v2\/media\/4135"}],"wp:attachment":[{"href":"https:\/\/timbeco.ee\/sv\/wp-json\/wp\/v2\/media?parent=10"}],"curies":[{"name":"wp","href":"https:\/\/api.w.org\/{rel}","templated":true}]}}