{"id":71,"date":"2018-01-23T13:07:46","date_gmt":"2018-01-23T11:07:46","guid":{"rendered":"https:\/\/timbeco.ee\/no\/?page_id=71"},"modified":"2019-05-08T13:40:45","modified_gmt":"2019-05-08T10:40:45","slug":"byggmoduler-modulbygg","status":"publish","type":"page","link":"https:\/\/timbeco.ee\/no\/produkter\/byggmoduler-modulbygg\/","title":{"rendered":"Byggmoduler"},"content":{"rendered":"","protected":false},"excerpt":{"rendered":"<p>Prefabrikkerte hus er produsert p\u00e5 et sv\u00e6rt h\u00f8yt niv\u00e5 av ferdigstillelse. Modulene er som regel laget innvendig og utvendig opp til 80-90% og m\u00f8bler er installert. \u00d8konomisk sett er det \u00f8konomisk rimelig \u00e5 konstruere moduler der moduler \/ bygningskomponenter kan brukes.<\/p>\n","protected":false},"author":1,"featured_media":605,"parent":29,"menu_order":0,"comment_status":"closed","ping_status":"closed","template":"","meta":{"_acf_changed":false,"_monsterinsights_skip_tracking":false,"_monsterinsights_sitenote_active":false,"_monsterinsights_sitenote_note":"","_monsterinsights_sitenote_category":0,"footnotes":""},"class_list":["post-71","page","type-page","status-publish","has-post-thumbnail","hentry"],"acf":[],"yoast_head":"<!-- This site is optimized with the Yoast SEO Premium plugin v27.2 (Yoast SEO v27.2) - https:\/\/yoast.com\/product\/yoast-seo-premium-wordpress\/ -->\n<title>Byggmoduler, utforme, produksjon, installasjon - Timbeco Woodhouse<\/title>\n<meta name=\"description\" content=\"Ved behov for modul\u00e6r bygning kan vi p\u00e5 Timbeco hjelpe deg. Vi designer, produserer og bygger modul\u00e6re hus i henhold til kundens \u00f8nsker. Modulbygg priser\" \/>\n<meta name=\"robots\" content=\"index, follow, max-snippet:-1, max-image-preview:large, max-video-preview:-1\" \/>\n<link rel=\"canonical\" href=\"https:\/\/timbeco.ee\/no\/produkter\/byggmoduler-modulbygg\/\" \/>\n<meta property=\"og:locale\" content=\"nb_NO\" \/>\n<meta property=\"og:type\" content=\"article\" \/>\n<meta property=\"og:title\" content=\"Byggmoduler\" \/>\n<meta property=\"og:description\" content=\"Ved behov for modul\u00e6r bygning kan vi p\u00e5 Timbeco hjelpe deg. Vi designer, produserer og bygger modul\u00e6re hus i henhold til kundens \u00f8nsker. Modulbygg priser\" \/>\n<meta property=\"og:url\" content=\"https:\/\/timbeco.ee\/no\/produkter\/byggmoduler-modulbygg\/\" \/>\n<meta property=\"og:site_name\" content=\"Timbeco Norway\" \/>\n<meta property=\"article:modified_time\" content=\"2019-05-08T10:40:45+00:00\" \/>\n<meta property=\"og:image\" content=\"https:\/\/timbeco.ee\/no\/wp-content\/uploads\/sites\/8\/2018\/04\/Aby1_edited.jpg\" \/>\n\t<meta property=\"og:image:width\" content=\"1249\" \/>\n\t<meta property=\"og:image:height\" content=\"688\" \/>\n\t<meta property=\"og:image:type\" content=\"image\/jpeg\" \/>\n<meta name=\"twitter:card\" content=\"summary_large_image\" \/>\n<script type=\"application\/ld+json\" class=\"yoast-schema-graph\">{\"@context\":\"https:\/\/schema.org\",\"@graph\":[{\"@type\":\"WebPage\",\"@id\":\"https:\/\/timbeco.ee\/no\/produkter\/byggmoduler-modulbygg\/\",\"url\":\"https:\/\/timbeco.ee\/no\/produkter\/byggmoduler-modulbygg\/\",\"name\":\"Byggmoduler, utforme, produksjon, installasjon - Timbeco Woodhouse\",\"isPartOf\":{\"@id\":\"https:\/\/timbeco.ee\/no\/#website\"},\"primaryImageOfPage\":{\"@id\":\"https:\/\/timbeco.ee\/no\/produkter\/byggmoduler-modulbygg\/#primaryimage\"},\"image\":{\"@id\":\"https:\/\/timbeco.ee\/no\/produkter\/byggmoduler-modulbygg\/#primaryimage\"},\"thumbnailUrl\":\"https:\/\/timbeco.ee\/no\/wp-content\/uploads\/sites\/8\/2018\/04\/Aby1_edited.jpg\",\"datePublished\":\"2018-01-23T11:07:46+00:00\",\"dateModified\":\"2019-05-08T10:40:45+00:00\",\"description\":\"Ved behov for modul\u00e6r bygning kan vi p\u00e5 Timbeco hjelpe deg. Vi designer, produserer og bygger modul\u00e6re hus i henhold til kundens \u00f8nsker. Modulbygg priser\",\"breadcrumb\":{\"@id\":\"https:\/\/timbeco.ee\/no\/produkter\/byggmoduler-modulbygg\/#breadcrumb\"},\"inLanguage\":\"nb-NO\",\"potentialAction\":[{\"@type\":\"ReadAction\",\"target\":[\"https:\/\/timbeco.ee\/no\/produkter\/byggmoduler-modulbygg\/\"]}]},{\"@type\":\"ImageObject\",\"inLanguage\":\"nb-NO\",\"@id\":\"https:\/\/timbeco.ee\/no\/produkter\/byggmoduler-modulbygg\/#primaryimage\",\"url\":\"https:\/\/timbeco.ee\/no\/wp-content\/uploads\/sites\/8\/2018\/04\/Aby1_edited.jpg\",\"contentUrl\":\"https:\/\/timbeco.ee\/no\/wp-content\/uploads\/sites\/8\/2018\/04\/Aby1_edited.jpg\",\"width\":1249,\"height\":688,\"caption\":\"Byggmoduler\"},{\"@type\":\"BreadcrumbList\",\"@id\":\"https:\/\/timbeco.ee\/no\/produkter\/byggmoduler-modulbygg\/#breadcrumb\",\"itemListElement\":[{\"@type\":\"ListItem\",\"position\":1,\"name\":\"Avaleht\",\"item\":\"https:\/\/timbeco.ee\/no\/\"},{\"@type\":\"ListItem\",\"position\":2,\"name\":\"Produkter\",\"item\":\"https:\/\/timbeco.ee\/no\/produkter\/\"},{\"@type\":\"ListItem\",\"position\":3,\"name\":\"Byggmoduler\"}]},{\"@type\":\"WebSite\",\"@id\":\"https:\/\/timbeco.ee\/no\/#website\",\"url\":\"https:\/\/timbeco.ee\/no\/\",\"name\":\"Timbeco Norway\",\"description\":\"Energieffektive trehus fabrikk\",\"publisher\":{\"@id\":\"https:\/\/timbeco.ee\/no\/#organization\"},\"potentialAction\":[{\"@type\":\"SearchAction\",\"target\":{\"@type\":\"EntryPoint\",\"urlTemplate\":\"https:\/\/timbeco.ee\/no\/?s={search_term_string}\"},\"query-input\":{\"@type\":\"PropertyValueSpecification\",\"valueRequired\":true,\"valueName\":\"search_term_string\"}}],\"inLanguage\":\"nb-NO\"},{\"@type\":\"Organization\",\"@id\":\"https:\/\/timbeco.ee\/no\/#organization\",\"name\":\"Timbeco Woodhouse O\u00dc\",\"url\":\"https:\/\/timbeco.ee\/no\/\",\"logo\":{\"@type\":\"ImageObject\",\"inLanguage\":\"nb-NO\",\"@id\":\"https:\/\/timbeco.ee\/no\/#\/schema\/logo\/image\/\",\"url\":\"https:\/\/timbeco.ee\/no\/wp-content\/uploads\/sites\/8\/2018\/03\/timbeco-logo.png\",\"contentUrl\":\"https:\/\/timbeco.ee\/no\/wp-content\/uploads\/sites\/8\/2018\/03\/timbeco-logo.png\",\"width\":200,\"height\":41,\"caption\":\"Timbeco Woodhouse O\u00dc\"},\"image\":{\"@id\":\"https:\/\/timbeco.ee\/no\/#\/schema\/logo\/image\/\"}}]}<\/script>\n<!-- \/ Yoast SEO Premium plugin. -->","yoast_head_json":{"title":"Byggmoduler, utforme, produksjon, installasjon - Timbeco Woodhouse","description":"Ved behov for modul\u00e6r bygning kan vi p\u00e5 Timbeco hjelpe deg. Vi designer, produserer og bygger modul\u00e6re hus i henhold til kundens \u00f8nsker. Modulbygg priser","robots":{"index":"index","follow":"follow","max-snippet":"max-snippet:-1","max-image-preview":"max-image-preview:large","max-video-preview":"max-video-preview:-1"},"canonical":"https:\/\/timbeco.ee\/no\/produkter\/byggmoduler-modulbygg\/","og_locale":"nb_NO","og_type":"article","og_title":"Byggmoduler","og_description":"Ved behov for modul\u00e6r bygning kan vi p\u00e5 Timbeco hjelpe deg. Vi designer, produserer og bygger modul\u00e6re hus i henhold til kundens \u00f8nsker. Modulbygg priser","og_url":"https:\/\/timbeco.ee\/no\/produkter\/byggmoduler-modulbygg\/","og_site_name":"Timbeco Norway","article_modified_time":"2019-05-08T10:40:45+00:00","og_image":[{"width":1249,"height":688,"url":"https:\/\/timbeco.ee\/no\/wp-content\/uploads\/sites\/8\/2018\/04\/Aby1_edited.jpg","type":"image\/jpeg"}],"twitter_card":"summary_large_image","schema":{"@context":"https:\/\/schema.org","@graph":[{"@type":"WebPage","@id":"https:\/\/timbeco.ee\/no\/produkter\/byggmoduler-modulbygg\/","url":"https:\/\/timbeco.ee\/no\/produkter\/byggmoduler-modulbygg\/","name":"Byggmoduler, utforme, produksjon, installasjon - Timbeco Woodhouse","isPartOf":{"@id":"https:\/\/timbeco.ee\/no\/#website"},"primaryImageOfPage":{"@id":"https:\/\/timbeco.ee\/no\/produkter\/byggmoduler-modulbygg\/#primaryimage"},"image":{"@id":"https:\/\/timbeco.ee\/no\/produkter\/byggmoduler-modulbygg\/#primaryimage"},"thumbnailUrl":"https:\/\/timbeco.ee\/no\/wp-content\/uploads\/sites\/8\/2018\/04\/Aby1_edited.jpg","datePublished":"2018-01-23T11:07:46+00:00","dateModified":"2019-05-08T10:40:45+00:00","description":"Ved behov for modul\u00e6r bygning kan vi p\u00e5 Timbeco hjelpe deg. Vi designer, produserer og bygger modul\u00e6re hus i henhold til kundens \u00f8nsker. Modulbygg priser","breadcrumb":{"@id":"https:\/\/timbeco.ee\/no\/produkter\/byggmoduler-modulbygg\/#breadcrumb"},"inLanguage":"nb-NO","potentialAction":[{"@type":"ReadAction","target":["https:\/\/timbeco.ee\/no\/produkter\/byggmoduler-modulbygg\/"]}]},{"@type":"ImageObject","inLanguage":"nb-NO","@id":"https:\/\/timbeco.ee\/no\/produkter\/byggmoduler-modulbygg\/#primaryimage","url":"https:\/\/timbeco.ee\/no\/wp-content\/uploads\/sites\/8\/2018\/04\/Aby1_edited.jpg","contentUrl":"https:\/\/timbeco.ee\/no\/wp-content\/uploads\/sites\/8\/2018\/04\/Aby1_edited.jpg","width":1249,"height":688,"caption":"Byggmoduler"},{"@type":"BreadcrumbList","@id":"https:\/\/timbeco.ee\/no\/produkter\/byggmoduler-modulbygg\/#breadcrumb","itemListElement":[{"@type":"ListItem","position":1,"name":"Avaleht","item":"https:\/\/timbeco.ee\/no\/"},{"@type":"ListItem","position":2,"name":"Produkter","item":"https:\/\/timbeco.ee\/no\/produkter\/"},{"@type":"ListItem","position":3,"name":"Byggmoduler"}]},{"@type":"WebSite","@id":"https:\/\/timbeco.ee\/no\/#website","url":"https:\/\/timbeco.ee\/no\/","name":"Timbeco Norway","description":"Energieffektive trehus fabrikk","publisher":{"@id":"https:\/\/timbeco.ee\/no\/#organization"},"potentialAction":[{"@type":"SearchAction","target":{"@type":"EntryPoint","urlTemplate":"https:\/\/timbeco.ee\/no\/?s={search_term_string}"},"query-input":{"@type":"PropertyValueSpecification","valueRequired":true,"valueName":"search_term_string"}}],"inLanguage":"nb-NO"},{"@type":"Organization","@id":"https:\/\/timbeco.ee\/no\/#organization","name":"Timbeco Woodhouse O\u00dc","url":"https:\/\/timbeco.ee\/no\/","logo":{"@type":"ImageObject","inLanguage":"nb-NO","@id":"https:\/\/timbeco.ee\/no\/#\/schema\/logo\/image\/","url":"https:\/\/timbeco.ee\/no\/wp-content\/uploads\/sites\/8\/2018\/03\/timbeco-logo.png","contentUrl":"https:\/\/timbeco.ee\/no\/wp-content\/uploads\/sites\/8\/2018\/03\/timbeco-logo.png","width":200,"height":41,"caption":"Timbeco Woodhouse O\u00dc"},"image":{"@id":"https:\/\/timbeco.ee\/no\/#\/schema\/logo\/image\/"}}]}},"_links":{"self":[{"href":"https:\/\/timbeco.ee\/no\/wp-json\/wp\/v2\/pages\/71","targetHints":{"allow":["GET"]}}],"collection":[{"href":"https:\/\/timbeco.ee\/no\/wp-json\/wp\/v2\/pages"}],"about":[{"href":"https:\/\/timbeco.ee\/no\/wp-json\/wp\/v2\/types\/page"}],"author":[{"embeddable":true,"href":"https:\/\/timbeco.ee\/no\/wp-json\/wp\/v2\/users\/1"}],"replies":[{"embeddable":true,"href":"https:\/\/timbeco.ee\/no\/wp-json\/wp\/v2\/comments?post=71"}],"version-history":[{"count":41,"href":"https:\/\/timbeco.ee\/no\/wp-json\/wp\/v2\/pages\/71\/revisions"}],"predecessor-version":[{"id":3706,"href":"https:\/\/timbeco.ee\/no\/wp-json\/wp\/v2\/pages\/71\/revisions\/3706"}],"up":[{"embeddable":true,"href":"https:\/\/timbeco.ee\/no\/wp-json\/wp\/v2\/pages\/29"}],"wp:featuredmedia":[{"embeddable":true,"href":"https:\/\/timbeco.ee\/no\/wp-json\/wp\/v2\/media\/605"}],"wp:attachment":[{"href":"https:\/\/timbeco.ee\/no\/wp-json\/wp\/v2\/media?parent=71"}],"curies":[{"name":"wp","href":"https:\/\/api.w.org\/{rel}","templated":true}]}}