{"id":66,"date":"2018-01-11T15:53:23","date_gmt":"2018-01-11T13:53:23","guid":{"rendered":"https:\/\/timbeco.ee\/no\/?page_id=66"},"modified":"2025-09-24T12:16:36","modified_gmt":"2025-09-24T09:16:36","slug":"elementhus","status":"publish","type":"page","link":"https:\/\/timbeco.ee\/no\/produkter\/elementhus\/","title":{"rendered":"Elementhus"},"content":{"rendered":"","protected":false},"excerpt":{"rendered":"<p>Alle elementene i elementbygningen er ferdige som store elementer p\u00e5 fabrikken. For eksempel er en yttervegg med d\u00f8rer og vinduer, eller et tak med et dekkmateriale, fabrikkbygd og montert p\u00e5 en mast, noe som reduserer konstruksjonstiden betydelig.<\/p>\n","protected":false},"author":1,"featured_media":214,"parent":29,"menu_order":0,"comment_status":"closed","ping_status":"closed","template":"","meta":{"_acf_changed":false,"_monsterinsights_skip_tracking":false,"_monsterinsights_sitenote_active":false,"_monsterinsights_sitenote_note":"","_monsterinsights_sitenote_category":0,"footnotes":""},"class_list":["post-66","page","type-page","status-publish","has-post-thumbnail","hentry"],"acf":[],"yoast_head":"<!-- This site is optimized with the Yoast SEO Premium plugin v27.2 (Yoast SEO v27.2) - https:\/\/yoast.com\/product\/yoast-seo-premium-wordpress\/ -->\n<title>Elementhus \u2013 Raskt, fleksibelt og energieffektivt husbygging<\/title>\n<meta name=\"description\" content=\"Bygg ditt dr\u00f8mmehjem raskt og effektivt med elementhus. Vi leverer kvalitet, fleksibilitet og energieffektive l\u00f8sninger \u2013 skreddersydd for\" \/>\n<meta name=\"robots\" content=\"index, follow, max-snippet:-1, max-image-preview:large, max-video-preview:-1\" \/>\n<link rel=\"canonical\" href=\"https:\/\/timbeco.ee\/no\/produkter\/elementhus\/\" \/>\n<meta property=\"og:locale\" content=\"nb_NO\" \/>\n<meta property=\"og:type\" content=\"article\" \/>\n<meta property=\"og:title\" content=\"Elementhus\" \/>\n<meta property=\"og:description\" content=\"Bygg ditt dr\u00f8mmehjem raskt og effektivt med elementhus. Vi leverer kvalitet, fleksibilitet og energieffektive l\u00f8sninger \u2013 skreddersydd for\" \/>\n<meta property=\"og:url\" content=\"https:\/\/timbeco.ee\/no\/produkter\/elementhus\/\" \/>\n<meta property=\"og:site_name\" content=\"Timbeco Norway\" \/>\n<meta property=\"article:modified_time\" content=\"2025-09-24T09:16:36+00:00\" \/>\n<meta property=\"og:image\" content=\"https:\/\/timbeco.ee\/no\/wp-content\/uploads\/sites\/8\/2018\/03\/fassaadielemendid-resized.jpg\" \/>\n\t<meta property=\"og:image:width\" content=\"555\" \/>\n\t<meta property=\"og:image:height\" content=\"270\" \/>\n\t<meta property=\"og:image:type\" content=\"image\/jpeg\" \/>\n<meta name=\"twitter:card\" content=\"summary_large_image\" \/>\n<meta name=\"twitter:label1\" content=\"Ansl. lesetid\" \/>\n\t<meta name=\"twitter:data1\" content=\"1 minutt\" \/>\n<script type=\"application\/ld+json\" class=\"yoast-schema-graph\">{\"@context\":\"https:\/\/schema.org\",\"@graph\":[{\"@type\":\"WebPage\",\"@id\":\"https:\/\/timbeco.ee\/no\/produkter\/elementhus\/\",\"url\":\"https:\/\/timbeco.ee\/no\/produkter\/elementhus\/\",\"name\":\"Elementhus \u2013 Raskt, fleksibelt og energieffektivt husbygging\",\"isPartOf\":{\"@id\":\"https:\/\/timbeco.ee\/no\/#website\"},\"primaryImageOfPage\":{\"@id\":\"https:\/\/timbeco.ee\/no\/produkter\/elementhus\/#primaryimage\"},\"image\":{\"@id\":\"https:\/\/timbeco.ee\/no\/produkter\/elementhus\/#primaryimage\"},\"thumbnailUrl\":\"https:\/\/timbeco.ee\/no\/wp-content\/uploads\/sites\/8\/2018\/03\/fassaadielemendid-resized.jpg\",\"datePublished\":\"2018-01-11T13:53:23+00:00\",\"dateModified\":\"2025-09-24T09:16:36+00:00\",\"description\":\"Bygg ditt dr\u00f8mmehjem raskt og effektivt med elementhus. Vi leverer kvalitet, fleksibilitet og energieffektive l\u00f8sninger \u2013 skreddersydd for\",\"breadcrumb\":{\"@id\":\"https:\/\/timbeco.ee\/no\/produkter\/elementhus\/#breadcrumb\"},\"inLanguage\":\"nb-NO\",\"potentialAction\":[{\"@type\":\"ReadAction\",\"target\":[\"https:\/\/timbeco.ee\/no\/produkter\/elementhus\/\"]}]},{\"@type\":\"ImageObject\",\"inLanguage\":\"nb-NO\",\"@id\":\"https:\/\/timbeco.ee\/no\/produkter\/elementhus\/#primaryimage\",\"url\":\"https:\/\/timbeco.ee\/no\/wp-content\/uploads\/sites\/8\/2018\/03\/fassaadielemendid-resized.jpg\",\"contentUrl\":\"https:\/\/timbeco.ee\/no\/wp-content\/uploads\/sites\/8\/2018\/03\/fassaadielemendid-resized.jpg\",\"width\":555,\"height\":270,\"caption\":\"Fasadelementer\"},{\"@type\":\"BreadcrumbList\",\"@id\":\"https:\/\/timbeco.ee\/no\/produkter\/elementhus\/#breadcrumb\",\"itemListElement\":[{\"@type\":\"ListItem\",\"position\":1,\"name\":\"Avaleht\",\"item\":\"https:\/\/timbeco.ee\/no\/\"},{\"@type\":\"ListItem\",\"position\":2,\"name\":\"Produkter\",\"item\":\"https:\/\/timbeco.ee\/no\/produkter\/\"},{\"@type\":\"ListItem\",\"position\":3,\"name\":\"Elementhus\"}]},{\"@type\":\"WebSite\",\"@id\":\"https:\/\/timbeco.ee\/no\/#website\",\"url\":\"https:\/\/timbeco.ee\/no\/\",\"name\":\"Timbeco Norway\",\"description\":\"Energieffektive trehus fabrikk\",\"publisher\":{\"@id\":\"https:\/\/timbeco.ee\/no\/#organization\"},\"potentialAction\":[{\"@type\":\"SearchAction\",\"target\":{\"@type\":\"EntryPoint\",\"urlTemplate\":\"https:\/\/timbeco.ee\/no\/?s={search_term_string}\"},\"query-input\":{\"@type\":\"PropertyValueSpecification\",\"valueRequired\":true,\"valueName\":\"search_term_string\"}}],\"inLanguage\":\"nb-NO\"},{\"@type\":\"Organization\",\"@id\":\"https:\/\/timbeco.ee\/no\/#organization\",\"name\":\"Timbeco Woodhouse O\u00dc\",\"url\":\"https:\/\/timbeco.ee\/no\/\",\"logo\":{\"@type\":\"ImageObject\",\"inLanguage\":\"nb-NO\",\"@id\":\"https:\/\/timbeco.ee\/no\/#\/schema\/logo\/image\/\",\"url\":\"https:\/\/timbeco.ee\/no\/wp-content\/uploads\/sites\/8\/2018\/03\/timbeco-logo.png\",\"contentUrl\":\"https:\/\/timbeco.ee\/no\/wp-content\/uploads\/sites\/8\/2018\/03\/timbeco-logo.png\",\"width\":200,\"height\":41,\"caption\":\"Timbeco Woodhouse O\u00dc\"},\"image\":{\"@id\":\"https:\/\/timbeco.ee\/no\/#\/schema\/logo\/image\/\"}}]}<\/script>\n<!-- \/ Yoast SEO Premium plugin. -->","yoast_head_json":{"title":"Elementhus \u2013 Raskt, fleksibelt og energieffektivt husbygging","description":"Bygg ditt dr\u00f8mmehjem raskt og effektivt med elementhus. Vi leverer kvalitet, fleksibilitet og energieffektive l\u00f8sninger \u2013 skreddersydd for","robots":{"index":"index","follow":"follow","max-snippet":"max-snippet:-1","max-image-preview":"max-image-preview:large","max-video-preview":"max-video-preview:-1"},"canonical":"https:\/\/timbeco.ee\/no\/produkter\/elementhus\/","og_locale":"nb_NO","og_type":"article","og_title":"Elementhus","og_description":"Bygg ditt dr\u00f8mmehjem raskt og effektivt med elementhus. Vi leverer kvalitet, fleksibilitet og energieffektive l\u00f8sninger \u2013 skreddersydd for","og_url":"https:\/\/timbeco.ee\/no\/produkter\/elementhus\/","og_site_name":"Timbeco Norway","article_modified_time":"2025-09-24T09:16:36+00:00","og_image":[{"width":555,"height":270,"url":"https:\/\/timbeco.ee\/no\/wp-content\/uploads\/sites\/8\/2018\/03\/fassaadielemendid-resized.jpg","type":"image\/jpeg"}],"twitter_card":"summary_large_image","twitter_misc":{"Ansl. lesetid":"1 minutt"},"schema":{"@context":"https:\/\/schema.org","@graph":[{"@type":"WebPage","@id":"https:\/\/timbeco.ee\/no\/produkter\/elementhus\/","url":"https:\/\/timbeco.ee\/no\/produkter\/elementhus\/","name":"Elementhus \u2013 Raskt, fleksibelt og energieffektivt husbygging","isPartOf":{"@id":"https:\/\/timbeco.ee\/no\/#website"},"primaryImageOfPage":{"@id":"https:\/\/timbeco.ee\/no\/produkter\/elementhus\/#primaryimage"},"image":{"@id":"https:\/\/timbeco.ee\/no\/produkter\/elementhus\/#primaryimage"},"thumbnailUrl":"https:\/\/timbeco.ee\/no\/wp-content\/uploads\/sites\/8\/2018\/03\/fassaadielemendid-resized.jpg","datePublished":"2018-01-11T13:53:23+00:00","dateModified":"2025-09-24T09:16:36+00:00","description":"Bygg ditt dr\u00f8mmehjem raskt og effektivt med elementhus. Vi leverer kvalitet, fleksibilitet og energieffektive l\u00f8sninger \u2013 skreddersydd for","breadcrumb":{"@id":"https:\/\/timbeco.ee\/no\/produkter\/elementhus\/#breadcrumb"},"inLanguage":"nb-NO","potentialAction":[{"@type":"ReadAction","target":["https:\/\/timbeco.ee\/no\/produkter\/elementhus\/"]}]},{"@type":"ImageObject","inLanguage":"nb-NO","@id":"https:\/\/timbeco.ee\/no\/produkter\/elementhus\/#primaryimage","url":"https:\/\/timbeco.ee\/no\/wp-content\/uploads\/sites\/8\/2018\/03\/fassaadielemendid-resized.jpg","contentUrl":"https:\/\/timbeco.ee\/no\/wp-content\/uploads\/sites\/8\/2018\/03\/fassaadielemendid-resized.jpg","width":555,"height":270,"caption":"Fasadelementer"},{"@type":"BreadcrumbList","@id":"https:\/\/timbeco.ee\/no\/produkter\/elementhus\/#breadcrumb","itemListElement":[{"@type":"ListItem","position":1,"name":"Avaleht","item":"https:\/\/timbeco.ee\/no\/"},{"@type":"ListItem","position":2,"name":"Produkter","item":"https:\/\/timbeco.ee\/no\/produkter\/"},{"@type":"ListItem","position":3,"name":"Elementhus"}]},{"@type":"WebSite","@id":"https:\/\/timbeco.ee\/no\/#website","url":"https:\/\/timbeco.ee\/no\/","name":"Timbeco Norway","description":"Energieffektive trehus fabrikk","publisher":{"@id":"https:\/\/timbeco.ee\/no\/#organization"},"potentialAction":[{"@type":"SearchAction","target":{"@type":"EntryPoint","urlTemplate":"https:\/\/timbeco.ee\/no\/?s={search_term_string}"},"query-input":{"@type":"PropertyValueSpecification","valueRequired":true,"valueName":"search_term_string"}}],"inLanguage":"nb-NO"},{"@type":"Organization","@id":"https:\/\/timbeco.ee\/no\/#organization","name":"Timbeco Woodhouse O\u00dc","url":"https:\/\/timbeco.ee\/no\/","logo":{"@type":"ImageObject","inLanguage":"nb-NO","@id":"https:\/\/timbeco.ee\/no\/#\/schema\/logo\/image\/","url":"https:\/\/timbeco.ee\/no\/wp-content\/uploads\/sites\/8\/2018\/03\/timbeco-logo.png","contentUrl":"https:\/\/timbeco.ee\/no\/wp-content\/uploads\/sites\/8\/2018\/03\/timbeco-logo.png","width":200,"height":41,"caption":"Timbeco Woodhouse O\u00dc"},"image":{"@id":"https:\/\/timbeco.ee\/no\/#\/schema\/logo\/image\/"}}]}},"_links":{"self":[{"href":"https:\/\/timbeco.ee\/no\/wp-json\/wp\/v2\/pages\/66","targetHints":{"allow":["GET"]}}],"collection":[{"href":"https:\/\/timbeco.ee\/no\/wp-json\/wp\/v2\/pages"}],"about":[{"href":"https:\/\/timbeco.ee\/no\/wp-json\/wp\/v2\/types\/page"}],"author":[{"embeddable":true,"href":"https:\/\/timbeco.ee\/no\/wp-json\/wp\/v2\/users\/1"}],"replies":[{"embeddable":true,"href":"https:\/\/timbeco.ee\/no\/wp-json\/wp\/v2\/comments?post=66"}],"version-history":[{"count":35,"href":"https:\/\/timbeco.ee\/no\/wp-json\/wp\/v2\/pages\/66\/revisions"}],"predecessor-version":[{"id":5336,"href":"https:\/\/timbeco.ee\/no\/wp-json\/wp\/v2\/pages\/66\/revisions\/5336"}],"up":[{"embeddable":true,"href":"https:\/\/timbeco.ee\/no\/wp-json\/wp\/v2\/pages\/29"}],"wp:featuredmedia":[{"embeddable":true,"href":"https:\/\/timbeco.ee\/no\/wp-json\/wp\/v2\/media\/214"}],"wp:attachment":[{"href":"https:\/\/timbeco.ee\/no\/wp-json\/wp\/v2\/media?parent=66"}],"curies":[{"name":"wp","href":"https:\/\/api.w.org\/{rel}","templated":true}]}}