{"id":5362,"date":"2025-09-24T14:26:01","date_gmt":"2025-09-24T11:26:01","guid":{"rendered":"https:\/\/timbeco.ee\/no\/?page_id=5362"},"modified":"2025-09-25T10:13:28","modified_gmt":"2025-09-25T07:13:28","slug":"elementbygg","status":"publish","type":"page","link":"https:\/\/timbeco.ee\/no\/elementbygg\/","title":{"rendered":"Elementbygg teknisk"},"content":{"rendered":"","protected":false},"excerpt":{"rendered":"<p>Oppdag fordelene med modulbygg: raske oppf\u00f8ringer, h\u00f8y kvalitet og fleksible l\u00f8sninger for bolig, kontor og n\u00e6ringsbygg. Skreddersydde prefabrikkerte modulbygg tilpasset dine behov.<\/p>\n","protected":false},"author":2,"featured_media":0,"parent":0,"menu_order":0,"comment_status":"closed","ping_status":"closed","template":"","meta":{"_acf_changed":false,"_monsterinsights_skip_tracking":false,"_monsterinsights_sitenote_active":false,"_monsterinsights_sitenote_note":"","_monsterinsights_sitenote_category":0,"footnotes":""},"class_list":["post-5362","page","type-page","status-publish","hentry"],"acf":[],"yoast_head":"<!-- This site is optimized with the Yoast SEO Premium plugin v27.2 (Yoast SEO v27.2) - https:\/\/yoast.com\/product\/yoast-seo-premium-wordpress\/ -->\n<title>Modulbygg \u2013 Rask, fleksibel og b\u00e6rekraftig byggl\u00f8sning<\/title>\n<meta name=\"description\" content=\"Oppdag fordelene med modulbygg: raske oppf\u00f8ringer, h\u00f8y kvalitet og fleksible l\u00f8sninger for bolig, kontor og n\u00e6ringsbygg.\" \/>\n<meta name=\"robots\" content=\"index, follow, max-snippet:-1, max-image-preview:large, max-video-preview:-1\" \/>\n<link rel=\"canonical\" href=\"https:\/\/timbeco.ee\/no\/elementbygg\/\" \/>\n<meta property=\"og:locale\" content=\"nb_NO\" \/>\n<meta property=\"og:type\" content=\"article\" \/>\n<meta property=\"og:title\" content=\"Elementbygg teknisk\" \/>\n<meta property=\"og:description\" content=\"Oppdag fordelene med modulbygg: raske oppf\u00f8ringer, h\u00f8y kvalitet og fleksible l\u00f8sninger for bolig, kontor og n\u00e6ringsbygg. Skreddersydde prefabrikkerte modulbygg tilpasset dine behov.\" \/>\n<meta property=\"og:url\" content=\"https:\/\/timbeco.ee\/no\/elementbygg\/\" \/>\n<meta property=\"og:site_name\" content=\"Timbeco Norway\" \/>\n<meta property=\"article:modified_time\" content=\"2025-09-25T07:13:28+00:00\" \/>\n<meta property=\"og:image\" content=\"https:\/\/timbeco.ee\/no\/wp-content\/uploads\/sites\/8\/revslider\/link-2-ideas-1\/Modular-construction-1-2048x1000.jpg\" \/>\n\t<meta property=\"og:image:width\" content=\"2048\" \/>\n\t<meta property=\"og:image:height\" content=\"1000\" \/>\n\t<meta property=\"og:image:type\" content=\"image\/jpeg\" \/>\n<meta name=\"twitter:card\" content=\"summary_large_image\" \/>\n<meta name=\"twitter:label1\" content=\"Ansl. lesetid\" \/>\n\t<meta name=\"twitter:data1\" content=\"1 minutt\" \/>\n<script type=\"application\/ld+json\" class=\"yoast-schema-graph\">{\"@context\":\"https:\/\/schema.org\",\"@graph\":[{\"@type\":\"WebPage\",\"@id\":\"https:\/\/timbeco.ee\/no\/elementbygg\/\",\"url\":\"https:\/\/timbeco.ee\/no\/elementbygg\/\",\"name\":\"Modulbygg \u2013 Rask, fleksibel og b\u00e6rekraftig byggl\u00f8sning\",\"isPartOf\":{\"@id\":\"https:\/\/timbeco.ee\/no\/#website\"},\"datePublished\":\"2025-09-24T11:26:01+00:00\",\"dateModified\":\"2025-09-25T07:13:28+00:00\",\"description\":\"Oppdag fordelene med modulbygg: raske oppf\u00f8ringer, h\u00f8y kvalitet og fleksible l\u00f8sninger for bolig, kontor og n\u00e6ringsbygg.\",\"breadcrumb\":{\"@id\":\"https:\/\/timbeco.ee\/no\/elementbygg\/#breadcrumb\"},\"inLanguage\":\"nb-NO\",\"potentialAction\":[{\"@type\":\"ReadAction\",\"target\":[\"https:\/\/timbeco.ee\/no\/elementbygg\/\"]}]},{\"@type\":\"BreadcrumbList\",\"@id\":\"https:\/\/timbeco.ee\/no\/elementbygg\/#breadcrumb\",\"itemListElement\":[{\"@type\":\"ListItem\",\"position\":1,\"name\":\"Avaleht\",\"item\":\"https:\/\/timbeco.ee\/no\/\"},{\"@type\":\"ListItem\",\"position\":2,\"name\":\"Elementbygg teknisk\"}]},{\"@type\":\"WebSite\",\"@id\":\"https:\/\/timbeco.ee\/no\/#website\",\"url\":\"https:\/\/timbeco.ee\/no\/\",\"name\":\"Timbeco Norway\",\"description\":\"Energieffektive trehus fabrikk\",\"publisher\":{\"@id\":\"https:\/\/timbeco.ee\/no\/#organization\"},\"potentialAction\":[{\"@type\":\"SearchAction\",\"target\":{\"@type\":\"EntryPoint\",\"urlTemplate\":\"https:\/\/timbeco.ee\/no\/?s={search_term_string}\"},\"query-input\":{\"@type\":\"PropertyValueSpecification\",\"valueRequired\":true,\"valueName\":\"search_term_string\"}}],\"inLanguage\":\"nb-NO\"},{\"@type\":\"Organization\",\"@id\":\"https:\/\/timbeco.ee\/no\/#organization\",\"name\":\"Timbeco Woodhouse O\u00dc\",\"url\":\"https:\/\/timbeco.ee\/no\/\",\"logo\":{\"@type\":\"ImageObject\",\"inLanguage\":\"nb-NO\",\"@id\":\"https:\/\/timbeco.ee\/no\/#\/schema\/logo\/image\/\",\"url\":\"https:\/\/timbeco.ee\/no\/wp-content\/uploads\/sites\/8\/2018\/03\/timbeco-logo.png\",\"contentUrl\":\"https:\/\/timbeco.ee\/no\/wp-content\/uploads\/sites\/8\/2018\/03\/timbeco-logo.png\",\"width\":200,\"height\":41,\"caption\":\"Timbeco Woodhouse O\u00dc\"},\"image\":{\"@id\":\"https:\/\/timbeco.ee\/no\/#\/schema\/logo\/image\/\"}}]}<\/script>\n<!-- \/ Yoast SEO Premium plugin. -->","yoast_head_json":{"title":"Modulbygg \u2013 Rask, fleksibel og b\u00e6rekraftig byggl\u00f8sning","description":"Oppdag fordelene med modulbygg: raske oppf\u00f8ringer, h\u00f8y kvalitet og fleksible l\u00f8sninger for bolig, kontor og n\u00e6ringsbygg.","robots":{"index":"index","follow":"follow","max-snippet":"max-snippet:-1","max-image-preview":"max-image-preview:large","max-video-preview":"max-video-preview:-1"},"canonical":"https:\/\/timbeco.ee\/no\/elementbygg\/","og_locale":"nb_NO","og_type":"article","og_title":"Elementbygg teknisk","og_description":"Oppdag fordelene med modulbygg: raske oppf\u00f8ringer, h\u00f8y kvalitet og fleksible l\u00f8sninger for bolig, kontor og n\u00e6ringsbygg. Skreddersydde prefabrikkerte modulbygg tilpasset dine behov.","og_url":"https:\/\/timbeco.ee\/no\/elementbygg\/","og_site_name":"Timbeco Norway","article_modified_time":"2025-09-25T07:13:28+00:00","og_image":[{"width":2048,"height":1000,"url":"https:\/\/timbeco.ee\/no\/wp-content\/uploads\/sites\/8\/revslider\/link-2-ideas-1\/Modular-construction-1-2048x1000.jpg","type":"image\/jpeg"}],"twitter_card":"summary_large_image","twitter_misc":{"Ansl. lesetid":"1 minutt"},"schema":{"@context":"https:\/\/schema.org","@graph":[{"@type":"WebPage","@id":"https:\/\/timbeco.ee\/no\/elementbygg\/","url":"https:\/\/timbeco.ee\/no\/elementbygg\/","name":"Modulbygg \u2013 Rask, fleksibel og b\u00e6rekraftig byggl\u00f8sning","isPartOf":{"@id":"https:\/\/timbeco.ee\/no\/#website"},"datePublished":"2025-09-24T11:26:01+00:00","dateModified":"2025-09-25T07:13:28+00:00","description":"Oppdag fordelene med modulbygg: raske oppf\u00f8ringer, h\u00f8y kvalitet og fleksible l\u00f8sninger for bolig, kontor og n\u00e6ringsbygg.","breadcrumb":{"@id":"https:\/\/timbeco.ee\/no\/elementbygg\/#breadcrumb"},"inLanguage":"nb-NO","potentialAction":[{"@type":"ReadAction","target":["https:\/\/timbeco.ee\/no\/elementbygg\/"]}]},{"@type":"BreadcrumbList","@id":"https:\/\/timbeco.ee\/no\/elementbygg\/#breadcrumb","itemListElement":[{"@type":"ListItem","position":1,"name":"Avaleht","item":"https:\/\/timbeco.ee\/no\/"},{"@type":"ListItem","position":2,"name":"Elementbygg teknisk"}]},{"@type":"WebSite","@id":"https:\/\/timbeco.ee\/no\/#website","url":"https:\/\/timbeco.ee\/no\/","name":"Timbeco Norway","description":"Energieffektive trehus fabrikk","publisher":{"@id":"https:\/\/timbeco.ee\/no\/#organization"},"potentialAction":[{"@type":"SearchAction","target":{"@type":"EntryPoint","urlTemplate":"https:\/\/timbeco.ee\/no\/?s={search_term_string}"},"query-input":{"@type":"PropertyValueSpecification","valueRequired":true,"valueName":"search_term_string"}}],"inLanguage":"nb-NO"},{"@type":"Organization","@id":"https:\/\/timbeco.ee\/no\/#organization","name":"Timbeco Woodhouse O\u00dc","url":"https:\/\/timbeco.ee\/no\/","logo":{"@type":"ImageObject","inLanguage":"nb-NO","@id":"https:\/\/timbeco.ee\/no\/#\/schema\/logo\/image\/","url":"https:\/\/timbeco.ee\/no\/wp-content\/uploads\/sites\/8\/2018\/03\/timbeco-logo.png","contentUrl":"https:\/\/timbeco.ee\/no\/wp-content\/uploads\/sites\/8\/2018\/03\/timbeco-logo.png","width":200,"height":41,"caption":"Timbeco Woodhouse O\u00dc"},"image":{"@id":"https:\/\/timbeco.ee\/no\/#\/schema\/logo\/image\/"}}]}},"_links":{"self":[{"href":"https:\/\/timbeco.ee\/no\/wp-json\/wp\/v2\/pages\/5362","targetHints":{"allow":["GET"]}}],"collection":[{"href":"https:\/\/timbeco.ee\/no\/wp-json\/wp\/v2\/pages"}],"about":[{"href":"https:\/\/timbeco.ee\/no\/wp-json\/wp\/v2\/types\/page"}],"author":[{"embeddable":true,"href":"https:\/\/timbeco.ee\/no\/wp-json\/wp\/v2\/users\/2"}],"replies":[{"embeddable":true,"href":"https:\/\/timbeco.ee\/no\/wp-json\/wp\/v2\/comments?post=5362"}],"version-history":[{"count":4,"href":"https:\/\/timbeco.ee\/no\/wp-json\/wp\/v2\/pages\/5362\/revisions"}],"predecessor-version":[{"id":5367,"href":"https:\/\/timbeco.ee\/no\/wp-json\/wp\/v2\/pages\/5362\/revisions\/5367"}],"wp:attachment":[{"href":"https:\/\/timbeco.ee\/no\/wp-json\/wp\/v2\/media?parent=5362"}],"curies":[{"name":"wp","href":"https:\/\/api.w.org\/{rel}","templated":true}]}}