{"id":5009,"date":"2025-02-20T15:26:03","date_gmt":"2025-02-20T13:26:03","guid":{"rendered":"https:\/\/timbeco.ee\/no\/?page_id=5009"},"modified":"2025-06-02T11:04:38","modified_gmt":"2025-06-02T08:04:38","slug":"living","status":"publish","type":"page","link":"https:\/\/timbeco.ee\/no\/living\/","title":{"rendered":"Living"},"content":{"rendered":"","protected":false},"excerpt":{"rendered":"","protected":false},"author":2,"featured_media":5015,"parent":0,"menu_order":0,"comment_status":"closed","ping_status":"closed","template":"","meta":{"_acf_changed":false,"_monsterinsights_skip_tracking":false,"_monsterinsights_sitenote_active":false,"_monsterinsights_sitenote_note":"","_monsterinsights_sitenote_category":0,"footnotes":""},"class_list":["post-5009","page","type-page","status-publish","has-post-thumbnail","hentry"],"acf":[],"yoast_head":"<!-- This site is optimized with the Yoast SEO Premium plugin v27.2 (Yoast SEO v27.2) - https:\/\/yoast.com\/product\/yoast-seo-premium-wordpress\/ -->\n<title>Timbeco Living \u2013 Moderne og b\u00e6rekraftige trehus<\/title>\n<meta name=\"description\" content=\"Oppdag Timbeco Living med fleksible og milj\u00f8vennlige trehus som kombinerer komfort, kvalitet og b\u00e6rekraft. Skreddersydde l\u00f8sninger for ditt dr\u00f8mmehjem.\" \/>\n<meta name=\"robots\" content=\"index, follow, max-snippet:-1, max-image-preview:large, max-video-preview:-1\" \/>\n<link rel=\"canonical\" href=\"https:\/\/timbeco.ee\/no\/living\/\" \/>\n<meta property=\"og:locale\" content=\"nb_NO\" \/>\n<meta property=\"og:type\" content=\"article\" \/>\n<meta property=\"og:title\" content=\"Living\" \/>\n<meta property=\"og:description\" content=\"Oppdag Timbeco Living med fleksible og milj\u00f8vennlige trehus som kombinerer komfort, kvalitet og b\u00e6rekraft. Skreddersydde l\u00f8sninger for ditt dr\u00f8mmehjem.\" \/>\n<meta property=\"og:url\" content=\"https:\/\/timbeco.ee\/no\/living\/\" \/>\n<meta property=\"og:site_name\" content=\"Timbeco Norway\" \/>\n<meta property=\"article:modified_time\" content=\"2025-06-02T08:04:38+00:00\" \/>\n<meta property=\"og:image\" content=\"https:\/\/timbeco.ee\/no\/wp-content\/uploads\/sites\/8\/revslider\/LIVING\/Lyng111.jpg\" \/>\n\t<meta property=\"og:image:width\" content=\"855\" \/>\n\t<meta property=\"og:image:height\" content=\"1000\" \/>\n\t<meta property=\"og:image:type\" content=\"image\/jpeg\" \/>\n<meta name=\"twitter:card\" content=\"summary_large_image\" \/>\n<meta name=\"twitter:label1\" content=\"Ansl. lesetid\" \/>\n\t<meta name=\"twitter:data1\" content=\"10 minutter\" \/>\n<script type=\"application\/ld+json\" class=\"yoast-schema-graph\">{\"@context\":\"https:\/\/schema.org\",\"@graph\":[{\"@type\":\"WebPage\",\"@id\":\"https:\/\/timbeco.ee\/no\/living\/\",\"url\":\"https:\/\/timbeco.ee\/no\/living\/\",\"name\":\"Timbeco Living \u2013 Moderne og b\u00e6rekraftige trehus\",\"isPartOf\":{\"@id\":\"https:\/\/timbeco.ee\/no\/#website\"},\"primaryImageOfPage\":{\"@id\":\"https:\/\/timbeco.ee\/no\/living\/#primaryimage\"},\"image\":{\"@id\":\"https:\/\/timbeco.ee\/no\/living\/#primaryimage\"},\"thumbnailUrl\":\"https:\/\/timbeco.ee\/no\/wp-content\/uploads\/sites\/8\/revslider\/LIVING\/Lyng111.jpg\",\"datePublished\":\"2025-02-20T13:26:03+00:00\",\"dateModified\":\"2025-06-02T08:04:38+00:00\",\"description\":\"Oppdag Timbeco Living med fleksible og milj\u00f8vennlige trehus som kombinerer komfort, kvalitet og b\u00e6rekraft. Skreddersydde l\u00f8sninger for ditt dr\u00f8mmehjem.\",\"breadcrumb\":{\"@id\":\"https:\/\/timbeco.ee\/no\/living\/#breadcrumb\"},\"inLanguage\":\"nb-NO\",\"potentialAction\":[{\"@type\":\"ReadAction\",\"target\":[\"https:\/\/timbeco.ee\/no\/living\/\"]}]},{\"@type\":\"ImageObject\",\"inLanguage\":\"nb-NO\",\"@id\":\"https:\/\/timbeco.ee\/no\/living\/#primaryimage\",\"url\":\"https:\/\/timbeco.ee\/no\/wp-content\/uploads\/sites\/8\/revslider\/LIVING\/Lyng111.jpg\",\"contentUrl\":\"https:\/\/timbeco.ee\/no\/wp-content\/uploads\/sites\/8\/revslider\/LIVING\/Lyng111.jpg\",\"width\":855,\"height\":1000},{\"@type\":\"BreadcrumbList\",\"@id\":\"https:\/\/timbeco.ee\/no\/living\/#breadcrumb\",\"itemListElement\":[{\"@type\":\"ListItem\",\"position\":1,\"name\":\"Avaleht\",\"item\":\"https:\/\/timbeco.ee\/no\/\"},{\"@type\":\"ListItem\",\"position\":2,\"name\":\"Living\"}]},{\"@type\":\"WebSite\",\"@id\":\"https:\/\/timbeco.ee\/no\/#website\",\"url\":\"https:\/\/timbeco.ee\/no\/\",\"name\":\"Timbeco Norway\",\"description\":\"Energieffektive trehus fabrikk\",\"publisher\":{\"@id\":\"https:\/\/timbeco.ee\/no\/#organization\"},\"potentialAction\":[{\"@type\":\"SearchAction\",\"target\":{\"@type\":\"EntryPoint\",\"urlTemplate\":\"https:\/\/timbeco.ee\/no\/?s={search_term_string}\"},\"query-input\":{\"@type\":\"PropertyValueSpecification\",\"valueRequired\":true,\"valueName\":\"search_term_string\"}}],\"inLanguage\":\"nb-NO\"},{\"@type\":\"Organization\",\"@id\":\"https:\/\/timbeco.ee\/no\/#organization\",\"name\":\"Timbeco Woodhouse O\u00dc\",\"url\":\"https:\/\/timbeco.ee\/no\/\",\"logo\":{\"@type\":\"ImageObject\",\"inLanguage\":\"nb-NO\",\"@id\":\"https:\/\/timbeco.ee\/no\/#\/schema\/logo\/image\/\",\"url\":\"https:\/\/timbeco.ee\/no\/wp-content\/uploads\/sites\/8\/2018\/03\/timbeco-logo.png\",\"contentUrl\":\"https:\/\/timbeco.ee\/no\/wp-content\/uploads\/sites\/8\/2018\/03\/timbeco-logo.png\",\"width\":200,\"height\":41,\"caption\":\"Timbeco Woodhouse O\u00dc\"},\"image\":{\"@id\":\"https:\/\/timbeco.ee\/no\/#\/schema\/logo\/image\/\"}}]}<\/script>\n<!-- \/ Yoast SEO Premium plugin. -->","yoast_head_json":{"title":"Timbeco Living \u2013 Moderne og b\u00e6rekraftige trehus","description":"Oppdag Timbeco Living med fleksible og milj\u00f8vennlige trehus som kombinerer komfort, kvalitet og b\u00e6rekraft. Skreddersydde l\u00f8sninger for ditt dr\u00f8mmehjem.","robots":{"index":"index","follow":"follow","max-snippet":"max-snippet:-1","max-image-preview":"max-image-preview:large","max-video-preview":"max-video-preview:-1"},"canonical":"https:\/\/timbeco.ee\/no\/living\/","og_locale":"nb_NO","og_type":"article","og_title":"Living","og_description":"Oppdag Timbeco Living med fleksible og milj\u00f8vennlige trehus som kombinerer komfort, kvalitet og b\u00e6rekraft. Skreddersydde l\u00f8sninger for ditt dr\u00f8mmehjem.","og_url":"https:\/\/timbeco.ee\/no\/living\/","og_site_name":"Timbeco Norway","article_modified_time":"2025-06-02T08:04:38+00:00","og_image":[{"width":855,"height":1000,"url":"https:\/\/timbeco.ee\/no\/wp-content\/uploads\/sites\/8\/revslider\/LIVING\/Lyng111.jpg","type":"image\/jpeg"}],"twitter_card":"summary_large_image","twitter_misc":{"Ansl. lesetid":"10 minutter"},"schema":{"@context":"https:\/\/schema.org","@graph":[{"@type":"WebPage","@id":"https:\/\/timbeco.ee\/no\/living\/","url":"https:\/\/timbeco.ee\/no\/living\/","name":"Timbeco Living \u2013 Moderne og b\u00e6rekraftige trehus","isPartOf":{"@id":"https:\/\/timbeco.ee\/no\/#website"},"primaryImageOfPage":{"@id":"https:\/\/timbeco.ee\/no\/living\/#primaryimage"},"image":{"@id":"https:\/\/timbeco.ee\/no\/living\/#primaryimage"},"thumbnailUrl":"https:\/\/timbeco.ee\/no\/wp-content\/uploads\/sites\/8\/revslider\/LIVING\/Lyng111.jpg","datePublished":"2025-02-20T13:26:03+00:00","dateModified":"2025-06-02T08:04:38+00:00","description":"Oppdag Timbeco Living med fleksible og milj\u00f8vennlige trehus som kombinerer komfort, kvalitet og b\u00e6rekraft. Skreddersydde l\u00f8sninger for ditt dr\u00f8mmehjem.","breadcrumb":{"@id":"https:\/\/timbeco.ee\/no\/living\/#breadcrumb"},"inLanguage":"nb-NO","potentialAction":[{"@type":"ReadAction","target":["https:\/\/timbeco.ee\/no\/living\/"]}]},{"@type":"ImageObject","inLanguage":"nb-NO","@id":"https:\/\/timbeco.ee\/no\/living\/#primaryimage","url":"https:\/\/timbeco.ee\/no\/wp-content\/uploads\/sites\/8\/revslider\/LIVING\/Lyng111.jpg","contentUrl":"https:\/\/timbeco.ee\/no\/wp-content\/uploads\/sites\/8\/revslider\/LIVING\/Lyng111.jpg","width":855,"height":1000},{"@type":"BreadcrumbList","@id":"https:\/\/timbeco.ee\/no\/living\/#breadcrumb","itemListElement":[{"@type":"ListItem","position":1,"name":"Avaleht","item":"https:\/\/timbeco.ee\/no\/"},{"@type":"ListItem","position":2,"name":"Living"}]},{"@type":"WebSite","@id":"https:\/\/timbeco.ee\/no\/#website","url":"https:\/\/timbeco.ee\/no\/","name":"Timbeco Norway","description":"Energieffektive trehus fabrikk","publisher":{"@id":"https:\/\/timbeco.ee\/no\/#organization"},"potentialAction":[{"@type":"SearchAction","target":{"@type":"EntryPoint","urlTemplate":"https:\/\/timbeco.ee\/no\/?s={search_term_string}"},"query-input":{"@type":"PropertyValueSpecification","valueRequired":true,"valueName":"search_term_string"}}],"inLanguage":"nb-NO"},{"@type":"Organization","@id":"https:\/\/timbeco.ee\/no\/#organization","name":"Timbeco Woodhouse O\u00dc","url":"https:\/\/timbeco.ee\/no\/","logo":{"@type":"ImageObject","inLanguage":"nb-NO","@id":"https:\/\/timbeco.ee\/no\/#\/schema\/logo\/image\/","url":"https:\/\/timbeco.ee\/no\/wp-content\/uploads\/sites\/8\/2018\/03\/timbeco-logo.png","contentUrl":"https:\/\/timbeco.ee\/no\/wp-content\/uploads\/sites\/8\/2018\/03\/timbeco-logo.png","width":200,"height":41,"caption":"Timbeco Woodhouse O\u00dc"},"image":{"@id":"https:\/\/timbeco.ee\/no\/#\/schema\/logo\/image\/"}}]}},"_links":{"self":[{"href":"https:\/\/timbeco.ee\/no\/wp-json\/wp\/v2\/pages\/5009","targetHints":{"allow":["GET"]}}],"collection":[{"href":"https:\/\/timbeco.ee\/no\/wp-json\/wp\/v2\/pages"}],"about":[{"href":"https:\/\/timbeco.ee\/no\/wp-json\/wp\/v2\/types\/page"}],"author":[{"embeddable":true,"href":"https:\/\/timbeco.ee\/no\/wp-json\/wp\/v2\/users\/2"}],"replies":[{"embeddable":true,"href":"https:\/\/timbeco.ee\/no\/wp-json\/wp\/v2\/comments?post=5009"}],"version-history":[{"count":15,"href":"https:\/\/timbeco.ee\/no\/wp-json\/wp\/v2\/pages\/5009\/revisions"}],"predecessor-version":[{"id":5164,"href":"https:\/\/timbeco.ee\/no\/wp-json\/wp\/v2\/pages\/5009\/revisions\/5164"}],"wp:featuredmedia":[{"embeddable":true,"href":"https:\/\/timbeco.ee\/no\/wp-json\/wp\/v2\/media\/5015"}],"wp:attachment":[{"href":"https:\/\/timbeco.ee\/no\/wp-json\/wp\/v2\/media?parent=5009"}],"curies":[{"name":"wp","href":"https:\/\/api.w.org\/{rel}","templated":true}]}}