{"id":4478,"date":"2023-06-21T17:01:33","date_gmt":"2023-06-21T14:01:33","guid":{"rendered":"https:\/\/timbeco.ee\/no\/?page_id=4478"},"modified":"2023-09-07T11:26:23","modified_gmt":"2023-09-07T08:26:23","slug":"modular-standard","status":"publish","type":"page","link":"https:\/\/timbeco.ee\/no\/produkter\/modular-standard\/","title":{"rendered":"Modulhus"},"content":{"rendered":"","protected":false},"excerpt":{"rendered":"<p>Alle elementene i elementbygningen er ferdige som store elementer p\u00e5 fabrikken. For eksempel er en yttervegg med d\u00f8rer og vinduer, eller et tak med et dekkmateriale, fabrikkbygd og montert p\u00e5 en mast, noe som reduserer konstruksjonstiden betydelig.<\/p>\n","protected":false},"author":2,"featured_media":4479,"parent":29,"menu_order":0,"comment_status":"closed","ping_status":"closed","template":"","meta":{"_acf_changed":false,"_monsterinsights_skip_tracking":false,"_monsterinsights_sitenote_active":false,"_monsterinsights_sitenote_note":"","_monsterinsights_sitenote_category":0,"footnotes":""},"class_list":["post-4478","page","type-page","status-publish","has-post-thumbnail","hentry"],"acf":[],"yoast_head":"<!-- This site is optimized with the Yoast SEO Premium plugin v27.2 (Yoast SEO v27.2) - https:\/\/yoast.com\/product\/yoast-seo-premium-wordpress\/ -->\n<title>Er du interessert i \u00e5 bygge et elementhus - hus produsent Timbeco<\/title>\n<meta name=\"description\" content=\"Hvis du er interessert i \u00e5 bygge element hus fra estland p\u00e5 boligtomten din, er du hjertelig velkommen til oss i Timbeco. V\u00e5re element\" \/>\n<meta name=\"robots\" content=\"index, follow, max-snippet:-1, max-image-preview:large, max-video-preview:-1\" \/>\n<link rel=\"canonical\" href=\"https:\/\/timbeco.ee\/no\/produkter\/modular-standard\/\" \/>\n<meta property=\"og:locale\" content=\"nb_NO\" \/>\n<meta property=\"og:type\" content=\"article\" \/>\n<meta property=\"og:title\" content=\"Modulhus\" \/>\n<meta property=\"og:description\" content=\"Hvis du er interessert i \u00e5 bygge element hus fra estland p\u00e5 boligtomten din, er du hjertelig velkommen til oss i Timbeco. V\u00e5re element\" \/>\n<meta property=\"og:url\" content=\"https:\/\/timbeco.ee\/no\/produkter\/modular-standard\/\" \/>\n<meta property=\"og:site_name\" content=\"Timbeco Norway\" \/>\n<meta property=\"article:modified_time\" content=\"2023-09-07T08:26:23+00:00\" \/>\n<meta property=\"og:image\" content=\"https:\/\/timbeco.ee\/no\/wp-content\/uploads\/sites\/8\/2023\/06\/TMBC.01_Hiiumaa-arendus_view_1-scaled-1.jpg\" \/>\n\t<meta property=\"og:image:width\" content=\"2560\" \/>\n\t<meta property=\"og:image:height\" content=\"1440\" \/>\n\t<meta property=\"og:image:type\" content=\"image\/jpeg\" \/>\n<meta name=\"twitter:card\" content=\"summary_large_image\" \/>\n<script type=\"application\/ld+json\" class=\"yoast-schema-graph\">{\"@context\":\"https:\/\/schema.org\",\"@graph\":[{\"@type\":\"WebPage\",\"@id\":\"https:\/\/timbeco.ee\/no\/produkter\/modular-standard\/\",\"url\":\"https:\/\/timbeco.ee\/no\/produkter\/modular-standard\/\",\"name\":\"Er du interessert i \u00e5 bygge et elementhus - hus produsent Timbeco\",\"isPartOf\":{\"@id\":\"https:\/\/timbeco.ee\/no\/#website\"},\"primaryImageOfPage\":{\"@id\":\"https:\/\/timbeco.ee\/no\/produkter\/modular-standard\/#primaryimage\"},\"image\":{\"@id\":\"https:\/\/timbeco.ee\/no\/produkter\/modular-standard\/#primaryimage\"},\"thumbnailUrl\":\"https:\/\/timbeco.ee\/no\/wp-content\/uploads\/sites\/8\/2023\/06\/TMBC.01_Hiiumaa-arendus_view_1-scaled-1.jpg\",\"datePublished\":\"2023-06-21T14:01:33+00:00\",\"dateModified\":\"2023-09-07T08:26:23+00:00\",\"description\":\"Hvis du er interessert i \u00e5 bygge element hus fra estland p\u00e5 boligtomten din, er du hjertelig velkommen til oss i Timbeco. V\u00e5re element\",\"breadcrumb\":{\"@id\":\"https:\/\/timbeco.ee\/no\/produkter\/modular-standard\/#breadcrumb\"},\"inLanguage\":\"nb-NO\",\"potentialAction\":[{\"@type\":\"ReadAction\",\"target\":[\"https:\/\/timbeco.ee\/no\/produkter\/modular-standard\/\"]}]},{\"@type\":\"ImageObject\",\"inLanguage\":\"nb-NO\",\"@id\":\"https:\/\/timbeco.ee\/no\/produkter\/modular-standard\/#primaryimage\",\"url\":\"https:\/\/timbeco.ee\/no\/wp-content\/uploads\/sites\/8\/2023\/06\/TMBC.01_Hiiumaa-arendus_view_1-scaled-1.jpg\",\"contentUrl\":\"https:\/\/timbeco.ee\/no\/wp-content\/uploads\/sites\/8\/2023\/06\/TMBC.01_Hiiumaa-arendus_view_1-scaled-1.jpg\",\"width\":2560,\"height\":1440},{\"@type\":\"BreadcrumbList\",\"@id\":\"https:\/\/timbeco.ee\/no\/produkter\/modular-standard\/#breadcrumb\",\"itemListElement\":[{\"@type\":\"ListItem\",\"position\":1,\"name\":\"Avaleht\",\"item\":\"https:\/\/timbeco.ee\/no\/\"},{\"@type\":\"ListItem\",\"position\":2,\"name\":\"Produkter\",\"item\":\"https:\/\/timbeco.ee\/no\/produkter\/\"},{\"@type\":\"ListItem\",\"position\":3,\"name\":\"Modulhus\"}]},{\"@type\":\"WebSite\",\"@id\":\"https:\/\/timbeco.ee\/no\/#website\",\"url\":\"https:\/\/timbeco.ee\/no\/\",\"name\":\"Timbeco Norway\",\"description\":\"Energieffektive trehus fabrikk\",\"publisher\":{\"@id\":\"https:\/\/timbeco.ee\/no\/#organization\"},\"potentialAction\":[{\"@type\":\"SearchAction\",\"target\":{\"@type\":\"EntryPoint\",\"urlTemplate\":\"https:\/\/timbeco.ee\/no\/?s={search_term_string}\"},\"query-input\":{\"@type\":\"PropertyValueSpecification\",\"valueRequired\":true,\"valueName\":\"search_term_string\"}}],\"inLanguage\":\"nb-NO\"},{\"@type\":\"Organization\",\"@id\":\"https:\/\/timbeco.ee\/no\/#organization\",\"name\":\"Timbeco Woodhouse O\u00dc\",\"url\":\"https:\/\/timbeco.ee\/no\/\",\"logo\":{\"@type\":\"ImageObject\",\"inLanguage\":\"nb-NO\",\"@id\":\"https:\/\/timbeco.ee\/no\/#\/schema\/logo\/image\/\",\"url\":\"https:\/\/timbeco.ee\/no\/wp-content\/uploads\/sites\/8\/2018\/03\/timbeco-logo.png\",\"contentUrl\":\"https:\/\/timbeco.ee\/no\/wp-content\/uploads\/sites\/8\/2018\/03\/timbeco-logo.png\",\"width\":200,\"height\":41,\"caption\":\"Timbeco Woodhouse O\u00dc\"},\"image\":{\"@id\":\"https:\/\/timbeco.ee\/no\/#\/schema\/logo\/image\/\"}}]}<\/script>\n<!-- \/ Yoast SEO Premium plugin. -->","yoast_head_json":{"title":"Er du interessert i \u00e5 bygge et elementhus - hus produsent Timbeco","description":"Hvis du er interessert i \u00e5 bygge element hus fra estland p\u00e5 boligtomten din, er du hjertelig velkommen til oss i Timbeco. V\u00e5re element","robots":{"index":"index","follow":"follow","max-snippet":"max-snippet:-1","max-image-preview":"max-image-preview:large","max-video-preview":"max-video-preview:-1"},"canonical":"https:\/\/timbeco.ee\/no\/produkter\/modular-standard\/","og_locale":"nb_NO","og_type":"article","og_title":"Modulhus","og_description":"Hvis du er interessert i \u00e5 bygge element hus fra estland p\u00e5 boligtomten din, er du hjertelig velkommen til oss i Timbeco. V\u00e5re element","og_url":"https:\/\/timbeco.ee\/no\/produkter\/modular-standard\/","og_site_name":"Timbeco Norway","article_modified_time":"2023-09-07T08:26:23+00:00","og_image":[{"width":2560,"height":1440,"url":"https:\/\/timbeco.ee\/no\/wp-content\/uploads\/sites\/8\/2023\/06\/TMBC.01_Hiiumaa-arendus_view_1-scaled-1.jpg","type":"image\/jpeg"}],"twitter_card":"summary_large_image","schema":{"@context":"https:\/\/schema.org","@graph":[{"@type":"WebPage","@id":"https:\/\/timbeco.ee\/no\/produkter\/modular-standard\/","url":"https:\/\/timbeco.ee\/no\/produkter\/modular-standard\/","name":"Er du interessert i \u00e5 bygge et elementhus - hus produsent Timbeco","isPartOf":{"@id":"https:\/\/timbeco.ee\/no\/#website"},"primaryImageOfPage":{"@id":"https:\/\/timbeco.ee\/no\/produkter\/modular-standard\/#primaryimage"},"image":{"@id":"https:\/\/timbeco.ee\/no\/produkter\/modular-standard\/#primaryimage"},"thumbnailUrl":"https:\/\/timbeco.ee\/no\/wp-content\/uploads\/sites\/8\/2023\/06\/TMBC.01_Hiiumaa-arendus_view_1-scaled-1.jpg","datePublished":"2023-06-21T14:01:33+00:00","dateModified":"2023-09-07T08:26:23+00:00","description":"Hvis du er interessert i \u00e5 bygge element hus fra estland p\u00e5 boligtomten din, er du hjertelig velkommen til oss i Timbeco. V\u00e5re element","breadcrumb":{"@id":"https:\/\/timbeco.ee\/no\/produkter\/modular-standard\/#breadcrumb"},"inLanguage":"nb-NO","potentialAction":[{"@type":"ReadAction","target":["https:\/\/timbeco.ee\/no\/produkter\/modular-standard\/"]}]},{"@type":"ImageObject","inLanguage":"nb-NO","@id":"https:\/\/timbeco.ee\/no\/produkter\/modular-standard\/#primaryimage","url":"https:\/\/timbeco.ee\/no\/wp-content\/uploads\/sites\/8\/2023\/06\/TMBC.01_Hiiumaa-arendus_view_1-scaled-1.jpg","contentUrl":"https:\/\/timbeco.ee\/no\/wp-content\/uploads\/sites\/8\/2023\/06\/TMBC.01_Hiiumaa-arendus_view_1-scaled-1.jpg","width":2560,"height":1440},{"@type":"BreadcrumbList","@id":"https:\/\/timbeco.ee\/no\/produkter\/modular-standard\/#breadcrumb","itemListElement":[{"@type":"ListItem","position":1,"name":"Avaleht","item":"https:\/\/timbeco.ee\/no\/"},{"@type":"ListItem","position":2,"name":"Produkter","item":"https:\/\/timbeco.ee\/no\/produkter\/"},{"@type":"ListItem","position":3,"name":"Modulhus"}]},{"@type":"WebSite","@id":"https:\/\/timbeco.ee\/no\/#website","url":"https:\/\/timbeco.ee\/no\/","name":"Timbeco Norway","description":"Energieffektive trehus fabrikk","publisher":{"@id":"https:\/\/timbeco.ee\/no\/#organization"},"potentialAction":[{"@type":"SearchAction","target":{"@type":"EntryPoint","urlTemplate":"https:\/\/timbeco.ee\/no\/?s={search_term_string}"},"query-input":{"@type":"PropertyValueSpecification","valueRequired":true,"valueName":"search_term_string"}}],"inLanguage":"nb-NO"},{"@type":"Organization","@id":"https:\/\/timbeco.ee\/no\/#organization","name":"Timbeco Woodhouse O\u00dc","url":"https:\/\/timbeco.ee\/no\/","logo":{"@type":"ImageObject","inLanguage":"nb-NO","@id":"https:\/\/timbeco.ee\/no\/#\/schema\/logo\/image\/","url":"https:\/\/timbeco.ee\/no\/wp-content\/uploads\/sites\/8\/2018\/03\/timbeco-logo.png","contentUrl":"https:\/\/timbeco.ee\/no\/wp-content\/uploads\/sites\/8\/2018\/03\/timbeco-logo.png","width":200,"height":41,"caption":"Timbeco Woodhouse O\u00dc"},"image":{"@id":"https:\/\/timbeco.ee\/no\/#\/schema\/logo\/image\/"}}]}},"_links":{"self":[{"href":"https:\/\/timbeco.ee\/no\/wp-json\/wp\/v2\/pages\/4478","targetHints":{"allow":["GET"]}}],"collection":[{"href":"https:\/\/timbeco.ee\/no\/wp-json\/wp\/v2\/pages"}],"about":[{"href":"https:\/\/timbeco.ee\/no\/wp-json\/wp\/v2\/types\/page"}],"author":[{"embeddable":true,"href":"https:\/\/timbeco.ee\/no\/wp-json\/wp\/v2\/users\/2"}],"replies":[{"embeddable":true,"href":"https:\/\/timbeco.ee\/no\/wp-json\/wp\/v2\/comments?post=4478"}],"version-history":[{"count":17,"href":"https:\/\/timbeco.ee\/no\/wp-json\/wp\/v2\/pages\/4478\/revisions"}],"predecessor-version":[{"id":4735,"href":"https:\/\/timbeco.ee\/no\/wp-json\/wp\/v2\/pages\/4478\/revisions\/4735"}],"up":[{"embeddable":true,"href":"https:\/\/timbeco.ee\/no\/wp-json\/wp\/v2\/pages\/29"}],"wp:featuredmedia":[{"embeddable":true,"href":"https:\/\/timbeco.ee\/no\/wp-json\/wp\/v2\/media\/4479"}],"wp:attachment":[{"href":"https:\/\/timbeco.ee\/no\/wp-json\/wp\/v2\/media?parent=4478"}],"curies":[{"name":"wp","href":"https:\/\/api.w.org\/{rel}","templated":true}]}}