{"id":4246,"date":"2022-07-27T15:34:49","date_gmt":"2022-07-27T12:34:49","guid":{"rendered":"https:\/\/timbeco.ee\/no\/?page_id=4246"},"modified":"2025-06-02T10:56:45","modified_gmt":"2025-06-02T07:56:45","slug":"miljo-baerekraft","status":"publish","type":"page","link":"https:\/\/timbeco.ee\/no\/miljo-baerekraft\/","title":{"rendered":"Milj\u00f8 b\u00e6rekraft"},"content":{"rendered":"","protected":false},"excerpt":{"rendered":"<p>Milj\u00f8styringssystemet er en del av Timbecos styringssystem, inkludert planlegging og implementering av milj\u00f8politikk og styring av milj\u00f8aspekter.<\/p>\n","protected":false},"author":2,"featured_media":4232,"parent":0,"menu_order":0,"comment_status":"closed","ping_status":"closed","template":"","meta":{"_acf_changed":false,"_monsterinsights_skip_tracking":false,"_monsterinsights_sitenote_active":false,"_monsterinsights_sitenote_note":"","_monsterinsights_sitenote_category":0,"footnotes":""},"class_list":["post-4246","page","type-page","status-publish","has-post-thumbnail","hentry"],"acf":[],"yoast_head":"<!-- This site is optimized with the Yoast SEO Premium plugin v27.2 (Yoast SEO v27.2) - https:\/\/yoast.com\/product\/yoast-seo-premium-wordpress\/ -->\n<title>Timbeco Milj\u00f8 &amp; B\u00e6rekraft \u2013 Ansvarlig trebygging for fremtiden<\/title>\n<meta name=\"description\" content=\"Timbeco jobber aktivt med milj\u00f8vennlige byggel\u00f8sninger, ressurseffektivitet og kontinuerlig forbedring av milj\u00f8styringssystemer for b\u00e6rekraftig utvikling.\" \/>\n<meta name=\"robots\" content=\"index, follow, max-snippet:-1, max-image-preview:large, max-video-preview:-1\" \/>\n<link rel=\"canonical\" href=\"https:\/\/timbeco.ee\/no\/miljo-baerekraft\/\" \/>\n<meta property=\"og:locale\" content=\"nb_NO\" \/>\n<meta property=\"og:type\" content=\"article\" \/>\n<meta property=\"og:title\" content=\"Milj\u00f8 b\u00e6rekraft\" \/>\n<meta property=\"og:description\" content=\"Timbeco jobber aktivt med milj\u00f8vennlige byggel\u00f8sninger, ressurseffektivitet og kontinuerlig forbedring av milj\u00f8styringssystemer for b\u00e6rekraftig utvikling.\" \/>\n<meta property=\"og:url\" content=\"https:\/\/timbeco.ee\/no\/miljo-baerekraft\/\" \/>\n<meta property=\"og:site_name\" content=\"Timbeco Norway\" \/>\n<meta property=\"article:modified_time\" content=\"2025-06-02T07:56:45+00:00\" \/>\n<meta property=\"og:image\" content=\"https:\/\/timbeco.ee\/no\/wp-content\/uploads\/sites\/8\/2022\/07\/Sustainable.jpg\" \/>\n\t<meta property=\"og:image:width\" content=\"1024\" \/>\n\t<meta property=\"og:image:height\" content=\"682\" \/>\n\t<meta property=\"og:image:type\" content=\"image\/jpeg\" \/>\n<meta name=\"twitter:card\" content=\"summary_large_image\" \/>\n<meta name=\"twitter:label1\" content=\"Ansl. lesetid\" \/>\n\t<meta name=\"twitter:data1\" content=\"1 minutt\" \/>\n<script type=\"application\/ld+json\" class=\"yoast-schema-graph\">{\"@context\":\"https:\/\/schema.org\",\"@graph\":[{\"@type\":\"WebPage\",\"@id\":\"https:\/\/timbeco.ee\/no\/miljo-baerekraft\/\",\"url\":\"https:\/\/timbeco.ee\/no\/miljo-baerekraft\/\",\"name\":\"Timbeco Milj\u00f8 & B\u00e6rekraft \u2013 Ansvarlig trebygging for fremtiden\",\"isPartOf\":{\"@id\":\"https:\/\/timbeco.ee\/no\/#website\"},\"primaryImageOfPage\":{\"@id\":\"https:\/\/timbeco.ee\/no\/miljo-baerekraft\/#primaryimage\"},\"image\":{\"@id\":\"https:\/\/timbeco.ee\/no\/miljo-baerekraft\/#primaryimage\"},\"thumbnailUrl\":\"https:\/\/timbeco.ee\/no\/wp-content\/uploads\/sites\/8\/2022\/07\/Sustainable.jpg\",\"datePublished\":\"2022-07-27T12:34:49+00:00\",\"dateModified\":\"2025-06-02T07:56:45+00:00\",\"description\":\"Timbeco jobber aktivt med milj\u00f8vennlige byggel\u00f8sninger, ressurseffektivitet og kontinuerlig forbedring av milj\u00f8styringssystemer for b\u00e6rekraftig utvikling.\",\"breadcrumb\":{\"@id\":\"https:\/\/timbeco.ee\/no\/miljo-baerekraft\/#breadcrumb\"},\"inLanguage\":\"nb-NO\",\"potentialAction\":[{\"@type\":\"ReadAction\",\"target\":[\"https:\/\/timbeco.ee\/no\/miljo-baerekraft\/\"]}]},{\"@type\":\"ImageObject\",\"inLanguage\":\"nb-NO\",\"@id\":\"https:\/\/timbeco.ee\/no\/miljo-baerekraft\/#primaryimage\",\"url\":\"https:\/\/timbeco.ee\/no\/wp-content\/uploads\/sites\/8\/2022\/07\/Sustainable.jpg\",\"contentUrl\":\"https:\/\/timbeco.ee\/no\/wp-content\/uploads\/sites\/8\/2022\/07\/Sustainable.jpg\",\"width\":1024,\"height\":682},{\"@type\":\"BreadcrumbList\",\"@id\":\"https:\/\/timbeco.ee\/no\/miljo-baerekraft\/#breadcrumb\",\"itemListElement\":[{\"@type\":\"ListItem\",\"position\":1,\"name\":\"Avaleht\",\"item\":\"https:\/\/timbeco.ee\/no\/\"},{\"@type\":\"ListItem\",\"position\":2,\"name\":\"Milj\u00f8 b\u00e6rekraft\"}]},{\"@type\":\"WebSite\",\"@id\":\"https:\/\/timbeco.ee\/no\/#website\",\"url\":\"https:\/\/timbeco.ee\/no\/\",\"name\":\"Timbeco Norway\",\"description\":\"Energieffektive trehus fabrikk\",\"publisher\":{\"@id\":\"https:\/\/timbeco.ee\/no\/#organization\"},\"potentialAction\":[{\"@type\":\"SearchAction\",\"target\":{\"@type\":\"EntryPoint\",\"urlTemplate\":\"https:\/\/timbeco.ee\/no\/?s={search_term_string}\"},\"query-input\":{\"@type\":\"PropertyValueSpecification\",\"valueRequired\":true,\"valueName\":\"search_term_string\"}}],\"inLanguage\":\"nb-NO\"},{\"@type\":\"Organization\",\"@id\":\"https:\/\/timbeco.ee\/no\/#organization\",\"name\":\"Timbeco Woodhouse O\u00dc\",\"url\":\"https:\/\/timbeco.ee\/no\/\",\"logo\":{\"@type\":\"ImageObject\",\"inLanguage\":\"nb-NO\",\"@id\":\"https:\/\/timbeco.ee\/no\/#\/schema\/logo\/image\/\",\"url\":\"https:\/\/timbeco.ee\/no\/wp-content\/uploads\/sites\/8\/2018\/03\/timbeco-logo.png\",\"contentUrl\":\"https:\/\/timbeco.ee\/no\/wp-content\/uploads\/sites\/8\/2018\/03\/timbeco-logo.png\",\"width\":200,\"height\":41,\"caption\":\"Timbeco Woodhouse O\u00dc\"},\"image\":{\"@id\":\"https:\/\/timbeco.ee\/no\/#\/schema\/logo\/image\/\"}}]}<\/script>\n<!-- \/ Yoast SEO Premium plugin. -->","yoast_head_json":{"title":"Timbeco Milj\u00f8 & B\u00e6rekraft \u2013 Ansvarlig trebygging for fremtiden","description":"Timbeco jobber aktivt med milj\u00f8vennlige byggel\u00f8sninger, ressurseffektivitet og kontinuerlig forbedring av milj\u00f8styringssystemer for b\u00e6rekraftig utvikling.","robots":{"index":"index","follow":"follow","max-snippet":"max-snippet:-1","max-image-preview":"max-image-preview:large","max-video-preview":"max-video-preview:-1"},"canonical":"https:\/\/timbeco.ee\/no\/miljo-baerekraft\/","og_locale":"nb_NO","og_type":"article","og_title":"Milj\u00f8 b\u00e6rekraft","og_description":"Timbeco jobber aktivt med milj\u00f8vennlige byggel\u00f8sninger, ressurseffektivitet og kontinuerlig forbedring av milj\u00f8styringssystemer for b\u00e6rekraftig utvikling.","og_url":"https:\/\/timbeco.ee\/no\/miljo-baerekraft\/","og_site_name":"Timbeco Norway","article_modified_time":"2025-06-02T07:56:45+00:00","og_image":[{"width":1024,"height":682,"url":"https:\/\/timbeco.ee\/no\/wp-content\/uploads\/sites\/8\/2022\/07\/Sustainable.jpg","type":"image\/jpeg"}],"twitter_card":"summary_large_image","twitter_misc":{"Ansl. lesetid":"1 minutt"},"schema":{"@context":"https:\/\/schema.org","@graph":[{"@type":"WebPage","@id":"https:\/\/timbeco.ee\/no\/miljo-baerekraft\/","url":"https:\/\/timbeco.ee\/no\/miljo-baerekraft\/","name":"Timbeco Milj\u00f8 & B\u00e6rekraft \u2013 Ansvarlig trebygging for fremtiden","isPartOf":{"@id":"https:\/\/timbeco.ee\/no\/#website"},"primaryImageOfPage":{"@id":"https:\/\/timbeco.ee\/no\/miljo-baerekraft\/#primaryimage"},"image":{"@id":"https:\/\/timbeco.ee\/no\/miljo-baerekraft\/#primaryimage"},"thumbnailUrl":"https:\/\/timbeco.ee\/no\/wp-content\/uploads\/sites\/8\/2022\/07\/Sustainable.jpg","datePublished":"2022-07-27T12:34:49+00:00","dateModified":"2025-06-02T07:56:45+00:00","description":"Timbeco jobber aktivt med milj\u00f8vennlige byggel\u00f8sninger, ressurseffektivitet og kontinuerlig forbedring av milj\u00f8styringssystemer for b\u00e6rekraftig utvikling.","breadcrumb":{"@id":"https:\/\/timbeco.ee\/no\/miljo-baerekraft\/#breadcrumb"},"inLanguage":"nb-NO","potentialAction":[{"@type":"ReadAction","target":["https:\/\/timbeco.ee\/no\/miljo-baerekraft\/"]}]},{"@type":"ImageObject","inLanguage":"nb-NO","@id":"https:\/\/timbeco.ee\/no\/miljo-baerekraft\/#primaryimage","url":"https:\/\/timbeco.ee\/no\/wp-content\/uploads\/sites\/8\/2022\/07\/Sustainable.jpg","contentUrl":"https:\/\/timbeco.ee\/no\/wp-content\/uploads\/sites\/8\/2022\/07\/Sustainable.jpg","width":1024,"height":682},{"@type":"BreadcrumbList","@id":"https:\/\/timbeco.ee\/no\/miljo-baerekraft\/#breadcrumb","itemListElement":[{"@type":"ListItem","position":1,"name":"Avaleht","item":"https:\/\/timbeco.ee\/no\/"},{"@type":"ListItem","position":2,"name":"Milj\u00f8 b\u00e6rekraft"}]},{"@type":"WebSite","@id":"https:\/\/timbeco.ee\/no\/#website","url":"https:\/\/timbeco.ee\/no\/","name":"Timbeco Norway","description":"Energieffektive trehus fabrikk","publisher":{"@id":"https:\/\/timbeco.ee\/no\/#organization"},"potentialAction":[{"@type":"SearchAction","target":{"@type":"EntryPoint","urlTemplate":"https:\/\/timbeco.ee\/no\/?s={search_term_string}"},"query-input":{"@type":"PropertyValueSpecification","valueRequired":true,"valueName":"search_term_string"}}],"inLanguage":"nb-NO"},{"@type":"Organization","@id":"https:\/\/timbeco.ee\/no\/#organization","name":"Timbeco Woodhouse O\u00dc","url":"https:\/\/timbeco.ee\/no\/","logo":{"@type":"ImageObject","inLanguage":"nb-NO","@id":"https:\/\/timbeco.ee\/no\/#\/schema\/logo\/image\/","url":"https:\/\/timbeco.ee\/no\/wp-content\/uploads\/sites\/8\/2018\/03\/timbeco-logo.png","contentUrl":"https:\/\/timbeco.ee\/no\/wp-content\/uploads\/sites\/8\/2018\/03\/timbeco-logo.png","width":200,"height":41,"caption":"Timbeco Woodhouse O\u00dc"},"image":{"@id":"https:\/\/timbeco.ee\/no\/#\/schema\/logo\/image\/"}}]}},"_links":{"self":[{"href":"https:\/\/timbeco.ee\/no\/wp-json\/wp\/v2\/pages\/4246","targetHints":{"allow":["GET"]}}],"collection":[{"href":"https:\/\/timbeco.ee\/no\/wp-json\/wp\/v2\/pages"}],"about":[{"href":"https:\/\/timbeco.ee\/no\/wp-json\/wp\/v2\/types\/page"}],"author":[{"embeddable":true,"href":"https:\/\/timbeco.ee\/no\/wp-json\/wp\/v2\/users\/2"}],"replies":[{"embeddable":true,"href":"https:\/\/timbeco.ee\/no\/wp-json\/wp\/v2\/comments?post=4246"}],"version-history":[{"count":3,"href":"https:\/\/timbeco.ee\/no\/wp-json\/wp\/v2\/pages\/4246\/revisions"}],"predecessor-version":[{"id":4253,"href":"https:\/\/timbeco.ee\/no\/wp-json\/wp\/v2\/pages\/4246\/revisions\/4253"}],"wp:featuredmedia":[{"embeddable":true,"href":"https:\/\/timbeco.ee\/no\/wp-json\/wp\/v2\/media\/4232"}],"wp:attachment":[{"href":"https:\/\/timbeco.ee\/no\/wp-json\/wp\/v2\/media?parent=4246"}],"curies":[{"name":"wp","href":"https:\/\/api.w.org\/{rel}","templated":true}]}}