{"id":4244,"date":"2022-07-27T15:04:09","date_gmt":"2022-07-27T12:04:09","guid":{"rendered":"https:\/\/timbeco.ee\/no\/?page_id=4244"},"modified":"2022-07-27T15:04:09","modified_gmt":"2022-07-27T12:04:09","slug":"sosialt-miljo","status":"publish","type":"page","link":"https:\/\/timbeco.ee\/no\/sosialt-miljo\/","title":{"rendered":"Sosialt milj\u00f8"},"content":{"rendered":"","protected":false},"excerpt":{"rendered":"<p>Vi opprettholder og beskytter samfunnet ved \u00e5 st\u00f8tte lokale frivillige redningsaksjoner. Vi bidrar til utdanning av unge gjennom praksis og forelesninger.<\/p>\n","protected":false},"author":2,"featured_media":4235,"parent":0,"menu_order":0,"comment_status":"closed","ping_status":"closed","template":"","meta":{"_acf_changed":false,"_monsterinsights_skip_tracking":false,"_monsterinsights_sitenote_active":false,"_monsterinsights_sitenote_note":"","_monsterinsights_sitenote_category":0,"footnotes":""},"class_list":["post-4244","page","type-page","status-publish","has-post-thumbnail","hentry"],"acf":[],"yoast_head":"<!-- This site is optimized with the Yoast SEO Premium plugin v27.2 (Yoast SEO v27.2) - https:\/\/yoast.com\/product\/yoast-seo-premium-wordpress\/ -->\n<title>Vi bidrar til det sosiale milj\u00f8et<\/title>\n<meta name=\"description\" content=\"Vi opprettholder og beskytter samfunnet ved \u00e5 st\u00f8tte lokale frivillige redningsaksjoner. Vi bidrar til utdanning av unge.\" \/>\n<meta name=\"robots\" content=\"index, follow, max-snippet:-1, max-image-preview:large, max-video-preview:-1\" \/>\n<link rel=\"canonical\" href=\"https:\/\/timbeco.ee\/no\/sosialt-miljo\/\" \/>\n<meta property=\"og:locale\" content=\"nb_NO\" \/>\n<meta property=\"og:type\" content=\"article\" \/>\n<meta property=\"og:title\" content=\"Sosialt milj\u00f8\" \/>\n<meta property=\"og:description\" content=\"Vi opprettholder og beskytter samfunnet ved \u00e5 st\u00f8tte lokale frivillige redningsaksjoner. Vi bidrar til utdanning av unge.\" \/>\n<meta property=\"og:url\" content=\"https:\/\/timbeco.ee\/no\/sosialt-miljo\/\" \/>\n<meta property=\"og:site_name\" content=\"Timbeco Norway\" \/>\n<meta property=\"og:image\" content=\"https:\/\/timbeco.ee\/no\/wp-content\/uploads\/sites\/8\/2022\/07\/Todva1.jpg\" \/>\n\t<meta property=\"og:image:width\" content=\"1140\" \/>\n\t<meta property=\"og:image:height\" content=\"738\" \/>\n\t<meta property=\"og:image:type\" content=\"image\/jpeg\" \/>\n<meta name=\"twitter:card\" content=\"summary_large_image\" \/>\n<script type=\"application\/ld+json\" class=\"yoast-schema-graph\">{\"@context\":\"https:\/\/schema.org\",\"@graph\":[{\"@type\":\"WebPage\",\"@id\":\"https:\/\/timbeco.ee\/no\/sosialt-miljo\/\",\"url\":\"https:\/\/timbeco.ee\/no\/sosialt-miljo\/\",\"name\":\"Vi bidrar til det sosiale milj\u00f8et\",\"isPartOf\":{\"@id\":\"https:\/\/timbeco.ee\/no\/#website\"},\"primaryImageOfPage\":{\"@id\":\"https:\/\/timbeco.ee\/no\/sosialt-miljo\/#primaryimage\"},\"image\":{\"@id\":\"https:\/\/timbeco.ee\/no\/sosialt-miljo\/#primaryimage\"},\"thumbnailUrl\":\"https:\/\/timbeco.ee\/no\/wp-content\/uploads\/sites\/8\/2022\/07\/Todva1.jpg\",\"datePublished\":\"2022-07-27T12:04:09+00:00\",\"description\":\"Vi opprettholder og beskytter samfunnet ved \u00e5 st\u00f8tte lokale frivillige redningsaksjoner. Vi bidrar til utdanning av unge.\",\"breadcrumb\":{\"@id\":\"https:\/\/timbeco.ee\/no\/sosialt-miljo\/#breadcrumb\"},\"inLanguage\":\"nb-NO\",\"potentialAction\":[{\"@type\":\"ReadAction\",\"target\":[\"https:\/\/timbeco.ee\/no\/sosialt-miljo\/\"]}]},{\"@type\":\"ImageObject\",\"inLanguage\":\"nb-NO\",\"@id\":\"https:\/\/timbeco.ee\/no\/sosialt-miljo\/#primaryimage\",\"url\":\"https:\/\/timbeco.ee\/no\/wp-content\/uploads\/sites\/8\/2022\/07\/Todva1.jpg\",\"contentUrl\":\"https:\/\/timbeco.ee\/no\/wp-content\/uploads\/sites\/8\/2022\/07\/Todva1.jpg\",\"width\":1140,\"height\":738},{\"@type\":\"BreadcrumbList\",\"@id\":\"https:\/\/timbeco.ee\/no\/sosialt-miljo\/#breadcrumb\",\"itemListElement\":[{\"@type\":\"ListItem\",\"position\":1,\"name\":\"Avaleht\",\"item\":\"https:\/\/timbeco.ee\/no\/\"},{\"@type\":\"ListItem\",\"position\":2,\"name\":\"Sosialt milj\u00f8\"}]},{\"@type\":\"WebSite\",\"@id\":\"https:\/\/timbeco.ee\/no\/#website\",\"url\":\"https:\/\/timbeco.ee\/no\/\",\"name\":\"Timbeco Norway\",\"description\":\"Energieffektive trehus fabrikk\",\"publisher\":{\"@id\":\"https:\/\/timbeco.ee\/no\/#organization\"},\"potentialAction\":[{\"@type\":\"SearchAction\",\"target\":{\"@type\":\"EntryPoint\",\"urlTemplate\":\"https:\/\/timbeco.ee\/no\/?s={search_term_string}\"},\"query-input\":{\"@type\":\"PropertyValueSpecification\",\"valueRequired\":true,\"valueName\":\"search_term_string\"}}],\"inLanguage\":\"nb-NO\"},{\"@type\":\"Organization\",\"@id\":\"https:\/\/timbeco.ee\/no\/#organization\",\"name\":\"Timbeco Woodhouse O\u00dc\",\"url\":\"https:\/\/timbeco.ee\/no\/\",\"logo\":{\"@type\":\"ImageObject\",\"inLanguage\":\"nb-NO\",\"@id\":\"https:\/\/timbeco.ee\/no\/#\/schema\/logo\/image\/\",\"url\":\"https:\/\/timbeco.ee\/no\/wp-content\/uploads\/sites\/8\/2018\/03\/timbeco-logo.png\",\"contentUrl\":\"https:\/\/timbeco.ee\/no\/wp-content\/uploads\/sites\/8\/2018\/03\/timbeco-logo.png\",\"width\":200,\"height\":41,\"caption\":\"Timbeco Woodhouse O\u00dc\"},\"image\":{\"@id\":\"https:\/\/timbeco.ee\/no\/#\/schema\/logo\/image\/\"}}]}<\/script>\n<!-- \/ Yoast SEO Premium plugin. -->","yoast_head_json":{"title":"Vi bidrar til det sosiale milj\u00f8et","description":"Vi opprettholder og beskytter samfunnet ved \u00e5 st\u00f8tte lokale frivillige redningsaksjoner. Vi bidrar til utdanning av unge.","robots":{"index":"index","follow":"follow","max-snippet":"max-snippet:-1","max-image-preview":"max-image-preview:large","max-video-preview":"max-video-preview:-1"},"canonical":"https:\/\/timbeco.ee\/no\/sosialt-miljo\/","og_locale":"nb_NO","og_type":"article","og_title":"Sosialt milj\u00f8","og_description":"Vi opprettholder og beskytter samfunnet ved \u00e5 st\u00f8tte lokale frivillige redningsaksjoner. Vi bidrar til utdanning av unge.","og_url":"https:\/\/timbeco.ee\/no\/sosialt-miljo\/","og_site_name":"Timbeco Norway","og_image":[{"width":1140,"height":738,"url":"https:\/\/timbeco.ee\/no\/wp-content\/uploads\/sites\/8\/2022\/07\/Todva1.jpg","type":"image\/jpeg"}],"twitter_card":"summary_large_image","schema":{"@context":"https:\/\/schema.org","@graph":[{"@type":"WebPage","@id":"https:\/\/timbeco.ee\/no\/sosialt-miljo\/","url":"https:\/\/timbeco.ee\/no\/sosialt-miljo\/","name":"Vi bidrar til det sosiale milj\u00f8et","isPartOf":{"@id":"https:\/\/timbeco.ee\/no\/#website"},"primaryImageOfPage":{"@id":"https:\/\/timbeco.ee\/no\/sosialt-miljo\/#primaryimage"},"image":{"@id":"https:\/\/timbeco.ee\/no\/sosialt-miljo\/#primaryimage"},"thumbnailUrl":"https:\/\/timbeco.ee\/no\/wp-content\/uploads\/sites\/8\/2022\/07\/Todva1.jpg","datePublished":"2022-07-27T12:04:09+00:00","description":"Vi opprettholder og beskytter samfunnet ved \u00e5 st\u00f8tte lokale frivillige redningsaksjoner. Vi bidrar til utdanning av unge.","breadcrumb":{"@id":"https:\/\/timbeco.ee\/no\/sosialt-miljo\/#breadcrumb"},"inLanguage":"nb-NO","potentialAction":[{"@type":"ReadAction","target":["https:\/\/timbeco.ee\/no\/sosialt-miljo\/"]}]},{"@type":"ImageObject","inLanguage":"nb-NO","@id":"https:\/\/timbeco.ee\/no\/sosialt-miljo\/#primaryimage","url":"https:\/\/timbeco.ee\/no\/wp-content\/uploads\/sites\/8\/2022\/07\/Todva1.jpg","contentUrl":"https:\/\/timbeco.ee\/no\/wp-content\/uploads\/sites\/8\/2022\/07\/Todva1.jpg","width":1140,"height":738},{"@type":"BreadcrumbList","@id":"https:\/\/timbeco.ee\/no\/sosialt-miljo\/#breadcrumb","itemListElement":[{"@type":"ListItem","position":1,"name":"Avaleht","item":"https:\/\/timbeco.ee\/no\/"},{"@type":"ListItem","position":2,"name":"Sosialt milj\u00f8"}]},{"@type":"WebSite","@id":"https:\/\/timbeco.ee\/no\/#website","url":"https:\/\/timbeco.ee\/no\/","name":"Timbeco Norway","description":"Energieffektive trehus fabrikk","publisher":{"@id":"https:\/\/timbeco.ee\/no\/#organization"},"potentialAction":[{"@type":"SearchAction","target":{"@type":"EntryPoint","urlTemplate":"https:\/\/timbeco.ee\/no\/?s={search_term_string}"},"query-input":{"@type":"PropertyValueSpecification","valueRequired":true,"valueName":"search_term_string"}}],"inLanguage":"nb-NO"},{"@type":"Organization","@id":"https:\/\/timbeco.ee\/no\/#organization","name":"Timbeco Woodhouse O\u00dc","url":"https:\/\/timbeco.ee\/no\/","logo":{"@type":"ImageObject","inLanguage":"nb-NO","@id":"https:\/\/timbeco.ee\/no\/#\/schema\/logo\/image\/","url":"https:\/\/timbeco.ee\/no\/wp-content\/uploads\/sites\/8\/2018\/03\/timbeco-logo.png","contentUrl":"https:\/\/timbeco.ee\/no\/wp-content\/uploads\/sites\/8\/2018\/03\/timbeco-logo.png","width":200,"height":41,"caption":"Timbeco Woodhouse O\u00dc"},"image":{"@id":"https:\/\/timbeco.ee\/no\/#\/schema\/logo\/image\/"}}]}},"_links":{"self":[{"href":"https:\/\/timbeco.ee\/no\/wp-json\/wp\/v2\/pages\/4244","targetHints":{"allow":["GET"]}}],"collection":[{"href":"https:\/\/timbeco.ee\/no\/wp-json\/wp\/v2\/pages"}],"about":[{"href":"https:\/\/timbeco.ee\/no\/wp-json\/wp\/v2\/types\/page"}],"author":[{"embeddable":true,"href":"https:\/\/timbeco.ee\/no\/wp-json\/wp\/v2\/users\/2"}],"replies":[{"embeddable":true,"href":"https:\/\/timbeco.ee\/no\/wp-json\/wp\/v2\/comments?post=4244"}],"version-history":[{"count":1,"href":"https:\/\/timbeco.ee\/no\/wp-json\/wp\/v2\/pages\/4244\/revisions"}],"predecessor-version":[{"id":4245,"href":"https:\/\/timbeco.ee\/no\/wp-json\/wp\/v2\/pages\/4244\/revisions\/4245"}],"wp:featuredmedia":[{"embeddable":true,"href":"https:\/\/timbeco.ee\/no\/wp-json\/wp\/v2\/media\/4235"}],"wp:attachment":[{"href":"https:\/\/timbeco.ee\/no\/wp-json\/wp\/v2\/media?parent=4244"}],"curies":[{"name":"wp","href":"https:\/\/api.w.org\/{rel}","templated":true}]}}