{"id":3277,"date":"2018-08-17T09:31:10","date_gmt":"2018-08-17T06:31:10","guid":{"rendered":"https:\/\/timbeco.ee\/no\/?page_id=3277"},"modified":"2023-05-26T09:28:48","modified_gmt":"2023-05-26T06:28:48","slug":"modulbygg-leiligheter","status":"publish","type":"page","link":"https:\/\/timbeco.ee\/no\/produkter\/byggmoduler-modulbygg\/modulbygg-leiligheter\/","title":{"rendered":"Modulbygg leiligheter"},"content":{"rendered":"","protected":false},"excerpt":{"rendered":"","protected":false},"author":2,"featured_media":0,"parent":71,"menu_order":0,"comment_status":"closed","ping_status":"closed","template":"","meta":{"_acf_changed":false,"_monsterinsights_skip_tracking":false,"_monsterinsights_sitenote_active":false,"_monsterinsights_sitenote_note":"","_monsterinsights_sitenote_category":0,"footnotes":""},"class_list":["post-3277","page","type-page","status-publish","hentry"],"acf":[],"yoast_head":"<!-- This site is optimized with the Yoast SEO Premium plugin v27.2 (Yoast SEO v27.2) - https:\/\/yoast.com\/product\/yoast-seo-premium-wordpress\/ -->\n<title>Modulbygg leiligheter, produksjon, transport, oppf\u00f8ring - Timbeco<\/title>\n<meta name=\"description\" content=\"Vi er et firma som tilbyr modulbygg i tre som er beregnet for \u00e5 bygge leiligheter. Disse elementene er produsert i h\u00f8yeste kvalitet\" \/>\n<meta name=\"robots\" content=\"index, follow, max-snippet:-1, max-image-preview:large, max-video-preview:-1\" \/>\n<link rel=\"canonical\" href=\"https:\/\/timbeco.ee\/no\/produkter\/byggmoduler-modulbygg\/modulbygg-leiligheter\/\" \/>\n<meta property=\"og:locale\" content=\"nb_NO\" \/>\n<meta property=\"og:type\" content=\"article\" \/>\n<meta property=\"og:title\" content=\"Modulbygg leiligheter\" \/>\n<meta property=\"og:description\" content=\"Vi er et firma som tilbyr modulbygg i tre som er beregnet for \u00e5 bygge leiligheter. Disse elementene er produsert i h\u00f8yeste kvalitet\" \/>\n<meta property=\"og:url\" content=\"https:\/\/timbeco.ee\/no\/produkter\/byggmoduler-modulbygg\/modulbygg-leiligheter\/\" \/>\n<meta property=\"og:site_name\" content=\"Timbeco Norway\" \/>\n<meta property=\"article:modified_time\" content=\"2023-05-26T06:28:48+00:00\" \/>\n<meta name=\"twitter:card\" content=\"summary_large_image\" \/>\n<script type=\"application\/ld+json\" class=\"yoast-schema-graph\">{\"@context\":\"https:\/\/schema.org\",\"@graph\":[{\"@type\":\"WebPage\",\"@id\":\"https:\/\/timbeco.ee\/no\/produkter\/byggmoduler-modulbygg\/modulbygg-leiligheter\/\",\"url\":\"https:\/\/timbeco.ee\/no\/produkter\/byggmoduler-modulbygg\/modulbygg-leiligheter\/\",\"name\":\"Modulbygg leiligheter, produksjon, transport, oppf\u00f8ring - Timbeco\",\"isPartOf\":{\"@id\":\"https:\/\/timbeco.ee\/no\/#website\"},\"datePublished\":\"2018-08-17T06:31:10+00:00\",\"dateModified\":\"2023-05-26T06:28:48+00:00\",\"description\":\"Vi er et firma som tilbyr modulbygg i tre som er beregnet for \u00e5 bygge leiligheter. Disse elementene er produsert i h\u00f8yeste kvalitet\",\"breadcrumb\":{\"@id\":\"https:\/\/timbeco.ee\/no\/produkter\/byggmoduler-modulbygg\/modulbygg-leiligheter\/#breadcrumb\"},\"inLanguage\":\"nb-NO\",\"potentialAction\":[{\"@type\":\"ReadAction\",\"target\":[\"https:\/\/timbeco.ee\/no\/produkter\/byggmoduler-modulbygg\/modulbygg-leiligheter\/\"]}]},{\"@type\":\"BreadcrumbList\",\"@id\":\"https:\/\/timbeco.ee\/no\/produkter\/byggmoduler-modulbygg\/modulbygg-leiligheter\/#breadcrumb\",\"itemListElement\":[{\"@type\":\"ListItem\",\"position\":1,\"name\":\"Avaleht\",\"item\":\"https:\/\/timbeco.ee\/no\/\"},{\"@type\":\"ListItem\",\"position\":2,\"name\":\"Produkter\",\"item\":\"https:\/\/timbeco.ee\/no\/produkter\/\"},{\"@type\":\"ListItem\",\"position\":3,\"name\":\"Byggmoduler\",\"item\":\"https:\/\/timbeco.ee\/no\/produkter\/byggmoduler-modulbygg\/\"},{\"@type\":\"ListItem\",\"position\":4,\"name\":\"Modulbygg leiligheter\"}]},{\"@type\":\"WebSite\",\"@id\":\"https:\/\/timbeco.ee\/no\/#website\",\"url\":\"https:\/\/timbeco.ee\/no\/\",\"name\":\"Timbeco Norway\",\"description\":\"Energieffektive trehus fabrikk\",\"publisher\":{\"@id\":\"https:\/\/timbeco.ee\/no\/#organization\"},\"potentialAction\":[{\"@type\":\"SearchAction\",\"target\":{\"@type\":\"EntryPoint\",\"urlTemplate\":\"https:\/\/timbeco.ee\/no\/?s={search_term_string}\"},\"query-input\":{\"@type\":\"PropertyValueSpecification\",\"valueRequired\":true,\"valueName\":\"search_term_string\"}}],\"inLanguage\":\"nb-NO\"},{\"@type\":\"Organization\",\"@id\":\"https:\/\/timbeco.ee\/no\/#organization\",\"name\":\"Timbeco Woodhouse O\u00dc\",\"url\":\"https:\/\/timbeco.ee\/no\/\",\"logo\":{\"@type\":\"ImageObject\",\"inLanguage\":\"nb-NO\",\"@id\":\"https:\/\/timbeco.ee\/no\/#\/schema\/logo\/image\/\",\"url\":\"https:\/\/timbeco.ee\/no\/wp-content\/uploads\/sites\/8\/2018\/03\/timbeco-logo.png\",\"contentUrl\":\"https:\/\/timbeco.ee\/no\/wp-content\/uploads\/sites\/8\/2018\/03\/timbeco-logo.png\",\"width\":200,\"height\":41,\"caption\":\"Timbeco Woodhouse O\u00dc\"},\"image\":{\"@id\":\"https:\/\/timbeco.ee\/no\/#\/schema\/logo\/image\/\"}}]}<\/script>\n<!-- \/ Yoast SEO Premium plugin. -->","yoast_head_json":{"title":"Modulbygg leiligheter, produksjon, transport, oppf\u00f8ring - Timbeco","description":"Vi er et firma som tilbyr modulbygg i tre som er beregnet for \u00e5 bygge leiligheter. Disse elementene er produsert i h\u00f8yeste kvalitet","robots":{"index":"index","follow":"follow","max-snippet":"max-snippet:-1","max-image-preview":"max-image-preview:large","max-video-preview":"max-video-preview:-1"},"canonical":"https:\/\/timbeco.ee\/no\/produkter\/byggmoduler-modulbygg\/modulbygg-leiligheter\/","og_locale":"nb_NO","og_type":"article","og_title":"Modulbygg leiligheter","og_description":"Vi er et firma som tilbyr modulbygg i tre som er beregnet for \u00e5 bygge leiligheter. Disse elementene er produsert i h\u00f8yeste kvalitet","og_url":"https:\/\/timbeco.ee\/no\/produkter\/byggmoduler-modulbygg\/modulbygg-leiligheter\/","og_site_name":"Timbeco Norway","article_modified_time":"2023-05-26T06:28:48+00:00","twitter_card":"summary_large_image","schema":{"@context":"https:\/\/schema.org","@graph":[{"@type":"WebPage","@id":"https:\/\/timbeco.ee\/no\/produkter\/byggmoduler-modulbygg\/modulbygg-leiligheter\/","url":"https:\/\/timbeco.ee\/no\/produkter\/byggmoduler-modulbygg\/modulbygg-leiligheter\/","name":"Modulbygg leiligheter, produksjon, transport, oppf\u00f8ring - Timbeco","isPartOf":{"@id":"https:\/\/timbeco.ee\/no\/#website"},"datePublished":"2018-08-17T06:31:10+00:00","dateModified":"2023-05-26T06:28:48+00:00","description":"Vi er et firma som tilbyr modulbygg i tre som er beregnet for \u00e5 bygge leiligheter. Disse elementene er produsert i h\u00f8yeste kvalitet","breadcrumb":{"@id":"https:\/\/timbeco.ee\/no\/produkter\/byggmoduler-modulbygg\/modulbygg-leiligheter\/#breadcrumb"},"inLanguage":"nb-NO","potentialAction":[{"@type":"ReadAction","target":["https:\/\/timbeco.ee\/no\/produkter\/byggmoduler-modulbygg\/modulbygg-leiligheter\/"]}]},{"@type":"BreadcrumbList","@id":"https:\/\/timbeco.ee\/no\/produkter\/byggmoduler-modulbygg\/modulbygg-leiligheter\/#breadcrumb","itemListElement":[{"@type":"ListItem","position":1,"name":"Avaleht","item":"https:\/\/timbeco.ee\/no\/"},{"@type":"ListItem","position":2,"name":"Produkter","item":"https:\/\/timbeco.ee\/no\/produkter\/"},{"@type":"ListItem","position":3,"name":"Byggmoduler","item":"https:\/\/timbeco.ee\/no\/produkter\/byggmoduler-modulbygg\/"},{"@type":"ListItem","position":4,"name":"Modulbygg leiligheter"}]},{"@type":"WebSite","@id":"https:\/\/timbeco.ee\/no\/#website","url":"https:\/\/timbeco.ee\/no\/","name":"Timbeco Norway","description":"Energieffektive trehus fabrikk","publisher":{"@id":"https:\/\/timbeco.ee\/no\/#organization"},"potentialAction":[{"@type":"SearchAction","target":{"@type":"EntryPoint","urlTemplate":"https:\/\/timbeco.ee\/no\/?s={search_term_string}"},"query-input":{"@type":"PropertyValueSpecification","valueRequired":true,"valueName":"search_term_string"}}],"inLanguage":"nb-NO"},{"@type":"Organization","@id":"https:\/\/timbeco.ee\/no\/#organization","name":"Timbeco Woodhouse O\u00dc","url":"https:\/\/timbeco.ee\/no\/","logo":{"@type":"ImageObject","inLanguage":"nb-NO","@id":"https:\/\/timbeco.ee\/no\/#\/schema\/logo\/image\/","url":"https:\/\/timbeco.ee\/no\/wp-content\/uploads\/sites\/8\/2018\/03\/timbeco-logo.png","contentUrl":"https:\/\/timbeco.ee\/no\/wp-content\/uploads\/sites\/8\/2018\/03\/timbeco-logo.png","width":200,"height":41,"caption":"Timbeco Woodhouse O\u00dc"},"image":{"@id":"https:\/\/timbeco.ee\/no\/#\/schema\/logo\/image\/"}}]}},"_links":{"self":[{"href":"https:\/\/timbeco.ee\/no\/wp-json\/wp\/v2\/pages\/3277","targetHints":{"allow":["GET"]}}],"collection":[{"href":"https:\/\/timbeco.ee\/no\/wp-json\/wp\/v2\/pages"}],"about":[{"href":"https:\/\/timbeco.ee\/no\/wp-json\/wp\/v2\/types\/page"}],"author":[{"embeddable":true,"href":"https:\/\/timbeco.ee\/no\/wp-json\/wp\/v2\/users\/2"}],"replies":[{"embeddable":true,"href":"https:\/\/timbeco.ee\/no\/wp-json\/wp\/v2\/comments?post=3277"}],"version-history":[{"count":11,"href":"https:\/\/timbeco.ee\/no\/wp-json\/wp\/v2\/pages\/3277\/revisions"}],"predecessor-version":[{"id":4464,"href":"https:\/\/timbeco.ee\/no\/wp-json\/wp\/v2\/pages\/3277\/revisions\/4464"}],"up":[{"embeddable":true,"href":"https:\/\/timbeco.ee\/no\/wp-json\/wp\/v2\/pages\/71"}],"wp:attachment":[{"href":"https:\/\/timbeco.ee\/no\/wp-json\/wp\/v2\/media?parent=3277"}],"curies":[{"name":"wp","href":"https:\/\/api.w.org\/{rel}","templated":true}]}}