{"id":3066,"date":"2018-08-03T12:30:49","date_gmt":"2018-08-03T09:30:49","guid":{"rendered":"https:\/\/timbeco.ee\/no\/?page_id=3066"},"modified":"2023-08-30T14:19:23","modified_gmt":"2023-08-30T11:19:23","slug":"miljovennlig-produksjon-av-trehus","status":"publish","type":"page","link":"https:\/\/timbeco.ee\/no\/om-oss\/miljovennlig-produksjon-av-trehus\/","title":{"rendered":"Milj\u00f8vennlig produksjon av trehus i Norge"},"content":{"rendered":"","protected":false},"excerpt":{"rendered":"","protected":false},"author":2,"featured_media":0,"parent":39,"menu_order":7,"comment_status":"closed","ping_status":"closed","template":"","meta":{"_acf_changed":false,"_monsterinsights_skip_tracking":false,"_monsterinsights_sitenote_active":false,"_monsterinsights_sitenote_note":"","_monsterinsights_sitenote_category":0,"footnotes":""},"class_list":["post-3066","page","type-page","status-publish","hentry"],"acf":[],"yoast_head":"<!-- This site is optimized with the Yoast SEO Premium plugin v27.2 (Yoast SEO v27.2) - https:\/\/yoast.com\/product\/yoast-seo-premium-wordpress\/ -->\n<title>Milj\u00f8vennlig produksjon av hus - Timbeco Woodhouse - trehus<\/title>\n<meta name=\"description\" content=\"Timbecos produksjonsprosess er milj\u00f8vennlig og b\u00e6rekraftig, vi verdsetter et sunt og \u00f8kologisk bomilj\u00f8. Vi anser det som sentralt \u00e5 s\u00f8rge\" \/>\n<meta name=\"robots\" content=\"index, follow, max-snippet:-1, max-image-preview:large, max-video-preview:-1\" \/>\n<link rel=\"canonical\" href=\"https:\/\/timbeco.ee\/no\/om-oss\/miljovennlig-produksjon-av-trehus\/\" \/>\n<meta property=\"og:locale\" content=\"nb_NO\" \/>\n<meta property=\"og:type\" content=\"article\" \/>\n<meta property=\"og:title\" content=\"Milj\u00f8vennlig produksjon av trehus i Norge\" \/>\n<meta property=\"og:description\" content=\"Timbecos produksjonsprosess er milj\u00f8vennlig og b\u00e6rekraftig, vi verdsetter et sunt og \u00f8kologisk bomilj\u00f8. Vi anser det som sentralt \u00e5 s\u00f8rge\" \/>\n<meta property=\"og:url\" content=\"https:\/\/timbeco.ee\/no\/om-oss\/miljovennlig-produksjon-av-trehus\/\" \/>\n<meta property=\"og:site_name\" content=\"Timbeco Norway\" \/>\n<meta property=\"article:modified_time\" content=\"2023-08-30T11:19:23+00:00\" \/>\n<meta name=\"twitter:card\" content=\"summary_large_image\" \/>\n<script type=\"application\/ld+json\" class=\"yoast-schema-graph\">{\"@context\":\"https:\/\/schema.org\",\"@graph\":[{\"@type\":\"WebPage\",\"@id\":\"https:\/\/timbeco.ee\/no\/om-oss\/miljovennlig-produksjon-av-trehus\/\",\"url\":\"https:\/\/timbeco.ee\/no\/om-oss\/miljovennlig-produksjon-av-trehus\/\",\"name\":\"Milj\u00f8vennlig produksjon av hus - Timbeco Woodhouse - trehus\",\"isPartOf\":{\"@id\":\"https:\/\/timbeco.ee\/no\/#website\"},\"datePublished\":\"2018-08-03T09:30:49+00:00\",\"dateModified\":\"2023-08-30T11:19:23+00:00\",\"description\":\"Timbecos produksjonsprosess er milj\u00f8vennlig og b\u00e6rekraftig, vi verdsetter et sunt og \u00f8kologisk bomilj\u00f8. Vi anser det som sentralt \u00e5 s\u00f8rge\",\"breadcrumb\":{\"@id\":\"https:\/\/timbeco.ee\/no\/om-oss\/miljovennlig-produksjon-av-trehus\/#breadcrumb\"},\"inLanguage\":\"nb-NO\",\"potentialAction\":[{\"@type\":\"ReadAction\",\"target\":[\"https:\/\/timbeco.ee\/no\/om-oss\/miljovennlig-produksjon-av-trehus\/\"]}]},{\"@type\":\"BreadcrumbList\",\"@id\":\"https:\/\/timbeco.ee\/no\/om-oss\/miljovennlig-produksjon-av-trehus\/#breadcrumb\",\"itemListElement\":[{\"@type\":\"ListItem\",\"position\":1,\"name\":\"Avaleht\",\"item\":\"https:\/\/timbeco.ee\/no\/\"},{\"@type\":\"ListItem\",\"position\":2,\"name\":\"Om oss\",\"item\":\"https:\/\/timbeco.ee\/no\/om-oss\/\"},{\"@type\":\"ListItem\",\"position\":3,\"name\":\"Milj\u00f8vennlig produksjon av trehus i Norge\"}]},{\"@type\":\"WebSite\",\"@id\":\"https:\/\/timbeco.ee\/no\/#website\",\"url\":\"https:\/\/timbeco.ee\/no\/\",\"name\":\"Timbeco Norway\",\"description\":\"Energieffektive trehus fabrikk\",\"publisher\":{\"@id\":\"https:\/\/timbeco.ee\/no\/#organization\"},\"potentialAction\":[{\"@type\":\"SearchAction\",\"target\":{\"@type\":\"EntryPoint\",\"urlTemplate\":\"https:\/\/timbeco.ee\/no\/?s={search_term_string}\"},\"query-input\":{\"@type\":\"PropertyValueSpecification\",\"valueRequired\":true,\"valueName\":\"search_term_string\"}}],\"inLanguage\":\"nb-NO\"},{\"@type\":\"Organization\",\"@id\":\"https:\/\/timbeco.ee\/no\/#organization\",\"name\":\"Timbeco Woodhouse O\u00dc\",\"url\":\"https:\/\/timbeco.ee\/no\/\",\"logo\":{\"@type\":\"ImageObject\",\"inLanguage\":\"nb-NO\",\"@id\":\"https:\/\/timbeco.ee\/no\/#\/schema\/logo\/image\/\",\"url\":\"https:\/\/timbeco.ee\/no\/wp-content\/uploads\/sites\/8\/2018\/03\/timbeco-logo.png\",\"contentUrl\":\"https:\/\/timbeco.ee\/no\/wp-content\/uploads\/sites\/8\/2018\/03\/timbeco-logo.png\",\"width\":200,\"height\":41,\"caption\":\"Timbeco Woodhouse O\u00dc\"},\"image\":{\"@id\":\"https:\/\/timbeco.ee\/no\/#\/schema\/logo\/image\/\"}}]}<\/script>\n<!-- \/ Yoast SEO Premium plugin. -->","yoast_head_json":{"title":"Milj\u00f8vennlig produksjon av hus - Timbeco Woodhouse - trehus","description":"Timbecos produksjonsprosess er milj\u00f8vennlig og b\u00e6rekraftig, vi verdsetter et sunt og \u00f8kologisk bomilj\u00f8. Vi anser det som sentralt \u00e5 s\u00f8rge","robots":{"index":"index","follow":"follow","max-snippet":"max-snippet:-1","max-image-preview":"max-image-preview:large","max-video-preview":"max-video-preview:-1"},"canonical":"https:\/\/timbeco.ee\/no\/om-oss\/miljovennlig-produksjon-av-trehus\/","og_locale":"nb_NO","og_type":"article","og_title":"Milj\u00f8vennlig produksjon av trehus i Norge","og_description":"Timbecos produksjonsprosess er milj\u00f8vennlig og b\u00e6rekraftig, vi verdsetter et sunt og \u00f8kologisk bomilj\u00f8. Vi anser det som sentralt \u00e5 s\u00f8rge","og_url":"https:\/\/timbeco.ee\/no\/om-oss\/miljovennlig-produksjon-av-trehus\/","og_site_name":"Timbeco Norway","article_modified_time":"2023-08-30T11:19:23+00:00","twitter_card":"summary_large_image","schema":{"@context":"https:\/\/schema.org","@graph":[{"@type":"WebPage","@id":"https:\/\/timbeco.ee\/no\/om-oss\/miljovennlig-produksjon-av-trehus\/","url":"https:\/\/timbeco.ee\/no\/om-oss\/miljovennlig-produksjon-av-trehus\/","name":"Milj\u00f8vennlig produksjon av hus - Timbeco Woodhouse - trehus","isPartOf":{"@id":"https:\/\/timbeco.ee\/no\/#website"},"datePublished":"2018-08-03T09:30:49+00:00","dateModified":"2023-08-30T11:19:23+00:00","description":"Timbecos produksjonsprosess er milj\u00f8vennlig og b\u00e6rekraftig, vi verdsetter et sunt og \u00f8kologisk bomilj\u00f8. Vi anser det som sentralt \u00e5 s\u00f8rge","breadcrumb":{"@id":"https:\/\/timbeco.ee\/no\/om-oss\/miljovennlig-produksjon-av-trehus\/#breadcrumb"},"inLanguage":"nb-NO","potentialAction":[{"@type":"ReadAction","target":["https:\/\/timbeco.ee\/no\/om-oss\/miljovennlig-produksjon-av-trehus\/"]}]},{"@type":"BreadcrumbList","@id":"https:\/\/timbeco.ee\/no\/om-oss\/miljovennlig-produksjon-av-trehus\/#breadcrumb","itemListElement":[{"@type":"ListItem","position":1,"name":"Avaleht","item":"https:\/\/timbeco.ee\/no\/"},{"@type":"ListItem","position":2,"name":"Om oss","item":"https:\/\/timbeco.ee\/no\/om-oss\/"},{"@type":"ListItem","position":3,"name":"Milj\u00f8vennlig produksjon av trehus i Norge"}]},{"@type":"WebSite","@id":"https:\/\/timbeco.ee\/no\/#website","url":"https:\/\/timbeco.ee\/no\/","name":"Timbeco Norway","description":"Energieffektive trehus fabrikk","publisher":{"@id":"https:\/\/timbeco.ee\/no\/#organization"},"potentialAction":[{"@type":"SearchAction","target":{"@type":"EntryPoint","urlTemplate":"https:\/\/timbeco.ee\/no\/?s={search_term_string}"},"query-input":{"@type":"PropertyValueSpecification","valueRequired":true,"valueName":"search_term_string"}}],"inLanguage":"nb-NO"},{"@type":"Organization","@id":"https:\/\/timbeco.ee\/no\/#organization","name":"Timbeco Woodhouse O\u00dc","url":"https:\/\/timbeco.ee\/no\/","logo":{"@type":"ImageObject","inLanguage":"nb-NO","@id":"https:\/\/timbeco.ee\/no\/#\/schema\/logo\/image\/","url":"https:\/\/timbeco.ee\/no\/wp-content\/uploads\/sites\/8\/2018\/03\/timbeco-logo.png","contentUrl":"https:\/\/timbeco.ee\/no\/wp-content\/uploads\/sites\/8\/2018\/03\/timbeco-logo.png","width":200,"height":41,"caption":"Timbeco Woodhouse O\u00dc"},"image":{"@id":"https:\/\/timbeco.ee\/no\/#\/schema\/logo\/image\/"}}]}},"_links":{"self":[{"href":"https:\/\/timbeco.ee\/no\/wp-json\/wp\/v2\/pages\/3066","targetHints":{"allow":["GET"]}}],"collection":[{"href":"https:\/\/timbeco.ee\/no\/wp-json\/wp\/v2\/pages"}],"about":[{"href":"https:\/\/timbeco.ee\/no\/wp-json\/wp\/v2\/types\/page"}],"author":[{"embeddable":true,"href":"https:\/\/timbeco.ee\/no\/wp-json\/wp\/v2\/users\/2"}],"replies":[{"embeddable":true,"href":"https:\/\/timbeco.ee\/no\/wp-json\/wp\/v2\/comments?post=3066"}],"version-history":[{"count":16,"href":"https:\/\/timbeco.ee\/no\/wp-json\/wp\/v2\/pages\/3066\/revisions"}],"predecessor-version":[{"id":4665,"href":"https:\/\/timbeco.ee\/no\/wp-json\/wp\/v2\/pages\/3066\/revisions\/4665"}],"up":[{"embeddable":true,"href":"https:\/\/timbeco.ee\/no\/wp-json\/wp\/v2\/pages\/39"}],"wp:attachment":[{"href":"https:\/\/timbeco.ee\/no\/wp-json\/wp\/v2\/media?parent=3066"}],"curies":[{"name":"wp","href":"https:\/\/api.w.org\/{rel}","templated":true}]}}