{"id":1886,"date":"2018-05-04T11:42:49","date_gmt":"2018-05-04T08:42:49","guid":{"rendered":"https:\/\/timbeco.ee\/no\/?page_id=1886"},"modified":"2025-08-11T14:49:34","modified_gmt":"2025-08-11T11:49:34","slug":"elementbygging","status":"publish","type":"page","link":"https:\/\/timbeco.ee\/no\/konstruksjon\/elementbygging\/","title":{"rendered":"Elementbygging"},"content":{"rendered":"","protected":false},"excerpt":{"rendered":"<p>Vi har bygget opp 3 etasjes bygninger p\u00e5 en utsk\u00e5ret treramme. Denne typen konstruksjon er ideell for oppbygging av private hus, men vi har bygget b\u00e5de rad- og leilighetskomplekser samt offentlige bygninger (som barnehager, kontorbygg og skoler).<\/p>\n","protected":false},"author":2,"featured_media":1703,"parent":35,"menu_order":0,"comment_status":"closed","ping_status":"closed","template":"","meta":{"_acf_changed":false,"_monsterinsights_skip_tracking":false,"_monsterinsights_sitenote_active":false,"_monsterinsights_sitenote_note":"","_monsterinsights_sitenote_category":0,"footnotes":""},"class_list":["post-1886","page","type-page","status-publish","has-post-thumbnail","hentry"],"acf":[],"yoast_head":"<!-- This site is optimized with the Yoast SEO Premium plugin v27.2 (Yoast SEO v27.2) - https:\/\/yoast.com\/product\/yoast-seo-premium-wordpress\/ -->\n<title>Elementbygging - Timbeco Norway<\/title>\n<meta name=\"description\" content=\"Vi har bygget opp 3 etasjes bygninger p\u00e5 en utsk\u00e5ret treramme. Denne typen konstruksjon er ideell for oppbygging av private hus, men vi har\" \/>\n<meta name=\"robots\" content=\"index, follow, max-snippet:-1, max-image-preview:large, max-video-preview:-1\" \/>\n<link rel=\"canonical\" href=\"https:\/\/timbeco.ee\/no\/konstruksjon\/elementbygging\/\" \/>\n<meta property=\"og:locale\" content=\"nb_NO\" \/>\n<meta property=\"og:type\" content=\"article\" \/>\n<meta property=\"og:title\" content=\"Elementbygging\" \/>\n<meta property=\"og:description\" content=\"Vi har bygget opp 3 etasjes bygninger p\u00e5 en utsk\u00e5ret treramme. Denne typen konstruksjon er ideell for oppbygging av private hus, men vi har\" \/>\n<meta property=\"og:url\" content=\"https:\/\/timbeco.ee\/no\/konstruksjon\/elementbygging\/\" \/>\n<meta property=\"og:site_name\" content=\"Timbeco Norway\" \/>\n<meta property=\"article:modified_time\" content=\"2025-08-11T11:49:34+00:00\" \/>\n<meta property=\"og:image\" content=\"https:\/\/timbeco.ee\/no\/wp-content\/uploads\/sites\/8\/2018\/04\/Timbeco-ehitus.jpg\" \/>\n\t<meta property=\"og:image:width\" content=\"1280\" \/>\n\t<meta property=\"og:image:height\" content=\"692\" \/>\n\t<meta property=\"og:image:type\" content=\"image\/jpeg\" \/>\n<meta name=\"twitter:card\" content=\"summary_large_image\" \/>\n<meta name=\"twitter:label1\" content=\"Ansl. lesetid\" \/>\n\t<meta name=\"twitter:data1\" content=\"6 minutter\" \/>\n<script type=\"application\/ld+json\" class=\"yoast-schema-graph\">{\"@context\":\"https:\/\/schema.org\",\"@graph\":[{\"@type\":\"WebPage\",\"@id\":\"https:\/\/timbeco.ee\/no\/konstruksjon\/elementbygging\/\",\"url\":\"https:\/\/timbeco.ee\/no\/konstruksjon\/elementbygging\/\",\"name\":\"Elementbygging - Timbeco Norway\",\"isPartOf\":{\"@id\":\"https:\/\/timbeco.ee\/no\/#website\"},\"primaryImageOfPage\":{\"@id\":\"https:\/\/timbeco.ee\/no\/konstruksjon\/elementbygging\/#primaryimage\"},\"image\":{\"@id\":\"https:\/\/timbeco.ee\/no\/konstruksjon\/elementbygging\/#primaryimage\"},\"thumbnailUrl\":\"https:\/\/timbeco.ee\/no\/wp-content\/uploads\/sites\/8\/2018\/04\/Timbeco-ehitus.jpg\",\"datePublished\":\"2018-05-04T08:42:49+00:00\",\"dateModified\":\"2025-08-11T11:49:34+00:00\",\"description\":\"Vi har bygget opp 3 etasjes bygninger p\u00e5 en utsk\u00e5ret treramme. Denne typen konstruksjon er ideell for oppbygging av private hus, men vi har\",\"breadcrumb\":{\"@id\":\"https:\/\/timbeco.ee\/no\/konstruksjon\/elementbygging\/#breadcrumb\"},\"inLanguage\":\"nb-NO\",\"potentialAction\":[{\"@type\":\"ReadAction\",\"target\":[\"https:\/\/timbeco.ee\/no\/konstruksjon\/elementbygging\/\"]}]},{\"@type\":\"ImageObject\",\"inLanguage\":\"nb-NO\",\"@id\":\"https:\/\/timbeco.ee\/no\/konstruksjon\/elementbygging\/#primaryimage\",\"url\":\"https:\/\/timbeco.ee\/no\/wp-content\/uploads\/sites\/8\/2018\/04\/Timbeco-ehitus.jpg\",\"contentUrl\":\"https:\/\/timbeco.ee\/no\/wp-content\/uploads\/sites\/8\/2018\/04\/Timbeco-ehitus.jpg\",\"width\":1280,\"height\":692,\"caption\":\"Timbeco Woodhouse\"},{\"@type\":\"BreadcrumbList\",\"@id\":\"https:\/\/timbeco.ee\/no\/konstruksjon\/elementbygging\/#breadcrumb\",\"itemListElement\":[{\"@type\":\"ListItem\",\"position\":1,\"name\":\"Avaleht\",\"item\":\"https:\/\/timbeco.ee\/no\/\"},{\"@type\":\"ListItem\",\"position\":2,\"name\":\"Konstruksjon\",\"item\":\"https:\/\/timbeco.ee\/no\/konstruksjon\/\"},{\"@type\":\"ListItem\",\"position\":3,\"name\":\"Elementbygging\"}]},{\"@type\":\"WebSite\",\"@id\":\"https:\/\/timbeco.ee\/no\/#website\",\"url\":\"https:\/\/timbeco.ee\/no\/\",\"name\":\"Timbeco Norway\",\"description\":\"Energieffektive trehus fabrikk\",\"publisher\":{\"@id\":\"https:\/\/timbeco.ee\/no\/#organization\"},\"potentialAction\":[{\"@type\":\"SearchAction\",\"target\":{\"@type\":\"EntryPoint\",\"urlTemplate\":\"https:\/\/timbeco.ee\/no\/?s={search_term_string}\"},\"query-input\":{\"@type\":\"PropertyValueSpecification\",\"valueRequired\":true,\"valueName\":\"search_term_string\"}}],\"inLanguage\":\"nb-NO\"},{\"@type\":\"Organization\",\"@id\":\"https:\/\/timbeco.ee\/no\/#organization\",\"name\":\"Timbeco Woodhouse O\u00dc\",\"url\":\"https:\/\/timbeco.ee\/no\/\",\"logo\":{\"@type\":\"ImageObject\",\"inLanguage\":\"nb-NO\",\"@id\":\"https:\/\/timbeco.ee\/no\/#\/schema\/logo\/image\/\",\"url\":\"https:\/\/timbeco.ee\/no\/wp-content\/uploads\/sites\/8\/2018\/03\/timbeco-logo.png\",\"contentUrl\":\"https:\/\/timbeco.ee\/no\/wp-content\/uploads\/sites\/8\/2018\/03\/timbeco-logo.png\",\"width\":200,\"height\":41,\"caption\":\"Timbeco Woodhouse O\u00dc\"},\"image\":{\"@id\":\"https:\/\/timbeco.ee\/no\/#\/schema\/logo\/image\/\"}}]}<\/script>\n<!-- \/ Yoast SEO Premium plugin. -->","yoast_head_json":{"title":"Elementbygging - Timbeco Norway","description":"Vi har bygget opp 3 etasjes bygninger p\u00e5 en utsk\u00e5ret treramme. Denne typen konstruksjon er ideell for oppbygging av private hus, men vi har","robots":{"index":"index","follow":"follow","max-snippet":"max-snippet:-1","max-image-preview":"max-image-preview:large","max-video-preview":"max-video-preview:-1"},"canonical":"https:\/\/timbeco.ee\/no\/konstruksjon\/elementbygging\/","og_locale":"nb_NO","og_type":"article","og_title":"Elementbygging","og_description":"Vi har bygget opp 3 etasjes bygninger p\u00e5 en utsk\u00e5ret treramme. Denne typen konstruksjon er ideell for oppbygging av private hus, men vi har","og_url":"https:\/\/timbeco.ee\/no\/konstruksjon\/elementbygging\/","og_site_name":"Timbeco Norway","article_modified_time":"2025-08-11T11:49:34+00:00","og_image":[{"width":1280,"height":692,"url":"https:\/\/timbeco.ee\/no\/wp-content\/uploads\/sites\/8\/2018\/04\/Timbeco-ehitus.jpg","type":"image\/jpeg"}],"twitter_card":"summary_large_image","twitter_misc":{"Ansl. lesetid":"6 minutter"},"schema":{"@context":"https:\/\/schema.org","@graph":[{"@type":"WebPage","@id":"https:\/\/timbeco.ee\/no\/konstruksjon\/elementbygging\/","url":"https:\/\/timbeco.ee\/no\/konstruksjon\/elementbygging\/","name":"Elementbygging - Timbeco Norway","isPartOf":{"@id":"https:\/\/timbeco.ee\/no\/#website"},"primaryImageOfPage":{"@id":"https:\/\/timbeco.ee\/no\/konstruksjon\/elementbygging\/#primaryimage"},"image":{"@id":"https:\/\/timbeco.ee\/no\/konstruksjon\/elementbygging\/#primaryimage"},"thumbnailUrl":"https:\/\/timbeco.ee\/no\/wp-content\/uploads\/sites\/8\/2018\/04\/Timbeco-ehitus.jpg","datePublished":"2018-05-04T08:42:49+00:00","dateModified":"2025-08-11T11:49:34+00:00","description":"Vi har bygget opp 3 etasjes bygninger p\u00e5 en utsk\u00e5ret treramme. Denne typen konstruksjon er ideell for oppbygging av private hus, men vi har","breadcrumb":{"@id":"https:\/\/timbeco.ee\/no\/konstruksjon\/elementbygging\/#breadcrumb"},"inLanguage":"nb-NO","potentialAction":[{"@type":"ReadAction","target":["https:\/\/timbeco.ee\/no\/konstruksjon\/elementbygging\/"]}]},{"@type":"ImageObject","inLanguage":"nb-NO","@id":"https:\/\/timbeco.ee\/no\/konstruksjon\/elementbygging\/#primaryimage","url":"https:\/\/timbeco.ee\/no\/wp-content\/uploads\/sites\/8\/2018\/04\/Timbeco-ehitus.jpg","contentUrl":"https:\/\/timbeco.ee\/no\/wp-content\/uploads\/sites\/8\/2018\/04\/Timbeco-ehitus.jpg","width":1280,"height":692,"caption":"Timbeco Woodhouse"},{"@type":"BreadcrumbList","@id":"https:\/\/timbeco.ee\/no\/konstruksjon\/elementbygging\/#breadcrumb","itemListElement":[{"@type":"ListItem","position":1,"name":"Avaleht","item":"https:\/\/timbeco.ee\/no\/"},{"@type":"ListItem","position":2,"name":"Konstruksjon","item":"https:\/\/timbeco.ee\/no\/konstruksjon\/"},{"@type":"ListItem","position":3,"name":"Elementbygging"}]},{"@type":"WebSite","@id":"https:\/\/timbeco.ee\/no\/#website","url":"https:\/\/timbeco.ee\/no\/","name":"Timbeco Norway","description":"Energieffektive trehus fabrikk","publisher":{"@id":"https:\/\/timbeco.ee\/no\/#organization"},"potentialAction":[{"@type":"SearchAction","target":{"@type":"EntryPoint","urlTemplate":"https:\/\/timbeco.ee\/no\/?s={search_term_string}"},"query-input":{"@type":"PropertyValueSpecification","valueRequired":true,"valueName":"search_term_string"}}],"inLanguage":"nb-NO"},{"@type":"Organization","@id":"https:\/\/timbeco.ee\/no\/#organization","name":"Timbeco Woodhouse O\u00dc","url":"https:\/\/timbeco.ee\/no\/","logo":{"@type":"ImageObject","inLanguage":"nb-NO","@id":"https:\/\/timbeco.ee\/no\/#\/schema\/logo\/image\/","url":"https:\/\/timbeco.ee\/no\/wp-content\/uploads\/sites\/8\/2018\/03\/timbeco-logo.png","contentUrl":"https:\/\/timbeco.ee\/no\/wp-content\/uploads\/sites\/8\/2018\/03\/timbeco-logo.png","width":200,"height":41,"caption":"Timbeco Woodhouse O\u00dc"},"image":{"@id":"https:\/\/timbeco.ee\/no\/#\/schema\/logo\/image\/"}}]}},"_links":{"self":[{"href":"https:\/\/timbeco.ee\/no\/wp-json\/wp\/v2\/pages\/1886","targetHints":{"allow":["GET"]}}],"collection":[{"href":"https:\/\/timbeco.ee\/no\/wp-json\/wp\/v2\/pages"}],"about":[{"href":"https:\/\/timbeco.ee\/no\/wp-json\/wp\/v2\/types\/page"}],"author":[{"embeddable":true,"href":"https:\/\/timbeco.ee\/no\/wp-json\/wp\/v2\/users\/2"}],"replies":[{"embeddable":true,"href":"https:\/\/timbeco.ee\/no\/wp-json\/wp\/v2\/comments?post=1886"}],"version-history":[{"count":9,"href":"https:\/\/timbeco.ee\/no\/wp-json\/wp\/v2\/pages\/1886\/revisions"}],"predecessor-version":[{"id":3665,"href":"https:\/\/timbeco.ee\/no\/wp-json\/wp\/v2\/pages\/1886\/revisions\/3665"}],"up":[{"embeddable":true,"href":"https:\/\/timbeco.ee\/no\/wp-json\/wp\/v2\/pages\/35"}],"wp:featuredmedia":[{"embeddable":true,"href":"https:\/\/timbeco.ee\/no\/wp-json\/wp\/v2\/media\/1703"}],"wp:attachment":[{"href":"https:\/\/timbeco.ee\/no\/wp-json\/wp\/v2\/media?parent=1886"}],"curies":[{"name":"wp","href":"https:\/\/api.w.org\/{rel}","templated":true}]}}