{"id":1594,"date":"2018-04-27T17:38:34","date_gmt":"2018-04-27T14:38:34","guid":{"rendered":"https:\/\/timbeco.ee\/no\/?page_id=1594"},"modified":"2023-08-30T14:18:24","modified_gmt":"2023-08-30T11:18:24","slug":"arbeid-i-timbeco","status":"publish","type":"page","link":"https:\/\/timbeco.ee\/no\/om-oss\/arbeid-i-timbeco\/","title":{"rendered":"Arbeid i Timbeco"},"content":{"rendered":"","protected":false},"excerpt":{"rendered":"","protected":false},"author":2,"featured_media":0,"parent":39,"menu_order":5,"comment_status":"closed","ping_status":"closed","template":"","meta":{"_acf_changed":false,"_monsterinsights_skip_tracking":false,"_monsterinsights_sitenote_active":false,"_monsterinsights_sitenote_note":"","_monsterinsights_sitenote_category":0,"footnotes":""},"class_list":["post-1594","page","type-page","status-publish","hentry"],"acf":[],"yoast_head":"<!-- This site is optimized with the Yoast SEO Premium plugin v27.2 (Yoast SEO v27.2) - https:\/\/yoast.com\/product\/yoast-seo-premium-wordpress\/ -->\n<title>Arbeid i Timbeco - Timbeco Norway<\/title>\n<meta name=\"description\" content=\"Timbeco Woodhouse O\u00dc er en\u00a0attraktiv arbeidsgiver, vi er \u00e5pne til nye ideer, mennesker og utfordringer. V\u00e5r lange levetid og store\" \/>\n<meta name=\"robots\" content=\"index, follow, max-snippet:-1, max-image-preview:large, max-video-preview:-1\" \/>\n<link rel=\"canonical\" href=\"https:\/\/timbeco.ee\/no\/om-oss\/arbeid-i-timbeco\/\" \/>\n<meta property=\"og:locale\" content=\"nb_NO\" \/>\n<meta property=\"og:type\" content=\"article\" \/>\n<meta property=\"og:title\" content=\"Arbeid i Timbeco\" \/>\n<meta property=\"og:description\" content=\"Timbeco Woodhouse O\u00dc er en\u00a0attraktiv arbeidsgiver, vi er \u00e5pne til nye ideer, mennesker og utfordringer. V\u00e5r lange levetid og store erfaringer p\u00e5 internasjonale\" \/>\n<meta property=\"og:url\" content=\"https:\/\/timbeco.ee\/no\/om-oss\/arbeid-i-timbeco\/\" \/>\n<meta property=\"og:site_name\" content=\"Timbeco Norway\" \/>\n<meta property=\"article:modified_time\" content=\"2023-08-30T11:18:24+00:00\" \/>\n<meta property=\"og:image\" content=\"https:\/\/timbeco.ee\/no\/wp-content\/uploads\/sites\/8\/2023\/06\/TMS-modulhus-3.jpg\" \/>\n\t<meta property=\"og:image:width\" content=\"705\" \/>\n\t<meta property=\"og:image:height\" content=\"573\" \/>\n\t<meta property=\"og:image:type\" content=\"image\/jpeg\" \/>\n<meta name=\"twitter:card\" content=\"summary_large_image\" \/>\n<meta name=\"twitter:title\" content=\"Arbeid i Timbeco\" \/>\n<meta name=\"twitter:description\" content=\"Timbeco Woodhouse O\u00dc er en\u00a0attraktiv arbeidsgiver, vi er \u00e5pne til nye ideer, mennesker og utfordringer. V\u00e5r lange levetid og store erfaringer p\u00e5 internasjonale\" \/>\n<script type=\"application\/ld+json\" class=\"yoast-schema-graph\">{\"@context\":\"https:\/\/schema.org\",\"@graph\":[{\"@type\":\"WebPage\",\"@id\":\"https:\/\/timbeco.ee\/no\/om-oss\/arbeid-i-timbeco\/\",\"url\":\"https:\/\/timbeco.ee\/no\/om-oss\/arbeid-i-timbeco\/\",\"name\":\"Arbeid i Timbeco - Timbeco Norway\",\"isPartOf\":{\"@id\":\"https:\/\/timbeco.ee\/no\/#website\"},\"datePublished\":\"2018-04-27T14:38:34+00:00\",\"dateModified\":\"2023-08-30T11:18:24+00:00\",\"description\":\"Timbeco Woodhouse O\u00dc er en\u00a0attraktiv arbeidsgiver, vi er \u00e5pne til nye ideer, mennesker og utfordringer. V\u00e5r lange levetid og store\",\"breadcrumb\":{\"@id\":\"https:\/\/timbeco.ee\/no\/om-oss\/arbeid-i-timbeco\/#breadcrumb\"},\"inLanguage\":\"nb-NO\",\"potentialAction\":[{\"@type\":\"ReadAction\",\"target\":[\"https:\/\/timbeco.ee\/no\/om-oss\/arbeid-i-timbeco\/\"]}]},{\"@type\":\"BreadcrumbList\",\"@id\":\"https:\/\/timbeco.ee\/no\/om-oss\/arbeid-i-timbeco\/#breadcrumb\",\"itemListElement\":[{\"@type\":\"ListItem\",\"position\":1,\"name\":\"Avaleht\",\"item\":\"https:\/\/timbeco.ee\/no\/\"},{\"@type\":\"ListItem\",\"position\":2,\"name\":\"Om oss\",\"item\":\"https:\/\/timbeco.ee\/no\/om-oss\/\"},{\"@type\":\"ListItem\",\"position\":3,\"name\":\"Arbeid i Timbeco\"}]},{\"@type\":\"WebSite\",\"@id\":\"https:\/\/timbeco.ee\/no\/#website\",\"url\":\"https:\/\/timbeco.ee\/no\/\",\"name\":\"Timbeco Norway\",\"description\":\"Energieffektive trehus fabrikk\",\"publisher\":{\"@id\":\"https:\/\/timbeco.ee\/no\/#organization\"},\"potentialAction\":[{\"@type\":\"SearchAction\",\"target\":{\"@type\":\"EntryPoint\",\"urlTemplate\":\"https:\/\/timbeco.ee\/no\/?s={search_term_string}\"},\"query-input\":{\"@type\":\"PropertyValueSpecification\",\"valueRequired\":true,\"valueName\":\"search_term_string\"}}],\"inLanguage\":\"nb-NO\"},{\"@type\":\"Organization\",\"@id\":\"https:\/\/timbeco.ee\/no\/#organization\",\"name\":\"Timbeco Woodhouse O\u00dc\",\"url\":\"https:\/\/timbeco.ee\/no\/\",\"logo\":{\"@type\":\"ImageObject\",\"inLanguage\":\"nb-NO\",\"@id\":\"https:\/\/timbeco.ee\/no\/#\/schema\/logo\/image\/\",\"url\":\"https:\/\/timbeco.ee\/no\/wp-content\/uploads\/sites\/8\/2018\/03\/timbeco-logo.png\",\"contentUrl\":\"https:\/\/timbeco.ee\/no\/wp-content\/uploads\/sites\/8\/2018\/03\/timbeco-logo.png\",\"width\":200,\"height\":41,\"caption\":\"Timbeco Woodhouse O\u00dc\"},\"image\":{\"@id\":\"https:\/\/timbeco.ee\/no\/#\/schema\/logo\/image\/\"}}]}<\/script>\n<!-- \/ Yoast SEO Premium plugin. -->","yoast_head_json":{"title":"Arbeid i Timbeco - Timbeco Norway","description":"Timbeco Woodhouse O\u00dc er en\u00a0attraktiv arbeidsgiver, vi er \u00e5pne til nye ideer, mennesker og utfordringer. V\u00e5r lange levetid og store","robots":{"index":"index","follow":"follow","max-snippet":"max-snippet:-1","max-image-preview":"max-image-preview:large","max-video-preview":"max-video-preview:-1"},"canonical":"https:\/\/timbeco.ee\/no\/om-oss\/arbeid-i-timbeco\/","og_locale":"nb_NO","og_type":"article","og_title":"Arbeid i Timbeco","og_description":"Timbeco Woodhouse O\u00dc er en\u00a0attraktiv arbeidsgiver, vi er \u00e5pne til nye ideer, mennesker og utfordringer. V\u00e5r lange levetid og store erfaringer p\u00e5 internasjonale","og_url":"https:\/\/timbeco.ee\/no\/om-oss\/arbeid-i-timbeco\/","og_site_name":"Timbeco Norway","article_modified_time":"2023-08-30T11:18:24+00:00","og_image":[{"width":705,"height":573,"url":"https:\/\/timbeco.ee\/no\/wp-content\/uploads\/sites\/8\/2023\/06\/TMS-modulhus-3.jpg","type":"image\/jpeg"}],"twitter_card":"summary_large_image","twitter_title":"Arbeid i Timbeco","twitter_description":"Timbeco Woodhouse O\u00dc er en\u00a0attraktiv arbeidsgiver, vi er \u00e5pne til nye ideer, mennesker og utfordringer. V\u00e5r lange levetid og store erfaringer p\u00e5 internasjonale","schema":{"@context":"https:\/\/schema.org","@graph":[{"@type":"WebPage","@id":"https:\/\/timbeco.ee\/no\/om-oss\/arbeid-i-timbeco\/","url":"https:\/\/timbeco.ee\/no\/om-oss\/arbeid-i-timbeco\/","name":"Arbeid i Timbeco - Timbeco Norway","isPartOf":{"@id":"https:\/\/timbeco.ee\/no\/#website"},"datePublished":"2018-04-27T14:38:34+00:00","dateModified":"2023-08-30T11:18:24+00:00","description":"Timbeco Woodhouse O\u00dc er en\u00a0attraktiv arbeidsgiver, vi er \u00e5pne til nye ideer, mennesker og utfordringer. V\u00e5r lange levetid og store","breadcrumb":{"@id":"https:\/\/timbeco.ee\/no\/om-oss\/arbeid-i-timbeco\/#breadcrumb"},"inLanguage":"nb-NO","potentialAction":[{"@type":"ReadAction","target":["https:\/\/timbeco.ee\/no\/om-oss\/arbeid-i-timbeco\/"]}]},{"@type":"BreadcrumbList","@id":"https:\/\/timbeco.ee\/no\/om-oss\/arbeid-i-timbeco\/#breadcrumb","itemListElement":[{"@type":"ListItem","position":1,"name":"Avaleht","item":"https:\/\/timbeco.ee\/no\/"},{"@type":"ListItem","position":2,"name":"Om oss","item":"https:\/\/timbeco.ee\/no\/om-oss\/"},{"@type":"ListItem","position":3,"name":"Arbeid i Timbeco"}]},{"@type":"WebSite","@id":"https:\/\/timbeco.ee\/no\/#website","url":"https:\/\/timbeco.ee\/no\/","name":"Timbeco Norway","description":"Energieffektive trehus fabrikk","publisher":{"@id":"https:\/\/timbeco.ee\/no\/#organization"},"potentialAction":[{"@type":"SearchAction","target":{"@type":"EntryPoint","urlTemplate":"https:\/\/timbeco.ee\/no\/?s={search_term_string}"},"query-input":{"@type":"PropertyValueSpecification","valueRequired":true,"valueName":"search_term_string"}}],"inLanguage":"nb-NO"},{"@type":"Organization","@id":"https:\/\/timbeco.ee\/no\/#organization","name":"Timbeco Woodhouse O\u00dc","url":"https:\/\/timbeco.ee\/no\/","logo":{"@type":"ImageObject","inLanguage":"nb-NO","@id":"https:\/\/timbeco.ee\/no\/#\/schema\/logo\/image\/","url":"https:\/\/timbeco.ee\/no\/wp-content\/uploads\/sites\/8\/2018\/03\/timbeco-logo.png","contentUrl":"https:\/\/timbeco.ee\/no\/wp-content\/uploads\/sites\/8\/2018\/03\/timbeco-logo.png","width":200,"height":41,"caption":"Timbeco Woodhouse O\u00dc"},"image":{"@id":"https:\/\/timbeco.ee\/no\/#\/schema\/logo\/image\/"}}]}},"_links":{"self":[{"href":"https:\/\/timbeco.ee\/no\/wp-json\/wp\/v2\/pages\/1594","targetHints":{"allow":["GET"]}}],"collection":[{"href":"https:\/\/timbeco.ee\/no\/wp-json\/wp\/v2\/pages"}],"about":[{"href":"https:\/\/timbeco.ee\/no\/wp-json\/wp\/v2\/types\/page"}],"author":[{"embeddable":true,"href":"https:\/\/timbeco.ee\/no\/wp-json\/wp\/v2\/users\/2"}],"replies":[{"embeddable":true,"href":"https:\/\/timbeco.ee\/no\/wp-json\/wp\/v2\/comments?post=1594"}],"version-history":[{"count":16,"href":"https:\/\/timbeco.ee\/no\/wp-json\/wp\/v2\/pages\/1594\/revisions"}],"predecessor-version":[{"id":4664,"href":"https:\/\/timbeco.ee\/no\/wp-json\/wp\/v2\/pages\/1594\/revisions\/4664"}],"up":[{"embeddable":true,"href":"https:\/\/timbeco.ee\/no\/wp-json\/wp\/v2\/pages\/39"}],"wp:attachment":[{"href":"https:\/\/timbeco.ee\/no\/wp-json\/wp\/v2\/media?parent=1594"}],"curies":[{"name":"wp","href":"https:\/\/api.w.org\/{rel}","templated":true}]}}