{"id":71,"date":"2018-01-23T13:07:46","date_gmt":"2018-01-23T11:07:46","guid":{"rendered":"https:\/\/timbeco.ee\/uk\/?page_id=71"},"modified":"2026-03-24T10:14:01","modified_gmt":"2026-03-24T08:14:01","slug":"modular-building","status":"publish","type":"page","link":"https:\/\/timbeco.ee\/is\/products\/modular-building\/","title":{"rendered":"Einingabyggingar"},"content":{"rendered":"","protected":false},"excerpt":{"rendered":"<p>Forsm\u00ed\u00f0a\u00f0ar einingar eru framleiddar me\u00f0 mj\u00f6g h\u00e1u fullna\u00f0arstigi. A\u00f0 jafna\u00f0i eru einingar fullunnar a\u00f0 innan og utan a\u00f0 80\u201390% og h\u00fasg\u00f6gn sett upp.<br \/>\nEfnahagslega s\u00e9\u00f0 er hagkv\u00e6mast a\u00f0 byggja einingabyggingar \u00fear sem h\u00e6gt er a\u00f0 nota samb\u00e6rilegar einingar.<\/p>\n","protected":false},"author":1,"featured_media":4462,"parent":29,"menu_order":5,"comment_status":"closed","ping_status":"closed","template":"","meta":{"_acf_changed":false,"_monsterinsights_skip_tracking":false,"_monsterinsights_sitenote_active":false,"_monsterinsights_sitenote_note":"","_monsterinsights_sitenote_category":0,"footnotes":""},"class_list":["post-71","page","type-page","status-publish","has-post-thumbnail","hentry"],"acf":[],"yoast_head":"<!-- This site is optimized with the Yoast SEO Premium plugin v27.2 (Yoast SEO v27.2) - https:\/\/yoast.com\/product\/yoast-seo-premium-wordpress\/ -->\n<title>Einingah\u00fas og byggingar \u00far einingum \u2013 Timbeco<\/title>\n<meta name=\"description\" content=\"Einingabyggingar eru framleiddar me\u00f0 mj\u00f6g h\u00e1u fullna\u00f0arstigi. A\u00f0 jafna\u00f0i eru einingar unnar a\u00f0 innan og utan a\u00f0 80\u201390%.\" \/>\n<meta name=\"robots\" content=\"index, follow, max-snippet:-1, max-image-preview:large, max-video-preview:-1\" \/>\n<link rel=\"canonical\" href=\"https:\/\/timbeco.ee\/is\/products\/modular-building\/\" \/>\n<meta property=\"og:locale\" content=\"is_IS\" \/>\n<meta property=\"og:type\" content=\"article\" \/>\n<meta property=\"og:title\" content=\"Einingabyggingar\" \/>\n<meta property=\"og:description\" content=\"Forsm\u00ed\u00f0a\u00f0ar einingar eru framleiddar me\u00f0 mj\u00f6g h\u00e1u fullna\u00f0arstigi. A\u00f0 jafna\u00f0i eru einingar fullunnar a\u00f0 innan og utan a\u00f0 80\u201390% og h\u00fasg\u00f6gn sett upp. Efnahagslega s\u00e9\u00f0 er hagkv\u00e6mast a\u00f0 byggja einingabyggingar \u00fear sem h\u00e6gt er a\u00f0 nota samb\u00e6rilegar einingar.\" \/>\n<meta property=\"og:url\" content=\"https:\/\/timbeco.ee\/is\/products\/modular-building\/\" \/>\n<meta property=\"og:site_name\" content=\"Timbeco Iceland\" \/>\n<meta property=\"article:modified_time\" content=\"2026-03-24T08:14:01+00:00\" \/>\n<meta property=\"og:image\" content=\"https:\/\/timbeco.ee\/is\/wp-content\/uploads\/sites\/12\/2020\/07\/Boliger-ridamaja-kontseptsioon.jpg\" \/>\n\t<meta property=\"og:image:width\" content=\"1200\" \/>\n\t<meta property=\"og:image:height\" content=\"675\" \/>\n\t<meta property=\"og:image:type\" content=\"image\/jpeg\" \/>\n<meta name=\"twitter:card\" content=\"summary_large_image\" \/>\n<meta name=\"twitter:label1\" content=\"Est. reading time\" \/>\n\t<meta name=\"twitter:data1\" content=\"1 minute\" \/>\n<script type=\"application\/ld+json\" class=\"yoast-schema-graph\">{\"@context\":\"https:\/\/schema.org\",\"@graph\":[{\"@type\":\"WebPage\",\"@id\":\"https:\/\/timbeco.ee\/is\/products\/modular-building\/\",\"url\":\"https:\/\/timbeco.ee\/is\/products\/modular-building\/\",\"name\":\"Einingah\u00fas og byggingar \u00far einingum \u2013 Timbeco\",\"isPartOf\":{\"@id\":\"https:\/\/timbeco.ee\/is\/#website\"},\"primaryImageOfPage\":{\"@id\":\"https:\/\/timbeco.ee\/is\/products\/modular-building\/#primaryimage\"},\"image\":{\"@id\":\"https:\/\/timbeco.ee\/is\/products\/modular-building\/#primaryimage\"},\"thumbnailUrl\":\"https:\/\/timbeco.ee\/is\/wp-content\/uploads\/sites\/12\/2020\/07\/Boliger-ridamaja-kontseptsioon.jpg\",\"datePublished\":\"2018-01-23T11:07:46+00:00\",\"dateModified\":\"2026-03-24T08:14:01+00:00\",\"description\":\"Einingabyggingar eru framleiddar me\u00f0 mj\u00f6g h\u00e1u fullna\u00f0arstigi. A\u00f0 jafna\u00f0i eru einingar unnar a\u00f0 innan og utan a\u00f0 80\u201390%.\",\"breadcrumb\":{\"@id\":\"https:\/\/timbeco.ee\/is\/products\/modular-building\/#breadcrumb\"},\"inLanguage\":\"is\",\"potentialAction\":[{\"@type\":\"ReadAction\",\"target\":[\"https:\/\/timbeco.ee\/is\/products\/modular-building\/\"]}]},{\"@type\":\"ImageObject\",\"inLanguage\":\"is\",\"@id\":\"https:\/\/timbeco.ee\/is\/products\/modular-building\/#primaryimage\",\"url\":\"https:\/\/timbeco.ee\/is\/wp-content\/uploads\/sites\/12\/2020\/07\/Boliger-ridamaja-kontseptsioon.jpg\",\"contentUrl\":\"https:\/\/timbeco.ee\/is\/wp-content\/uploads\/sites\/12\/2020\/07\/Boliger-ridamaja-kontseptsioon.jpg\",\"width\":1200,\"height\":675,\"caption\":\"Boliger\"},{\"@type\":\"BreadcrumbList\",\"@id\":\"https:\/\/timbeco.ee\/is\/products\/modular-building\/#breadcrumb\",\"itemListElement\":[{\"@type\":\"ListItem\",\"position\":1,\"name\":\"Avaleht\",\"item\":\"https:\/\/timbeco.ee\/is\/\"},{\"@type\":\"ListItem\",\"position\":2,\"name\":\"Products\",\"item\":\"https:\/\/timbeco.ee\/is\/products\/\"},{\"@type\":\"ListItem\",\"position\":3,\"name\":\"Einingabyggingar\"}]},{\"@type\":\"WebSite\",\"@id\":\"https:\/\/timbeco.ee\/is\/#website\",\"url\":\"https:\/\/timbeco.ee\/is\/\",\"name\":\"Timbeco Iceland\",\"description\":\"Prefab wooden elements and modular building\",\"publisher\":{\"@id\":\"https:\/\/timbeco.ee\/is\/#organization\"},\"potentialAction\":[{\"@type\":\"SearchAction\",\"target\":{\"@type\":\"EntryPoint\",\"urlTemplate\":\"https:\/\/timbeco.ee\/is\/?s={search_term_string}\"},\"query-input\":{\"@type\":\"PropertyValueSpecification\",\"valueRequired\":true,\"valueName\":\"search_term_string\"}}],\"inLanguage\":\"is\"},{\"@type\":\"Organization\",\"@id\":\"https:\/\/timbeco.ee\/is\/#organization\",\"name\":\"Timbeco Woodhouse O\u00dc\",\"url\":\"https:\/\/timbeco.ee\/is\/\",\"logo\":{\"@type\":\"ImageObject\",\"inLanguage\":\"is\",\"@id\":\"https:\/\/timbeco.ee\/is\/#\/schema\/logo\/image\/\",\"url\":\"https:\/\/timbeco.ee\/is\/wp-content\/uploads\/sites\/12\/2018\/03\/timbeco-logo.png\",\"contentUrl\":\"https:\/\/timbeco.ee\/is\/wp-content\/uploads\/sites\/12\/2018\/03\/timbeco-logo.png\",\"width\":200,\"height\":41,\"caption\":\"Timbeco Woodhouse O\u00dc\"},\"image\":{\"@id\":\"https:\/\/timbeco.ee\/is\/#\/schema\/logo\/image\/\"}}]}<\/script>\n<!-- \/ Yoast SEO Premium plugin. -->","yoast_head_json":{"title":"Einingah\u00fas og byggingar \u00far einingum \u2013 Timbeco","description":"Einingabyggingar eru framleiddar me\u00f0 mj\u00f6g h\u00e1u fullna\u00f0arstigi. A\u00f0 jafna\u00f0i eru einingar unnar a\u00f0 innan og utan a\u00f0 80\u201390%.","robots":{"index":"index","follow":"follow","max-snippet":"max-snippet:-1","max-image-preview":"max-image-preview:large","max-video-preview":"max-video-preview:-1"},"canonical":"https:\/\/timbeco.ee\/is\/products\/modular-building\/","og_locale":"is_IS","og_type":"article","og_title":"Einingabyggingar","og_description":"Forsm\u00ed\u00f0a\u00f0ar einingar eru framleiddar me\u00f0 mj\u00f6g h\u00e1u fullna\u00f0arstigi. A\u00f0 jafna\u00f0i eru einingar fullunnar a\u00f0 innan og utan a\u00f0 80\u201390% og h\u00fasg\u00f6gn sett upp. Efnahagslega s\u00e9\u00f0 er hagkv\u00e6mast a\u00f0 byggja einingabyggingar \u00fear sem h\u00e6gt er a\u00f0 nota samb\u00e6rilegar einingar.","og_url":"https:\/\/timbeco.ee\/is\/products\/modular-building\/","og_site_name":"Timbeco Iceland","article_modified_time":"2026-03-24T08:14:01+00:00","og_image":[{"width":1200,"height":675,"url":"https:\/\/timbeco.ee\/is\/wp-content\/uploads\/sites\/12\/2020\/07\/Boliger-ridamaja-kontseptsioon.jpg","type":"image\/jpeg"}],"twitter_card":"summary_large_image","twitter_misc":{"Est. reading time":"1 minute"},"schema":{"@context":"https:\/\/schema.org","@graph":[{"@type":"WebPage","@id":"https:\/\/timbeco.ee\/is\/products\/modular-building\/","url":"https:\/\/timbeco.ee\/is\/products\/modular-building\/","name":"Einingah\u00fas og byggingar \u00far einingum \u2013 Timbeco","isPartOf":{"@id":"https:\/\/timbeco.ee\/is\/#website"},"primaryImageOfPage":{"@id":"https:\/\/timbeco.ee\/is\/products\/modular-building\/#primaryimage"},"image":{"@id":"https:\/\/timbeco.ee\/is\/products\/modular-building\/#primaryimage"},"thumbnailUrl":"https:\/\/timbeco.ee\/is\/wp-content\/uploads\/sites\/12\/2020\/07\/Boliger-ridamaja-kontseptsioon.jpg","datePublished":"2018-01-23T11:07:46+00:00","dateModified":"2026-03-24T08:14:01+00:00","description":"Einingabyggingar eru framleiddar me\u00f0 mj\u00f6g h\u00e1u fullna\u00f0arstigi. A\u00f0 jafna\u00f0i eru einingar unnar a\u00f0 innan og utan a\u00f0 80\u201390%.","breadcrumb":{"@id":"https:\/\/timbeco.ee\/is\/products\/modular-building\/#breadcrumb"},"inLanguage":"is","potentialAction":[{"@type":"ReadAction","target":["https:\/\/timbeco.ee\/is\/products\/modular-building\/"]}]},{"@type":"ImageObject","inLanguage":"is","@id":"https:\/\/timbeco.ee\/is\/products\/modular-building\/#primaryimage","url":"https:\/\/timbeco.ee\/is\/wp-content\/uploads\/sites\/12\/2020\/07\/Boliger-ridamaja-kontseptsioon.jpg","contentUrl":"https:\/\/timbeco.ee\/is\/wp-content\/uploads\/sites\/12\/2020\/07\/Boliger-ridamaja-kontseptsioon.jpg","width":1200,"height":675,"caption":"Boliger"},{"@type":"BreadcrumbList","@id":"https:\/\/timbeco.ee\/is\/products\/modular-building\/#breadcrumb","itemListElement":[{"@type":"ListItem","position":1,"name":"Avaleht","item":"https:\/\/timbeco.ee\/is\/"},{"@type":"ListItem","position":2,"name":"Products","item":"https:\/\/timbeco.ee\/is\/products\/"},{"@type":"ListItem","position":3,"name":"Einingabyggingar"}]},{"@type":"WebSite","@id":"https:\/\/timbeco.ee\/is\/#website","url":"https:\/\/timbeco.ee\/is\/","name":"Timbeco Iceland","description":"Prefab wooden elements and modular building","publisher":{"@id":"https:\/\/timbeco.ee\/is\/#organization"},"potentialAction":[{"@type":"SearchAction","target":{"@type":"EntryPoint","urlTemplate":"https:\/\/timbeco.ee\/is\/?s={search_term_string}"},"query-input":{"@type":"PropertyValueSpecification","valueRequired":true,"valueName":"search_term_string"}}],"inLanguage":"is"},{"@type":"Organization","@id":"https:\/\/timbeco.ee\/is\/#organization","name":"Timbeco Woodhouse O\u00dc","url":"https:\/\/timbeco.ee\/is\/","logo":{"@type":"ImageObject","inLanguage":"is","@id":"https:\/\/timbeco.ee\/is\/#\/schema\/logo\/image\/","url":"https:\/\/timbeco.ee\/is\/wp-content\/uploads\/sites\/12\/2018\/03\/timbeco-logo.png","contentUrl":"https:\/\/timbeco.ee\/is\/wp-content\/uploads\/sites\/12\/2018\/03\/timbeco-logo.png","width":200,"height":41,"caption":"Timbeco Woodhouse O\u00dc"},"image":{"@id":"https:\/\/timbeco.ee\/is\/#\/schema\/logo\/image\/"}}]}},"_links":{"self":[{"href":"https:\/\/timbeco.ee\/is\/wp-json\/wp\/v2\/pages\/71","targetHints":{"allow":["GET"]}}],"collection":[{"href":"https:\/\/timbeco.ee\/is\/wp-json\/wp\/v2\/pages"}],"about":[{"href":"https:\/\/timbeco.ee\/is\/wp-json\/wp\/v2\/types\/page"}],"author":[{"embeddable":true,"href":"https:\/\/timbeco.ee\/is\/wp-json\/wp\/v2\/users\/1"}],"replies":[{"embeddable":true,"href":"https:\/\/timbeco.ee\/is\/wp-json\/wp\/v2\/comments?post=71"}],"version-history":[{"count":100,"href":"https:\/\/timbeco.ee\/is\/wp-json\/wp\/v2\/pages\/71\/revisions"}],"predecessor-version":[{"id":7044,"href":"https:\/\/timbeco.ee\/is\/wp-json\/wp\/v2\/pages\/71\/revisions\/7044"}],"up":[{"embeddable":true,"href":"https:\/\/timbeco.ee\/is\/wp-json\/wp\/v2\/pages\/29"}],"wp:featuredmedia":[{"embeddable":true,"href":"https:\/\/timbeco.ee\/is\/wp-json\/wp\/v2\/media\/4462"}],"wp:attachment":[{"href":"https:\/\/timbeco.ee\/is\/wp-json\/wp\/v2\/media?parent=71"}],"curies":[{"name":"wp","href":"https:\/\/api.w.org\/{rel}","templated":true}]}}