{"id":68,"date":"2018-01-18T11:15:26","date_gmt":"2018-01-18T09:15:26","guid":{"rendered":"https:\/\/timbeco.ee\/fi\/?page_id=68"},"modified":"2019-08-05T15:18:20","modified_gmt":"2019-08-05T12:18:20","slug":"valiseinaelementit","status":"publish","type":"page","link":"https:\/\/timbeco.ee\/fi\/tuotteet\/valiseinaelementit\/","title":{"rendered":"V\u00e4lisein\u00e4elementit"},"content":{"rendered":"","protected":false},"excerpt":{"rendered":"<p>Valmistamme korkealaatuisia sein\u00e4elementtej\u00e4 tilaajan projektin mukaisesti. Tarvittaessa tarjoamme my\u00f6s sein\u00e4elementtien pystytyst\u00e4.<\/p>\n","protected":false},"author":1,"featured_media":606,"parent":29,"menu_order":3,"comment_status":"closed","ping_status":"closed","template":"","meta":{"_acf_changed":false,"_monsterinsights_skip_tracking":false,"_monsterinsights_sitenote_active":false,"_monsterinsights_sitenote_note":"","_monsterinsights_sitenote_category":0,"footnotes":""},"class_list":["post-68","page","type-page","status-publish","has-post-thumbnail","hentry"],"acf":[],"yoast_head":"<!-- This site is optimized with the Yoast SEO Premium plugin v27.2 (Yoast SEO v27.2) - https:\/\/yoast.com\/product\/yoast-seo-premium-wordpress\/ -->\n<title>Tehdasvalmisteisten v\u00e4lisein\u00e4elementit - Timbeco Woodhouse Finland<\/title>\n<meta name=\"description\" content=\"Tehdasvalmisteisten puuelementtien valmistaminen ja k\u00e4ytt\u00f6 muiden rakennusmateriaalien ohella on levinnyt laajasti Pohjoismaissa. Puuelementtien k\u00e4ytt\u00f6\" \/>\n<meta name=\"robots\" content=\"noindex, follow, max-snippet:-1, max-image-preview:large, max-video-preview:-1\" \/>\n<meta property=\"og:locale\" content=\"fi_FI\" \/>\n<meta property=\"og:type\" content=\"article\" \/>\n<meta property=\"og:title\" content=\"V\u00e4lisein\u00e4elementit\" \/>\n<meta property=\"og:description\" content=\"Tehdasvalmisteisten puuelementtien valmistaminen ja k\u00e4ytt\u00f6 muiden rakennusmateriaalien ohella on levinnyt laajasti Pohjoismaissa. Puuelementtien k\u00e4ytt\u00f6\" \/>\n<meta property=\"og:url\" content=\"https:\/\/timbeco.ee\/fi\/tuotteet\/valiseinaelementit\/\" \/>\n<meta property=\"og:site_name\" content=\"Timbeco Finland\" \/>\n<meta property=\"article:modified_time\" content=\"2019-08-05T12:18:20+00:00\" \/>\n<meta property=\"og:image\" content=\"https:\/\/timbeco.ee\/fi\/wp-content\/uploads\/sites\/9\/2018\/04\/bardufoss_kool3_edited.jpg\" \/>\n\t<meta property=\"og:image:width\" content=\"1270\" \/>\n\t<meta property=\"og:image:height\" content=\"673\" \/>\n\t<meta property=\"og:image:type\" content=\"image\/jpeg\" \/>\n<meta name=\"twitter:card\" content=\"summary_large_image\" \/>\n<script type=\"application\/ld+json\" class=\"yoast-schema-graph\">{\"@context\":\"https:\/\/schema.org\",\"@graph\":[{\"@type\":\"WebPage\",\"@id\":\"https:\/\/timbeco.ee\/fi\/tuotteet\/valiseinaelementit\/\",\"url\":\"https:\/\/timbeco.ee\/fi\/tuotteet\/valiseinaelementit\/\",\"name\":\"Tehdasvalmisteisten v\u00e4lisein\u00e4elementit - Timbeco Woodhouse Finland\",\"isPartOf\":{\"@id\":\"https:\/\/timbeco.ee\/fi\/#website\"},\"primaryImageOfPage\":{\"@id\":\"https:\/\/timbeco.ee\/fi\/tuotteet\/valiseinaelementit\/#primaryimage\"},\"image\":{\"@id\":\"https:\/\/timbeco.ee\/fi\/tuotteet\/valiseinaelementit\/#primaryimage\"},\"thumbnailUrl\":\"https:\/\/timbeco.ee\/fi\/wp-content\/uploads\/sites\/9\/2018\/04\/bardufoss_kool3_edited.jpg\",\"datePublished\":\"2018-01-18T09:15:26+00:00\",\"dateModified\":\"2019-08-05T12:18:20+00:00\",\"description\":\"Tehdasvalmisteisten puuelementtien valmistaminen ja k\u00e4ytt\u00f6 muiden rakennusmateriaalien ohella on levinnyt laajasti Pohjoismaissa. Puuelementtien k\u00e4ytt\u00f6\",\"breadcrumb\":{\"@id\":\"https:\/\/timbeco.ee\/fi\/tuotteet\/valiseinaelementit\/#breadcrumb\"},\"inLanguage\":\"fi\",\"potentialAction\":[{\"@type\":\"ReadAction\",\"target\":[\"https:\/\/timbeco.ee\/fi\/tuotteet\/valiseinaelementit\/\"]}]},{\"@type\":\"ImageObject\",\"inLanguage\":\"fi\",\"@id\":\"https:\/\/timbeco.ee\/fi\/tuotteet\/valiseinaelementit\/#primaryimage\",\"url\":\"https:\/\/timbeco.ee\/fi\/wp-content\/uploads\/sites\/9\/2018\/04\/bardufoss_kool3_edited.jpg\",\"contentUrl\":\"https:\/\/timbeco.ee\/fi\/wp-content\/uploads\/sites\/9\/2018\/04\/bardufoss_kool3_edited.jpg\",\"width\":1270,\"height\":673,\"caption\":\"Puuelementit\"},{\"@type\":\"BreadcrumbList\",\"@id\":\"https:\/\/timbeco.ee\/fi\/tuotteet\/valiseinaelementit\/#breadcrumb\",\"itemListElement\":[{\"@type\":\"ListItem\",\"position\":1,\"name\":\"Avaleht\",\"item\":\"https:\/\/timbeco.ee\/fi\/\"},{\"@type\":\"ListItem\",\"position\":2,\"name\":\"Tuotteet\",\"item\":\"https:\/\/timbeco.ee\/fi\/tuotteet\/\"},{\"@type\":\"ListItem\",\"position\":3,\"name\":\"V\u00e4lisein\u00e4elementit\"}]},{\"@type\":\"WebSite\",\"@id\":\"https:\/\/timbeco.ee\/fi\/#website\",\"url\":\"https:\/\/timbeco.ee\/fi\/\",\"name\":\"Timbeco Finland\",\"description\":\"Energias\u00e4\u00e4stlike puitmajade tehas\",\"publisher\":{\"@id\":\"https:\/\/timbeco.ee\/fi\/#organization\"},\"potentialAction\":[{\"@type\":\"SearchAction\",\"target\":{\"@type\":\"EntryPoint\",\"urlTemplate\":\"https:\/\/timbeco.ee\/fi\/?s={search_term_string}\"},\"query-input\":{\"@type\":\"PropertyValueSpecification\",\"valueRequired\":true,\"valueName\":\"search_term_string\"}}],\"inLanguage\":\"fi\"},{\"@type\":\"Organization\",\"@id\":\"https:\/\/timbeco.ee\/fi\/#organization\",\"name\":\"Timbeco Woodhouse O\u00dc\",\"url\":\"https:\/\/timbeco.ee\/fi\/\",\"logo\":{\"@type\":\"ImageObject\",\"inLanguage\":\"fi\",\"@id\":\"https:\/\/timbeco.ee\/fi\/#\/schema\/logo\/image\/\",\"url\":\"https:\/\/timbeco.ee\/fi\/wp-content\/uploads\/sites\/9\/2018\/03\/timbeco-logo.png\",\"contentUrl\":\"https:\/\/timbeco.ee\/fi\/wp-content\/uploads\/sites\/9\/2018\/03\/timbeco-logo.png\",\"width\":200,\"height\":41,\"caption\":\"Timbeco Woodhouse O\u00dc\"},\"image\":{\"@id\":\"https:\/\/timbeco.ee\/fi\/#\/schema\/logo\/image\/\"}}]}<\/script>\n<!-- \/ Yoast SEO Premium plugin. -->","yoast_head_json":{"title":"Tehdasvalmisteisten v\u00e4lisein\u00e4elementit - Timbeco Woodhouse Finland","description":"Tehdasvalmisteisten puuelementtien valmistaminen ja k\u00e4ytt\u00f6 muiden rakennusmateriaalien ohella on levinnyt laajasti Pohjoismaissa. Puuelementtien k\u00e4ytt\u00f6","robots":{"index":"noindex","follow":"follow","max-snippet":"max-snippet:-1","max-image-preview":"max-image-preview:large","max-video-preview":"max-video-preview:-1"},"og_locale":"fi_FI","og_type":"article","og_title":"V\u00e4lisein\u00e4elementit","og_description":"Tehdasvalmisteisten puuelementtien valmistaminen ja k\u00e4ytt\u00f6 muiden rakennusmateriaalien ohella on levinnyt laajasti Pohjoismaissa. Puuelementtien k\u00e4ytt\u00f6","og_url":"https:\/\/timbeco.ee\/fi\/tuotteet\/valiseinaelementit\/","og_site_name":"Timbeco Finland","article_modified_time":"2019-08-05T12:18:20+00:00","og_image":[{"width":1270,"height":673,"url":"https:\/\/timbeco.ee\/fi\/wp-content\/uploads\/sites\/9\/2018\/04\/bardufoss_kool3_edited.jpg","type":"image\/jpeg"}],"twitter_card":"summary_large_image","schema":{"@context":"https:\/\/schema.org","@graph":[{"@type":"WebPage","@id":"https:\/\/timbeco.ee\/fi\/tuotteet\/valiseinaelementit\/","url":"https:\/\/timbeco.ee\/fi\/tuotteet\/valiseinaelementit\/","name":"Tehdasvalmisteisten v\u00e4lisein\u00e4elementit - Timbeco Woodhouse Finland","isPartOf":{"@id":"https:\/\/timbeco.ee\/fi\/#website"},"primaryImageOfPage":{"@id":"https:\/\/timbeco.ee\/fi\/tuotteet\/valiseinaelementit\/#primaryimage"},"image":{"@id":"https:\/\/timbeco.ee\/fi\/tuotteet\/valiseinaelementit\/#primaryimage"},"thumbnailUrl":"https:\/\/timbeco.ee\/fi\/wp-content\/uploads\/sites\/9\/2018\/04\/bardufoss_kool3_edited.jpg","datePublished":"2018-01-18T09:15:26+00:00","dateModified":"2019-08-05T12:18:20+00:00","description":"Tehdasvalmisteisten puuelementtien valmistaminen ja k\u00e4ytt\u00f6 muiden rakennusmateriaalien ohella on levinnyt laajasti Pohjoismaissa. Puuelementtien k\u00e4ytt\u00f6","breadcrumb":{"@id":"https:\/\/timbeco.ee\/fi\/tuotteet\/valiseinaelementit\/#breadcrumb"},"inLanguage":"fi","potentialAction":[{"@type":"ReadAction","target":["https:\/\/timbeco.ee\/fi\/tuotteet\/valiseinaelementit\/"]}]},{"@type":"ImageObject","inLanguage":"fi","@id":"https:\/\/timbeco.ee\/fi\/tuotteet\/valiseinaelementit\/#primaryimage","url":"https:\/\/timbeco.ee\/fi\/wp-content\/uploads\/sites\/9\/2018\/04\/bardufoss_kool3_edited.jpg","contentUrl":"https:\/\/timbeco.ee\/fi\/wp-content\/uploads\/sites\/9\/2018\/04\/bardufoss_kool3_edited.jpg","width":1270,"height":673,"caption":"Puuelementit"},{"@type":"BreadcrumbList","@id":"https:\/\/timbeco.ee\/fi\/tuotteet\/valiseinaelementit\/#breadcrumb","itemListElement":[{"@type":"ListItem","position":1,"name":"Avaleht","item":"https:\/\/timbeco.ee\/fi\/"},{"@type":"ListItem","position":2,"name":"Tuotteet","item":"https:\/\/timbeco.ee\/fi\/tuotteet\/"},{"@type":"ListItem","position":3,"name":"V\u00e4lisein\u00e4elementit"}]},{"@type":"WebSite","@id":"https:\/\/timbeco.ee\/fi\/#website","url":"https:\/\/timbeco.ee\/fi\/","name":"Timbeco Finland","description":"Energias\u00e4\u00e4stlike puitmajade tehas","publisher":{"@id":"https:\/\/timbeco.ee\/fi\/#organization"},"potentialAction":[{"@type":"SearchAction","target":{"@type":"EntryPoint","urlTemplate":"https:\/\/timbeco.ee\/fi\/?s={search_term_string}"},"query-input":{"@type":"PropertyValueSpecification","valueRequired":true,"valueName":"search_term_string"}}],"inLanguage":"fi"},{"@type":"Organization","@id":"https:\/\/timbeco.ee\/fi\/#organization","name":"Timbeco Woodhouse O\u00dc","url":"https:\/\/timbeco.ee\/fi\/","logo":{"@type":"ImageObject","inLanguage":"fi","@id":"https:\/\/timbeco.ee\/fi\/#\/schema\/logo\/image\/","url":"https:\/\/timbeco.ee\/fi\/wp-content\/uploads\/sites\/9\/2018\/03\/timbeco-logo.png","contentUrl":"https:\/\/timbeco.ee\/fi\/wp-content\/uploads\/sites\/9\/2018\/03\/timbeco-logo.png","width":200,"height":41,"caption":"Timbeco Woodhouse O\u00dc"},"image":{"@id":"https:\/\/timbeco.ee\/fi\/#\/schema\/logo\/image\/"}}]}},"_links":{"self":[{"href":"https:\/\/timbeco.ee\/fi\/wp-json\/wp\/v2\/pages\/68","targetHints":{"allow":["GET"]}}],"collection":[{"href":"https:\/\/timbeco.ee\/fi\/wp-json\/wp\/v2\/pages"}],"about":[{"href":"https:\/\/timbeco.ee\/fi\/wp-json\/wp\/v2\/types\/page"}],"author":[{"embeddable":true,"href":"https:\/\/timbeco.ee\/fi\/wp-json\/wp\/v2\/users\/1"}],"replies":[{"embeddable":true,"href":"https:\/\/timbeco.ee\/fi\/wp-json\/wp\/v2\/comments?post=68"}],"version-history":[{"count":123,"href":"https:\/\/timbeco.ee\/fi\/wp-json\/wp\/v2\/pages\/68\/revisions"}],"predecessor-version":[{"id":3471,"href":"https:\/\/timbeco.ee\/fi\/wp-json\/wp\/v2\/pages\/68\/revisions\/3471"}],"up":[{"embeddable":true,"href":"https:\/\/timbeco.ee\/fi\/wp-json\/wp\/v2\/pages\/29"}],"wp:featuredmedia":[{"embeddable":true,"href":"https:\/\/timbeco.ee\/fi\/wp-json\/wp\/v2\/media\/606"}],"wp:attachment":[{"href":"https:\/\/timbeco.ee\/fi\/wp-json\/wp\/v2\/media?parent=68"}],"curies":[{"name":"wp","href":"https:\/\/api.w.org\/{rel}","templated":true}]}}