{"id":66,"date":"2018-01-11T15:53:23","date_gmt":"2018-01-11T13:53:23","guid":{"rendered":"https:\/\/timbeco.ee\/fi\/?page_id=66"},"modified":"2023-01-12T08:16:55","modified_gmt":"2023-01-12T06:16:55","slug":"elementtitalot","status":"publish","type":"page","link":"https:\/\/timbeco.ee\/fi\/tuotteet\/elementtitalot\/","title":{"rendered":"Elementtitalo"},"content":{"rendered":"","protected":false},"excerpt":{"rendered":"<p>Elementtitalon kaikki osat valmistuvat tehtaalla. Esimerkiksi ulkosein\u00e4, jossa on ovet ja ikkunat, tai katto, jossa on p\u00e4\u00e4llystysmateriaali, on tehtaalla rakennettu ja kiinnitetty mastoon, mik\u00e4 v\u00e4hent\u00e4\u00e4 merkitt\u00e4v\u00e4sti rakennusaikaa.<\/p>\n","protected":false},"author":1,"featured_media":214,"parent":29,"menu_order":2,"comment_status":"closed","ping_status":"closed","template":"","meta":{"_acf_changed":false,"_monsterinsights_skip_tracking":false,"_monsterinsights_sitenote_active":false,"_monsterinsights_sitenote_note":"","_monsterinsights_sitenote_category":0,"footnotes":""},"class_list":["post-66","page","type-page","status-publish","has-post-thumbnail","hentry"],"acf":[],"yoast_head":"<!-- This site is optimized with the Yoast SEO Premium plugin v27.2 (Yoast SEO v27.2) - https:\/\/yoast.com\/product\/yoast-seo-premium-wordpress\/ -->\n<title>Elementtitalo - Valmistamme ja pystyt\u00e4mme elementtitaloja - Timbeco<\/title>\n<meta name=\"description\" content=\"Valmistamme ja pystyt\u00e4mme elementtitaloja asiakkaan rakennussuunnitelman mukaisesti. Elementtitalot valmistetaan Timbecon tehtaassa puuelementtein\u00e4\" \/>\n<meta name=\"robots\" content=\"noindex, follow, max-snippet:-1, max-image-preview:large, max-video-preview:-1\" \/>\n<meta property=\"og:locale\" content=\"fi_FI\" \/>\n<meta property=\"og:type\" content=\"article\" \/>\n<meta property=\"og:title\" content=\"Elementtitalo\" \/>\n<meta property=\"og:description\" content=\"Valmistamme ja pystyt\u00e4mme elementtitaloja asiakkaan rakennussuunnitelman mukaisesti. Elementtitalot valmistetaan Timbecon tehtaassa puuelementtein\u00e4\" \/>\n<meta property=\"og:url\" content=\"https:\/\/timbeco.ee\/fi\/tuotteet\/elementtitalot\/\" \/>\n<meta property=\"og:site_name\" content=\"Timbeco Finland\" \/>\n<meta property=\"article:modified_time\" content=\"2023-01-12T06:16:55+00:00\" \/>\n<meta property=\"og:image\" content=\"https:\/\/timbeco.ee\/fi\/wp-content\/uploads\/sites\/9\/2018\/03\/fassaadielemendid-resized.jpg\" \/>\n\t<meta property=\"og:image:width\" content=\"555\" \/>\n\t<meta property=\"og:image:height\" content=\"270\" \/>\n\t<meta property=\"og:image:type\" content=\"image\/jpeg\" \/>\n<meta name=\"twitter:card\" content=\"summary_large_image\" \/>\n<script type=\"application\/ld+json\" class=\"yoast-schema-graph\">{\"@context\":\"https:\/\/schema.org\",\"@graph\":[{\"@type\":\"WebPage\",\"@id\":\"https:\/\/timbeco.ee\/fi\/tuotteet\/elementtitalot\/\",\"url\":\"https:\/\/timbeco.ee\/fi\/tuotteet\/elementtitalot\/\",\"name\":\"Elementtitalo - Valmistamme ja pystyt\u00e4mme elementtitaloja - Timbeco\",\"isPartOf\":{\"@id\":\"https:\/\/timbeco.ee\/fi\/#website\"},\"primaryImageOfPage\":{\"@id\":\"https:\/\/timbeco.ee\/fi\/tuotteet\/elementtitalot\/#primaryimage\"},\"image\":{\"@id\":\"https:\/\/timbeco.ee\/fi\/tuotteet\/elementtitalot\/#primaryimage\"},\"thumbnailUrl\":\"https:\/\/timbeco.ee\/fi\/wp-content\/uploads\/sites\/9\/2018\/03\/fassaadielemendid-resized.jpg\",\"datePublished\":\"2018-01-11T13:53:23+00:00\",\"dateModified\":\"2023-01-12T06:16:55+00:00\",\"description\":\"Valmistamme ja pystyt\u00e4mme elementtitaloja asiakkaan rakennussuunnitelman mukaisesti. Elementtitalot valmistetaan Timbecon tehtaassa puuelementtein\u00e4\",\"breadcrumb\":{\"@id\":\"https:\/\/timbeco.ee\/fi\/tuotteet\/elementtitalot\/#breadcrumb\"},\"inLanguage\":\"fi\",\"potentialAction\":[{\"@type\":\"ReadAction\",\"target\":[\"https:\/\/timbeco.ee\/fi\/tuotteet\/elementtitalot\/\"]}]},{\"@type\":\"ImageObject\",\"inLanguage\":\"fi\",\"@id\":\"https:\/\/timbeco.ee\/fi\/tuotteet\/elementtitalot\/#primaryimage\",\"url\":\"https:\/\/timbeco.ee\/fi\/wp-content\/uploads\/sites\/9\/2018\/03\/fassaadielemendid-resized.jpg\",\"contentUrl\":\"https:\/\/timbeco.ee\/fi\/wp-content\/uploads\/sites\/9\/2018\/03\/fassaadielemendid-resized.jpg\",\"width\":555,\"height\":270,\"caption\":\"Elementtitalot\"},{\"@type\":\"BreadcrumbList\",\"@id\":\"https:\/\/timbeco.ee\/fi\/tuotteet\/elementtitalot\/#breadcrumb\",\"itemListElement\":[{\"@type\":\"ListItem\",\"position\":1,\"name\":\"Avaleht\",\"item\":\"https:\/\/timbeco.ee\/fi\/\"},{\"@type\":\"ListItem\",\"position\":2,\"name\":\"Tuotteet\",\"item\":\"https:\/\/timbeco.ee\/fi\/tuotteet\/\"},{\"@type\":\"ListItem\",\"position\":3,\"name\":\"Elementtitalo\"}]},{\"@type\":\"WebSite\",\"@id\":\"https:\/\/timbeco.ee\/fi\/#website\",\"url\":\"https:\/\/timbeco.ee\/fi\/\",\"name\":\"Timbeco Finland\",\"description\":\"Energias\u00e4\u00e4stlike puitmajade tehas\",\"publisher\":{\"@id\":\"https:\/\/timbeco.ee\/fi\/#organization\"},\"potentialAction\":[{\"@type\":\"SearchAction\",\"target\":{\"@type\":\"EntryPoint\",\"urlTemplate\":\"https:\/\/timbeco.ee\/fi\/?s={search_term_string}\"},\"query-input\":{\"@type\":\"PropertyValueSpecification\",\"valueRequired\":true,\"valueName\":\"search_term_string\"}}],\"inLanguage\":\"fi\"},{\"@type\":\"Organization\",\"@id\":\"https:\/\/timbeco.ee\/fi\/#organization\",\"name\":\"Timbeco Woodhouse O\u00dc\",\"url\":\"https:\/\/timbeco.ee\/fi\/\",\"logo\":{\"@type\":\"ImageObject\",\"inLanguage\":\"fi\",\"@id\":\"https:\/\/timbeco.ee\/fi\/#\/schema\/logo\/image\/\",\"url\":\"https:\/\/timbeco.ee\/fi\/wp-content\/uploads\/sites\/9\/2018\/03\/timbeco-logo.png\",\"contentUrl\":\"https:\/\/timbeco.ee\/fi\/wp-content\/uploads\/sites\/9\/2018\/03\/timbeco-logo.png\",\"width\":200,\"height\":41,\"caption\":\"Timbeco Woodhouse O\u00dc\"},\"image\":{\"@id\":\"https:\/\/timbeco.ee\/fi\/#\/schema\/logo\/image\/\"}}]}<\/script>\n<!-- \/ Yoast SEO Premium plugin. -->","yoast_head_json":{"title":"Elementtitalo - Valmistamme ja pystyt\u00e4mme elementtitaloja - Timbeco","description":"Valmistamme ja pystyt\u00e4mme elementtitaloja asiakkaan rakennussuunnitelman mukaisesti. Elementtitalot valmistetaan Timbecon tehtaassa puuelementtein\u00e4","robots":{"index":"noindex","follow":"follow","max-snippet":"max-snippet:-1","max-image-preview":"max-image-preview:large","max-video-preview":"max-video-preview:-1"},"og_locale":"fi_FI","og_type":"article","og_title":"Elementtitalo","og_description":"Valmistamme ja pystyt\u00e4mme elementtitaloja asiakkaan rakennussuunnitelman mukaisesti. Elementtitalot valmistetaan Timbecon tehtaassa puuelementtein\u00e4","og_url":"https:\/\/timbeco.ee\/fi\/tuotteet\/elementtitalot\/","og_site_name":"Timbeco Finland","article_modified_time":"2023-01-12T06:16:55+00:00","og_image":[{"width":555,"height":270,"url":"https:\/\/timbeco.ee\/fi\/wp-content\/uploads\/sites\/9\/2018\/03\/fassaadielemendid-resized.jpg","type":"image\/jpeg"}],"twitter_card":"summary_large_image","schema":{"@context":"https:\/\/schema.org","@graph":[{"@type":"WebPage","@id":"https:\/\/timbeco.ee\/fi\/tuotteet\/elementtitalot\/","url":"https:\/\/timbeco.ee\/fi\/tuotteet\/elementtitalot\/","name":"Elementtitalo - Valmistamme ja pystyt\u00e4mme elementtitaloja - Timbeco","isPartOf":{"@id":"https:\/\/timbeco.ee\/fi\/#website"},"primaryImageOfPage":{"@id":"https:\/\/timbeco.ee\/fi\/tuotteet\/elementtitalot\/#primaryimage"},"image":{"@id":"https:\/\/timbeco.ee\/fi\/tuotteet\/elementtitalot\/#primaryimage"},"thumbnailUrl":"https:\/\/timbeco.ee\/fi\/wp-content\/uploads\/sites\/9\/2018\/03\/fassaadielemendid-resized.jpg","datePublished":"2018-01-11T13:53:23+00:00","dateModified":"2023-01-12T06:16:55+00:00","description":"Valmistamme ja pystyt\u00e4mme elementtitaloja asiakkaan rakennussuunnitelman mukaisesti. Elementtitalot valmistetaan Timbecon tehtaassa puuelementtein\u00e4","breadcrumb":{"@id":"https:\/\/timbeco.ee\/fi\/tuotteet\/elementtitalot\/#breadcrumb"},"inLanguage":"fi","potentialAction":[{"@type":"ReadAction","target":["https:\/\/timbeco.ee\/fi\/tuotteet\/elementtitalot\/"]}]},{"@type":"ImageObject","inLanguage":"fi","@id":"https:\/\/timbeco.ee\/fi\/tuotteet\/elementtitalot\/#primaryimage","url":"https:\/\/timbeco.ee\/fi\/wp-content\/uploads\/sites\/9\/2018\/03\/fassaadielemendid-resized.jpg","contentUrl":"https:\/\/timbeco.ee\/fi\/wp-content\/uploads\/sites\/9\/2018\/03\/fassaadielemendid-resized.jpg","width":555,"height":270,"caption":"Elementtitalot"},{"@type":"BreadcrumbList","@id":"https:\/\/timbeco.ee\/fi\/tuotteet\/elementtitalot\/#breadcrumb","itemListElement":[{"@type":"ListItem","position":1,"name":"Avaleht","item":"https:\/\/timbeco.ee\/fi\/"},{"@type":"ListItem","position":2,"name":"Tuotteet","item":"https:\/\/timbeco.ee\/fi\/tuotteet\/"},{"@type":"ListItem","position":3,"name":"Elementtitalo"}]},{"@type":"WebSite","@id":"https:\/\/timbeco.ee\/fi\/#website","url":"https:\/\/timbeco.ee\/fi\/","name":"Timbeco Finland","description":"Energias\u00e4\u00e4stlike puitmajade tehas","publisher":{"@id":"https:\/\/timbeco.ee\/fi\/#organization"},"potentialAction":[{"@type":"SearchAction","target":{"@type":"EntryPoint","urlTemplate":"https:\/\/timbeco.ee\/fi\/?s={search_term_string}"},"query-input":{"@type":"PropertyValueSpecification","valueRequired":true,"valueName":"search_term_string"}}],"inLanguage":"fi"},{"@type":"Organization","@id":"https:\/\/timbeco.ee\/fi\/#organization","name":"Timbeco Woodhouse O\u00dc","url":"https:\/\/timbeco.ee\/fi\/","logo":{"@type":"ImageObject","inLanguage":"fi","@id":"https:\/\/timbeco.ee\/fi\/#\/schema\/logo\/image\/","url":"https:\/\/timbeco.ee\/fi\/wp-content\/uploads\/sites\/9\/2018\/03\/timbeco-logo.png","contentUrl":"https:\/\/timbeco.ee\/fi\/wp-content\/uploads\/sites\/9\/2018\/03\/timbeco-logo.png","width":200,"height":41,"caption":"Timbeco Woodhouse O\u00dc"},"image":{"@id":"https:\/\/timbeco.ee\/fi\/#\/schema\/logo\/image\/"}}]}},"_links":{"self":[{"href":"https:\/\/timbeco.ee\/fi\/wp-json\/wp\/v2\/pages\/66","targetHints":{"allow":["GET"]}}],"collection":[{"href":"https:\/\/timbeco.ee\/fi\/wp-json\/wp\/v2\/pages"}],"about":[{"href":"https:\/\/timbeco.ee\/fi\/wp-json\/wp\/v2\/types\/page"}],"author":[{"embeddable":true,"href":"https:\/\/timbeco.ee\/fi\/wp-json\/wp\/v2\/users\/1"}],"replies":[{"embeddable":true,"href":"https:\/\/timbeco.ee\/fi\/wp-json\/wp\/v2\/comments?post=66"}],"version-history":[{"count":36,"href":"https:\/\/timbeco.ee\/fi\/wp-json\/wp\/v2\/pages\/66\/revisions"}],"predecessor-version":[{"id":4184,"href":"https:\/\/timbeco.ee\/fi\/wp-json\/wp\/v2\/pages\/66\/revisions\/4184"}],"up":[{"embeddable":true,"href":"https:\/\/timbeco.ee\/fi\/wp-json\/wp\/v2\/pages\/29"}],"wp:featuredmedia":[{"embeddable":true,"href":"https:\/\/timbeco.ee\/fi\/wp-json\/wp\/v2\/media\/214"}],"wp:attachment":[{"href":"https:\/\/timbeco.ee\/fi\/wp-json\/wp\/v2\/media?parent=66"}],"curies":[{"name":"wp","href":"https:\/\/api.w.org\/{rel}","templated":true}]}}