{"id":3963,"date":"2022-07-27T18:51:26","date_gmt":"2022-07-27T15:51:26","guid":{"rendered":"https:\/\/timbeco.ee\/fi\/?page_id=3963"},"modified":"2022-11-11T14:39:38","modified_gmt":"2022-11-11T12:39:38","slug":"kestava-kehitys","status":"publish","type":"page","link":"https:\/\/timbeco.ee\/fi\/kestava-kehitys\/","title":{"rendered":"Kest\u00e4v\u00e4 kehitys"},"content":{"rendered":"","protected":false},"excerpt":{"rendered":"","protected":false},"author":2,"featured_media":3970,"parent":0,"menu_order":0,"comment_status":"closed","ping_status":"closed","template":"","meta":{"_acf_changed":false,"_monsterinsights_skip_tracking":false,"_monsterinsights_sitenote_active":false,"_monsterinsights_sitenote_note":"","_monsterinsights_sitenote_category":0,"footnotes":""},"class_list":["post-3963","page","type-page","status-publish","has-post-thumbnail","hentry"],"acf":[],"yoast_head":"<!-- This site is optimized with the Yoast SEO Premium plugin v27.2 (Yoast SEO v27.2) - https:\/\/yoast.com\/product\/yoast-seo-premium-wordpress\/ -->\n<title>Kest\u00e4v\u00e4 kehitys on Timbecon liiketoimintamme ytimess\u00e4<\/title>\n<meta name=\"description\" content=\"Timbecolle ymp\u00e4rist\u00f6- ja sosiaaliset vaikutukset, jotka yritys j\u00e4tt\u00e4\u00e4 toiminnallaan, ovat t\u00e4rkeit\u00e4. Mit\u00e4 on kest\u00e4vyys?\" \/>\n<meta name=\"robots\" content=\"noindex, follow, max-snippet:-1, max-image-preview:large, max-video-preview:-1\" \/>\n<meta property=\"og:locale\" content=\"fi_FI\" \/>\n<meta property=\"og:type\" content=\"article\" \/>\n<meta property=\"og:title\" content=\"Kest\u00e4v\u00e4 kehitys\" \/>\n<meta property=\"og:description\" content=\"Timbecolle ymp\u00e4rist\u00f6- ja sosiaaliset vaikutukset, jotka yritys j\u00e4tt\u00e4\u00e4 toiminnallaan, ovat t\u00e4rkeit\u00e4. Mit\u00e4 on kest\u00e4vyys?\" \/>\n<meta property=\"og:url\" content=\"https:\/\/timbeco.ee\/fi\/kestava-kehitys\/\" \/>\n<meta property=\"og:site_name\" content=\"Timbeco Finland\" \/>\n<meta property=\"article:modified_time\" content=\"2022-11-11T12:39:38+00:00\" \/>\n<meta property=\"og:image\" content=\"https:\/\/timbeco.ee\/fi\/wp-content\/uploads\/sites\/9\/2022\/07\/Sustainable.jpg\" \/>\n\t<meta property=\"og:image:width\" content=\"1024\" \/>\n\t<meta property=\"og:image:height\" content=\"682\" \/>\n\t<meta property=\"og:image:type\" content=\"image\/jpeg\" \/>\n<meta name=\"twitter:card\" content=\"summary_large_image\" \/>\n<script type=\"application\/ld+json\" class=\"yoast-schema-graph\">{\"@context\":\"https:\/\/schema.org\",\"@graph\":[{\"@type\":\"WebPage\",\"@id\":\"https:\/\/timbeco.ee\/fi\/kestava-kehitys\/\",\"url\":\"https:\/\/timbeco.ee\/fi\/kestava-kehitys\/\",\"name\":\"Kest\u00e4v\u00e4 kehitys on Timbecon liiketoimintamme ytimess\u00e4\",\"isPartOf\":{\"@id\":\"https:\/\/timbeco.ee\/fi\/#website\"},\"primaryImageOfPage\":{\"@id\":\"https:\/\/timbeco.ee\/fi\/kestava-kehitys\/#primaryimage\"},\"image\":{\"@id\":\"https:\/\/timbeco.ee\/fi\/kestava-kehitys\/#primaryimage\"},\"thumbnailUrl\":\"https:\/\/timbeco.ee\/fi\/wp-content\/uploads\/sites\/9\/2022\/07\/Sustainable.jpg\",\"datePublished\":\"2022-07-27T15:51:26+00:00\",\"dateModified\":\"2022-11-11T12:39:38+00:00\",\"description\":\"Timbecolle ymp\u00e4rist\u00f6- ja sosiaaliset vaikutukset, jotka yritys j\u00e4tt\u00e4\u00e4 toiminnallaan, ovat t\u00e4rkeit\u00e4. Mit\u00e4 on kest\u00e4vyys?\",\"breadcrumb\":{\"@id\":\"https:\/\/timbeco.ee\/fi\/kestava-kehitys\/#breadcrumb\"},\"inLanguage\":\"fi\",\"potentialAction\":[{\"@type\":\"ReadAction\",\"target\":[\"https:\/\/timbeco.ee\/fi\/kestava-kehitys\/\"]}]},{\"@type\":\"ImageObject\",\"inLanguage\":\"fi\",\"@id\":\"https:\/\/timbeco.ee\/fi\/kestava-kehitys\/#primaryimage\",\"url\":\"https:\/\/timbeco.ee\/fi\/wp-content\/uploads\/sites\/9\/2022\/07\/Sustainable.jpg\",\"contentUrl\":\"https:\/\/timbeco.ee\/fi\/wp-content\/uploads\/sites\/9\/2022\/07\/Sustainable.jpg\",\"width\":1024,\"height\":682,\"caption\":\"Sustainable\"},{\"@type\":\"BreadcrumbList\",\"@id\":\"https:\/\/timbeco.ee\/fi\/kestava-kehitys\/#breadcrumb\",\"itemListElement\":[{\"@type\":\"ListItem\",\"position\":1,\"name\":\"Avaleht\",\"item\":\"https:\/\/timbeco.ee\/fi\/\"},{\"@type\":\"ListItem\",\"position\":2,\"name\":\"Kest\u00e4v\u00e4 kehitys\"}]},{\"@type\":\"WebSite\",\"@id\":\"https:\/\/timbeco.ee\/fi\/#website\",\"url\":\"https:\/\/timbeco.ee\/fi\/\",\"name\":\"Timbeco Finland\",\"description\":\"Energias\u00e4\u00e4stlike puitmajade tehas\",\"publisher\":{\"@id\":\"https:\/\/timbeco.ee\/fi\/#organization\"},\"potentialAction\":[{\"@type\":\"SearchAction\",\"target\":{\"@type\":\"EntryPoint\",\"urlTemplate\":\"https:\/\/timbeco.ee\/fi\/?s={search_term_string}\"},\"query-input\":{\"@type\":\"PropertyValueSpecification\",\"valueRequired\":true,\"valueName\":\"search_term_string\"}}],\"inLanguage\":\"fi\"},{\"@type\":\"Organization\",\"@id\":\"https:\/\/timbeco.ee\/fi\/#organization\",\"name\":\"Timbeco Woodhouse O\u00dc\",\"url\":\"https:\/\/timbeco.ee\/fi\/\",\"logo\":{\"@type\":\"ImageObject\",\"inLanguage\":\"fi\",\"@id\":\"https:\/\/timbeco.ee\/fi\/#\/schema\/logo\/image\/\",\"url\":\"https:\/\/timbeco.ee\/fi\/wp-content\/uploads\/sites\/9\/2018\/03\/timbeco-logo.png\",\"contentUrl\":\"https:\/\/timbeco.ee\/fi\/wp-content\/uploads\/sites\/9\/2018\/03\/timbeco-logo.png\",\"width\":200,\"height\":41,\"caption\":\"Timbeco Woodhouse O\u00dc\"},\"image\":{\"@id\":\"https:\/\/timbeco.ee\/fi\/#\/schema\/logo\/image\/\"}}]}<\/script>\n<!-- \/ Yoast SEO Premium plugin. -->","yoast_head_json":{"title":"Kest\u00e4v\u00e4 kehitys on Timbecon liiketoimintamme ytimess\u00e4","description":"Timbecolle ymp\u00e4rist\u00f6- ja sosiaaliset vaikutukset, jotka yritys j\u00e4tt\u00e4\u00e4 toiminnallaan, ovat t\u00e4rkeit\u00e4. Mit\u00e4 on kest\u00e4vyys?","robots":{"index":"noindex","follow":"follow","max-snippet":"max-snippet:-1","max-image-preview":"max-image-preview:large","max-video-preview":"max-video-preview:-1"},"og_locale":"fi_FI","og_type":"article","og_title":"Kest\u00e4v\u00e4 kehitys","og_description":"Timbecolle ymp\u00e4rist\u00f6- ja sosiaaliset vaikutukset, jotka yritys j\u00e4tt\u00e4\u00e4 toiminnallaan, ovat t\u00e4rkeit\u00e4. Mit\u00e4 on kest\u00e4vyys?","og_url":"https:\/\/timbeco.ee\/fi\/kestava-kehitys\/","og_site_name":"Timbeco Finland","article_modified_time":"2022-11-11T12:39:38+00:00","og_image":[{"width":1024,"height":682,"url":"https:\/\/timbeco.ee\/fi\/wp-content\/uploads\/sites\/9\/2022\/07\/Sustainable.jpg","type":"image\/jpeg"}],"twitter_card":"summary_large_image","schema":{"@context":"https:\/\/schema.org","@graph":[{"@type":"WebPage","@id":"https:\/\/timbeco.ee\/fi\/kestava-kehitys\/","url":"https:\/\/timbeco.ee\/fi\/kestava-kehitys\/","name":"Kest\u00e4v\u00e4 kehitys on Timbecon liiketoimintamme ytimess\u00e4","isPartOf":{"@id":"https:\/\/timbeco.ee\/fi\/#website"},"primaryImageOfPage":{"@id":"https:\/\/timbeco.ee\/fi\/kestava-kehitys\/#primaryimage"},"image":{"@id":"https:\/\/timbeco.ee\/fi\/kestava-kehitys\/#primaryimage"},"thumbnailUrl":"https:\/\/timbeco.ee\/fi\/wp-content\/uploads\/sites\/9\/2022\/07\/Sustainable.jpg","datePublished":"2022-07-27T15:51:26+00:00","dateModified":"2022-11-11T12:39:38+00:00","description":"Timbecolle ymp\u00e4rist\u00f6- ja sosiaaliset vaikutukset, jotka yritys j\u00e4tt\u00e4\u00e4 toiminnallaan, ovat t\u00e4rkeit\u00e4. Mit\u00e4 on kest\u00e4vyys?","breadcrumb":{"@id":"https:\/\/timbeco.ee\/fi\/kestava-kehitys\/#breadcrumb"},"inLanguage":"fi","potentialAction":[{"@type":"ReadAction","target":["https:\/\/timbeco.ee\/fi\/kestava-kehitys\/"]}]},{"@type":"ImageObject","inLanguage":"fi","@id":"https:\/\/timbeco.ee\/fi\/kestava-kehitys\/#primaryimage","url":"https:\/\/timbeco.ee\/fi\/wp-content\/uploads\/sites\/9\/2022\/07\/Sustainable.jpg","contentUrl":"https:\/\/timbeco.ee\/fi\/wp-content\/uploads\/sites\/9\/2022\/07\/Sustainable.jpg","width":1024,"height":682,"caption":"Sustainable"},{"@type":"BreadcrumbList","@id":"https:\/\/timbeco.ee\/fi\/kestava-kehitys\/#breadcrumb","itemListElement":[{"@type":"ListItem","position":1,"name":"Avaleht","item":"https:\/\/timbeco.ee\/fi\/"},{"@type":"ListItem","position":2,"name":"Kest\u00e4v\u00e4 kehitys"}]},{"@type":"WebSite","@id":"https:\/\/timbeco.ee\/fi\/#website","url":"https:\/\/timbeco.ee\/fi\/","name":"Timbeco Finland","description":"Energias\u00e4\u00e4stlike puitmajade tehas","publisher":{"@id":"https:\/\/timbeco.ee\/fi\/#organization"},"potentialAction":[{"@type":"SearchAction","target":{"@type":"EntryPoint","urlTemplate":"https:\/\/timbeco.ee\/fi\/?s={search_term_string}"},"query-input":{"@type":"PropertyValueSpecification","valueRequired":true,"valueName":"search_term_string"}}],"inLanguage":"fi"},{"@type":"Organization","@id":"https:\/\/timbeco.ee\/fi\/#organization","name":"Timbeco Woodhouse O\u00dc","url":"https:\/\/timbeco.ee\/fi\/","logo":{"@type":"ImageObject","inLanguage":"fi","@id":"https:\/\/timbeco.ee\/fi\/#\/schema\/logo\/image\/","url":"https:\/\/timbeco.ee\/fi\/wp-content\/uploads\/sites\/9\/2018\/03\/timbeco-logo.png","contentUrl":"https:\/\/timbeco.ee\/fi\/wp-content\/uploads\/sites\/9\/2018\/03\/timbeco-logo.png","width":200,"height":41,"caption":"Timbeco Woodhouse O\u00dc"},"image":{"@id":"https:\/\/timbeco.ee\/fi\/#\/schema\/logo\/image\/"}}]}},"_links":{"self":[{"href":"https:\/\/timbeco.ee\/fi\/wp-json\/wp\/v2\/pages\/3963","targetHints":{"allow":["GET"]}}],"collection":[{"href":"https:\/\/timbeco.ee\/fi\/wp-json\/wp\/v2\/pages"}],"about":[{"href":"https:\/\/timbeco.ee\/fi\/wp-json\/wp\/v2\/types\/page"}],"author":[{"embeddable":true,"href":"https:\/\/timbeco.ee\/fi\/wp-json\/wp\/v2\/users\/2"}],"replies":[{"embeddable":true,"href":"https:\/\/timbeco.ee\/fi\/wp-json\/wp\/v2\/comments?post=3963"}],"version-history":[{"count":4,"href":"https:\/\/timbeco.ee\/fi\/wp-json\/wp\/v2\/pages\/3963\/revisions"}],"predecessor-version":[{"id":4124,"href":"https:\/\/timbeco.ee\/fi\/wp-json\/wp\/v2\/pages\/3963\/revisions\/4124"}],"wp:featuredmedia":[{"embeddable":true,"href":"https:\/\/timbeco.ee\/fi\/wp-json\/wp\/v2\/media\/3970"}],"wp:attachment":[{"href":"https:\/\/timbeco.ee\/fi\/wp-json\/wp\/v2\/media?parent=3963"}],"curies":[{"name":"wp","href":"https:\/\/api.w.org\/{rel}","templated":true}]}}