{"id":2909,"date":"2018-08-10T09:52:09","date_gmt":"2018-08-10T06:52:09","guid":{"rendered":"https:\/\/timbeco.ee\/fi\/?page_id=2909"},"modified":"2023-01-12T08:21:52","modified_gmt":"2023-01-12T06:21:52","slug":"puutalojen-ymparistoystavallinen-valmistus","status":"publish","type":"page","link":"https:\/\/timbeco.ee\/fi\/tietoa-yrityksesta\/puutalojen-ymparistoystavallinen-valmistus\/","title":{"rendered":"Puutalojen ymp\u00e4rist\u00f6yst\u00e4v\u00e4llinen valmistus"},"content":{"rendered":"","protected":false},"excerpt":{"rendered":"","protected":false},"author":2,"featured_media":0,"parent":39,"menu_order":7,"comment_status":"closed","ping_status":"closed","template":"","meta":{"_acf_changed":false,"_monsterinsights_skip_tracking":false,"_monsterinsights_sitenote_active":false,"_monsterinsights_sitenote_note":"","_monsterinsights_sitenote_category":0,"footnotes":""},"class_list":["post-2909","page","type-page","status-publish","hentry"],"acf":[],"yoast_head":"<!-- This site is optimized with the Yoast SEO Premium plugin v27.2 (Yoast SEO v27.2) - https:\/\/yoast.com\/product\/yoast-seo-premium-wordpress\/ -->\n<title>Puutalojen ymp\u00e4rist\u00f6yst\u00e4v\u00e4llinen valmistus - Timbeco Finland<\/title>\n<meta name=\"description\" content=\"Timbecon tuotanto on ymp\u00e4rist\u00f6yst\u00e4v\u00e4llist\u00e4 ja s\u00e4\u00e4st\u00e4v\u00e4\u00e4, arvostamme terveellist\u00e4 ja ekologista elinymp\u00e4rist\u00f6\u00e4. Meille on t\u00e4rke\u00e4\u00e4, ett\u00e4\" \/>\n<meta name=\"robots\" content=\"noindex, follow, max-snippet:-1, max-image-preview:large, max-video-preview:-1\" \/>\n<meta property=\"og:locale\" content=\"fi_FI\" \/>\n<meta property=\"og:type\" content=\"article\" \/>\n<meta property=\"og:title\" content=\"Puutalojen ymp\u00e4rist\u00f6yst\u00e4v\u00e4llinen valmistus\" \/>\n<meta property=\"og:description\" content=\"Timbecon tuotanto on ymp\u00e4rist\u00f6yst\u00e4v\u00e4llist\u00e4 ja s\u00e4\u00e4st\u00e4v\u00e4\u00e4, arvostamme terveellist\u00e4 ja ekologista elinymp\u00e4rist\u00f6\u00e4. Meille on t\u00e4rke\u00e4\u00e4, ett\u00e4\" \/>\n<meta property=\"og:url\" content=\"https:\/\/timbeco.ee\/fi\/tietoa-yrityksesta\/puutalojen-ymparistoystavallinen-valmistus\/\" \/>\n<meta property=\"og:site_name\" content=\"Timbeco Finland\" \/>\n<meta property=\"article:modified_time\" content=\"2023-01-12T06:21:52+00:00\" \/>\n<meta name=\"twitter:card\" content=\"summary_large_image\" \/>\n<script type=\"application\/ld+json\" class=\"yoast-schema-graph\">{\"@context\":\"https:\/\/schema.org\",\"@graph\":[{\"@type\":\"WebPage\",\"@id\":\"https:\/\/timbeco.ee\/fi\/tietoa-yrityksesta\/puutalojen-ymparistoystavallinen-valmistus\/\",\"url\":\"https:\/\/timbeco.ee\/fi\/tietoa-yrityksesta\/puutalojen-ymparistoystavallinen-valmistus\/\",\"name\":\"Puutalojen ymp\u00e4rist\u00f6yst\u00e4v\u00e4llinen valmistus - Timbeco Finland\",\"isPartOf\":{\"@id\":\"https:\/\/timbeco.ee\/fi\/#website\"},\"datePublished\":\"2018-08-10T06:52:09+00:00\",\"dateModified\":\"2023-01-12T06:21:52+00:00\",\"description\":\"Timbecon tuotanto on ymp\u00e4rist\u00f6yst\u00e4v\u00e4llist\u00e4 ja s\u00e4\u00e4st\u00e4v\u00e4\u00e4, arvostamme terveellist\u00e4 ja ekologista elinymp\u00e4rist\u00f6\u00e4. Meille on t\u00e4rke\u00e4\u00e4, ett\u00e4\",\"breadcrumb\":{\"@id\":\"https:\/\/timbeco.ee\/fi\/tietoa-yrityksesta\/puutalojen-ymparistoystavallinen-valmistus\/#breadcrumb\"},\"inLanguage\":\"fi\",\"potentialAction\":[{\"@type\":\"ReadAction\",\"target\":[\"https:\/\/timbeco.ee\/fi\/tietoa-yrityksesta\/puutalojen-ymparistoystavallinen-valmistus\/\"]}]},{\"@type\":\"BreadcrumbList\",\"@id\":\"https:\/\/timbeco.ee\/fi\/tietoa-yrityksesta\/puutalojen-ymparistoystavallinen-valmistus\/#breadcrumb\",\"itemListElement\":[{\"@type\":\"ListItem\",\"position\":1,\"name\":\"Avaleht\",\"item\":\"https:\/\/timbeco.ee\/fi\/\"},{\"@type\":\"ListItem\",\"position\":2,\"name\":\"Timbeco\",\"item\":\"https:\/\/timbeco.ee\/fi\/tietoa-yrityksesta\/\"},{\"@type\":\"ListItem\",\"position\":3,\"name\":\"Puutalojen ymp\u00e4rist\u00f6yst\u00e4v\u00e4llinen valmistus\"}]},{\"@type\":\"WebSite\",\"@id\":\"https:\/\/timbeco.ee\/fi\/#website\",\"url\":\"https:\/\/timbeco.ee\/fi\/\",\"name\":\"Timbeco Finland\",\"description\":\"Energias\u00e4\u00e4stlike puitmajade tehas\",\"publisher\":{\"@id\":\"https:\/\/timbeco.ee\/fi\/#organization\"},\"potentialAction\":[{\"@type\":\"SearchAction\",\"target\":{\"@type\":\"EntryPoint\",\"urlTemplate\":\"https:\/\/timbeco.ee\/fi\/?s={search_term_string}\"},\"query-input\":{\"@type\":\"PropertyValueSpecification\",\"valueRequired\":true,\"valueName\":\"search_term_string\"}}],\"inLanguage\":\"fi\"},{\"@type\":\"Organization\",\"@id\":\"https:\/\/timbeco.ee\/fi\/#organization\",\"name\":\"Timbeco Woodhouse O\u00dc\",\"url\":\"https:\/\/timbeco.ee\/fi\/\",\"logo\":{\"@type\":\"ImageObject\",\"inLanguage\":\"fi\",\"@id\":\"https:\/\/timbeco.ee\/fi\/#\/schema\/logo\/image\/\",\"url\":\"https:\/\/timbeco.ee\/fi\/wp-content\/uploads\/sites\/9\/2018\/03\/timbeco-logo.png\",\"contentUrl\":\"https:\/\/timbeco.ee\/fi\/wp-content\/uploads\/sites\/9\/2018\/03\/timbeco-logo.png\",\"width\":200,\"height\":41,\"caption\":\"Timbeco Woodhouse O\u00dc\"},\"image\":{\"@id\":\"https:\/\/timbeco.ee\/fi\/#\/schema\/logo\/image\/\"}}]}<\/script>\n<!-- \/ Yoast SEO Premium plugin. -->","yoast_head_json":{"title":"Puutalojen ymp\u00e4rist\u00f6yst\u00e4v\u00e4llinen valmistus - Timbeco Finland","description":"Timbecon tuotanto on ymp\u00e4rist\u00f6yst\u00e4v\u00e4llist\u00e4 ja s\u00e4\u00e4st\u00e4v\u00e4\u00e4, arvostamme terveellist\u00e4 ja ekologista elinymp\u00e4rist\u00f6\u00e4. Meille on t\u00e4rke\u00e4\u00e4, ett\u00e4","robots":{"index":"noindex","follow":"follow","max-snippet":"max-snippet:-1","max-image-preview":"max-image-preview:large","max-video-preview":"max-video-preview:-1"},"og_locale":"fi_FI","og_type":"article","og_title":"Puutalojen ymp\u00e4rist\u00f6yst\u00e4v\u00e4llinen valmistus","og_description":"Timbecon tuotanto on ymp\u00e4rist\u00f6yst\u00e4v\u00e4llist\u00e4 ja s\u00e4\u00e4st\u00e4v\u00e4\u00e4, arvostamme terveellist\u00e4 ja ekologista elinymp\u00e4rist\u00f6\u00e4. Meille on t\u00e4rke\u00e4\u00e4, ett\u00e4","og_url":"https:\/\/timbeco.ee\/fi\/tietoa-yrityksesta\/puutalojen-ymparistoystavallinen-valmistus\/","og_site_name":"Timbeco Finland","article_modified_time":"2023-01-12T06:21:52+00:00","twitter_card":"summary_large_image","schema":{"@context":"https:\/\/schema.org","@graph":[{"@type":"WebPage","@id":"https:\/\/timbeco.ee\/fi\/tietoa-yrityksesta\/puutalojen-ymparistoystavallinen-valmistus\/","url":"https:\/\/timbeco.ee\/fi\/tietoa-yrityksesta\/puutalojen-ymparistoystavallinen-valmistus\/","name":"Puutalojen ymp\u00e4rist\u00f6yst\u00e4v\u00e4llinen valmistus - Timbeco Finland","isPartOf":{"@id":"https:\/\/timbeco.ee\/fi\/#website"},"datePublished":"2018-08-10T06:52:09+00:00","dateModified":"2023-01-12T06:21:52+00:00","description":"Timbecon tuotanto on ymp\u00e4rist\u00f6yst\u00e4v\u00e4llist\u00e4 ja s\u00e4\u00e4st\u00e4v\u00e4\u00e4, arvostamme terveellist\u00e4 ja ekologista elinymp\u00e4rist\u00f6\u00e4. Meille on t\u00e4rke\u00e4\u00e4, ett\u00e4","breadcrumb":{"@id":"https:\/\/timbeco.ee\/fi\/tietoa-yrityksesta\/puutalojen-ymparistoystavallinen-valmistus\/#breadcrumb"},"inLanguage":"fi","potentialAction":[{"@type":"ReadAction","target":["https:\/\/timbeco.ee\/fi\/tietoa-yrityksesta\/puutalojen-ymparistoystavallinen-valmistus\/"]}]},{"@type":"BreadcrumbList","@id":"https:\/\/timbeco.ee\/fi\/tietoa-yrityksesta\/puutalojen-ymparistoystavallinen-valmistus\/#breadcrumb","itemListElement":[{"@type":"ListItem","position":1,"name":"Avaleht","item":"https:\/\/timbeco.ee\/fi\/"},{"@type":"ListItem","position":2,"name":"Timbeco","item":"https:\/\/timbeco.ee\/fi\/tietoa-yrityksesta\/"},{"@type":"ListItem","position":3,"name":"Puutalojen ymp\u00e4rist\u00f6yst\u00e4v\u00e4llinen valmistus"}]},{"@type":"WebSite","@id":"https:\/\/timbeco.ee\/fi\/#website","url":"https:\/\/timbeco.ee\/fi\/","name":"Timbeco Finland","description":"Energias\u00e4\u00e4stlike puitmajade tehas","publisher":{"@id":"https:\/\/timbeco.ee\/fi\/#organization"},"potentialAction":[{"@type":"SearchAction","target":{"@type":"EntryPoint","urlTemplate":"https:\/\/timbeco.ee\/fi\/?s={search_term_string}"},"query-input":{"@type":"PropertyValueSpecification","valueRequired":true,"valueName":"search_term_string"}}],"inLanguage":"fi"},{"@type":"Organization","@id":"https:\/\/timbeco.ee\/fi\/#organization","name":"Timbeco Woodhouse O\u00dc","url":"https:\/\/timbeco.ee\/fi\/","logo":{"@type":"ImageObject","inLanguage":"fi","@id":"https:\/\/timbeco.ee\/fi\/#\/schema\/logo\/image\/","url":"https:\/\/timbeco.ee\/fi\/wp-content\/uploads\/sites\/9\/2018\/03\/timbeco-logo.png","contentUrl":"https:\/\/timbeco.ee\/fi\/wp-content\/uploads\/sites\/9\/2018\/03\/timbeco-logo.png","width":200,"height":41,"caption":"Timbeco Woodhouse O\u00dc"},"image":{"@id":"https:\/\/timbeco.ee\/fi\/#\/schema\/logo\/image\/"}}]}},"_links":{"self":[{"href":"https:\/\/timbeco.ee\/fi\/wp-json\/wp\/v2\/pages\/2909","targetHints":{"allow":["GET"]}}],"collection":[{"href":"https:\/\/timbeco.ee\/fi\/wp-json\/wp\/v2\/pages"}],"about":[{"href":"https:\/\/timbeco.ee\/fi\/wp-json\/wp\/v2\/types\/page"}],"author":[{"embeddable":true,"href":"https:\/\/timbeco.ee\/fi\/wp-json\/wp\/v2\/users\/2"}],"replies":[{"embeddable":true,"href":"https:\/\/timbeco.ee\/fi\/wp-json\/wp\/v2\/comments?post=2909"}],"version-history":[{"count":7,"href":"https:\/\/timbeco.ee\/fi\/wp-json\/wp\/v2\/pages\/2909\/revisions"}],"predecessor-version":[{"id":4196,"href":"https:\/\/timbeco.ee\/fi\/wp-json\/wp\/v2\/pages\/2909\/revisions\/4196"}],"up":[{"embeddable":true,"href":"https:\/\/timbeco.ee\/fi\/wp-json\/wp\/v2\/pages\/39"}],"wp:attachment":[{"href":"https:\/\/timbeco.ee\/fi\/wp-json\/wp\/v2\/media?parent=2909"}],"curies":[{"name":"wp","href":"https:\/\/api.w.org\/{rel}","templated":true}]}}