{"id":2695,"date":"2018-08-07T15:50:09","date_gmt":"2018-08-07T12:50:09","guid":{"rendered":"https:\/\/timbeco.ee\/fi\/?page_id=2695"},"modified":"2019-05-28T09:00:31","modified_gmt":"2019-05-28T06:00:31","slug":"kattoelementit","status":"publish","type":"page","link":"https:\/\/timbeco.ee\/fi\/tuotteet\/puuelementit\/kattoelementit\/","title":{"rendered":"Kattoelementit"},"content":{"rendered":"","protected":false},"excerpt":{"rendered":"<p>Valmistamme korkealaatuisia sein\u00e4elementtej\u00e4 tilaajan projektin mukaisesti. Tarvittaessa tarjoamme my\u00f6s sein\u00e4elementtien pystytyst\u00e4.<\/p>\n","protected":false},"author":2,"featured_media":606,"parent":62,"menu_order":4,"comment_status":"closed","ping_status":"closed","template":"","meta":{"_acf_changed":false,"_monsterinsights_skip_tracking":false,"_monsterinsights_sitenote_active":false,"_monsterinsights_sitenote_note":"","_monsterinsights_sitenote_category":0,"footnotes":""},"class_list":["post-2695","page","type-page","status-publish","has-post-thumbnail","hentry"],"acf":[],"yoast_head":"<!-- This site is optimized with the Yoast SEO Premium plugin v27.2 (Yoast SEO v27.2) - https:\/\/yoast.com\/product\/yoast-seo-premium-wordpress\/ -->\n<title>Tehtaalla valmistetut kattoelementit - Timbeco Woodhouse Finland<\/title>\n<meta name=\"description\" content=\"Valmistamme korkealaatuisia t\u00e4ydess\u00e4 tehdasvalmiudessa olevia kattoelementtej\u00e4 tilaajan rakennussuunnitelman mukaisesti.\u00a0Tarvittaessa tarjoamme\" \/>\n<meta name=\"robots\" content=\"noindex, follow, max-snippet:-1, max-image-preview:large, max-video-preview:-1\" \/>\n<meta property=\"og:locale\" content=\"fi_FI\" \/>\n<meta property=\"og:type\" content=\"article\" \/>\n<meta property=\"og:title\" content=\"Kattoelementit\" \/>\n<meta property=\"og:description\" content=\"Valmistamme korkealaatuisia t\u00e4ydess\u00e4 tehdasvalmiudessa olevia kattoelementtej\u00e4 tilaajan rakennussuunnitelman mukaisesti.\u00a0Tarvittaessa tarjoamme\" \/>\n<meta property=\"og:url\" content=\"https:\/\/timbeco.ee\/fi\/tuotteet\/puuelementit\/kattoelementit\/\" \/>\n<meta property=\"og:site_name\" content=\"Timbeco Finland\" \/>\n<meta property=\"article:modified_time\" content=\"2019-05-28T06:00:31+00:00\" \/>\n<meta property=\"og:image\" content=\"https:\/\/timbeco.ee\/fi\/wp-content\/uploads\/sites\/9\/2018\/04\/bardufoss_kool3_edited.jpg\" \/>\n\t<meta property=\"og:image:width\" content=\"1270\" \/>\n\t<meta property=\"og:image:height\" content=\"673\" \/>\n\t<meta property=\"og:image:type\" content=\"image\/jpeg\" \/>\n<meta name=\"twitter:card\" content=\"summary_large_image\" \/>\n<script type=\"application\/ld+json\" class=\"yoast-schema-graph\">{\"@context\":\"https:\/\/schema.org\",\"@graph\":[{\"@type\":\"WebPage\",\"@id\":\"https:\/\/timbeco.ee\/fi\/tuotteet\/puuelementit\/kattoelementit\/\",\"url\":\"https:\/\/timbeco.ee\/fi\/tuotteet\/puuelementit\/kattoelementit\/\",\"name\":\"Tehtaalla valmistetut kattoelementit - Timbeco Woodhouse Finland\",\"isPartOf\":{\"@id\":\"https:\/\/timbeco.ee\/fi\/#website\"},\"primaryImageOfPage\":{\"@id\":\"https:\/\/timbeco.ee\/fi\/tuotteet\/puuelementit\/kattoelementit\/#primaryimage\"},\"image\":{\"@id\":\"https:\/\/timbeco.ee\/fi\/tuotteet\/puuelementit\/kattoelementit\/#primaryimage\"},\"thumbnailUrl\":\"https:\/\/timbeco.ee\/fi\/wp-content\/uploads\/sites\/9\/2018\/04\/bardufoss_kool3_edited.jpg\",\"datePublished\":\"2018-08-07T12:50:09+00:00\",\"dateModified\":\"2019-05-28T06:00:31+00:00\",\"description\":\"Valmistamme korkealaatuisia t\u00e4ydess\u00e4 tehdasvalmiudessa olevia kattoelementtej\u00e4 tilaajan rakennussuunnitelman mukaisesti.\u00a0Tarvittaessa tarjoamme\",\"breadcrumb\":{\"@id\":\"https:\/\/timbeco.ee\/fi\/tuotteet\/puuelementit\/kattoelementit\/#breadcrumb\"},\"inLanguage\":\"fi\",\"potentialAction\":[{\"@type\":\"ReadAction\",\"target\":[\"https:\/\/timbeco.ee\/fi\/tuotteet\/puuelementit\/kattoelementit\/\"]}]},{\"@type\":\"ImageObject\",\"inLanguage\":\"fi\",\"@id\":\"https:\/\/timbeco.ee\/fi\/tuotteet\/puuelementit\/kattoelementit\/#primaryimage\",\"url\":\"https:\/\/timbeco.ee\/fi\/wp-content\/uploads\/sites\/9\/2018\/04\/bardufoss_kool3_edited.jpg\",\"contentUrl\":\"https:\/\/timbeco.ee\/fi\/wp-content\/uploads\/sites\/9\/2018\/04\/bardufoss_kool3_edited.jpg\",\"width\":1270,\"height\":673,\"caption\":\"Puuelementit\"},{\"@type\":\"BreadcrumbList\",\"@id\":\"https:\/\/timbeco.ee\/fi\/tuotteet\/puuelementit\/kattoelementit\/#breadcrumb\",\"itemListElement\":[{\"@type\":\"ListItem\",\"position\":1,\"name\":\"Avaleht\",\"item\":\"https:\/\/timbeco.ee\/fi\/\"},{\"@type\":\"ListItem\",\"position\":2,\"name\":\"Tuotteet\",\"item\":\"https:\/\/timbeco.ee\/fi\/tuotteet\/\"},{\"@type\":\"ListItem\",\"position\":3,\"name\":\"Puuelementti\",\"item\":\"https:\/\/timbeco.ee\/fi\/tuotteet\/puuelementit\/\"},{\"@type\":\"ListItem\",\"position\":4,\"name\":\"Kattoelementit\"}]},{\"@type\":\"WebSite\",\"@id\":\"https:\/\/timbeco.ee\/fi\/#website\",\"url\":\"https:\/\/timbeco.ee\/fi\/\",\"name\":\"Timbeco Finland\",\"description\":\"Energias\u00e4\u00e4stlike puitmajade tehas\",\"publisher\":{\"@id\":\"https:\/\/timbeco.ee\/fi\/#organization\"},\"potentialAction\":[{\"@type\":\"SearchAction\",\"target\":{\"@type\":\"EntryPoint\",\"urlTemplate\":\"https:\/\/timbeco.ee\/fi\/?s={search_term_string}\"},\"query-input\":{\"@type\":\"PropertyValueSpecification\",\"valueRequired\":true,\"valueName\":\"search_term_string\"}}],\"inLanguage\":\"fi\"},{\"@type\":\"Organization\",\"@id\":\"https:\/\/timbeco.ee\/fi\/#organization\",\"name\":\"Timbeco Woodhouse O\u00dc\",\"url\":\"https:\/\/timbeco.ee\/fi\/\",\"logo\":{\"@type\":\"ImageObject\",\"inLanguage\":\"fi\",\"@id\":\"https:\/\/timbeco.ee\/fi\/#\/schema\/logo\/image\/\",\"url\":\"https:\/\/timbeco.ee\/fi\/wp-content\/uploads\/sites\/9\/2018\/03\/timbeco-logo.png\",\"contentUrl\":\"https:\/\/timbeco.ee\/fi\/wp-content\/uploads\/sites\/9\/2018\/03\/timbeco-logo.png\",\"width\":200,\"height\":41,\"caption\":\"Timbeco Woodhouse O\u00dc\"},\"image\":{\"@id\":\"https:\/\/timbeco.ee\/fi\/#\/schema\/logo\/image\/\"}}]}<\/script>\n<!-- \/ Yoast SEO Premium plugin. -->","yoast_head_json":{"title":"Tehtaalla valmistetut kattoelementit - Timbeco Woodhouse Finland","description":"Valmistamme korkealaatuisia t\u00e4ydess\u00e4 tehdasvalmiudessa olevia kattoelementtej\u00e4 tilaajan rakennussuunnitelman mukaisesti.\u00a0Tarvittaessa tarjoamme","robots":{"index":"noindex","follow":"follow","max-snippet":"max-snippet:-1","max-image-preview":"max-image-preview:large","max-video-preview":"max-video-preview:-1"},"og_locale":"fi_FI","og_type":"article","og_title":"Kattoelementit","og_description":"Valmistamme korkealaatuisia t\u00e4ydess\u00e4 tehdasvalmiudessa olevia kattoelementtej\u00e4 tilaajan rakennussuunnitelman mukaisesti.\u00a0Tarvittaessa tarjoamme","og_url":"https:\/\/timbeco.ee\/fi\/tuotteet\/puuelementit\/kattoelementit\/","og_site_name":"Timbeco Finland","article_modified_time":"2019-05-28T06:00:31+00:00","og_image":[{"width":1270,"height":673,"url":"https:\/\/timbeco.ee\/fi\/wp-content\/uploads\/sites\/9\/2018\/04\/bardufoss_kool3_edited.jpg","type":"image\/jpeg"}],"twitter_card":"summary_large_image","schema":{"@context":"https:\/\/schema.org","@graph":[{"@type":"WebPage","@id":"https:\/\/timbeco.ee\/fi\/tuotteet\/puuelementit\/kattoelementit\/","url":"https:\/\/timbeco.ee\/fi\/tuotteet\/puuelementit\/kattoelementit\/","name":"Tehtaalla valmistetut kattoelementit - Timbeco Woodhouse Finland","isPartOf":{"@id":"https:\/\/timbeco.ee\/fi\/#website"},"primaryImageOfPage":{"@id":"https:\/\/timbeco.ee\/fi\/tuotteet\/puuelementit\/kattoelementit\/#primaryimage"},"image":{"@id":"https:\/\/timbeco.ee\/fi\/tuotteet\/puuelementit\/kattoelementit\/#primaryimage"},"thumbnailUrl":"https:\/\/timbeco.ee\/fi\/wp-content\/uploads\/sites\/9\/2018\/04\/bardufoss_kool3_edited.jpg","datePublished":"2018-08-07T12:50:09+00:00","dateModified":"2019-05-28T06:00:31+00:00","description":"Valmistamme korkealaatuisia t\u00e4ydess\u00e4 tehdasvalmiudessa olevia kattoelementtej\u00e4 tilaajan rakennussuunnitelman mukaisesti.\u00a0Tarvittaessa tarjoamme","breadcrumb":{"@id":"https:\/\/timbeco.ee\/fi\/tuotteet\/puuelementit\/kattoelementit\/#breadcrumb"},"inLanguage":"fi","potentialAction":[{"@type":"ReadAction","target":["https:\/\/timbeco.ee\/fi\/tuotteet\/puuelementit\/kattoelementit\/"]}]},{"@type":"ImageObject","inLanguage":"fi","@id":"https:\/\/timbeco.ee\/fi\/tuotteet\/puuelementit\/kattoelementit\/#primaryimage","url":"https:\/\/timbeco.ee\/fi\/wp-content\/uploads\/sites\/9\/2018\/04\/bardufoss_kool3_edited.jpg","contentUrl":"https:\/\/timbeco.ee\/fi\/wp-content\/uploads\/sites\/9\/2018\/04\/bardufoss_kool3_edited.jpg","width":1270,"height":673,"caption":"Puuelementit"},{"@type":"BreadcrumbList","@id":"https:\/\/timbeco.ee\/fi\/tuotteet\/puuelementit\/kattoelementit\/#breadcrumb","itemListElement":[{"@type":"ListItem","position":1,"name":"Avaleht","item":"https:\/\/timbeco.ee\/fi\/"},{"@type":"ListItem","position":2,"name":"Tuotteet","item":"https:\/\/timbeco.ee\/fi\/tuotteet\/"},{"@type":"ListItem","position":3,"name":"Puuelementti","item":"https:\/\/timbeco.ee\/fi\/tuotteet\/puuelementit\/"},{"@type":"ListItem","position":4,"name":"Kattoelementit"}]},{"@type":"WebSite","@id":"https:\/\/timbeco.ee\/fi\/#website","url":"https:\/\/timbeco.ee\/fi\/","name":"Timbeco Finland","description":"Energias\u00e4\u00e4stlike puitmajade tehas","publisher":{"@id":"https:\/\/timbeco.ee\/fi\/#organization"},"potentialAction":[{"@type":"SearchAction","target":{"@type":"EntryPoint","urlTemplate":"https:\/\/timbeco.ee\/fi\/?s={search_term_string}"},"query-input":{"@type":"PropertyValueSpecification","valueRequired":true,"valueName":"search_term_string"}}],"inLanguage":"fi"},{"@type":"Organization","@id":"https:\/\/timbeco.ee\/fi\/#organization","name":"Timbeco Woodhouse O\u00dc","url":"https:\/\/timbeco.ee\/fi\/","logo":{"@type":"ImageObject","inLanguage":"fi","@id":"https:\/\/timbeco.ee\/fi\/#\/schema\/logo\/image\/","url":"https:\/\/timbeco.ee\/fi\/wp-content\/uploads\/sites\/9\/2018\/03\/timbeco-logo.png","contentUrl":"https:\/\/timbeco.ee\/fi\/wp-content\/uploads\/sites\/9\/2018\/03\/timbeco-logo.png","width":200,"height":41,"caption":"Timbeco Woodhouse O\u00dc"},"image":{"@id":"https:\/\/timbeco.ee\/fi\/#\/schema\/logo\/image\/"}}]}},"_links":{"self":[{"href":"https:\/\/timbeco.ee\/fi\/wp-json\/wp\/v2\/pages\/2695","targetHints":{"allow":["GET"]}}],"collection":[{"href":"https:\/\/timbeco.ee\/fi\/wp-json\/wp\/v2\/pages"}],"about":[{"href":"https:\/\/timbeco.ee\/fi\/wp-json\/wp\/v2\/types\/page"}],"author":[{"embeddable":true,"href":"https:\/\/timbeco.ee\/fi\/wp-json\/wp\/v2\/users\/2"}],"replies":[{"embeddable":true,"href":"https:\/\/timbeco.ee\/fi\/wp-json\/wp\/v2\/comments?post=2695"}],"version-history":[{"count":13,"href":"https:\/\/timbeco.ee\/fi\/wp-json\/wp\/v2\/pages\/2695\/revisions"}],"predecessor-version":[{"id":3537,"href":"https:\/\/timbeco.ee\/fi\/wp-json\/wp\/v2\/pages\/2695\/revisions\/3537"}],"up":[{"embeddable":true,"href":"https:\/\/timbeco.ee\/fi\/wp-json\/wp\/v2\/pages\/62"}],"wp:featuredmedia":[{"embeddable":true,"href":"https:\/\/timbeco.ee\/fi\/wp-json\/wp\/v2\/media\/606"}],"wp:attachment":[{"href":"https:\/\/timbeco.ee\/fi\/wp-json\/wp\/v2\/media?parent=2695"}],"curies":[{"name":"wp","href":"https:\/\/api.w.org\/{rel}","templated":true}]}}