{"id":2421,"date":"2018-05-31T09:54:27","date_gmt":"2018-05-31T06:54:27","guid":{"rendered":"https:\/\/timbeco.ee\/fi\/?page_id=2421"},"modified":"2019-05-06T11:03:04","modified_gmt":"2019-05-06T08:03:04","slug":"moduulirakennusten-rakentaminen","status":"publish","type":"page","link":"https:\/\/timbeco.ee\/fi\/rakentaminen\/moduulirakennusten-rakentaminen\/","title":{"rendered":"Moduulirakennusten rakentaminen"},"content":{"rendered":"","protected":false},"excerpt":{"rendered":"<p>Suurimmat kerrostalot asennetaan s\u00e4\u00e4ti\u00f6\u00f6n viikon ajan. Moduulien rakentaminen s\u00e4\u00e4st\u00e4\u00e4 huomattavasti aikaa ja v\u00e4hent\u00e4\u00e4 rakennusj\u00e4tett\u00e4 sivustossa.<\/p>\n","protected":false},"author":2,"featured_media":2422,"parent":35,"menu_order":0,"comment_status":"closed","ping_status":"closed","template":"","meta":{"_acf_changed":false,"_monsterinsights_skip_tracking":false,"_monsterinsights_sitenote_active":false,"_monsterinsights_sitenote_note":"","_monsterinsights_sitenote_category":0,"footnotes":""},"class_list":["post-2421","page","type-page","status-publish","has-post-thumbnail","hentry"],"acf":[],"yoast_head":"<!-- This site is optimized with the Yoast SEO Premium plugin v27.2 (Yoast SEO v27.2) - https:\/\/yoast.com\/product\/yoast-seo-premium-wordpress\/ -->\n<title>Moduulirakennusten rakentaminen - Timbeco Finland<\/title>\n<meta name=\"robots\" content=\"noindex, follow, max-snippet:-1, max-image-preview:large, max-video-preview:-1\" \/>\n<meta property=\"og:locale\" content=\"fi_FI\" \/>\n<meta property=\"og:type\" content=\"article\" \/>\n<meta property=\"og:title\" content=\"Moduulirakennusten rakentaminen\" \/>\n<meta property=\"og:description\" content=\"Suurimmat kerrostalot asennetaan s\u00e4\u00e4ti\u00f6\u00f6n viikon ajan. Moduulien rakentaminen s\u00e4\u00e4st\u00e4\u00e4 huomattavasti aikaa ja v\u00e4hent\u00e4\u00e4 rakennusj\u00e4tett\u00e4 sivustossa.\" \/>\n<meta property=\"og:url\" content=\"https:\/\/timbeco.ee\/fi\/rakentaminen\/moduulirakennusten-rakentaminen\/\" \/>\n<meta property=\"og:site_name\" content=\"Timbeco Finland\" \/>\n<meta property=\"article:modified_time\" content=\"2019-05-06T08:03:04+00:00\" \/>\n<meta property=\"og:image\" content=\"https:\/\/timbeco.ee\/fi\/wp-content\/uploads\/sites\/9\/2018\/05\/aby1.jpg\" \/>\n\t<meta property=\"og:image:width\" content=\"640\" \/>\n\t<meta property=\"og:image:height\" content=\"427\" \/>\n\t<meta property=\"og:image:type\" content=\"image\/jpeg\" \/>\n<meta name=\"twitter:card\" content=\"summary_large_image\" \/>\n<script type=\"application\/ld+json\" class=\"yoast-schema-graph\">{\"@context\":\"https:\/\/schema.org\",\"@graph\":[{\"@type\":\"WebPage\",\"@id\":\"https:\/\/timbeco.ee\/fi\/rakentaminen\/moduulirakennusten-rakentaminen\/\",\"url\":\"https:\/\/timbeco.ee\/fi\/rakentaminen\/moduulirakennusten-rakentaminen\/\",\"name\":\"Moduulirakennusten rakentaminen - Timbeco Finland\",\"isPartOf\":{\"@id\":\"https:\/\/timbeco.ee\/fi\/#website\"},\"primaryImageOfPage\":{\"@id\":\"https:\/\/timbeco.ee\/fi\/rakentaminen\/moduulirakennusten-rakentaminen\/#primaryimage\"},\"image\":{\"@id\":\"https:\/\/timbeco.ee\/fi\/rakentaminen\/moduulirakennusten-rakentaminen\/#primaryimage\"},\"thumbnailUrl\":\"https:\/\/timbeco.ee\/fi\/wp-content\/uploads\/sites\/9\/2018\/05\/aby1.jpg\",\"datePublished\":\"2018-05-31T06:54:27+00:00\",\"dateModified\":\"2019-05-06T08:03:04+00:00\",\"breadcrumb\":{\"@id\":\"https:\/\/timbeco.ee\/fi\/rakentaminen\/moduulirakennusten-rakentaminen\/#breadcrumb\"},\"inLanguage\":\"fi\",\"potentialAction\":[{\"@type\":\"ReadAction\",\"target\":[\"https:\/\/timbeco.ee\/fi\/rakentaminen\/moduulirakennusten-rakentaminen\/\"]}]},{\"@type\":\"ImageObject\",\"inLanguage\":\"fi\",\"@id\":\"https:\/\/timbeco.ee\/fi\/rakentaminen\/moduulirakennusten-rakentaminen\/#primaryimage\",\"url\":\"https:\/\/timbeco.ee\/fi\/wp-content\/uploads\/sites\/9\/2018\/05\/aby1.jpg\",\"contentUrl\":\"https:\/\/timbeco.ee\/fi\/wp-content\/uploads\/sites\/9\/2018\/05\/aby1.jpg\",\"width\":640,\"height\":427,\"caption\":\"Puuelementit\"},{\"@type\":\"BreadcrumbList\",\"@id\":\"https:\/\/timbeco.ee\/fi\/rakentaminen\/moduulirakennusten-rakentaminen\/#breadcrumb\",\"itemListElement\":[{\"@type\":\"ListItem\",\"position\":1,\"name\":\"Avaleht\",\"item\":\"https:\/\/timbeco.ee\/fi\/\"},{\"@type\":\"ListItem\",\"position\":2,\"name\":\"Rakentaminen\",\"item\":\"https:\/\/timbeco.ee\/fi\/rakentaminen\/\"},{\"@type\":\"ListItem\",\"position\":3,\"name\":\"Moduulirakennusten rakentaminen\"}]},{\"@type\":\"WebSite\",\"@id\":\"https:\/\/timbeco.ee\/fi\/#website\",\"url\":\"https:\/\/timbeco.ee\/fi\/\",\"name\":\"Timbeco Finland\",\"description\":\"Energias\u00e4\u00e4stlike puitmajade tehas\",\"publisher\":{\"@id\":\"https:\/\/timbeco.ee\/fi\/#organization\"},\"potentialAction\":[{\"@type\":\"SearchAction\",\"target\":{\"@type\":\"EntryPoint\",\"urlTemplate\":\"https:\/\/timbeco.ee\/fi\/?s={search_term_string}\"},\"query-input\":{\"@type\":\"PropertyValueSpecification\",\"valueRequired\":true,\"valueName\":\"search_term_string\"}}],\"inLanguage\":\"fi\"},{\"@type\":\"Organization\",\"@id\":\"https:\/\/timbeco.ee\/fi\/#organization\",\"name\":\"Timbeco Woodhouse O\u00dc\",\"url\":\"https:\/\/timbeco.ee\/fi\/\",\"logo\":{\"@type\":\"ImageObject\",\"inLanguage\":\"fi\",\"@id\":\"https:\/\/timbeco.ee\/fi\/#\/schema\/logo\/image\/\",\"url\":\"https:\/\/timbeco.ee\/fi\/wp-content\/uploads\/sites\/9\/2018\/03\/timbeco-logo.png\",\"contentUrl\":\"https:\/\/timbeco.ee\/fi\/wp-content\/uploads\/sites\/9\/2018\/03\/timbeco-logo.png\",\"width\":200,\"height\":41,\"caption\":\"Timbeco Woodhouse O\u00dc\"},\"image\":{\"@id\":\"https:\/\/timbeco.ee\/fi\/#\/schema\/logo\/image\/\"}}]}<\/script>\n<!-- \/ Yoast SEO Premium plugin. -->","yoast_head_json":{"title":"Moduulirakennusten rakentaminen - Timbeco Finland","robots":{"index":"noindex","follow":"follow","max-snippet":"max-snippet:-1","max-image-preview":"max-image-preview:large","max-video-preview":"max-video-preview:-1"},"og_locale":"fi_FI","og_type":"article","og_title":"Moduulirakennusten rakentaminen","og_description":"Suurimmat kerrostalot asennetaan s\u00e4\u00e4ti\u00f6\u00f6n viikon ajan. Moduulien rakentaminen s\u00e4\u00e4st\u00e4\u00e4 huomattavasti aikaa ja v\u00e4hent\u00e4\u00e4 rakennusj\u00e4tett\u00e4 sivustossa.","og_url":"https:\/\/timbeco.ee\/fi\/rakentaminen\/moduulirakennusten-rakentaminen\/","og_site_name":"Timbeco Finland","article_modified_time":"2019-05-06T08:03:04+00:00","og_image":[{"width":640,"height":427,"url":"https:\/\/timbeco.ee\/fi\/wp-content\/uploads\/sites\/9\/2018\/05\/aby1.jpg","type":"image\/jpeg"}],"twitter_card":"summary_large_image","schema":{"@context":"https:\/\/schema.org","@graph":[{"@type":"WebPage","@id":"https:\/\/timbeco.ee\/fi\/rakentaminen\/moduulirakennusten-rakentaminen\/","url":"https:\/\/timbeco.ee\/fi\/rakentaminen\/moduulirakennusten-rakentaminen\/","name":"Moduulirakennusten rakentaminen - Timbeco Finland","isPartOf":{"@id":"https:\/\/timbeco.ee\/fi\/#website"},"primaryImageOfPage":{"@id":"https:\/\/timbeco.ee\/fi\/rakentaminen\/moduulirakennusten-rakentaminen\/#primaryimage"},"image":{"@id":"https:\/\/timbeco.ee\/fi\/rakentaminen\/moduulirakennusten-rakentaminen\/#primaryimage"},"thumbnailUrl":"https:\/\/timbeco.ee\/fi\/wp-content\/uploads\/sites\/9\/2018\/05\/aby1.jpg","datePublished":"2018-05-31T06:54:27+00:00","dateModified":"2019-05-06T08:03:04+00:00","breadcrumb":{"@id":"https:\/\/timbeco.ee\/fi\/rakentaminen\/moduulirakennusten-rakentaminen\/#breadcrumb"},"inLanguage":"fi","potentialAction":[{"@type":"ReadAction","target":["https:\/\/timbeco.ee\/fi\/rakentaminen\/moduulirakennusten-rakentaminen\/"]}]},{"@type":"ImageObject","inLanguage":"fi","@id":"https:\/\/timbeco.ee\/fi\/rakentaminen\/moduulirakennusten-rakentaminen\/#primaryimage","url":"https:\/\/timbeco.ee\/fi\/wp-content\/uploads\/sites\/9\/2018\/05\/aby1.jpg","contentUrl":"https:\/\/timbeco.ee\/fi\/wp-content\/uploads\/sites\/9\/2018\/05\/aby1.jpg","width":640,"height":427,"caption":"Puuelementit"},{"@type":"BreadcrumbList","@id":"https:\/\/timbeco.ee\/fi\/rakentaminen\/moduulirakennusten-rakentaminen\/#breadcrumb","itemListElement":[{"@type":"ListItem","position":1,"name":"Avaleht","item":"https:\/\/timbeco.ee\/fi\/"},{"@type":"ListItem","position":2,"name":"Rakentaminen","item":"https:\/\/timbeco.ee\/fi\/rakentaminen\/"},{"@type":"ListItem","position":3,"name":"Moduulirakennusten rakentaminen"}]},{"@type":"WebSite","@id":"https:\/\/timbeco.ee\/fi\/#website","url":"https:\/\/timbeco.ee\/fi\/","name":"Timbeco Finland","description":"Energias\u00e4\u00e4stlike puitmajade tehas","publisher":{"@id":"https:\/\/timbeco.ee\/fi\/#organization"},"potentialAction":[{"@type":"SearchAction","target":{"@type":"EntryPoint","urlTemplate":"https:\/\/timbeco.ee\/fi\/?s={search_term_string}"},"query-input":{"@type":"PropertyValueSpecification","valueRequired":true,"valueName":"search_term_string"}}],"inLanguage":"fi"},{"@type":"Organization","@id":"https:\/\/timbeco.ee\/fi\/#organization","name":"Timbeco Woodhouse O\u00dc","url":"https:\/\/timbeco.ee\/fi\/","logo":{"@type":"ImageObject","inLanguage":"fi","@id":"https:\/\/timbeco.ee\/fi\/#\/schema\/logo\/image\/","url":"https:\/\/timbeco.ee\/fi\/wp-content\/uploads\/sites\/9\/2018\/03\/timbeco-logo.png","contentUrl":"https:\/\/timbeco.ee\/fi\/wp-content\/uploads\/sites\/9\/2018\/03\/timbeco-logo.png","width":200,"height":41,"caption":"Timbeco Woodhouse O\u00dc"},"image":{"@id":"https:\/\/timbeco.ee\/fi\/#\/schema\/logo\/image\/"}}]}},"_links":{"self":[{"href":"https:\/\/timbeco.ee\/fi\/wp-json\/wp\/v2\/pages\/2421","targetHints":{"allow":["GET"]}}],"collection":[{"href":"https:\/\/timbeco.ee\/fi\/wp-json\/wp\/v2\/pages"}],"about":[{"href":"https:\/\/timbeco.ee\/fi\/wp-json\/wp\/v2\/types\/page"}],"author":[{"embeddable":true,"href":"https:\/\/timbeco.ee\/fi\/wp-json\/wp\/v2\/users\/2"}],"replies":[{"embeddable":true,"href":"https:\/\/timbeco.ee\/fi\/wp-json\/wp\/v2\/comments?post=2421"}],"version-history":[{"count":16,"href":"https:\/\/timbeco.ee\/fi\/wp-json\/wp\/v2\/pages\/2421\/revisions"}],"predecessor-version":[{"id":3480,"href":"https:\/\/timbeco.ee\/fi\/wp-json\/wp\/v2\/pages\/2421\/revisions\/3480"}],"up":[{"embeddable":true,"href":"https:\/\/timbeco.ee\/fi\/wp-json\/wp\/v2\/pages\/35"}],"wp:featuredmedia":[{"embeddable":true,"href":"https:\/\/timbeco.ee\/fi\/wp-json\/wp\/v2\/media\/2422"}],"wp:attachment":[{"href":"https:\/\/timbeco.ee\/fi\/wp-json\/wp\/v2\/media?parent=2421"}],"curies":[{"name":"wp","href":"https:\/\/api.w.org\/{rel}","templated":true}]}}