{"id":216,"date":"2018-03-08T14:51:36","date_gmt":"2018-03-08T12:51:36","guid":{"rendered":"https:\/\/timbeco.ee\/fi\/?page_id=216"},"modified":"2020-08-03T09:46:37","modified_gmt":"2020-08-03T06:46:37","slug":"kattoelementit","status":"publish","type":"page","link":"https:\/\/timbeco.ee\/fi\/tuotteet\/kattoelementit\/","title":{"rendered":"Kattoelementti"},"content":{"rendered":"","protected":false},"excerpt":{"rendered":"<p>Puuelementit ovat hengitt\u00e4vi\u00e4 ja soveltuvat eri tyyppisille ja koon omaaville rakennuksille. Kattokomponentit voidaan jo osittain p\u00e4\u00e4llyst\u00e4\u00e4 tehtaalla kateaineella.<\/p>\n","protected":false},"author":1,"featured_media":217,"parent":29,"menu_order":4,"comment_status":"closed","ping_status":"closed","template":"","meta":{"_acf_changed":false,"_monsterinsights_skip_tracking":false,"_monsterinsights_sitenote_active":false,"_monsterinsights_sitenote_note":"","_monsterinsights_sitenote_category":0,"footnotes":""},"class_list":["post-216","page","type-page","status-publish","has-post-thumbnail","hentry"],"acf":[],"yoast_head":"<!-- This site is optimized with the Yoast SEO Premium plugin v27.2 (Yoast SEO v27.2) - https:\/\/yoast.com\/product\/yoast-seo-premium-wordpress\/ -->\n<title>Kattoelementti standardikatto elementteihin - Timbeco Woodhouse<\/title>\n<meta name=\"description\" content=\"Paras ja nopein ratkaisu suurien rakennusten nopealle suojautumiselle rankkasateilta on Timbecon puurakenteiden kattoelementtien k\u00e4ytt\u00f6. Timbecon katon\" \/>\n<meta name=\"robots\" content=\"noindex, follow, max-snippet:-1, max-image-preview:large, max-video-preview:-1\" \/>\n<meta property=\"og:locale\" content=\"fi_FI\" \/>\n<meta property=\"og:type\" content=\"article\" \/>\n<meta property=\"og:title\" content=\"Kattoelementti\" \/>\n<meta property=\"og:description\" content=\"Paras ja nopein ratkaisu suurien rakennusten nopealle suojautumiselle rankkasateilta on Timbecon puurakenteiden kattoelementtien k\u00e4ytt\u00f6. Timbecon katon\" \/>\n<meta property=\"og:url\" content=\"https:\/\/timbeco.ee\/fi\/tuotteet\/kattoelementit\/\" \/>\n<meta property=\"og:site_name\" content=\"Timbeco Finland\" \/>\n<meta property=\"article:modified_time\" content=\"2020-08-03T06:46:37+00:00\" \/>\n<meta property=\"og:image\" content=\"https:\/\/timbeco.ee\/fi\/wp-content\/uploads\/sites\/9\/2018\/03\/katuseelemendid-resized.jpg\" \/>\n\t<meta property=\"og:image:width\" content=\"555\" \/>\n\t<meta property=\"og:image:height\" content=\"270\" \/>\n\t<meta property=\"og:image:type\" content=\"image\/jpeg\" \/>\n<meta name=\"twitter:card\" content=\"summary_large_image\" \/>\n<script type=\"application\/ld+json\" class=\"yoast-schema-graph\">{\"@context\":\"https:\/\/schema.org\",\"@graph\":[{\"@type\":\"WebPage\",\"@id\":\"https:\/\/timbeco.ee\/fi\/tuotteet\/kattoelementit\/\",\"url\":\"https:\/\/timbeco.ee\/fi\/tuotteet\/kattoelementit\/\",\"name\":\"Kattoelementti standardikatto elementteihin - Timbeco Woodhouse\",\"isPartOf\":{\"@id\":\"https:\/\/timbeco.ee\/fi\/#website\"},\"primaryImageOfPage\":{\"@id\":\"https:\/\/timbeco.ee\/fi\/tuotteet\/kattoelementit\/#primaryimage\"},\"image\":{\"@id\":\"https:\/\/timbeco.ee\/fi\/tuotteet\/kattoelementit\/#primaryimage\"},\"thumbnailUrl\":\"https:\/\/timbeco.ee\/fi\/wp-content\/uploads\/sites\/9\/2018\/03\/katuseelemendid-resized.jpg\",\"datePublished\":\"2018-03-08T12:51:36+00:00\",\"dateModified\":\"2020-08-03T06:46:37+00:00\",\"description\":\"Paras ja nopein ratkaisu suurien rakennusten nopealle suojautumiselle rankkasateilta on Timbecon puurakenteiden kattoelementtien k\u00e4ytt\u00f6. Timbecon katon\",\"breadcrumb\":{\"@id\":\"https:\/\/timbeco.ee\/fi\/tuotteet\/kattoelementit\/#breadcrumb\"},\"inLanguage\":\"fi\",\"potentialAction\":[{\"@type\":\"ReadAction\",\"target\":[\"https:\/\/timbeco.ee\/fi\/tuotteet\/kattoelementit\/\"]}]},{\"@type\":\"ImageObject\",\"inLanguage\":\"fi\",\"@id\":\"https:\/\/timbeco.ee\/fi\/tuotteet\/kattoelementit\/#primaryimage\",\"url\":\"https:\/\/timbeco.ee\/fi\/wp-content\/uploads\/sites\/9\/2018\/03\/katuseelemendid-resized.jpg\",\"contentUrl\":\"https:\/\/timbeco.ee\/fi\/wp-content\/uploads\/sites\/9\/2018\/03\/katuseelemendid-resized.jpg\",\"width\":555,\"height\":270,\"caption\":\"Elementtitalot\"},{\"@type\":\"BreadcrumbList\",\"@id\":\"https:\/\/timbeco.ee\/fi\/tuotteet\/kattoelementit\/#breadcrumb\",\"itemListElement\":[{\"@type\":\"ListItem\",\"position\":1,\"name\":\"Avaleht\",\"item\":\"https:\/\/timbeco.ee\/fi\/\"},{\"@type\":\"ListItem\",\"position\":2,\"name\":\"Tuotteet\",\"item\":\"https:\/\/timbeco.ee\/fi\/tuotteet\/\"},{\"@type\":\"ListItem\",\"position\":3,\"name\":\"Kattoelementti\"}]},{\"@type\":\"WebSite\",\"@id\":\"https:\/\/timbeco.ee\/fi\/#website\",\"url\":\"https:\/\/timbeco.ee\/fi\/\",\"name\":\"Timbeco Finland\",\"description\":\"Energias\u00e4\u00e4stlike puitmajade tehas\",\"publisher\":{\"@id\":\"https:\/\/timbeco.ee\/fi\/#organization\"},\"potentialAction\":[{\"@type\":\"SearchAction\",\"target\":{\"@type\":\"EntryPoint\",\"urlTemplate\":\"https:\/\/timbeco.ee\/fi\/?s={search_term_string}\"},\"query-input\":{\"@type\":\"PropertyValueSpecification\",\"valueRequired\":true,\"valueName\":\"search_term_string\"}}],\"inLanguage\":\"fi\"},{\"@type\":\"Organization\",\"@id\":\"https:\/\/timbeco.ee\/fi\/#organization\",\"name\":\"Timbeco Woodhouse O\u00dc\",\"url\":\"https:\/\/timbeco.ee\/fi\/\",\"logo\":{\"@type\":\"ImageObject\",\"inLanguage\":\"fi\",\"@id\":\"https:\/\/timbeco.ee\/fi\/#\/schema\/logo\/image\/\",\"url\":\"https:\/\/timbeco.ee\/fi\/wp-content\/uploads\/sites\/9\/2018\/03\/timbeco-logo.png\",\"contentUrl\":\"https:\/\/timbeco.ee\/fi\/wp-content\/uploads\/sites\/9\/2018\/03\/timbeco-logo.png\",\"width\":200,\"height\":41,\"caption\":\"Timbeco Woodhouse O\u00dc\"},\"image\":{\"@id\":\"https:\/\/timbeco.ee\/fi\/#\/schema\/logo\/image\/\"}}]}<\/script>\n<!-- \/ Yoast SEO Premium plugin. -->","yoast_head_json":{"title":"Kattoelementti standardikatto elementteihin - Timbeco Woodhouse","description":"Paras ja nopein ratkaisu suurien rakennusten nopealle suojautumiselle rankkasateilta on Timbecon puurakenteiden kattoelementtien k\u00e4ytt\u00f6. Timbecon katon","robots":{"index":"noindex","follow":"follow","max-snippet":"max-snippet:-1","max-image-preview":"max-image-preview:large","max-video-preview":"max-video-preview:-1"},"og_locale":"fi_FI","og_type":"article","og_title":"Kattoelementti","og_description":"Paras ja nopein ratkaisu suurien rakennusten nopealle suojautumiselle rankkasateilta on Timbecon puurakenteiden kattoelementtien k\u00e4ytt\u00f6. Timbecon katon","og_url":"https:\/\/timbeco.ee\/fi\/tuotteet\/kattoelementit\/","og_site_name":"Timbeco Finland","article_modified_time":"2020-08-03T06:46:37+00:00","og_image":[{"width":555,"height":270,"url":"https:\/\/timbeco.ee\/fi\/wp-content\/uploads\/sites\/9\/2018\/03\/katuseelemendid-resized.jpg","type":"image\/jpeg"}],"twitter_card":"summary_large_image","schema":{"@context":"https:\/\/schema.org","@graph":[{"@type":"WebPage","@id":"https:\/\/timbeco.ee\/fi\/tuotteet\/kattoelementit\/","url":"https:\/\/timbeco.ee\/fi\/tuotteet\/kattoelementit\/","name":"Kattoelementti standardikatto elementteihin - Timbeco Woodhouse","isPartOf":{"@id":"https:\/\/timbeco.ee\/fi\/#website"},"primaryImageOfPage":{"@id":"https:\/\/timbeco.ee\/fi\/tuotteet\/kattoelementit\/#primaryimage"},"image":{"@id":"https:\/\/timbeco.ee\/fi\/tuotteet\/kattoelementit\/#primaryimage"},"thumbnailUrl":"https:\/\/timbeco.ee\/fi\/wp-content\/uploads\/sites\/9\/2018\/03\/katuseelemendid-resized.jpg","datePublished":"2018-03-08T12:51:36+00:00","dateModified":"2020-08-03T06:46:37+00:00","description":"Paras ja nopein ratkaisu suurien rakennusten nopealle suojautumiselle rankkasateilta on Timbecon puurakenteiden kattoelementtien k\u00e4ytt\u00f6. Timbecon katon","breadcrumb":{"@id":"https:\/\/timbeco.ee\/fi\/tuotteet\/kattoelementit\/#breadcrumb"},"inLanguage":"fi","potentialAction":[{"@type":"ReadAction","target":["https:\/\/timbeco.ee\/fi\/tuotteet\/kattoelementit\/"]}]},{"@type":"ImageObject","inLanguage":"fi","@id":"https:\/\/timbeco.ee\/fi\/tuotteet\/kattoelementit\/#primaryimage","url":"https:\/\/timbeco.ee\/fi\/wp-content\/uploads\/sites\/9\/2018\/03\/katuseelemendid-resized.jpg","contentUrl":"https:\/\/timbeco.ee\/fi\/wp-content\/uploads\/sites\/9\/2018\/03\/katuseelemendid-resized.jpg","width":555,"height":270,"caption":"Elementtitalot"},{"@type":"BreadcrumbList","@id":"https:\/\/timbeco.ee\/fi\/tuotteet\/kattoelementit\/#breadcrumb","itemListElement":[{"@type":"ListItem","position":1,"name":"Avaleht","item":"https:\/\/timbeco.ee\/fi\/"},{"@type":"ListItem","position":2,"name":"Tuotteet","item":"https:\/\/timbeco.ee\/fi\/tuotteet\/"},{"@type":"ListItem","position":3,"name":"Kattoelementti"}]},{"@type":"WebSite","@id":"https:\/\/timbeco.ee\/fi\/#website","url":"https:\/\/timbeco.ee\/fi\/","name":"Timbeco Finland","description":"Energias\u00e4\u00e4stlike puitmajade tehas","publisher":{"@id":"https:\/\/timbeco.ee\/fi\/#organization"},"potentialAction":[{"@type":"SearchAction","target":{"@type":"EntryPoint","urlTemplate":"https:\/\/timbeco.ee\/fi\/?s={search_term_string}"},"query-input":{"@type":"PropertyValueSpecification","valueRequired":true,"valueName":"search_term_string"}}],"inLanguage":"fi"},{"@type":"Organization","@id":"https:\/\/timbeco.ee\/fi\/#organization","name":"Timbeco Woodhouse O\u00dc","url":"https:\/\/timbeco.ee\/fi\/","logo":{"@type":"ImageObject","inLanguage":"fi","@id":"https:\/\/timbeco.ee\/fi\/#\/schema\/logo\/image\/","url":"https:\/\/timbeco.ee\/fi\/wp-content\/uploads\/sites\/9\/2018\/03\/timbeco-logo.png","contentUrl":"https:\/\/timbeco.ee\/fi\/wp-content\/uploads\/sites\/9\/2018\/03\/timbeco-logo.png","width":200,"height":41,"caption":"Timbeco Woodhouse O\u00dc"},"image":{"@id":"https:\/\/timbeco.ee\/fi\/#\/schema\/logo\/image\/"}}]}},"_links":{"self":[{"href":"https:\/\/timbeco.ee\/fi\/wp-json\/wp\/v2\/pages\/216","targetHints":{"allow":["GET"]}}],"collection":[{"href":"https:\/\/timbeco.ee\/fi\/wp-json\/wp\/v2\/pages"}],"about":[{"href":"https:\/\/timbeco.ee\/fi\/wp-json\/wp\/v2\/types\/page"}],"author":[{"embeddable":true,"href":"https:\/\/timbeco.ee\/fi\/wp-json\/wp\/v2\/users\/1"}],"replies":[{"embeddable":true,"href":"https:\/\/timbeco.ee\/fi\/wp-json\/wp\/v2\/comments?post=216"}],"version-history":[{"count":54,"href":"https:\/\/timbeco.ee\/fi\/wp-json\/wp\/v2\/pages\/216\/revisions"}],"predecessor-version":[{"id":3702,"href":"https:\/\/timbeco.ee\/fi\/wp-json\/wp\/v2\/pages\/216\/revisions\/3702"}],"up":[{"embeddable":true,"href":"https:\/\/timbeco.ee\/fi\/wp-json\/wp\/v2\/pages\/29"}],"wp:featuredmedia":[{"embeddable":true,"href":"https:\/\/timbeco.ee\/fi\/wp-json\/wp\/v2\/media\/217"}],"wp:attachment":[{"href":"https:\/\/timbeco.ee\/fi\/wp-json\/wp\/v2\/media?parent=216"}],"curies":[{"name":"wp","href":"https:\/\/api.w.org\/{rel}","templated":true}]}}