{"id":1830,"date":"2018-05-03T16:13:14","date_gmt":"2018-05-03T13:13:14","guid":{"rendered":"https:\/\/timbeco.ee\/fi\/?page_id=1830"},"modified":"2019-07-10T14:43:17","modified_gmt":"2019-07-10T11:43:17","slug":"moduuleiden-valmistus","status":"publish","type":"page","link":"https:\/\/timbeco.ee\/fi\/tuotteet\/tilaelementit\/moduuleiden-valmistus\/","title":{"rendered":"Moduuleiden valmistus"},"content":{"rendered":"","protected":false},"excerpt":{"rendered":"","protected":false},"author":2,"featured_media":0,"parent":71,"menu_order":0,"comment_status":"closed","ping_status":"closed","template":"","meta":{"_acf_changed":false,"_monsterinsights_skip_tracking":false,"_monsterinsights_sitenote_active":false,"_monsterinsights_sitenote_note":"","_monsterinsights_sitenote_category":0,"footnotes":""},"class_list":["post-1830","page","type-page","status-publish","hentry"],"acf":[],"yoast_head":"<!-- This site is optimized with the Yoast SEO Premium plugin v27.2 (Yoast SEO v27.2) - https:\/\/yoast.com\/product\/yoast-seo-premium-wordpress\/ -->\n<title>Moduuleiden valmistus - Timbeco Woodhouse prefab Finland<\/title>\n<meta name=\"description\" content=\"Timbeco on kehitt\u00e4nyt moduuleiden suunnittelussa tekniset liitosratkaisut ja rakenteet, jotka t\u00e4ytt\u00e4v\u00e4t kohdemaiden rakennusnormien asettamat vaatimukset.\" \/>\n<meta name=\"robots\" content=\"noindex, follow, max-snippet:-1, max-image-preview:large, max-video-preview:-1\" \/>\n<meta property=\"og:locale\" content=\"fi_FI\" \/>\n<meta property=\"og:type\" content=\"article\" \/>\n<meta property=\"og:title\" content=\"Moduuleiden valmistus\" \/>\n<meta property=\"og:description\" content=\"Timbeco on kehitt\u00e4nyt moduuleiden suunnittelussa tekniset liitosratkaisut ja rakenteet, jotka t\u00e4ytt\u00e4v\u00e4t kohdemaiden rakennusnormien asettamat vaatimukset.\" \/>\n<meta property=\"og:url\" content=\"https:\/\/timbeco.ee\/fi\/tuotteet\/tilaelementit\/moduuleiden-valmistus\/\" \/>\n<meta property=\"og:site_name\" content=\"Timbeco Finland\" \/>\n<meta property=\"article:modified_time\" content=\"2019-07-10T11:43:17+00:00\" \/>\n<meta name=\"twitter:card\" content=\"summary_large_image\" \/>\n<script type=\"application\/ld+json\" class=\"yoast-schema-graph\">{\"@context\":\"https:\/\/schema.org\",\"@graph\":[{\"@type\":\"WebPage\",\"@id\":\"https:\/\/timbeco.ee\/fi\/tuotteet\/tilaelementit\/moduuleiden-valmistus\/\",\"url\":\"https:\/\/timbeco.ee\/fi\/tuotteet\/tilaelementit\/moduuleiden-valmistus\/\",\"name\":\"Moduuleiden valmistus - Timbeco Woodhouse prefab Finland\",\"isPartOf\":{\"@id\":\"https:\/\/timbeco.ee\/fi\/#website\"},\"datePublished\":\"2018-05-03T13:13:14+00:00\",\"dateModified\":\"2019-07-10T11:43:17+00:00\",\"description\":\"Timbeco on kehitt\u00e4nyt moduuleiden suunnittelussa tekniset liitosratkaisut ja rakenteet, jotka t\u00e4ytt\u00e4v\u00e4t kohdemaiden rakennusnormien asettamat vaatimukset.\",\"breadcrumb\":{\"@id\":\"https:\/\/timbeco.ee\/fi\/tuotteet\/tilaelementit\/moduuleiden-valmistus\/#breadcrumb\"},\"inLanguage\":\"fi\",\"potentialAction\":[{\"@type\":\"ReadAction\",\"target\":[\"https:\/\/timbeco.ee\/fi\/tuotteet\/tilaelementit\/moduuleiden-valmistus\/\"]}]},{\"@type\":\"BreadcrumbList\",\"@id\":\"https:\/\/timbeco.ee\/fi\/tuotteet\/tilaelementit\/moduuleiden-valmistus\/#breadcrumb\",\"itemListElement\":[{\"@type\":\"ListItem\",\"position\":1,\"name\":\"Avaleht\",\"item\":\"https:\/\/timbeco.ee\/fi\/\"},{\"@type\":\"ListItem\",\"position\":2,\"name\":\"Tuotteet\",\"item\":\"https:\/\/timbeco.ee\/fi\/tuotteet\/\"},{\"@type\":\"ListItem\",\"position\":3,\"name\":\"Tilaelementti\",\"item\":\"https:\/\/timbeco.ee\/fi\/tuotteet\/tilaelementit\/\"},{\"@type\":\"ListItem\",\"position\":4,\"name\":\"Moduuleiden valmistus\"}]},{\"@type\":\"WebSite\",\"@id\":\"https:\/\/timbeco.ee\/fi\/#website\",\"url\":\"https:\/\/timbeco.ee\/fi\/\",\"name\":\"Timbeco Finland\",\"description\":\"Energias\u00e4\u00e4stlike puitmajade tehas\",\"publisher\":{\"@id\":\"https:\/\/timbeco.ee\/fi\/#organization\"},\"potentialAction\":[{\"@type\":\"SearchAction\",\"target\":{\"@type\":\"EntryPoint\",\"urlTemplate\":\"https:\/\/timbeco.ee\/fi\/?s={search_term_string}\"},\"query-input\":{\"@type\":\"PropertyValueSpecification\",\"valueRequired\":true,\"valueName\":\"search_term_string\"}}],\"inLanguage\":\"fi\"},{\"@type\":\"Organization\",\"@id\":\"https:\/\/timbeco.ee\/fi\/#organization\",\"name\":\"Timbeco Woodhouse O\u00dc\",\"url\":\"https:\/\/timbeco.ee\/fi\/\",\"logo\":{\"@type\":\"ImageObject\",\"inLanguage\":\"fi\",\"@id\":\"https:\/\/timbeco.ee\/fi\/#\/schema\/logo\/image\/\",\"url\":\"https:\/\/timbeco.ee\/fi\/wp-content\/uploads\/sites\/9\/2018\/03\/timbeco-logo.png\",\"contentUrl\":\"https:\/\/timbeco.ee\/fi\/wp-content\/uploads\/sites\/9\/2018\/03\/timbeco-logo.png\",\"width\":200,\"height\":41,\"caption\":\"Timbeco Woodhouse O\u00dc\"},\"image\":{\"@id\":\"https:\/\/timbeco.ee\/fi\/#\/schema\/logo\/image\/\"}}]}<\/script>\n<!-- \/ Yoast SEO Premium plugin. -->","yoast_head_json":{"title":"Moduuleiden valmistus - Timbeco Woodhouse prefab Finland","description":"Timbeco on kehitt\u00e4nyt moduuleiden suunnittelussa tekniset liitosratkaisut ja rakenteet, jotka t\u00e4ytt\u00e4v\u00e4t kohdemaiden rakennusnormien asettamat vaatimukset.","robots":{"index":"noindex","follow":"follow","max-snippet":"max-snippet:-1","max-image-preview":"max-image-preview:large","max-video-preview":"max-video-preview:-1"},"og_locale":"fi_FI","og_type":"article","og_title":"Moduuleiden valmistus","og_description":"Timbeco on kehitt\u00e4nyt moduuleiden suunnittelussa tekniset liitosratkaisut ja rakenteet, jotka t\u00e4ytt\u00e4v\u00e4t kohdemaiden rakennusnormien asettamat vaatimukset.","og_url":"https:\/\/timbeco.ee\/fi\/tuotteet\/tilaelementit\/moduuleiden-valmistus\/","og_site_name":"Timbeco Finland","article_modified_time":"2019-07-10T11:43:17+00:00","twitter_card":"summary_large_image","schema":{"@context":"https:\/\/schema.org","@graph":[{"@type":"WebPage","@id":"https:\/\/timbeco.ee\/fi\/tuotteet\/tilaelementit\/moduuleiden-valmistus\/","url":"https:\/\/timbeco.ee\/fi\/tuotteet\/tilaelementit\/moduuleiden-valmistus\/","name":"Moduuleiden valmistus - Timbeco Woodhouse prefab Finland","isPartOf":{"@id":"https:\/\/timbeco.ee\/fi\/#website"},"datePublished":"2018-05-03T13:13:14+00:00","dateModified":"2019-07-10T11:43:17+00:00","description":"Timbeco on kehitt\u00e4nyt moduuleiden suunnittelussa tekniset liitosratkaisut ja rakenteet, jotka t\u00e4ytt\u00e4v\u00e4t kohdemaiden rakennusnormien asettamat vaatimukset.","breadcrumb":{"@id":"https:\/\/timbeco.ee\/fi\/tuotteet\/tilaelementit\/moduuleiden-valmistus\/#breadcrumb"},"inLanguage":"fi","potentialAction":[{"@type":"ReadAction","target":["https:\/\/timbeco.ee\/fi\/tuotteet\/tilaelementit\/moduuleiden-valmistus\/"]}]},{"@type":"BreadcrumbList","@id":"https:\/\/timbeco.ee\/fi\/tuotteet\/tilaelementit\/moduuleiden-valmistus\/#breadcrumb","itemListElement":[{"@type":"ListItem","position":1,"name":"Avaleht","item":"https:\/\/timbeco.ee\/fi\/"},{"@type":"ListItem","position":2,"name":"Tuotteet","item":"https:\/\/timbeco.ee\/fi\/tuotteet\/"},{"@type":"ListItem","position":3,"name":"Tilaelementti","item":"https:\/\/timbeco.ee\/fi\/tuotteet\/tilaelementit\/"},{"@type":"ListItem","position":4,"name":"Moduuleiden valmistus"}]},{"@type":"WebSite","@id":"https:\/\/timbeco.ee\/fi\/#website","url":"https:\/\/timbeco.ee\/fi\/","name":"Timbeco Finland","description":"Energias\u00e4\u00e4stlike puitmajade tehas","publisher":{"@id":"https:\/\/timbeco.ee\/fi\/#organization"},"potentialAction":[{"@type":"SearchAction","target":{"@type":"EntryPoint","urlTemplate":"https:\/\/timbeco.ee\/fi\/?s={search_term_string}"},"query-input":{"@type":"PropertyValueSpecification","valueRequired":true,"valueName":"search_term_string"}}],"inLanguage":"fi"},{"@type":"Organization","@id":"https:\/\/timbeco.ee\/fi\/#organization","name":"Timbeco Woodhouse O\u00dc","url":"https:\/\/timbeco.ee\/fi\/","logo":{"@type":"ImageObject","inLanguage":"fi","@id":"https:\/\/timbeco.ee\/fi\/#\/schema\/logo\/image\/","url":"https:\/\/timbeco.ee\/fi\/wp-content\/uploads\/sites\/9\/2018\/03\/timbeco-logo.png","contentUrl":"https:\/\/timbeco.ee\/fi\/wp-content\/uploads\/sites\/9\/2018\/03\/timbeco-logo.png","width":200,"height":41,"caption":"Timbeco Woodhouse O\u00dc"},"image":{"@id":"https:\/\/timbeco.ee\/fi\/#\/schema\/logo\/image\/"}}]}},"_links":{"self":[{"href":"https:\/\/timbeco.ee\/fi\/wp-json\/wp\/v2\/pages\/1830","targetHints":{"allow":["GET"]}}],"collection":[{"href":"https:\/\/timbeco.ee\/fi\/wp-json\/wp\/v2\/pages"}],"about":[{"href":"https:\/\/timbeco.ee\/fi\/wp-json\/wp\/v2\/types\/page"}],"author":[{"embeddable":true,"href":"https:\/\/timbeco.ee\/fi\/wp-json\/wp\/v2\/users\/2"}],"replies":[{"embeddable":true,"href":"https:\/\/timbeco.ee\/fi\/wp-json\/wp\/v2\/comments?post=1830"}],"version-history":[{"count":25,"href":"https:\/\/timbeco.ee\/fi\/wp-json\/wp\/v2\/pages\/1830\/revisions"}],"predecessor-version":[{"id":3556,"href":"https:\/\/timbeco.ee\/fi\/wp-json\/wp\/v2\/pages\/1830\/revisions\/3556"}],"up":[{"embeddable":true,"href":"https:\/\/timbeco.ee\/fi\/wp-json\/wp\/v2\/pages\/71"}],"wp:attachment":[{"href":"https:\/\/timbeco.ee\/fi\/wp-json\/wp\/v2\/media?parent=1830"}],"curies":[{"name":"wp","href":"https:\/\/api.w.org\/{rel}","templated":true}]}}