{"id":1764,"date":"2018-05-03T14:12:53","date_gmt":"2018-05-03T11:12:53","guid":{"rendered":"https:\/\/timbeco.ee\/fi\/?page_id=1764"},"modified":"2019-05-07T16:17:23","modified_gmt":"2019-05-07T13:17:23","slug":"clt-elementit","status":"publish","type":"page","link":"https:\/\/timbeco.ee\/fi\/tuotteet\/puuelementit\/clt-elementit\/","title":{"rendered":"CLT-elementti"},"content":{"rendered":"","protected":false},"excerpt":{"rendered":"","protected":false},"author":2,"featured_media":0,"parent":62,"menu_order":5,"comment_status":"closed","ping_status":"closed","template":"","meta":{"_acf_changed":false,"_monsterinsights_skip_tracking":false,"_monsterinsights_sitenote_active":false,"_monsterinsights_sitenote_note":"","_monsterinsights_sitenote_category":0,"footnotes":""},"class_list":["post-1764","page","type-page","status-publish","hentry"],"acf":[],"yoast_head":"<!-- This site is optimized with the Yoast SEO Premium plugin v27.2 (Yoast SEO v27.2) - https:\/\/yoast.com\/product\/yoast-seo-premium-wordpress\/ -->\n<title>CLT elementti talo, CLT-rakentaminen - Timbeco Woodhouse Suomi<\/title>\n<meta name=\"description\" content=\"Suunnittelemme ja rakennamme CLT-levyist\u00e4 valmistettuja rakennusten kuoria, jotka ovat t\u00e4ysin viimeisteltyj\u00e4 ulkosivultaan. Tilaamme tarvittavat, ristiin\" \/>\n<meta name=\"robots\" content=\"noindex, follow, max-snippet:-1, max-image-preview:large, max-video-preview:-1\" \/>\n<meta property=\"og:locale\" content=\"fi_FI\" \/>\n<meta property=\"og:type\" content=\"article\" \/>\n<meta property=\"og:title\" content=\"CLT-elementti\" \/>\n<meta property=\"og:description\" content=\"Suunnittelemme ja rakennamme CLT-levyist\u00e4 valmistettuja rakennusten kuoria, jotka ovat t\u00e4ysin viimeisteltyj\u00e4 ulkosivultaan. Tilaamme tarvittavat, ristiin\" \/>\n<meta property=\"og:url\" content=\"https:\/\/timbeco.ee\/fi\/tuotteet\/puuelementit\/clt-elementit\/\" \/>\n<meta property=\"og:site_name\" content=\"Timbeco Finland\" \/>\n<meta property=\"article:modified_time\" content=\"2019-05-07T13:17:23+00:00\" \/>\n<meta name=\"twitter:card\" content=\"summary_large_image\" \/>\n<script type=\"application\/ld+json\" class=\"yoast-schema-graph\">{\"@context\":\"https:\/\/schema.org\",\"@graph\":[{\"@type\":\"WebPage\",\"@id\":\"https:\/\/timbeco.ee\/fi\/tuotteet\/puuelementit\/clt-elementit\/\",\"url\":\"https:\/\/timbeco.ee\/fi\/tuotteet\/puuelementit\/clt-elementit\/\",\"name\":\"CLT elementti talo, CLT-rakentaminen - Timbeco Woodhouse Suomi\",\"isPartOf\":{\"@id\":\"https:\/\/timbeco.ee\/fi\/#website\"},\"datePublished\":\"2018-05-03T11:12:53+00:00\",\"dateModified\":\"2019-05-07T13:17:23+00:00\",\"description\":\"Suunnittelemme ja rakennamme CLT-levyist\u00e4 valmistettuja rakennusten kuoria, jotka ovat t\u00e4ysin viimeisteltyj\u00e4 ulkosivultaan. Tilaamme tarvittavat, ristiin\",\"breadcrumb\":{\"@id\":\"https:\/\/timbeco.ee\/fi\/tuotteet\/puuelementit\/clt-elementit\/#breadcrumb\"},\"inLanguage\":\"fi\",\"potentialAction\":[{\"@type\":\"ReadAction\",\"target\":[\"https:\/\/timbeco.ee\/fi\/tuotteet\/puuelementit\/clt-elementit\/\"]}]},{\"@type\":\"BreadcrumbList\",\"@id\":\"https:\/\/timbeco.ee\/fi\/tuotteet\/puuelementit\/clt-elementit\/#breadcrumb\",\"itemListElement\":[{\"@type\":\"ListItem\",\"position\":1,\"name\":\"Avaleht\",\"item\":\"https:\/\/timbeco.ee\/fi\/\"},{\"@type\":\"ListItem\",\"position\":2,\"name\":\"Tuotteet\",\"item\":\"https:\/\/timbeco.ee\/fi\/tuotteet\/\"},{\"@type\":\"ListItem\",\"position\":3,\"name\":\"Puuelementti\",\"item\":\"https:\/\/timbeco.ee\/fi\/tuotteet\/puuelementit\/\"},{\"@type\":\"ListItem\",\"position\":4,\"name\":\"CLT-elementti\"}]},{\"@type\":\"WebSite\",\"@id\":\"https:\/\/timbeco.ee\/fi\/#website\",\"url\":\"https:\/\/timbeco.ee\/fi\/\",\"name\":\"Timbeco Finland\",\"description\":\"Energias\u00e4\u00e4stlike puitmajade tehas\",\"publisher\":{\"@id\":\"https:\/\/timbeco.ee\/fi\/#organization\"},\"potentialAction\":[{\"@type\":\"SearchAction\",\"target\":{\"@type\":\"EntryPoint\",\"urlTemplate\":\"https:\/\/timbeco.ee\/fi\/?s={search_term_string}\"},\"query-input\":{\"@type\":\"PropertyValueSpecification\",\"valueRequired\":true,\"valueName\":\"search_term_string\"}}],\"inLanguage\":\"fi\"},{\"@type\":\"Organization\",\"@id\":\"https:\/\/timbeco.ee\/fi\/#organization\",\"name\":\"Timbeco Woodhouse O\u00dc\",\"url\":\"https:\/\/timbeco.ee\/fi\/\",\"logo\":{\"@type\":\"ImageObject\",\"inLanguage\":\"fi\",\"@id\":\"https:\/\/timbeco.ee\/fi\/#\/schema\/logo\/image\/\",\"url\":\"https:\/\/timbeco.ee\/fi\/wp-content\/uploads\/sites\/9\/2018\/03\/timbeco-logo.png\",\"contentUrl\":\"https:\/\/timbeco.ee\/fi\/wp-content\/uploads\/sites\/9\/2018\/03\/timbeco-logo.png\",\"width\":200,\"height\":41,\"caption\":\"Timbeco Woodhouse O\u00dc\"},\"image\":{\"@id\":\"https:\/\/timbeco.ee\/fi\/#\/schema\/logo\/image\/\"}}]}<\/script>\n<!-- \/ Yoast SEO Premium plugin. -->","yoast_head_json":{"title":"CLT elementti talo, CLT-rakentaminen - Timbeco Woodhouse Suomi","description":"Suunnittelemme ja rakennamme CLT-levyist\u00e4 valmistettuja rakennusten kuoria, jotka ovat t\u00e4ysin viimeisteltyj\u00e4 ulkosivultaan. Tilaamme tarvittavat, ristiin","robots":{"index":"noindex","follow":"follow","max-snippet":"max-snippet:-1","max-image-preview":"max-image-preview:large","max-video-preview":"max-video-preview:-1"},"og_locale":"fi_FI","og_type":"article","og_title":"CLT-elementti","og_description":"Suunnittelemme ja rakennamme CLT-levyist\u00e4 valmistettuja rakennusten kuoria, jotka ovat t\u00e4ysin viimeisteltyj\u00e4 ulkosivultaan. Tilaamme tarvittavat, ristiin","og_url":"https:\/\/timbeco.ee\/fi\/tuotteet\/puuelementit\/clt-elementit\/","og_site_name":"Timbeco Finland","article_modified_time":"2019-05-07T13:17:23+00:00","twitter_card":"summary_large_image","schema":{"@context":"https:\/\/schema.org","@graph":[{"@type":"WebPage","@id":"https:\/\/timbeco.ee\/fi\/tuotteet\/puuelementit\/clt-elementit\/","url":"https:\/\/timbeco.ee\/fi\/tuotteet\/puuelementit\/clt-elementit\/","name":"CLT elementti talo, CLT-rakentaminen - Timbeco Woodhouse Suomi","isPartOf":{"@id":"https:\/\/timbeco.ee\/fi\/#website"},"datePublished":"2018-05-03T11:12:53+00:00","dateModified":"2019-05-07T13:17:23+00:00","description":"Suunnittelemme ja rakennamme CLT-levyist\u00e4 valmistettuja rakennusten kuoria, jotka ovat t\u00e4ysin viimeisteltyj\u00e4 ulkosivultaan. Tilaamme tarvittavat, ristiin","breadcrumb":{"@id":"https:\/\/timbeco.ee\/fi\/tuotteet\/puuelementit\/clt-elementit\/#breadcrumb"},"inLanguage":"fi","potentialAction":[{"@type":"ReadAction","target":["https:\/\/timbeco.ee\/fi\/tuotteet\/puuelementit\/clt-elementit\/"]}]},{"@type":"BreadcrumbList","@id":"https:\/\/timbeco.ee\/fi\/tuotteet\/puuelementit\/clt-elementit\/#breadcrumb","itemListElement":[{"@type":"ListItem","position":1,"name":"Avaleht","item":"https:\/\/timbeco.ee\/fi\/"},{"@type":"ListItem","position":2,"name":"Tuotteet","item":"https:\/\/timbeco.ee\/fi\/tuotteet\/"},{"@type":"ListItem","position":3,"name":"Puuelementti","item":"https:\/\/timbeco.ee\/fi\/tuotteet\/puuelementit\/"},{"@type":"ListItem","position":4,"name":"CLT-elementti"}]},{"@type":"WebSite","@id":"https:\/\/timbeco.ee\/fi\/#website","url":"https:\/\/timbeco.ee\/fi\/","name":"Timbeco Finland","description":"Energias\u00e4\u00e4stlike puitmajade tehas","publisher":{"@id":"https:\/\/timbeco.ee\/fi\/#organization"},"potentialAction":[{"@type":"SearchAction","target":{"@type":"EntryPoint","urlTemplate":"https:\/\/timbeco.ee\/fi\/?s={search_term_string}"},"query-input":{"@type":"PropertyValueSpecification","valueRequired":true,"valueName":"search_term_string"}}],"inLanguage":"fi"},{"@type":"Organization","@id":"https:\/\/timbeco.ee\/fi\/#organization","name":"Timbeco Woodhouse O\u00dc","url":"https:\/\/timbeco.ee\/fi\/","logo":{"@type":"ImageObject","inLanguage":"fi","@id":"https:\/\/timbeco.ee\/fi\/#\/schema\/logo\/image\/","url":"https:\/\/timbeco.ee\/fi\/wp-content\/uploads\/sites\/9\/2018\/03\/timbeco-logo.png","contentUrl":"https:\/\/timbeco.ee\/fi\/wp-content\/uploads\/sites\/9\/2018\/03\/timbeco-logo.png","width":200,"height":41,"caption":"Timbeco Woodhouse O\u00dc"},"image":{"@id":"https:\/\/timbeco.ee\/fi\/#\/schema\/logo\/image\/"}}]}},"_links":{"self":[{"href":"https:\/\/timbeco.ee\/fi\/wp-json\/wp\/v2\/pages\/1764","targetHints":{"allow":["GET"]}}],"collection":[{"href":"https:\/\/timbeco.ee\/fi\/wp-json\/wp\/v2\/pages"}],"about":[{"href":"https:\/\/timbeco.ee\/fi\/wp-json\/wp\/v2\/types\/page"}],"author":[{"embeddable":true,"href":"https:\/\/timbeco.ee\/fi\/wp-json\/wp\/v2\/users\/2"}],"replies":[{"embeddable":true,"href":"https:\/\/timbeco.ee\/fi\/wp-json\/wp\/v2\/comments?post=1764"}],"version-history":[{"count":21,"href":"https:\/\/timbeco.ee\/fi\/wp-json\/wp\/v2\/pages\/1764\/revisions"}],"predecessor-version":[{"id":3506,"href":"https:\/\/timbeco.ee\/fi\/wp-json\/wp\/v2\/pages\/1764\/revisions\/3506"}],"up":[{"embeddable":true,"href":"https:\/\/timbeco.ee\/fi\/wp-json\/wp\/v2\/pages\/62"}],"wp:attachment":[{"href":"https:\/\/timbeco.ee\/fi\/wp-json\/wp\/v2\/media?parent=1764"}],"curies":[{"name":"wp","href":"https:\/\/api.w.org\/{rel}","templated":true}]}}