{"id":6802,"date":"2025-04-22T12:35:42","date_gmt":"2025-04-22T09:35:42","guid":{"rendered":"https:\/\/timbeco.ee\/de\/?page_id=6802"},"modified":"2025-11-18T14:20:00","modified_gmt":"2025-11-18T12:20:00","slug":"element-houses-technical","status":"publish","type":"page","link":"https:\/\/timbeco.ee\/de\/element-houses-technical\/","title":{"rendered":"element-houses-technical"},"content":{"rendered":"","protected":false},"excerpt":{"rendered":"<p>Technische Details zu Timbeco-Elementh\u00e4usern: energieeffiziente Holzbaul\u00f6sungen, gepr\u00fcfte Konstruktionen und hochwertige Vorfertigung f\u00fcr nachhaltige Bauprojekte.<\/p>\n","protected":false},"author":2,"featured_media":7023,"parent":0,"menu_order":0,"comment_status":"closed","ping_status":"closed","template":"","meta":{"_acf_changed":false,"_monsterinsights_skip_tracking":false,"_monsterinsights_sitenote_active":false,"_monsterinsights_sitenote_note":"","_monsterinsights_sitenote_category":0,"footnotes":""},"class_list":["post-6802","page","type-page","status-publish","has-post-thumbnail","hentry"],"acf":[],"yoast_head":"<!-- This site is optimized with the Yoast SEO Premium plugin v27.2 (Yoast SEO v27.2) - https:\/\/yoast.com\/product\/yoast-seo-premium-wordpress\/ -->\n<title>Timbeco Elementh\u00e4user \u2013 Technische L\u00f6sungen f\u00fcr Holzbau<\/title>\n<meta name=\"description\" content=\"Technische Details zu Timbeco-Elementh\u00e4usern: energieeffiziente Holzbaul\u00f6sungen, gepr\u00fcfte Konstruktionen und hochwertige\" \/>\n<meta name=\"robots\" content=\"index, follow, max-snippet:-1, max-image-preview:large, max-video-preview:-1\" \/>\n<link rel=\"canonical\" href=\"https:\/\/timbeco.ee\/de\/element-houses-technical\/\" \/>\n<meta property=\"og:locale\" content=\"de_DE\" \/>\n<meta property=\"og:type\" content=\"article\" \/>\n<meta property=\"og:title\" content=\"Technische L\u00f6sungen f\u00fcr energieeffizienten Holzbau\" \/>\n<meta property=\"og:description\" content=\"Technische Details zu Timbeco-Elementh\u00e4usern: energieeffiziente Holzbaul\u00f6sungen, gepr\u00fcfte Konstruktionen und hochwertige Vorfertigung f\u00fcr nachhaltige Bauprojekte.\" \/>\n<meta property=\"og:url\" content=\"https:\/\/timbeco.ee\/de\/element-houses-technical\/\" \/>\n<meta property=\"og:site_name\" content=\"Timbeco Germany\" \/>\n<meta property=\"article:modified_time\" content=\"2025-11-18T12:20:00+00:00\" \/>\n<meta property=\"og:image\" content=\"https:\/\/timbeco.ee\/de\/wp-content\/uploads\/sites\/11\/revslider\/element-hooned-2\/Elekter-elemendis-916x800_edited.jpg\" \/>\n\t<meta property=\"og:image:width\" content=\"904\" \/>\n\t<meta property=\"og:image:height\" content=\"699\" \/>\n\t<meta property=\"og:image:type\" content=\"image\/jpeg\" \/>\n<meta name=\"twitter:card\" content=\"summary_large_image\" \/>\n<meta name=\"twitter:title\" content=\"element-houses-technical\" \/>\n<meta name=\"twitter:label1\" content=\"Gesch\u00e4tzte Lesezeit\" \/>\n\t<meta name=\"twitter:data1\" content=\"1\u00a0Minute\" \/>\n<script type=\"application\/ld+json\" class=\"yoast-schema-graph\">{\"@context\":\"https:\/\/schema.org\",\"@graph\":[{\"@type\":\"WebPage\",\"@id\":\"https:\/\/timbeco.ee\/de\/element-houses-technical\/\",\"url\":\"https:\/\/timbeco.ee\/de\/element-houses-technical\/\",\"name\":\"Timbeco Elementh\u00e4user \u2013 Technische L\u00f6sungen f\u00fcr Holzbau\",\"isPartOf\":{\"@id\":\"https:\/\/timbeco.ee\/de\/#website\"},\"primaryImageOfPage\":{\"@id\":\"https:\/\/timbeco.ee\/de\/element-houses-technical\/#primaryimage\"},\"image\":{\"@id\":\"https:\/\/timbeco.ee\/de\/element-houses-technical\/#primaryimage\"},\"thumbnailUrl\":\"https:\/\/timbeco.ee\/de\/wp-content\/uploads\/sites\/11\/revslider\/element-hooned-2\/Elekter-elemendis-916x800_edited.jpg\",\"datePublished\":\"2025-04-22T09:35:42+00:00\",\"dateModified\":\"2025-11-18T12:20:00+00:00\",\"description\":\"Technische Details zu Timbeco-Elementh\u00e4usern: energieeffiziente Holzbaul\u00f6sungen, gepr\u00fcfte Konstruktionen und hochwertige\",\"breadcrumb\":{\"@id\":\"https:\/\/timbeco.ee\/de\/element-houses-technical\/#breadcrumb\"},\"inLanguage\":\"de\",\"potentialAction\":[{\"@type\":\"ReadAction\",\"target\":[\"https:\/\/timbeco.ee\/de\/element-houses-technical\/\"]}]},{\"@type\":\"ImageObject\",\"inLanguage\":\"de\",\"@id\":\"https:\/\/timbeco.ee\/de\/element-houses-technical\/#primaryimage\",\"url\":\"https:\/\/timbeco.ee\/de\/wp-content\/uploads\/sites\/11\/revslider\/element-hooned-2\/Elekter-elemendis-916x800_edited.jpg\",\"contentUrl\":\"https:\/\/timbeco.ee\/de\/wp-content\/uploads\/sites\/11\/revslider\/element-hooned-2\/Elekter-elemendis-916x800_edited.jpg\",\"width\":904,\"height\":699},{\"@type\":\"BreadcrumbList\",\"@id\":\"https:\/\/timbeco.ee\/de\/element-houses-technical\/#breadcrumb\",\"itemListElement\":[{\"@type\":\"ListItem\",\"position\":1,\"name\":\"Avaleht\",\"item\":\"https:\/\/timbeco.ee\/de\/\"},{\"@type\":\"ListItem\",\"position\":2,\"name\":\"element-houses-technical\"}]},{\"@type\":\"WebSite\",\"@id\":\"https:\/\/timbeco.ee\/de\/#website\",\"url\":\"https:\/\/timbeco.ee\/de\/\",\"name\":\"Timbeco Germany\",\"description\":\"Vorgefertigte Holzelemente und Modulgeb\u00e4ude, serielle Sanierung\",\"publisher\":{\"@id\":\"https:\/\/timbeco.ee\/de\/#organization\"},\"potentialAction\":[{\"@type\":\"SearchAction\",\"target\":{\"@type\":\"EntryPoint\",\"urlTemplate\":\"https:\/\/timbeco.ee\/de\/?s={search_term_string}\"},\"query-input\":{\"@type\":\"PropertyValueSpecification\",\"valueRequired\":true,\"valueName\":\"search_term_string\"}}],\"inLanguage\":\"de\"},{\"@type\":\"Organization\",\"@id\":\"https:\/\/timbeco.ee\/de\/#organization\",\"name\":\"Timbeco Woodhouse O\u00dc\",\"url\":\"https:\/\/timbeco.ee\/de\/\",\"logo\":{\"@type\":\"ImageObject\",\"inLanguage\":\"de\",\"@id\":\"https:\/\/timbeco.ee\/de\/#\/schema\/logo\/image\/\",\"url\":\"https:\/\/timbeco.ee\/de\/wp-content\/uploads\/sites\/11\/2018\/03\/timbeco-logo.png\",\"contentUrl\":\"https:\/\/timbeco.ee\/de\/wp-content\/uploads\/sites\/11\/2018\/03\/timbeco-logo.png\",\"width\":200,\"height\":41,\"caption\":\"Timbeco Woodhouse O\u00dc\"},\"image\":{\"@id\":\"https:\/\/timbeco.ee\/de\/#\/schema\/logo\/image\/\"}}]}<\/script>\n<!-- \/ Yoast SEO Premium plugin. -->","yoast_head_json":{"title":"Timbeco Elementh\u00e4user \u2013 Technische L\u00f6sungen f\u00fcr Holzbau","description":"Technische Details zu Timbeco-Elementh\u00e4usern: energieeffiziente Holzbaul\u00f6sungen, gepr\u00fcfte Konstruktionen und hochwertige","robots":{"index":"index","follow":"follow","max-snippet":"max-snippet:-1","max-image-preview":"max-image-preview:large","max-video-preview":"max-video-preview:-1"},"canonical":"https:\/\/timbeco.ee\/de\/element-houses-technical\/","og_locale":"de_DE","og_type":"article","og_title":"Technische L\u00f6sungen f\u00fcr energieeffizienten Holzbau","og_description":"Technische Details zu Timbeco-Elementh\u00e4usern: energieeffiziente Holzbaul\u00f6sungen, gepr\u00fcfte Konstruktionen und hochwertige Vorfertigung f\u00fcr nachhaltige Bauprojekte.","og_url":"https:\/\/timbeco.ee\/de\/element-houses-technical\/","og_site_name":"Timbeco Germany","article_modified_time":"2025-11-18T12:20:00+00:00","og_image":[{"width":904,"height":699,"url":"https:\/\/timbeco.ee\/de\/wp-content\/uploads\/sites\/11\/revslider\/element-hooned-2\/Elekter-elemendis-916x800_edited.jpg","type":"image\/jpeg"}],"twitter_card":"summary_large_image","twitter_title":"element-houses-technical","twitter_misc":{"Gesch\u00e4tzte Lesezeit":"1\u00a0Minute"},"schema":{"@context":"https:\/\/schema.org","@graph":[{"@type":"WebPage","@id":"https:\/\/timbeco.ee\/de\/element-houses-technical\/","url":"https:\/\/timbeco.ee\/de\/element-houses-technical\/","name":"Timbeco Elementh\u00e4user \u2013 Technische L\u00f6sungen f\u00fcr Holzbau","isPartOf":{"@id":"https:\/\/timbeco.ee\/de\/#website"},"primaryImageOfPage":{"@id":"https:\/\/timbeco.ee\/de\/element-houses-technical\/#primaryimage"},"image":{"@id":"https:\/\/timbeco.ee\/de\/element-houses-technical\/#primaryimage"},"thumbnailUrl":"https:\/\/timbeco.ee\/de\/wp-content\/uploads\/sites\/11\/revslider\/element-hooned-2\/Elekter-elemendis-916x800_edited.jpg","datePublished":"2025-04-22T09:35:42+00:00","dateModified":"2025-11-18T12:20:00+00:00","description":"Technische Details zu Timbeco-Elementh\u00e4usern: energieeffiziente Holzbaul\u00f6sungen, gepr\u00fcfte Konstruktionen und hochwertige","breadcrumb":{"@id":"https:\/\/timbeco.ee\/de\/element-houses-technical\/#breadcrumb"},"inLanguage":"de","potentialAction":[{"@type":"ReadAction","target":["https:\/\/timbeco.ee\/de\/element-houses-technical\/"]}]},{"@type":"ImageObject","inLanguage":"de","@id":"https:\/\/timbeco.ee\/de\/element-houses-technical\/#primaryimage","url":"https:\/\/timbeco.ee\/de\/wp-content\/uploads\/sites\/11\/revslider\/element-hooned-2\/Elekter-elemendis-916x800_edited.jpg","contentUrl":"https:\/\/timbeco.ee\/de\/wp-content\/uploads\/sites\/11\/revslider\/element-hooned-2\/Elekter-elemendis-916x800_edited.jpg","width":904,"height":699},{"@type":"BreadcrumbList","@id":"https:\/\/timbeco.ee\/de\/element-houses-technical\/#breadcrumb","itemListElement":[{"@type":"ListItem","position":1,"name":"Avaleht","item":"https:\/\/timbeco.ee\/de\/"},{"@type":"ListItem","position":2,"name":"element-houses-technical"}]},{"@type":"WebSite","@id":"https:\/\/timbeco.ee\/de\/#website","url":"https:\/\/timbeco.ee\/de\/","name":"Timbeco Germany","description":"Vorgefertigte Holzelemente und Modulgeb\u00e4ude, serielle Sanierung","publisher":{"@id":"https:\/\/timbeco.ee\/de\/#organization"},"potentialAction":[{"@type":"SearchAction","target":{"@type":"EntryPoint","urlTemplate":"https:\/\/timbeco.ee\/de\/?s={search_term_string}"},"query-input":{"@type":"PropertyValueSpecification","valueRequired":true,"valueName":"search_term_string"}}],"inLanguage":"de"},{"@type":"Organization","@id":"https:\/\/timbeco.ee\/de\/#organization","name":"Timbeco Woodhouse O\u00dc","url":"https:\/\/timbeco.ee\/de\/","logo":{"@type":"ImageObject","inLanguage":"de","@id":"https:\/\/timbeco.ee\/de\/#\/schema\/logo\/image\/","url":"https:\/\/timbeco.ee\/de\/wp-content\/uploads\/sites\/11\/2018\/03\/timbeco-logo.png","contentUrl":"https:\/\/timbeco.ee\/de\/wp-content\/uploads\/sites\/11\/2018\/03\/timbeco-logo.png","width":200,"height":41,"caption":"Timbeco Woodhouse O\u00dc"},"image":{"@id":"https:\/\/timbeco.ee\/de\/#\/schema\/logo\/image\/"}}]}},"_links":{"self":[{"href":"https:\/\/timbeco.ee\/de\/wp-json\/wp\/v2\/pages\/6802","targetHints":{"allow":["GET"]}}],"collection":[{"href":"https:\/\/timbeco.ee\/de\/wp-json\/wp\/v2\/pages"}],"about":[{"href":"https:\/\/timbeco.ee\/de\/wp-json\/wp\/v2\/types\/page"}],"author":[{"embeddable":true,"href":"https:\/\/timbeco.ee\/de\/wp-json\/wp\/v2\/users\/2"}],"replies":[{"embeddable":true,"href":"https:\/\/timbeco.ee\/de\/wp-json\/wp\/v2\/comments?post=6802"}],"version-history":[{"count":7,"href":"https:\/\/timbeco.ee\/de\/wp-json\/wp\/v2\/pages\/6802\/revisions"}],"predecessor-version":[{"id":7203,"href":"https:\/\/timbeco.ee\/de\/wp-json\/wp\/v2\/pages\/6802\/revisions\/7203"}],"wp:featuredmedia":[{"embeddable":true,"href":"https:\/\/timbeco.ee\/de\/wp-json\/wp\/v2\/media\/7023"}],"wp:attachment":[{"href":"https:\/\/timbeco.ee\/de\/wp-json\/wp\/v2\/media?parent=6802"}],"curies":[{"name":"wp","href":"https:\/\/api.w.org\/{rel}","templated":true}]}}