{"id":6521,"date":"2025-01-09T11:29:37","date_gmt":"2025-01-09T09:29:37","guid":{"rendered":"https:\/\/timbeco.ee\/de\/?page_id=6521"},"modified":"2025-11-18T14:35:37","modified_gmt":"2025-11-18T12:35:37","slug":"qualitat","status":"publish","type":"page","link":"https:\/\/timbeco.ee\/de\/qualitat\/","title":{"rendered":"Qualit\u00e4t"},"content":{"rendered":"","protected":false},"excerpt":{"rendered":"<p>Qualit\u00e4t hat f\u00fcr uns bei Timbeco Log House Factory h\u00f6chste Priorit\u00e4t. Wir bilden unsere Mitarbeiter laufend weit<\/p>\n","protected":false},"author":2,"featured_media":0,"parent":0,"menu_order":0,"comment_status":"closed","ping_status":"closed","template":"","meta":{"_acf_changed":false,"_monsterinsights_skip_tracking":false,"_monsterinsights_sitenote_active":false,"_monsterinsights_sitenote_note":"","_monsterinsights_sitenote_category":0,"footnotes":""},"class_list":["post-6521","page","type-page","status-publish","hentry"],"acf":[],"yoast_head":"<!-- This site is optimized with the Yoast SEO Premium plugin v27.2 (Yoast SEO v27.2) - https:\/\/yoast.com\/product\/yoast-seo-premium-wordpress\/ -->\n<title>Qualit\u00e4t in der Timbeco Holzhausfabrik<\/title>\n<meta name=\"description\" content=\"Qualit\u00e4t hat f\u00fcr uns bei Timbeco Log House Factory h\u00f6chste Priorit\u00e4t. Wir bilden unsere Mitarbeiter laufend weit\" \/>\n<meta name=\"robots\" content=\"index, follow, max-snippet:-1, max-image-preview:large, max-video-preview:-1\" \/>\n<link rel=\"canonical\" href=\"https:\/\/timbeco.ee\/de\/qualitat\/\" \/>\n<meta property=\"og:locale\" content=\"de_DE\" \/>\n<meta property=\"og:type\" content=\"article\" \/>\n<meta property=\"og:title\" content=\"Qualit\u00e4t\" \/>\n<meta property=\"og:description\" content=\"Qualit\u00e4t hat f\u00fcr uns bei Timbeco Log House Factory h\u00f6chste Priorit\u00e4t. Wir bilden unsere Mitarbeiter laufend weit\" \/>\n<meta property=\"og:url\" content=\"https:\/\/timbeco.ee\/de\/qualitat\/\" \/>\n<meta property=\"og:site_name\" content=\"Timbeco Germany\" \/>\n<meta property=\"article:modified_time\" content=\"2025-11-18T12:35:37+00:00\" \/>\n<meta name=\"twitter:card\" content=\"summary_large_image\" \/>\n<meta name=\"twitter:label1\" content=\"Gesch\u00e4tzte Lesezeit\" \/>\n\t<meta name=\"twitter:data1\" content=\"1\u00a0Minute\" \/>\n<script type=\"application\/ld+json\" class=\"yoast-schema-graph\">{\"@context\":\"https:\/\/schema.org\",\"@graph\":[{\"@type\":\"WebPage\",\"@id\":\"https:\/\/timbeco.ee\/de\/qualitat\/\",\"url\":\"https:\/\/timbeco.ee\/de\/qualitat\/\",\"name\":\"Qualit\u00e4t in der Timbeco Holzhausfabrik\",\"isPartOf\":{\"@id\":\"https:\/\/timbeco.ee\/de\/#website\"},\"datePublished\":\"2025-01-09T09:29:37+00:00\",\"dateModified\":\"2025-11-18T12:35:37+00:00\",\"description\":\"Qualit\u00e4t hat f\u00fcr uns bei Timbeco Log House Factory h\u00f6chste Priorit\u00e4t. Wir bilden unsere Mitarbeiter laufend weit\",\"breadcrumb\":{\"@id\":\"https:\/\/timbeco.ee\/de\/qualitat\/#breadcrumb\"},\"inLanguage\":\"de\",\"potentialAction\":[{\"@type\":\"ReadAction\",\"target\":[\"https:\/\/timbeco.ee\/de\/qualitat\/\"]}]},{\"@type\":\"BreadcrumbList\",\"@id\":\"https:\/\/timbeco.ee\/de\/qualitat\/#breadcrumb\",\"itemListElement\":[{\"@type\":\"ListItem\",\"position\":1,\"name\":\"Avaleht\",\"item\":\"https:\/\/timbeco.ee\/de\/\"},{\"@type\":\"ListItem\",\"position\":2,\"name\":\"Qualit\u00e4t\"}]},{\"@type\":\"WebSite\",\"@id\":\"https:\/\/timbeco.ee\/de\/#website\",\"url\":\"https:\/\/timbeco.ee\/de\/\",\"name\":\"Timbeco Germany\",\"description\":\"Vorgefertigte Holzelemente und Modulgeb\u00e4ude, serielle Sanierung\",\"publisher\":{\"@id\":\"https:\/\/timbeco.ee\/de\/#organization\"},\"potentialAction\":[{\"@type\":\"SearchAction\",\"target\":{\"@type\":\"EntryPoint\",\"urlTemplate\":\"https:\/\/timbeco.ee\/de\/?s={search_term_string}\"},\"query-input\":{\"@type\":\"PropertyValueSpecification\",\"valueRequired\":true,\"valueName\":\"search_term_string\"}}],\"inLanguage\":\"de\"},{\"@type\":\"Organization\",\"@id\":\"https:\/\/timbeco.ee\/de\/#organization\",\"name\":\"Timbeco Woodhouse O\u00dc\",\"url\":\"https:\/\/timbeco.ee\/de\/\",\"logo\":{\"@type\":\"ImageObject\",\"inLanguage\":\"de\",\"@id\":\"https:\/\/timbeco.ee\/de\/#\/schema\/logo\/image\/\",\"url\":\"https:\/\/timbeco.ee\/de\/wp-content\/uploads\/sites\/11\/2018\/03\/timbeco-logo.png\",\"contentUrl\":\"https:\/\/timbeco.ee\/de\/wp-content\/uploads\/sites\/11\/2018\/03\/timbeco-logo.png\",\"width\":200,\"height\":41,\"caption\":\"Timbeco Woodhouse O\u00dc\"},\"image\":{\"@id\":\"https:\/\/timbeco.ee\/de\/#\/schema\/logo\/image\/\"}}]}<\/script>\n<!-- \/ Yoast SEO Premium plugin. -->","yoast_head_json":{"title":"Qualit\u00e4t in der Timbeco Holzhausfabrik","description":"Qualit\u00e4t hat f\u00fcr uns bei Timbeco Log House Factory h\u00f6chste Priorit\u00e4t. Wir bilden unsere Mitarbeiter laufend weit","robots":{"index":"index","follow":"follow","max-snippet":"max-snippet:-1","max-image-preview":"max-image-preview:large","max-video-preview":"max-video-preview:-1"},"canonical":"https:\/\/timbeco.ee\/de\/qualitat\/","og_locale":"de_DE","og_type":"article","og_title":"Qualit\u00e4t","og_description":"Qualit\u00e4t hat f\u00fcr uns bei Timbeco Log House Factory h\u00f6chste Priorit\u00e4t. Wir bilden unsere Mitarbeiter laufend weit","og_url":"https:\/\/timbeco.ee\/de\/qualitat\/","og_site_name":"Timbeco Germany","article_modified_time":"2025-11-18T12:35:37+00:00","twitter_card":"summary_large_image","twitter_misc":{"Gesch\u00e4tzte Lesezeit":"1\u00a0Minute"},"schema":{"@context":"https:\/\/schema.org","@graph":[{"@type":"WebPage","@id":"https:\/\/timbeco.ee\/de\/qualitat\/","url":"https:\/\/timbeco.ee\/de\/qualitat\/","name":"Qualit\u00e4t in der Timbeco Holzhausfabrik","isPartOf":{"@id":"https:\/\/timbeco.ee\/de\/#website"},"datePublished":"2025-01-09T09:29:37+00:00","dateModified":"2025-11-18T12:35:37+00:00","description":"Qualit\u00e4t hat f\u00fcr uns bei Timbeco Log House Factory h\u00f6chste Priorit\u00e4t. Wir bilden unsere Mitarbeiter laufend weit","breadcrumb":{"@id":"https:\/\/timbeco.ee\/de\/qualitat\/#breadcrumb"},"inLanguage":"de","potentialAction":[{"@type":"ReadAction","target":["https:\/\/timbeco.ee\/de\/qualitat\/"]}]},{"@type":"BreadcrumbList","@id":"https:\/\/timbeco.ee\/de\/qualitat\/#breadcrumb","itemListElement":[{"@type":"ListItem","position":1,"name":"Avaleht","item":"https:\/\/timbeco.ee\/de\/"},{"@type":"ListItem","position":2,"name":"Qualit\u00e4t"}]},{"@type":"WebSite","@id":"https:\/\/timbeco.ee\/de\/#website","url":"https:\/\/timbeco.ee\/de\/","name":"Timbeco Germany","description":"Vorgefertigte Holzelemente und Modulgeb\u00e4ude, serielle Sanierung","publisher":{"@id":"https:\/\/timbeco.ee\/de\/#organization"},"potentialAction":[{"@type":"SearchAction","target":{"@type":"EntryPoint","urlTemplate":"https:\/\/timbeco.ee\/de\/?s={search_term_string}"},"query-input":{"@type":"PropertyValueSpecification","valueRequired":true,"valueName":"search_term_string"}}],"inLanguage":"de"},{"@type":"Organization","@id":"https:\/\/timbeco.ee\/de\/#organization","name":"Timbeco Woodhouse O\u00dc","url":"https:\/\/timbeco.ee\/de\/","logo":{"@type":"ImageObject","inLanguage":"de","@id":"https:\/\/timbeco.ee\/de\/#\/schema\/logo\/image\/","url":"https:\/\/timbeco.ee\/de\/wp-content\/uploads\/sites\/11\/2018\/03\/timbeco-logo.png","contentUrl":"https:\/\/timbeco.ee\/de\/wp-content\/uploads\/sites\/11\/2018\/03\/timbeco-logo.png","width":200,"height":41,"caption":"Timbeco Woodhouse O\u00dc"},"image":{"@id":"https:\/\/timbeco.ee\/de\/#\/schema\/logo\/image\/"}}]}},"_links":{"self":[{"href":"https:\/\/timbeco.ee\/de\/wp-json\/wp\/v2\/pages\/6521","targetHints":{"allow":["GET"]}}],"collection":[{"href":"https:\/\/timbeco.ee\/de\/wp-json\/wp\/v2\/pages"}],"about":[{"href":"https:\/\/timbeco.ee\/de\/wp-json\/wp\/v2\/types\/page"}],"author":[{"embeddable":true,"href":"https:\/\/timbeco.ee\/de\/wp-json\/wp\/v2\/users\/2"}],"replies":[{"embeddable":true,"href":"https:\/\/timbeco.ee\/de\/wp-json\/wp\/v2\/comments?post=6521"}],"version-history":[{"count":8,"href":"https:\/\/timbeco.ee\/de\/wp-json\/wp\/v2\/pages\/6521\/revisions"}],"predecessor-version":[{"id":7210,"href":"https:\/\/timbeco.ee\/de\/wp-json\/wp\/v2\/pages\/6521\/revisions\/7210"}],"wp:attachment":[{"href":"https:\/\/timbeco.ee\/de\/wp-json\/wp\/v2\/media?parent=6521"}],"curies":[{"name":"wp","href":"https:\/\/api.w.org\/{rel}","templated":true}]}}