{"id":5620,"date":"2023-08-22T11:21:07","date_gmt":"2023-08-22T08:21:07","guid":{"rendered":"https:\/\/timbeco.ee\/de\/?page_id=5620"},"modified":"2025-11-18T13:13:20","modified_gmt":"2025-11-18T11:13:20","slug":"serielle-sanierung","status":"publish","type":"page","link":"https:\/\/timbeco.ee\/de\/products\/serielle-sanierung\/","title":{"rendered":"SERIELLE SANIERUNG"},"content":{"rendered":"","protected":false},"excerpt":{"rendered":"<p>Serielle Sanierung: schnelle, effiziente Modernisierung mit vorgefertigten L\u00f6sungen f\u00fcr mehr Energieeffizienz und geringere Kosten.<\/p>\n","protected":false},"author":2,"featured_media":4905,"parent":29,"menu_order":3,"comment_status":"closed","ping_status":"closed","template":"","meta":{"_acf_changed":false,"_monsterinsights_skip_tracking":false,"_monsterinsights_sitenote_active":false,"_monsterinsights_sitenote_note":"","_monsterinsights_sitenote_category":0,"footnotes":""},"class_list":["post-5620","page","type-page","status-publish","has-post-thumbnail","hentry"],"acf":[],"yoast_head":"<!-- This site is optimized with the Yoast SEO Premium plugin v27.2 (Yoast SEO v27.2) - https:\/\/yoast.com\/product\/yoast-seo-premium-wordpress\/ -->\n<title>Serielle Sanierung - effiziente &amp; nachhaltige geb\u00e4udesanierung<\/title>\n<meta name=\"description\" content=\"Serielle Sanierung modernisiert Geb\u00e4ude schnell, senkt Kosten und steigert die Energieeffizienz mit vorgefertigten L\u00f6sungen.\" \/>\n<meta name=\"robots\" content=\"index, follow, max-snippet:-1, max-image-preview:large, max-video-preview:-1\" \/>\n<link rel=\"canonical\" href=\"https:\/\/timbeco.ee\/de\/products\/serielle-sanierung\/\" \/>\n<meta property=\"og:locale\" content=\"de_DE\" \/>\n<meta property=\"og:type\" content=\"article\" \/>\n<meta property=\"og:title\" content=\"Serielle Sanierung \u2013 Schnelle, effiziente &amp; nachhaltige Geb\u00e4udesanierung\" \/>\n<meta property=\"og:description\" content=\"Serielle Sanierung: schnelle, effiziente Modernisierung mit vorgefertigten L\u00f6sungen f\u00fcr mehr Energieeffizienz und geringere Kosten.\" \/>\n<meta property=\"og:url\" content=\"https:\/\/timbeco.ee\/de\/products\/serielle-sanierung\/\" \/>\n<meta property=\"og:site_name\" content=\"Timbeco Germany\" \/>\n<meta property=\"article:modified_time\" content=\"2025-11-18T11:13:20+00:00\" \/>\n<meta property=\"og:image\" content=\"https:\/\/timbeco.ee\/de\/wp-content\/uploads\/sites\/11\/2022\/06\/Saue4.jpg\" \/>\n\t<meta property=\"og:image:width\" content=\"1280\" \/>\n\t<meta property=\"og:image:height\" content=\"720\" \/>\n\t<meta property=\"og:image:type\" content=\"image\/jpeg\" \/>\n<meta name=\"twitter:card\" content=\"summary_large_image\" \/>\n<meta name=\"twitter:title\" content=\"Renovation with factory-produced facade element, circular\" \/>\n<meta name=\"twitter:description\" content=\"Renovation with factory-produced facade elements helps achieve circular economy goals in the European renovation sector\" \/>\n<meta name=\"twitter:label1\" content=\"Gesch\u00e4tzte Lesezeit\" \/>\n\t<meta name=\"twitter:data1\" content=\"1\u00a0Minute\" \/>\n<script type=\"application\/ld+json\" class=\"yoast-schema-graph\">{\"@context\":\"https:\/\/schema.org\",\"@graph\":[{\"@type\":\"WebPage\",\"@id\":\"https:\/\/timbeco.ee\/de\/products\/serielle-sanierung\/\",\"url\":\"https:\/\/timbeco.ee\/de\/products\/serielle-sanierung\/\",\"name\":\"Serielle Sanierung - effiziente & nachhaltige geb\u00e4udesanierung\",\"isPartOf\":{\"@id\":\"https:\/\/timbeco.ee\/de\/#website\"},\"primaryImageOfPage\":{\"@id\":\"https:\/\/timbeco.ee\/de\/products\/serielle-sanierung\/#primaryimage\"},\"image\":{\"@id\":\"https:\/\/timbeco.ee\/de\/products\/serielle-sanierung\/#primaryimage\"},\"thumbnailUrl\":\"https:\/\/timbeco.ee\/de\/wp-content\/uploads\/sites\/11\/2022\/06\/Saue2.jpg\",\"datePublished\":\"2023-08-22T08:21:07+00:00\",\"dateModified\":\"2025-11-18T11:13:20+00:00\",\"description\":\"Serielle Sanierung modernisiert Geb\u00e4ude schnell, senkt Kosten und steigert die Energieeffizienz mit vorgefertigten L\u00f6sungen.\",\"breadcrumb\":{\"@id\":\"https:\/\/timbeco.ee\/de\/products\/serielle-sanierung\/#breadcrumb\"},\"inLanguage\":\"de\",\"potentialAction\":[{\"@type\":\"ReadAction\",\"target\":[\"https:\/\/timbeco.ee\/de\/products\/serielle-sanierung\/\"]}]},{\"@type\":\"ImageObject\",\"inLanguage\":\"de\",\"@id\":\"https:\/\/timbeco.ee\/de\/products\/serielle-sanierung\/#primaryimage\",\"url\":\"https:\/\/timbeco.ee\/de\/wp-content\/uploads\/sites\/11\/2022\/06\/Saue2.jpg\",\"contentUrl\":\"https:\/\/timbeco.ee\/de\/wp-content\/uploads\/sites\/11\/2022\/06\/Saue2.jpg\",\"width\":1280,\"height\":720,\"caption\":\"Serielle sanierung\"},{\"@type\":\"BreadcrumbList\",\"@id\":\"https:\/\/timbeco.ee\/de\/products\/serielle-sanierung\/#breadcrumb\",\"itemListElement\":[{\"@type\":\"ListItem\",\"position\":1,\"name\":\"Avaleht\",\"item\":\"https:\/\/timbeco.ee\/de\/\"},{\"@type\":\"ListItem\",\"position\":2,\"name\":\"Products\",\"item\":\"https:\/\/timbeco.ee\/de\/products\/\"},{\"@type\":\"ListItem\",\"position\":3,\"name\":\"SERIELLE SANIERUNG\"}]},{\"@type\":\"WebSite\",\"@id\":\"https:\/\/timbeco.ee\/de\/#website\",\"url\":\"https:\/\/timbeco.ee\/de\/\",\"name\":\"Timbeco Germany\",\"description\":\"Vorgefertigte Holzelemente und Modulgeb\u00e4ude, serielle Sanierung\",\"publisher\":{\"@id\":\"https:\/\/timbeco.ee\/de\/#organization\"},\"potentialAction\":[{\"@type\":\"SearchAction\",\"target\":{\"@type\":\"EntryPoint\",\"urlTemplate\":\"https:\/\/timbeco.ee\/de\/?s={search_term_string}\"},\"query-input\":{\"@type\":\"PropertyValueSpecification\",\"valueRequired\":true,\"valueName\":\"search_term_string\"}}],\"inLanguage\":\"de\"},{\"@type\":\"Organization\",\"@id\":\"https:\/\/timbeco.ee\/de\/#organization\",\"name\":\"Timbeco Woodhouse O\u00dc\",\"url\":\"https:\/\/timbeco.ee\/de\/\",\"logo\":{\"@type\":\"ImageObject\",\"inLanguage\":\"de\",\"@id\":\"https:\/\/timbeco.ee\/de\/#\/schema\/logo\/image\/\",\"url\":\"https:\/\/timbeco.ee\/de\/wp-content\/uploads\/sites\/11\/2018\/03\/timbeco-logo.png\",\"contentUrl\":\"https:\/\/timbeco.ee\/de\/wp-content\/uploads\/sites\/11\/2018\/03\/timbeco-logo.png\",\"width\":200,\"height\":41,\"caption\":\"Timbeco Woodhouse O\u00dc\"},\"image\":{\"@id\":\"https:\/\/timbeco.ee\/de\/#\/schema\/logo\/image\/\"}}]}<\/script>\n<!-- \/ Yoast SEO Premium plugin. -->","yoast_head_json":{"title":"Serielle Sanierung - effiziente & nachhaltige geb\u00e4udesanierung","description":"Serielle Sanierung modernisiert Geb\u00e4ude schnell, senkt Kosten und steigert die Energieeffizienz mit vorgefertigten L\u00f6sungen.","robots":{"index":"index","follow":"follow","max-snippet":"max-snippet:-1","max-image-preview":"max-image-preview:large","max-video-preview":"max-video-preview:-1"},"canonical":"https:\/\/timbeco.ee\/de\/products\/serielle-sanierung\/","og_locale":"de_DE","og_type":"article","og_title":"Serielle Sanierung \u2013 Schnelle, effiziente & nachhaltige Geb\u00e4udesanierung","og_description":"Serielle Sanierung: schnelle, effiziente Modernisierung mit vorgefertigten L\u00f6sungen f\u00fcr mehr Energieeffizienz und geringere Kosten.","og_url":"https:\/\/timbeco.ee\/de\/products\/serielle-sanierung\/","og_site_name":"Timbeco Germany","article_modified_time":"2025-11-18T11:13:20+00:00","og_image":[{"width":1280,"height":720,"url":"https:\/\/timbeco.ee\/de\/wp-content\/uploads\/sites\/11\/2022\/06\/Saue4.jpg","type":"image\/jpeg"}],"twitter_card":"summary_large_image","twitter_title":"Renovation with factory-produced facade element, circular","twitter_description":"Renovation with factory-produced facade elements helps achieve circular economy goals in the European renovation sector","twitter_misc":{"Gesch\u00e4tzte Lesezeit":"1\u00a0Minute"},"schema":{"@context":"https:\/\/schema.org","@graph":[{"@type":"WebPage","@id":"https:\/\/timbeco.ee\/de\/products\/serielle-sanierung\/","url":"https:\/\/timbeco.ee\/de\/products\/serielle-sanierung\/","name":"Serielle Sanierung - effiziente & nachhaltige geb\u00e4udesanierung","isPartOf":{"@id":"https:\/\/timbeco.ee\/de\/#website"},"primaryImageOfPage":{"@id":"https:\/\/timbeco.ee\/de\/products\/serielle-sanierung\/#primaryimage"},"image":{"@id":"https:\/\/timbeco.ee\/de\/products\/serielle-sanierung\/#primaryimage"},"thumbnailUrl":"https:\/\/timbeco.ee\/de\/wp-content\/uploads\/sites\/11\/2022\/06\/Saue2.jpg","datePublished":"2023-08-22T08:21:07+00:00","dateModified":"2025-11-18T11:13:20+00:00","description":"Serielle Sanierung modernisiert Geb\u00e4ude schnell, senkt Kosten und steigert die Energieeffizienz mit vorgefertigten L\u00f6sungen.","breadcrumb":{"@id":"https:\/\/timbeco.ee\/de\/products\/serielle-sanierung\/#breadcrumb"},"inLanguage":"de","potentialAction":[{"@type":"ReadAction","target":["https:\/\/timbeco.ee\/de\/products\/serielle-sanierung\/"]}]},{"@type":"ImageObject","inLanguage":"de","@id":"https:\/\/timbeco.ee\/de\/products\/serielle-sanierung\/#primaryimage","url":"https:\/\/timbeco.ee\/de\/wp-content\/uploads\/sites\/11\/2022\/06\/Saue2.jpg","contentUrl":"https:\/\/timbeco.ee\/de\/wp-content\/uploads\/sites\/11\/2022\/06\/Saue2.jpg","width":1280,"height":720,"caption":"Serielle sanierung"},{"@type":"BreadcrumbList","@id":"https:\/\/timbeco.ee\/de\/products\/serielle-sanierung\/#breadcrumb","itemListElement":[{"@type":"ListItem","position":1,"name":"Avaleht","item":"https:\/\/timbeco.ee\/de\/"},{"@type":"ListItem","position":2,"name":"Products","item":"https:\/\/timbeco.ee\/de\/products\/"},{"@type":"ListItem","position":3,"name":"SERIELLE SANIERUNG"}]},{"@type":"WebSite","@id":"https:\/\/timbeco.ee\/de\/#website","url":"https:\/\/timbeco.ee\/de\/","name":"Timbeco Germany","description":"Vorgefertigte Holzelemente und Modulgeb\u00e4ude, serielle Sanierung","publisher":{"@id":"https:\/\/timbeco.ee\/de\/#organization"},"potentialAction":[{"@type":"SearchAction","target":{"@type":"EntryPoint","urlTemplate":"https:\/\/timbeco.ee\/de\/?s={search_term_string}"},"query-input":{"@type":"PropertyValueSpecification","valueRequired":true,"valueName":"search_term_string"}}],"inLanguage":"de"},{"@type":"Organization","@id":"https:\/\/timbeco.ee\/de\/#organization","name":"Timbeco Woodhouse O\u00dc","url":"https:\/\/timbeco.ee\/de\/","logo":{"@type":"ImageObject","inLanguage":"de","@id":"https:\/\/timbeco.ee\/de\/#\/schema\/logo\/image\/","url":"https:\/\/timbeco.ee\/de\/wp-content\/uploads\/sites\/11\/2018\/03\/timbeco-logo.png","contentUrl":"https:\/\/timbeco.ee\/de\/wp-content\/uploads\/sites\/11\/2018\/03\/timbeco-logo.png","width":200,"height":41,"caption":"Timbeco Woodhouse O\u00dc"},"image":{"@id":"https:\/\/timbeco.ee\/de\/#\/schema\/logo\/image\/"}}]}},"_links":{"self":[{"href":"https:\/\/timbeco.ee\/de\/wp-json\/wp\/v2\/pages\/5620","targetHints":{"allow":["GET"]}}],"collection":[{"href":"https:\/\/timbeco.ee\/de\/wp-json\/wp\/v2\/pages"}],"about":[{"href":"https:\/\/timbeco.ee\/de\/wp-json\/wp\/v2\/types\/page"}],"author":[{"embeddable":true,"href":"https:\/\/timbeco.ee\/de\/wp-json\/wp\/v2\/users\/2"}],"replies":[{"embeddable":true,"href":"https:\/\/timbeco.ee\/de\/wp-json\/wp\/v2\/comments?post=5620"}],"version-history":[{"count":44,"href":"https:\/\/timbeco.ee\/de\/wp-json\/wp\/v2\/pages\/5620\/revisions"}],"predecessor-version":[{"id":7199,"href":"https:\/\/timbeco.ee\/de\/wp-json\/wp\/v2\/pages\/5620\/revisions\/7199"}],"up":[{"embeddable":true,"href":"https:\/\/timbeco.ee\/de\/wp-json\/wp\/v2\/pages\/29"}],"wp:featuredmedia":[{"embeddable":true,"href":"https:\/\/timbeco.ee\/de\/wp-json\/wp\/v2\/media\/4905"}],"wp:attachment":[{"href":"https:\/\/timbeco.ee\/de\/wp-json\/wp\/v2\/media?parent=5620"}],"curies":[{"name":"wp","href":"https:\/\/api.w.org\/{rel}","templated":true}]}}