{"id":10,"date":"2017-12-12T14:45:15","date_gmt":"2017-12-12T12:45:15","guid":{"rendered":"http:\/\/timbeco.ee\/?page_id=10"},"modified":"2026-02-16T10:12:10","modified_gmt":"2026-02-16T08:12:10","slug":"prefabricated-elements-element-buildings-and-modular-houses","status":"publish","type":"page","link":"https:\/\/timbeco.ee\/de\/","title":{"rendered":"Elementbau und modulbauten"},"content":{"rendered":"","protected":false},"excerpt":{"rendered":"<p>Timbeco bietet energieeffiziente Holz-Element- und Modulgeb\u00e4ude \u2013 Design, Produktion &#038; Montage aus einer Hand. Nachhaltige Fertigbau-L\u00f6sungen f\u00fcr Ihr Bauprojekt.<\/p>\n","protected":false},"author":1,"featured_media":0,"parent":0,"menu_order":0,"comment_status":"closed","ping_status":"closed","template":"","meta":{"_acf_changed":false,"_monsterinsights_skip_tracking":false,"_monsterinsights_sitenote_active":false,"_monsterinsights_sitenote_note":"","_monsterinsights_sitenote_category":0,"footnotes":""},"class_list":["post-10","page","type-page","status-publish","hentry"],"acf":[],"yoast_head":"<!-- This site is optimized with the Yoast SEO Premium plugin v27.2 (Yoast SEO v27.2) - https:\/\/yoast.com\/product\/yoast-seo-premium-wordpress\/ -->\n<title>Timbeco \u2013 Nachhaltige Fertigh\u00e4user &amp; Modulgeb\u00e4ude aus Holz<\/title>\n<meta name=\"description\" content=\"Entdecken Sie hochwertige, nachhaltige Holz-Fertigh\u00e4user und modulare Geb\u00e4ude von Timbeco \u2013 mit \u00fcber 30 Jahren Erfahrung in vorgefertigten.\" \/>\n<meta name=\"robots\" content=\"index, follow, max-snippet:-1, max-image-preview:large, max-video-preview:-1\" \/>\n<link rel=\"canonical\" href=\"https:\/\/timbeco.ee\/de\/\" \/>\n<meta property=\"og:locale\" content=\"de_DE\" \/>\n<meta property=\"og:type\" content=\"article\" \/>\n<meta property=\"og:title\" content=\"Elementbau und modulbauten\" \/>\n<meta property=\"og:description\" content=\"Timbeco bietet energieeffiziente Holz-Element- und Modulgeb\u00e4ude \u2013 Design, Produktion &amp; Montage aus einer Hand. Nachhaltige Fertigbau-L\u00f6sungen f\u00fcr Ihr Bauprojekt.\" \/>\n<meta property=\"og:url\" content=\"https:\/\/timbeco.ee\/de\/\" \/>\n<meta property=\"og:site_name\" content=\"Timbeco Germany\" \/>\n<meta property=\"article:modified_time\" content=\"2026-02-16T08:12:10+00:00\" \/>\n<meta property=\"og:image\" content=\"https:\/\/timbeco.ee\/de\/wp-content\/uploads\/sites\/11\/2021\/03\/Lillgarden_front-scaled.jpg\" \/>\n\t<meta property=\"og:image:width\" content=\"2560\" \/>\n\t<meta property=\"og:image:height\" content=\"1281\" \/>\n\t<meta property=\"og:image:type\" content=\"image\/jpeg\" \/>\n<meta name=\"twitter:card\" content=\"summary_large_image\" \/>\n<meta name=\"twitter:label1\" content=\"Gesch\u00e4tzte Lesezeit\" \/>\n\t<meta name=\"twitter:data1\" content=\"1\u00a0Minute\" \/>\n<script type=\"application\/ld+json\" class=\"yoast-schema-graph\">{\"@context\":\"https:\/\/schema.org\",\"@graph\":[{\"@type\":\"WebPage\",\"@id\":\"https:\/\/timbeco.ee\/de\/\",\"url\":\"https:\/\/timbeco.ee\/de\/\",\"name\":\"Timbeco \u2013 Nachhaltige Fertigh\u00e4user & Modulgeb\u00e4ude aus Holz\",\"isPartOf\":{\"@id\":\"https:\/\/timbeco.ee\/de\/#website\"},\"datePublished\":\"2017-12-12T12:45:15+00:00\",\"dateModified\":\"2026-02-16T08:12:10+00:00\",\"description\":\"Entdecken Sie hochwertige, nachhaltige Holz-Fertigh\u00e4user und modulare Geb\u00e4ude von Timbeco \u2013 mit \u00fcber 30 Jahren Erfahrung in vorgefertigten.\",\"breadcrumb\":{\"@id\":\"https:\/\/timbeco.ee\/de\/#breadcrumb\"},\"inLanguage\":\"de\",\"potentialAction\":[{\"@type\":\"ReadAction\",\"target\":[\"https:\/\/timbeco.ee\/de\/\"]}]},{\"@type\":\"BreadcrumbList\",\"@id\":\"https:\/\/timbeco.ee\/de\/#breadcrumb\",\"itemListElement\":[{\"@type\":\"ListItem\",\"position\":1,\"name\":\"Avaleht\",\"item\":\"https:\/\/timbeco.ee\/de\/\"},{\"@type\":\"ListItem\",\"position\":2,\"name\":\"Elementbau und modulbauten\"}]},{\"@type\":\"WebSite\",\"@id\":\"https:\/\/timbeco.ee\/de\/#website\",\"url\":\"https:\/\/timbeco.ee\/de\/\",\"name\":\"Timbeco Germany\",\"description\":\"Vorgefertigte Holzelemente und Modulgeb\u00e4ude, serielle Sanierung\",\"publisher\":{\"@id\":\"https:\/\/timbeco.ee\/de\/#organization\"},\"potentialAction\":[{\"@type\":\"SearchAction\",\"target\":{\"@type\":\"EntryPoint\",\"urlTemplate\":\"https:\/\/timbeco.ee\/de\/?s={search_term_string}\"},\"query-input\":{\"@type\":\"PropertyValueSpecification\",\"valueRequired\":true,\"valueName\":\"search_term_string\"}}],\"inLanguage\":\"de\"},{\"@type\":\"Organization\",\"@id\":\"https:\/\/timbeco.ee\/de\/#organization\",\"name\":\"Timbeco Woodhouse O\u00dc\",\"url\":\"https:\/\/timbeco.ee\/de\/\",\"logo\":{\"@type\":\"ImageObject\",\"inLanguage\":\"de\",\"@id\":\"https:\/\/timbeco.ee\/de\/#\/schema\/logo\/image\/\",\"url\":\"https:\/\/timbeco.ee\/de\/wp-content\/uploads\/sites\/11\/2018\/03\/timbeco-logo.png\",\"contentUrl\":\"https:\/\/timbeco.ee\/de\/wp-content\/uploads\/sites\/11\/2018\/03\/timbeco-logo.png\",\"width\":200,\"height\":41,\"caption\":\"Timbeco Woodhouse O\u00dc\"},\"image\":{\"@id\":\"https:\/\/timbeco.ee\/de\/#\/schema\/logo\/image\/\"}}]}<\/script>\n<!-- \/ Yoast SEO Premium plugin. -->","yoast_head_json":{"title":"Timbeco \u2013 Nachhaltige Fertigh\u00e4user & Modulgeb\u00e4ude aus Holz","description":"Entdecken Sie hochwertige, nachhaltige Holz-Fertigh\u00e4user und modulare Geb\u00e4ude von Timbeco \u2013 mit \u00fcber 30 Jahren Erfahrung in vorgefertigten.","robots":{"index":"index","follow":"follow","max-snippet":"max-snippet:-1","max-image-preview":"max-image-preview:large","max-video-preview":"max-video-preview:-1"},"canonical":"https:\/\/timbeco.ee\/de\/","og_locale":"de_DE","og_type":"article","og_title":"Elementbau und modulbauten","og_description":"Timbeco bietet energieeffiziente Holz-Element- und Modulgeb\u00e4ude \u2013 Design, Produktion & Montage aus einer Hand. Nachhaltige Fertigbau-L\u00f6sungen f\u00fcr Ihr Bauprojekt.","og_url":"https:\/\/timbeco.ee\/de\/","og_site_name":"Timbeco Germany","article_modified_time":"2026-02-16T08:12:10+00:00","og_image":[{"width":2560,"height":1281,"url":"https:\/\/timbeco.ee\/de\/wp-content\/uploads\/sites\/11\/2021\/03\/Lillgarden_front-scaled.jpg","type":"image\/jpeg"}],"twitter_card":"summary_large_image","twitter_misc":{"Gesch\u00e4tzte Lesezeit":"1\u00a0Minute"},"schema":{"@context":"https:\/\/schema.org","@graph":[{"@type":"WebPage","@id":"https:\/\/timbeco.ee\/de\/","url":"https:\/\/timbeco.ee\/de\/","name":"Timbeco \u2013 Nachhaltige Fertigh\u00e4user & Modulgeb\u00e4ude aus Holz","isPartOf":{"@id":"https:\/\/timbeco.ee\/de\/#website"},"datePublished":"2017-12-12T12:45:15+00:00","dateModified":"2026-02-16T08:12:10+00:00","description":"Entdecken Sie hochwertige, nachhaltige Holz-Fertigh\u00e4user und modulare Geb\u00e4ude von Timbeco \u2013 mit \u00fcber 30 Jahren Erfahrung in vorgefertigten.","breadcrumb":{"@id":"https:\/\/timbeco.ee\/de\/#breadcrumb"},"inLanguage":"de","potentialAction":[{"@type":"ReadAction","target":["https:\/\/timbeco.ee\/de\/"]}]},{"@type":"BreadcrumbList","@id":"https:\/\/timbeco.ee\/de\/#breadcrumb","itemListElement":[{"@type":"ListItem","position":1,"name":"Avaleht","item":"https:\/\/timbeco.ee\/de\/"},{"@type":"ListItem","position":2,"name":"Elementbau und modulbauten"}]},{"@type":"WebSite","@id":"https:\/\/timbeco.ee\/de\/#website","url":"https:\/\/timbeco.ee\/de\/","name":"Timbeco Germany","description":"Vorgefertigte Holzelemente und Modulgeb\u00e4ude, serielle Sanierung","publisher":{"@id":"https:\/\/timbeco.ee\/de\/#organization"},"potentialAction":[{"@type":"SearchAction","target":{"@type":"EntryPoint","urlTemplate":"https:\/\/timbeco.ee\/de\/?s={search_term_string}"},"query-input":{"@type":"PropertyValueSpecification","valueRequired":true,"valueName":"search_term_string"}}],"inLanguage":"de"},{"@type":"Organization","@id":"https:\/\/timbeco.ee\/de\/#organization","name":"Timbeco Woodhouse O\u00dc","url":"https:\/\/timbeco.ee\/de\/","logo":{"@type":"ImageObject","inLanguage":"de","@id":"https:\/\/timbeco.ee\/de\/#\/schema\/logo\/image\/","url":"https:\/\/timbeco.ee\/de\/wp-content\/uploads\/sites\/11\/2018\/03\/timbeco-logo.png","contentUrl":"https:\/\/timbeco.ee\/de\/wp-content\/uploads\/sites\/11\/2018\/03\/timbeco-logo.png","width":200,"height":41,"caption":"Timbeco Woodhouse O\u00dc"},"image":{"@id":"https:\/\/timbeco.ee\/de\/#\/schema\/logo\/image\/"}}]}},"_links":{"self":[{"href":"https:\/\/timbeco.ee\/de\/wp-json\/wp\/v2\/pages\/10","targetHints":{"allow":["GET"]}}],"collection":[{"href":"https:\/\/timbeco.ee\/de\/wp-json\/wp\/v2\/pages"}],"about":[{"href":"https:\/\/timbeco.ee\/de\/wp-json\/wp\/v2\/types\/page"}],"author":[{"embeddable":true,"href":"https:\/\/timbeco.ee\/de\/wp-json\/wp\/v2\/users\/1"}],"replies":[{"embeddable":true,"href":"https:\/\/timbeco.ee\/de\/wp-json\/wp\/v2\/comments?post=10"}],"version-history":[{"count":246,"href":"https:\/\/timbeco.ee\/de\/wp-json\/wp\/v2\/pages\/10\/revisions"}],"predecessor-version":[{"id":7214,"href":"https:\/\/timbeco.ee\/de\/wp-json\/wp\/v2\/pages\/10\/revisions\/7214"}],"wp:attachment":[{"href":"https:\/\/timbeco.ee\/de\/wp-json\/wp\/v2\/media?parent=10"}],"curies":[{"name":"wp","href":"https:\/\/api.w.org\/{rel}","templated":true}]}}