{"id":68,"date":"2018-01-18T11:15:26","date_gmt":"2018-01-18T09:15:26","guid":{"rendered":"https:\/\/timbeco.ee\/uk\/?page_id=68"},"modified":"2019-07-10T12:31:25","modified_gmt":"2019-07-10T09:31:25","slug":"fassadenelemente","status":"publish","type":"page","link":"https:\/\/timbeco.ee\/ch\/produkte\/fassadenelemente\/","title":{"rendered":"Fassadenelemente"},"content":{"rendered":"","protected":false},"excerpt":{"rendered":"<p>Fassadenelemente f\u00fcr Mehrfamilienh\u00e4user, \u00f6ffentliche Geb\u00e4ude sowie Gewerbebauten, je nach Kundenprojekt und maximalem Fertigstellungsgrad. Am h\u00e4ufigsten werden Fassadenelemente als Zubeh\u00f6r und W\u00e4rmeelement f\u00fcr den Au\u00dfenumfang von Decksh\u00e4usern verwendet.<\/p>\n","protected":false},"author":1,"featured_media":2970,"parent":29,"menu_order":3,"comment_status":"closed","ping_status":"closed","template":"","meta":{"_acf_changed":false,"_monsterinsights_skip_tracking":false,"_monsterinsights_sitenote_active":false,"_monsterinsights_sitenote_note":"","_monsterinsights_sitenote_category":0,"footnotes":""},"class_list":["post-68","page","type-page","status-publish","has-post-thumbnail","hentry"],"acf":[],"yoast_head":"<!-- This site is optimized with the Yoast SEO Premium plugin v27.2 (Yoast SEO v27.2) - https:\/\/yoast.com\/product\/yoast-seo-premium-wordpress\/ -->\n<title>Fassadenelemente f\u00fcr Beton in Hybridbauweise - Timbeco Woodhouse<\/title>\n<meta name=\"description\" content=\"Fassadenelemente f\u00fcr Wohngeb\u00e4ude, \u00f6ffentliche Geb\u00e4ude sowie Gewerbebauten, je nach Projekt des Kunden und maximaler Fertigstellung.\" \/>\n<meta name=\"robots\" content=\"noindex, follow, max-snippet:-1, max-image-preview:large, max-video-preview:-1\" \/>\n<meta property=\"og:locale\" content=\"de_DE\" \/>\n<meta property=\"og:type\" content=\"article\" \/>\n<meta property=\"og:title\" content=\"Fassadenelemente\" \/>\n<meta property=\"og:description\" content=\"Fassadenelemente f\u00fcr Mehrfamilienh\u00e4user, \u00f6ffentliche Geb\u00e4ude sowie Gewerbebauten, je nach Kundenprojekt und maximalem Fertigstellungsgrad. Am h\u00e4ufigsten werden Fassadenelemente als Zubeh\u00f6r und W\u00e4rmeelement f\u00fcr den Au\u00dfenumfang von Decksh\u00e4usern verwendet.\" \/>\n<meta property=\"og:url\" content=\"https:\/\/timbeco.ee\/ch\/produkte\/fassadenelemente\/\" \/>\n<meta property=\"og:site_name\" content=\"Timbeco Switzerland\" \/>\n<meta property=\"article:modified_time\" content=\"2019-07-10T09:31:25+00:00\" \/>\n<meta property=\"og:image\" content=\"https:\/\/timbeco.ee\/ch\/wp-content\/uploads\/sites\/10\/2018\/06\/Lervig-b7-wall-elements-timbeco-2.jpg\" \/>\n\t<meta property=\"og:image:width\" content=\"900\" \/>\n\t<meta property=\"og:image:height\" content=\"667\" \/>\n\t<meta property=\"og:image:type\" content=\"image\/jpeg\" \/>\n<meta name=\"twitter:card\" content=\"summary_large_image\" \/>\n<script type=\"application\/ld+json\" class=\"yoast-schema-graph\">{\"@context\":\"https:\/\/schema.org\",\"@graph\":[{\"@type\":\"WebPage\",\"@id\":\"https:\/\/timbeco.ee\/ch\/produkte\/fassadenelemente\/\",\"url\":\"https:\/\/timbeco.ee\/ch\/produkte\/fassadenelemente\/\",\"name\":\"Fassadenelemente f\u00fcr Beton in Hybridbauweise - Timbeco Woodhouse\",\"isPartOf\":{\"@id\":\"https:\/\/timbeco.ee\/ch\/#website\"},\"primaryImageOfPage\":{\"@id\":\"https:\/\/timbeco.ee\/ch\/produkte\/fassadenelemente\/#primaryimage\"},\"image\":{\"@id\":\"https:\/\/timbeco.ee\/ch\/produkte\/fassadenelemente\/#primaryimage\"},\"thumbnailUrl\":\"https:\/\/timbeco.ee\/ch\/wp-content\/uploads\/sites\/10\/2018\/06\/Lervig-b7-wall-elements-timbeco-2.jpg\",\"datePublished\":\"2018-01-18T09:15:26+00:00\",\"dateModified\":\"2019-07-10T09:31:25+00:00\",\"description\":\"Fassadenelemente f\u00fcr Wohngeb\u00e4ude, \u00f6ffentliche Geb\u00e4ude sowie Gewerbebauten, je nach Projekt des Kunden und maximaler Fertigstellung.\",\"breadcrumb\":{\"@id\":\"https:\/\/timbeco.ee\/ch\/produkte\/fassadenelemente\/#breadcrumb\"},\"inLanguage\":\"de-CH\",\"potentialAction\":[{\"@type\":\"ReadAction\",\"target\":[\"https:\/\/timbeco.ee\/ch\/produkte\/fassadenelemente\/\"]}]},{\"@type\":\"ImageObject\",\"inLanguage\":\"de-CH\",\"@id\":\"https:\/\/timbeco.ee\/ch\/produkte\/fassadenelemente\/#primaryimage\",\"url\":\"https:\/\/timbeco.ee\/ch\/wp-content\/uploads\/sites\/10\/2018\/06\/Lervig-b7-wall-elements-timbeco-2.jpg\",\"contentUrl\":\"https:\/\/timbeco.ee\/ch\/wp-content\/uploads\/sites\/10\/2018\/06\/Lervig-b7-wall-elements-timbeco-2.jpg\",\"width\":900,\"height\":667,\"caption\":\"Wall elements\"},{\"@type\":\"BreadcrumbList\",\"@id\":\"https:\/\/timbeco.ee\/ch\/produkte\/fassadenelemente\/#breadcrumb\",\"itemListElement\":[{\"@type\":\"ListItem\",\"position\":1,\"name\":\"Avaleht\",\"item\":\"https:\/\/timbeco.ee\/ch\/\"},{\"@type\":\"ListItem\",\"position\":2,\"name\":\"Produkte\",\"item\":\"https:\/\/timbeco.ee\/ch\/produkte\/\"},{\"@type\":\"ListItem\",\"position\":3,\"name\":\"Fassadenelemente\"}]},{\"@type\":\"WebSite\",\"@id\":\"https:\/\/timbeco.ee\/ch\/#website\",\"url\":\"https:\/\/timbeco.ee\/ch\/\",\"name\":\"Timbeco Switzerland\",\"description\":\"Vorgefertigte bauteile, elementgeb\u00e4ude and modulare h\u00e4user\",\"publisher\":{\"@id\":\"https:\/\/timbeco.ee\/ch\/#organization\"},\"potentialAction\":[{\"@type\":\"SearchAction\",\"target\":{\"@type\":\"EntryPoint\",\"urlTemplate\":\"https:\/\/timbeco.ee\/ch\/?s={search_term_string}\"},\"query-input\":{\"@type\":\"PropertyValueSpecification\",\"valueRequired\":true,\"valueName\":\"search_term_string\"}}],\"inLanguage\":\"de-CH\"},{\"@type\":\"Organization\",\"@id\":\"https:\/\/timbeco.ee\/ch\/#organization\",\"name\":\"Timbeco Woodhouse O\u00dc\",\"url\":\"https:\/\/timbeco.ee\/ch\/\",\"logo\":{\"@type\":\"ImageObject\",\"inLanguage\":\"de-CH\",\"@id\":\"https:\/\/timbeco.ee\/ch\/#\/schema\/logo\/image\/\",\"url\":\"https:\/\/timbeco.ee\/ch\/wp-content\/uploads\/sites\/10\/2018\/03\/timbeco-logo.png\",\"contentUrl\":\"https:\/\/timbeco.ee\/ch\/wp-content\/uploads\/sites\/10\/2018\/03\/timbeco-logo.png\",\"width\":200,\"height\":41,\"caption\":\"Timbeco Woodhouse O\u00dc\"},\"image\":{\"@id\":\"https:\/\/timbeco.ee\/ch\/#\/schema\/logo\/image\/\"}}]}<\/script>\n<!-- \/ Yoast SEO Premium plugin. -->","yoast_head_json":{"title":"Fassadenelemente f\u00fcr Beton in Hybridbauweise - Timbeco Woodhouse","description":"Fassadenelemente f\u00fcr Wohngeb\u00e4ude, \u00f6ffentliche Geb\u00e4ude sowie Gewerbebauten, je nach Projekt des Kunden und maximaler Fertigstellung.","robots":{"index":"noindex","follow":"follow","max-snippet":"max-snippet:-1","max-image-preview":"max-image-preview:large","max-video-preview":"max-video-preview:-1"},"og_locale":"de_DE","og_type":"article","og_title":"Fassadenelemente","og_description":"Fassadenelemente f\u00fcr Mehrfamilienh\u00e4user, \u00f6ffentliche Geb\u00e4ude sowie Gewerbebauten, je nach Kundenprojekt und maximalem Fertigstellungsgrad. Am h\u00e4ufigsten werden Fassadenelemente als Zubeh\u00f6r und W\u00e4rmeelement f\u00fcr den Au\u00dfenumfang von Decksh\u00e4usern verwendet.","og_url":"https:\/\/timbeco.ee\/ch\/produkte\/fassadenelemente\/","og_site_name":"Timbeco Switzerland","article_modified_time":"2019-07-10T09:31:25+00:00","og_image":[{"width":900,"height":667,"url":"https:\/\/timbeco.ee\/ch\/wp-content\/uploads\/sites\/10\/2018\/06\/Lervig-b7-wall-elements-timbeco-2.jpg","type":"image\/jpeg"}],"twitter_card":"summary_large_image","schema":{"@context":"https:\/\/schema.org","@graph":[{"@type":"WebPage","@id":"https:\/\/timbeco.ee\/ch\/produkte\/fassadenelemente\/","url":"https:\/\/timbeco.ee\/ch\/produkte\/fassadenelemente\/","name":"Fassadenelemente f\u00fcr Beton in Hybridbauweise - Timbeco Woodhouse","isPartOf":{"@id":"https:\/\/timbeco.ee\/ch\/#website"},"primaryImageOfPage":{"@id":"https:\/\/timbeco.ee\/ch\/produkte\/fassadenelemente\/#primaryimage"},"image":{"@id":"https:\/\/timbeco.ee\/ch\/produkte\/fassadenelemente\/#primaryimage"},"thumbnailUrl":"https:\/\/timbeco.ee\/ch\/wp-content\/uploads\/sites\/10\/2018\/06\/Lervig-b7-wall-elements-timbeco-2.jpg","datePublished":"2018-01-18T09:15:26+00:00","dateModified":"2019-07-10T09:31:25+00:00","description":"Fassadenelemente f\u00fcr Wohngeb\u00e4ude, \u00f6ffentliche Geb\u00e4ude sowie Gewerbebauten, je nach Projekt des Kunden und maximaler Fertigstellung.","breadcrumb":{"@id":"https:\/\/timbeco.ee\/ch\/produkte\/fassadenelemente\/#breadcrumb"},"inLanguage":"de-CH","potentialAction":[{"@type":"ReadAction","target":["https:\/\/timbeco.ee\/ch\/produkte\/fassadenelemente\/"]}]},{"@type":"ImageObject","inLanguage":"de-CH","@id":"https:\/\/timbeco.ee\/ch\/produkte\/fassadenelemente\/#primaryimage","url":"https:\/\/timbeco.ee\/ch\/wp-content\/uploads\/sites\/10\/2018\/06\/Lervig-b7-wall-elements-timbeco-2.jpg","contentUrl":"https:\/\/timbeco.ee\/ch\/wp-content\/uploads\/sites\/10\/2018\/06\/Lervig-b7-wall-elements-timbeco-2.jpg","width":900,"height":667,"caption":"Wall elements"},{"@type":"BreadcrumbList","@id":"https:\/\/timbeco.ee\/ch\/produkte\/fassadenelemente\/#breadcrumb","itemListElement":[{"@type":"ListItem","position":1,"name":"Avaleht","item":"https:\/\/timbeco.ee\/ch\/"},{"@type":"ListItem","position":2,"name":"Produkte","item":"https:\/\/timbeco.ee\/ch\/produkte\/"},{"@type":"ListItem","position":3,"name":"Fassadenelemente"}]},{"@type":"WebSite","@id":"https:\/\/timbeco.ee\/ch\/#website","url":"https:\/\/timbeco.ee\/ch\/","name":"Timbeco Switzerland","description":"Vorgefertigte bauteile, elementgeb\u00e4ude and modulare h\u00e4user","publisher":{"@id":"https:\/\/timbeco.ee\/ch\/#organization"},"potentialAction":[{"@type":"SearchAction","target":{"@type":"EntryPoint","urlTemplate":"https:\/\/timbeco.ee\/ch\/?s={search_term_string}"},"query-input":{"@type":"PropertyValueSpecification","valueRequired":true,"valueName":"search_term_string"}}],"inLanguage":"de-CH"},{"@type":"Organization","@id":"https:\/\/timbeco.ee\/ch\/#organization","name":"Timbeco Woodhouse O\u00dc","url":"https:\/\/timbeco.ee\/ch\/","logo":{"@type":"ImageObject","inLanguage":"de-CH","@id":"https:\/\/timbeco.ee\/ch\/#\/schema\/logo\/image\/","url":"https:\/\/timbeco.ee\/ch\/wp-content\/uploads\/sites\/10\/2018\/03\/timbeco-logo.png","contentUrl":"https:\/\/timbeco.ee\/ch\/wp-content\/uploads\/sites\/10\/2018\/03\/timbeco-logo.png","width":200,"height":41,"caption":"Timbeco Woodhouse O\u00dc"},"image":{"@id":"https:\/\/timbeco.ee\/ch\/#\/schema\/logo\/image\/"}}]}},"_links":{"self":[{"href":"https:\/\/timbeco.ee\/ch\/wp-json\/wp\/v2\/pages\/68","targetHints":{"allow":["GET"]}}],"collection":[{"href":"https:\/\/timbeco.ee\/ch\/wp-json\/wp\/v2\/pages"}],"about":[{"href":"https:\/\/timbeco.ee\/ch\/wp-json\/wp\/v2\/types\/page"}],"author":[{"embeddable":true,"href":"https:\/\/timbeco.ee\/ch\/wp-json\/wp\/v2\/users\/1"}],"replies":[{"embeddable":true,"href":"https:\/\/timbeco.ee\/ch\/wp-json\/wp\/v2\/comments?post=68"}],"version-history":[{"count":112,"href":"https:\/\/timbeco.ee\/ch\/wp-json\/wp\/v2\/pages\/68\/revisions"}],"predecessor-version":[{"id":3837,"href":"https:\/\/timbeco.ee\/ch\/wp-json\/wp\/v2\/pages\/68\/revisions\/3837"}],"up":[{"embeddable":true,"href":"https:\/\/timbeco.ee\/ch\/wp-json\/wp\/v2\/pages\/29"}],"wp:featuredmedia":[{"embeddable":true,"href":"https:\/\/timbeco.ee\/ch\/wp-json\/wp\/v2\/media\/2970"}],"wp:attachment":[{"href":"https:\/\/timbeco.ee\/ch\/wp-json\/wp\/v2\/media?parent=68"}],"curies":[{"name":"wp","href":"https:\/\/api.w.org\/{rel}","templated":true}]}}