{"id":66,"date":"2018-01-11T15:53:23","date_gmt":"2018-01-11T13:53:23","guid":{"rendered":"https:\/\/timbeco.ee\/uk\/?page_id=66"},"modified":"2023-01-12T08:12:41","modified_gmt":"2023-01-12T06:12:41","slug":"elementhaeuser","status":"publish","type":"page","link":"https:\/\/timbeco.ee\/ch\/produkte\/elementhaeuser\/","title":{"rendered":"Elementh\u00e4user"},"content":{"rendered":"","protected":false},"excerpt":{"rendered":"<p>Alle Elemente eines Elementhauses werden als gro\u00dfe Fertigteile in der Fabrik fertiggestellt. Zum Beispiel wird eine Au\u00dfenwand mit T\u00fcren und Fenstern oder ein Dach mit einer Dachbedeckung in der Fabrik gefertigt und an einem Mast montiert, wodurch die Bauzeit erheblich verk\u00fcrzt wird.<\/p>\n","protected":false},"author":1,"featured_media":214,"parent":29,"menu_order":1,"comment_status":"closed","ping_status":"closed","template":"","meta":{"_acf_changed":false,"_monsterinsights_skip_tracking":false,"_monsterinsights_sitenote_active":false,"_monsterinsights_sitenote_note":"","_monsterinsights_sitenote_category":0,"footnotes":""},"class_list":["post-66","page","type-page","status-publish","has-post-thumbnail","hentry"],"acf":[],"yoast_head":"<!-- This site is optimized with the Yoast SEO Premium plugin v27.2 (Yoast SEO v27.2) - https:\/\/yoast.com\/product\/yoast-seo-premium-wordpress\/ -->\n<title>Holzelementh\u00e4user nach Kundenwunsch - Timbeco Woodhouse<\/title>\n<meta name=\"description\" content=\"Wir fertigen und installieren Elementh\u00e4user nach dem Design des Kunden. Die element ee-H\u00e4user werden im Timbeco-Werk als vorgefertigt\" \/>\n<meta name=\"robots\" content=\"noindex, follow, max-snippet:-1, max-image-preview:large, max-video-preview:-1\" \/>\n<meta property=\"og:locale\" content=\"de_DE\" \/>\n<meta property=\"og:type\" content=\"article\" \/>\n<meta property=\"og:title\" content=\"Elementh\u00e4user\" \/>\n<meta property=\"og:description\" content=\"Alle Elemente eines Elementhauses werden als gro\u00dfe Fertigteile in der Fabrik fertiggestellt. Zum Beispiel wird eine Au\u00dfenwand mit T\u00fcren und Fenstern oder ein Dach mit einer Dachbedeckung in der Fabrik gefertigt und an einem Mast montiert, wodurch die Bauzeit erheblich verk\u00fcrzt wird.\" \/>\n<meta property=\"og:url\" content=\"https:\/\/timbeco.ee\/ch\/produkte\/elementhaeuser\/\" \/>\n<meta property=\"og:site_name\" content=\"Timbeco Switzerland\" \/>\n<meta property=\"article:modified_time\" content=\"2023-01-12T06:12:41+00:00\" \/>\n<meta property=\"og:image\" content=\"https:\/\/timbeco.ee\/ch\/wp-content\/uploads\/sites\/10\/2018\/03\/fassaadielemendid-resized.jpg\" \/>\n\t<meta property=\"og:image:width\" content=\"555\" \/>\n\t<meta property=\"og:image:height\" content=\"270\" \/>\n\t<meta property=\"og:image:type\" content=\"image\/jpeg\" \/>\n<meta name=\"twitter:card\" content=\"summary_large_image\" \/>\n<script type=\"application\/ld+json\" class=\"yoast-schema-graph\">{\"@context\":\"https:\/\/schema.org\",\"@graph\":[{\"@type\":\"WebPage\",\"@id\":\"https:\/\/timbeco.ee\/ch\/produkte\/elementhaeuser\/\",\"url\":\"https:\/\/timbeco.ee\/ch\/produkte\/elementhaeuser\/\",\"name\":\"Holzelementh\u00e4user nach Kundenwunsch - Timbeco Woodhouse\",\"isPartOf\":{\"@id\":\"https:\/\/timbeco.ee\/ch\/#website\"},\"primaryImageOfPage\":{\"@id\":\"https:\/\/timbeco.ee\/ch\/produkte\/elementhaeuser\/#primaryimage\"},\"image\":{\"@id\":\"https:\/\/timbeco.ee\/ch\/produkte\/elementhaeuser\/#primaryimage\"},\"thumbnailUrl\":\"https:\/\/timbeco.ee\/ch\/wp-content\/uploads\/sites\/10\/2018\/03\/fassaadielemendid-resized.jpg\",\"datePublished\":\"2018-01-11T13:53:23+00:00\",\"dateModified\":\"2023-01-12T06:12:41+00:00\",\"description\":\"Wir fertigen und installieren Elementh\u00e4user nach dem Design des Kunden. Die element ee-H\u00e4user werden im Timbeco-Werk als vorgefertigt\",\"breadcrumb\":{\"@id\":\"https:\/\/timbeco.ee\/ch\/produkte\/elementhaeuser\/#breadcrumb\"},\"inLanguage\":\"de-CH\",\"potentialAction\":[{\"@type\":\"ReadAction\",\"target\":[\"https:\/\/timbeco.ee\/ch\/produkte\/elementhaeuser\/\"]}]},{\"@type\":\"ImageObject\",\"inLanguage\":\"de-CH\",\"@id\":\"https:\/\/timbeco.ee\/ch\/produkte\/elementhaeuser\/#primaryimage\",\"url\":\"https:\/\/timbeco.ee\/ch\/wp-content\/uploads\/sites\/10\/2018\/03\/fassaadielemendid-resized.jpg\",\"contentUrl\":\"https:\/\/timbeco.ee\/ch\/wp-content\/uploads\/sites\/10\/2018\/03\/fassaadielemendid-resized.jpg\",\"width\":555,\"height\":270,\"caption\":\"Element houses\"},{\"@type\":\"BreadcrumbList\",\"@id\":\"https:\/\/timbeco.ee\/ch\/produkte\/elementhaeuser\/#breadcrumb\",\"itemListElement\":[{\"@type\":\"ListItem\",\"position\":1,\"name\":\"Avaleht\",\"item\":\"https:\/\/timbeco.ee\/ch\/\"},{\"@type\":\"ListItem\",\"position\":2,\"name\":\"Produkte\",\"item\":\"https:\/\/timbeco.ee\/ch\/produkte\/\"},{\"@type\":\"ListItem\",\"position\":3,\"name\":\"Elementh\u00e4user\"}]},{\"@type\":\"WebSite\",\"@id\":\"https:\/\/timbeco.ee\/ch\/#website\",\"url\":\"https:\/\/timbeco.ee\/ch\/\",\"name\":\"Timbeco Switzerland\",\"description\":\"Vorgefertigte bauteile, elementgeb\u00e4ude and modulare h\u00e4user\",\"publisher\":{\"@id\":\"https:\/\/timbeco.ee\/ch\/#organization\"},\"potentialAction\":[{\"@type\":\"SearchAction\",\"target\":{\"@type\":\"EntryPoint\",\"urlTemplate\":\"https:\/\/timbeco.ee\/ch\/?s={search_term_string}\"},\"query-input\":{\"@type\":\"PropertyValueSpecification\",\"valueRequired\":true,\"valueName\":\"search_term_string\"}}],\"inLanguage\":\"de-CH\"},{\"@type\":\"Organization\",\"@id\":\"https:\/\/timbeco.ee\/ch\/#organization\",\"name\":\"Timbeco Woodhouse O\u00dc\",\"url\":\"https:\/\/timbeco.ee\/ch\/\",\"logo\":{\"@type\":\"ImageObject\",\"inLanguage\":\"de-CH\",\"@id\":\"https:\/\/timbeco.ee\/ch\/#\/schema\/logo\/image\/\",\"url\":\"https:\/\/timbeco.ee\/ch\/wp-content\/uploads\/sites\/10\/2018\/03\/timbeco-logo.png\",\"contentUrl\":\"https:\/\/timbeco.ee\/ch\/wp-content\/uploads\/sites\/10\/2018\/03\/timbeco-logo.png\",\"width\":200,\"height\":41,\"caption\":\"Timbeco Woodhouse O\u00dc\"},\"image\":{\"@id\":\"https:\/\/timbeco.ee\/ch\/#\/schema\/logo\/image\/\"}}]}<\/script>\n<!-- \/ Yoast SEO Premium plugin. -->","yoast_head_json":{"title":"Holzelementh\u00e4user nach Kundenwunsch - Timbeco Woodhouse","description":"Wir fertigen und installieren Elementh\u00e4user nach dem Design des Kunden. Die element ee-H\u00e4user werden im Timbeco-Werk als vorgefertigt","robots":{"index":"noindex","follow":"follow","max-snippet":"max-snippet:-1","max-image-preview":"max-image-preview:large","max-video-preview":"max-video-preview:-1"},"og_locale":"de_DE","og_type":"article","og_title":"Elementh\u00e4user","og_description":"Alle Elemente eines Elementhauses werden als gro\u00dfe Fertigteile in der Fabrik fertiggestellt. Zum Beispiel wird eine Au\u00dfenwand mit T\u00fcren und Fenstern oder ein Dach mit einer Dachbedeckung in der Fabrik gefertigt und an einem Mast montiert, wodurch die Bauzeit erheblich verk\u00fcrzt wird.","og_url":"https:\/\/timbeco.ee\/ch\/produkte\/elementhaeuser\/","og_site_name":"Timbeco Switzerland","article_modified_time":"2023-01-12T06:12:41+00:00","og_image":[{"width":555,"height":270,"url":"https:\/\/timbeco.ee\/ch\/wp-content\/uploads\/sites\/10\/2018\/03\/fassaadielemendid-resized.jpg","type":"image\/jpeg"}],"twitter_card":"summary_large_image","schema":{"@context":"https:\/\/schema.org","@graph":[{"@type":"WebPage","@id":"https:\/\/timbeco.ee\/ch\/produkte\/elementhaeuser\/","url":"https:\/\/timbeco.ee\/ch\/produkte\/elementhaeuser\/","name":"Holzelementh\u00e4user nach Kundenwunsch - Timbeco Woodhouse","isPartOf":{"@id":"https:\/\/timbeco.ee\/ch\/#website"},"primaryImageOfPage":{"@id":"https:\/\/timbeco.ee\/ch\/produkte\/elementhaeuser\/#primaryimage"},"image":{"@id":"https:\/\/timbeco.ee\/ch\/produkte\/elementhaeuser\/#primaryimage"},"thumbnailUrl":"https:\/\/timbeco.ee\/ch\/wp-content\/uploads\/sites\/10\/2018\/03\/fassaadielemendid-resized.jpg","datePublished":"2018-01-11T13:53:23+00:00","dateModified":"2023-01-12T06:12:41+00:00","description":"Wir fertigen und installieren Elementh\u00e4user nach dem Design des Kunden. Die element ee-H\u00e4user werden im Timbeco-Werk als vorgefertigt","breadcrumb":{"@id":"https:\/\/timbeco.ee\/ch\/produkte\/elementhaeuser\/#breadcrumb"},"inLanguage":"de-CH","potentialAction":[{"@type":"ReadAction","target":["https:\/\/timbeco.ee\/ch\/produkte\/elementhaeuser\/"]}]},{"@type":"ImageObject","inLanguage":"de-CH","@id":"https:\/\/timbeco.ee\/ch\/produkte\/elementhaeuser\/#primaryimage","url":"https:\/\/timbeco.ee\/ch\/wp-content\/uploads\/sites\/10\/2018\/03\/fassaadielemendid-resized.jpg","contentUrl":"https:\/\/timbeco.ee\/ch\/wp-content\/uploads\/sites\/10\/2018\/03\/fassaadielemendid-resized.jpg","width":555,"height":270,"caption":"Element houses"},{"@type":"BreadcrumbList","@id":"https:\/\/timbeco.ee\/ch\/produkte\/elementhaeuser\/#breadcrumb","itemListElement":[{"@type":"ListItem","position":1,"name":"Avaleht","item":"https:\/\/timbeco.ee\/ch\/"},{"@type":"ListItem","position":2,"name":"Produkte","item":"https:\/\/timbeco.ee\/ch\/produkte\/"},{"@type":"ListItem","position":3,"name":"Elementh\u00e4user"}]},{"@type":"WebSite","@id":"https:\/\/timbeco.ee\/ch\/#website","url":"https:\/\/timbeco.ee\/ch\/","name":"Timbeco Switzerland","description":"Vorgefertigte bauteile, elementgeb\u00e4ude and modulare h\u00e4user","publisher":{"@id":"https:\/\/timbeco.ee\/ch\/#organization"},"potentialAction":[{"@type":"SearchAction","target":{"@type":"EntryPoint","urlTemplate":"https:\/\/timbeco.ee\/ch\/?s={search_term_string}"},"query-input":{"@type":"PropertyValueSpecification","valueRequired":true,"valueName":"search_term_string"}}],"inLanguage":"de-CH"},{"@type":"Organization","@id":"https:\/\/timbeco.ee\/ch\/#organization","name":"Timbeco Woodhouse O\u00dc","url":"https:\/\/timbeco.ee\/ch\/","logo":{"@type":"ImageObject","inLanguage":"de-CH","@id":"https:\/\/timbeco.ee\/ch\/#\/schema\/logo\/image\/","url":"https:\/\/timbeco.ee\/ch\/wp-content\/uploads\/sites\/10\/2018\/03\/timbeco-logo.png","contentUrl":"https:\/\/timbeco.ee\/ch\/wp-content\/uploads\/sites\/10\/2018\/03\/timbeco-logo.png","width":200,"height":41,"caption":"Timbeco Woodhouse O\u00dc"},"image":{"@id":"https:\/\/timbeco.ee\/ch\/#\/schema\/logo\/image\/"}}]}},"_links":{"self":[{"href":"https:\/\/timbeco.ee\/ch\/wp-json\/wp\/v2\/pages\/66","targetHints":{"allow":["GET"]}}],"collection":[{"href":"https:\/\/timbeco.ee\/ch\/wp-json\/wp\/v2\/pages"}],"about":[{"href":"https:\/\/timbeco.ee\/ch\/wp-json\/wp\/v2\/types\/page"}],"author":[{"embeddable":true,"href":"https:\/\/timbeco.ee\/ch\/wp-json\/wp\/v2\/users\/1"}],"replies":[{"embeddable":true,"href":"https:\/\/timbeco.ee\/ch\/wp-json\/wp\/v2\/comments?post=66"}],"version-history":[{"count":47,"href":"https:\/\/timbeco.ee\/ch\/wp-json\/wp\/v2\/pages\/66\/revisions"}],"predecessor-version":[{"id":4267,"href":"https:\/\/timbeco.ee\/ch\/wp-json\/wp\/v2\/pages\/66\/revisions\/4267"}],"up":[{"embeddable":true,"href":"https:\/\/timbeco.ee\/ch\/wp-json\/wp\/v2\/pages\/29"}],"wp:featuredmedia":[{"embeddable":true,"href":"https:\/\/timbeco.ee\/ch\/wp-json\/wp\/v2\/media\/214"}],"wp:attachment":[{"href":"https:\/\/timbeco.ee\/ch\/wp-json\/wp\/v2\/media?parent=66"}],"curies":[{"name":"wp","href":"https:\/\/api.w.org\/{rel}","templated":true}]}}