{"id":3558,"date":"2018-10-29T11:30:12","date_gmt":"2018-10-29T09:30:12","guid":{"rendered":"https:\/\/timbeco.ee\/ch\/?page_id=3558"},"modified":"2021-01-20T11:44:43","modified_gmt":"2021-01-20T09:44:43","slug":"bautypen","status":"publish","type":"page","link":"https:\/\/timbeco.ee\/ch\/bautypen\/","title":{"rendered":"Bautypen"},"content":{"rendered":"","protected":false},"excerpt":{"rendered":"<p>Auf dieser Seite stellen wir die L\u00f6sungen f\u00fcr die Geb\u00e4ude vor, die von Timbeco gebaut werden. Alle Geb\u00e4udetypen werden in Holzrahmenelementen oder modularen L\u00f6sungen gel\u00f6st. Dar\u00fcber hinaus gibt es viele Fassadenl\u00f6sungen und D\u00e4cher.<\/p>\n","protected":false},"author":2,"featured_media":3562,"parent":0,"menu_order":0,"comment_status":"closed","ping_status":"closed","template":"","meta":{"_acf_changed":false,"_monsterinsights_skip_tracking":false,"_monsterinsights_sitenote_active":false,"_monsterinsights_sitenote_note":"","_monsterinsights_sitenote_category":0,"footnotes":""},"class_list":["post-3558","page","type-page","status-publish","has-post-thumbnail","hentry"],"acf":[],"yoast_head":"<!-- This site is optimized with the Yoast SEO Premium plugin v27.2 (Yoast SEO v27.2) - https:\/\/yoast.com\/product\/yoast-seo-premium-wordpress\/ -->\n<title>Bautypen - Timbeco Switzerland<\/title>\n<meta name=\"robots\" content=\"noindex, follow, max-snippet:-1, max-image-preview:large, max-video-preview:-1\" \/>\n<meta property=\"og:locale\" content=\"de_DE\" \/>\n<meta property=\"og:type\" content=\"article\" \/>\n<meta property=\"og:title\" content=\"Bautypen\" \/>\n<meta property=\"og:description\" content=\"Auf dieser Seite stellen wir die L\u00f6sungen f\u00fcr die Geb\u00e4ude vor, die von Timbeco gebaut werden. Alle Geb\u00e4udetypen werden in Holzrahmenelementen oder modularen L\u00f6sungen gel\u00f6st. Dar\u00fcber hinaus gibt es viele Fassadenl\u00f6sungen und D\u00e4cher.\" \/>\n<meta property=\"og:url\" content=\"https:\/\/timbeco.ee\/ch\/bautypen\/\" \/>\n<meta property=\"og:site_name\" content=\"Timbeco Switzerland\" \/>\n<meta property=\"article:modified_time\" content=\"2021-01-20T09:44:43+00:00\" \/>\n<meta property=\"og:image\" content=\"https:\/\/timbeco.ee\/ch\/wp-content\/uploads\/sites\/10\/2018\/10\/Building-types1.jpg\" \/>\n\t<meta property=\"og:image:width\" content=\"1122\" \/>\n\t<meta property=\"og:image:height\" content=\"325\" \/>\n\t<meta property=\"og:image:type\" content=\"image\/jpeg\" \/>\n<meta name=\"twitter:card\" content=\"summary_large_image\" \/>\n<script type=\"application\/ld+json\" class=\"yoast-schema-graph\">{\"@context\":\"https:\/\/schema.org\",\"@graph\":[{\"@type\":\"WebPage\",\"@id\":\"https:\/\/timbeco.ee\/ch\/bautypen\/\",\"url\":\"https:\/\/timbeco.ee\/ch\/bautypen\/\",\"name\":\"Bautypen - Timbeco Switzerland\",\"isPartOf\":{\"@id\":\"https:\/\/timbeco.ee\/ch\/#website\"},\"primaryImageOfPage\":{\"@id\":\"https:\/\/timbeco.ee\/ch\/bautypen\/#primaryimage\"},\"image\":{\"@id\":\"https:\/\/timbeco.ee\/ch\/bautypen\/#primaryimage\"},\"thumbnailUrl\":\"https:\/\/timbeco.ee\/ch\/wp-content\/uploads\/sites\/10\/2018\/10\/Building-types1.jpg\",\"datePublished\":\"2018-10-29T09:30:12+00:00\",\"dateModified\":\"2021-01-20T09:44:43+00:00\",\"breadcrumb\":{\"@id\":\"https:\/\/timbeco.ee\/ch\/bautypen\/#breadcrumb\"},\"inLanguage\":\"de-CH\",\"potentialAction\":[{\"@type\":\"ReadAction\",\"target\":[\"https:\/\/timbeco.ee\/ch\/bautypen\/\"]}]},{\"@type\":\"ImageObject\",\"inLanguage\":\"de-CH\",\"@id\":\"https:\/\/timbeco.ee\/ch\/bautypen\/#primaryimage\",\"url\":\"https:\/\/timbeco.ee\/ch\/wp-content\/uploads\/sites\/10\/2018\/10\/Building-types1.jpg\",\"contentUrl\":\"https:\/\/timbeco.ee\/ch\/wp-content\/uploads\/sites\/10\/2018\/10\/Building-types1.jpg\",\"width\":1122,\"height\":325,\"caption\":\"Prefab building\"},{\"@type\":\"BreadcrumbList\",\"@id\":\"https:\/\/timbeco.ee\/ch\/bautypen\/#breadcrumb\",\"itemListElement\":[{\"@type\":\"ListItem\",\"position\":1,\"name\":\"Avaleht\",\"item\":\"https:\/\/timbeco.ee\/ch\/\"},{\"@type\":\"ListItem\",\"position\":2,\"name\":\"Bautypen\"}]},{\"@type\":\"WebSite\",\"@id\":\"https:\/\/timbeco.ee\/ch\/#website\",\"url\":\"https:\/\/timbeco.ee\/ch\/\",\"name\":\"Timbeco Switzerland\",\"description\":\"Vorgefertigte bauteile, elementgeb\u00e4ude and modulare h\u00e4user\",\"publisher\":{\"@id\":\"https:\/\/timbeco.ee\/ch\/#organization\"},\"potentialAction\":[{\"@type\":\"SearchAction\",\"target\":{\"@type\":\"EntryPoint\",\"urlTemplate\":\"https:\/\/timbeco.ee\/ch\/?s={search_term_string}\"},\"query-input\":{\"@type\":\"PropertyValueSpecification\",\"valueRequired\":true,\"valueName\":\"search_term_string\"}}],\"inLanguage\":\"de-CH\"},{\"@type\":\"Organization\",\"@id\":\"https:\/\/timbeco.ee\/ch\/#organization\",\"name\":\"Timbeco Woodhouse O\u00dc\",\"url\":\"https:\/\/timbeco.ee\/ch\/\",\"logo\":{\"@type\":\"ImageObject\",\"inLanguage\":\"de-CH\",\"@id\":\"https:\/\/timbeco.ee\/ch\/#\/schema\/logo\/image\/\",\"url\":\"https:\/\/timbeco.ee\/ch\/wp-content\/uploads\/sites\/10\/2018\/03\/timbeco-logo.png\",\"contentUrl\":\"https:\/\/timbeco.ee\/ch\/wp-content\/uploads\/sites\/10\/2018\/03\/timbeco-logo.png\",\"width\":200,\"height\":41,\"caption\":\"Timbeco Woodhouse O\u00dc\"},\"image\":{\"@id\":\"https:\/\/timbeco.ee\/ch\/#\/schema\/logo\/image\/\"}}]}<\/script>\n<!-- \/ Yoast SEO Premium plugin. -->","yoast_head_json":{"title":"Bautypen - Timbeco Switzerland","robots":{"index":"noindex","follow":"follow","max-snippet":"max-snippet:-1","max-image-preview":"max-image-preview:large","max-video-preview":"max-video-preview:-1"},"og_locale":"de_DE","og_type":"article","og_title":"Bautypen","og_description":"Auf dieser Seite stellen wir die L\u00f6sungen f\u00fcr die Geb\u00e4ude vor, die von Timbeco gebaut werden. Alle Geb\u00e4udetypen werden in Holzrahmenelementen oder modularen L\u00f6sungen gel\u00f6st. Dar\u00fcber hinaus gibt es viele Fassadenl\u00f6sungen und D\u00e4cher.","og_url":"https:\/\/timbeco.ee\/ch\/bautypen\/","og_site_name":"Timbeco Switzerland","article_modified_time":"2021-01-20T09:44:43+00:00","og_image":[{"width":1122,"height":325,"url":"https:\/\/timbeco.ee\/ch\/wp-content\/uploads\/sites\/10\/2018\/10\/Building-types1.jpg","type":"image\/jpeg"}],"twitter_card":"summary_large_image","schema":{"@context":"https:\/\/schema.org","@graph":[{"@type":"WebPage","@id":"https:\/\/timbeco.ee\/ch\/bautypen\/","url":"https:\/\/timbeco.ee\/ch\/bautypen\/","name":"Bautypen - Timbeco Switzerland","isPartOf":{"@id":"https:\/\/timbeco.ee\/ch\/#website"},"primaryImageOfPage":{"@id":"https:\/\/timbeco.ee\/ch\/bautypen\/#primaryimage"},"image":{"@id":"https:\/\/timbeco.ee\/ch\/bautypen\/#primaryimage"},"thumbnailUrl":"https:\/\/timbeco.ee\/ch\/wp-content\/uploads\/sites\/10\/2018\/10\/Building-types1.jpg","datePublished":"2018-10-29T09:30:12+00:00","dateModified":"2021-01-20T09:44:43+00:00","breadcrumb":{"@id":"https:\/\/timbeco.ee\/ch\/bautypen\/#breadcrumb"},"inLanguage":"de-CH","potentialAction":[{"@type":"ReadAction","target":["https:\/\/timbeco.ee\/ch\/bautypen\/"]}]},{"@type":"ImageObject","inLanguage":"de-CH","@id":"https:\/\/timbeco.ee\/ch\/bautypen\/#primaryimage","url":"https:\/\/timbeco.ee\/ch\/wp-content\/uploads\/sites\/10\/2018\/10\/Building-types1.jpg","contentUrl":"https:\/\/timbeco.ee\/ch\/wp-content\/uploads\/sites\/10\/2018\/10\/Building-types1.jpg","width":1122,"height":325,"caption":"Prefab building"},{"@type":"BreadcrumbList","@id":"https:\/\/timbeco.ee\/ch\/bautypen\/#breadcrumb","itemListElement":[{"@type":"ListItem","position":1,"name":"Avaleht","item":"https:\/\/timbeco.ee\/ch\/"},{"@type":"ListItem","position":2,"name":"Bautypen"}]},{"@type":"WebSite","@id":"https:\/\/timbeco.ee\/ch\/#website","url":"https:\/\/timbeco.ee\/ch\/","name":"Timbeco Switzerland","description":"Vorgefertigte bauteile, elementgeb\u00e4ude and modulare h\u00e4user","publisher":{"@id":"https:\/\/timbeco.ee\/ch\/#organization"},"potentialAction":[{"@type":"SearchAction","target":{"@type":"EntryPoint","urlTemplate":"https:\/\/timbeco.ee\/ch\/?s={search_term_string}"},"query-input":{"@type":"PropertyValueSpecification","valueRequired":true,"valueName":"search_term_string"}}],"inLanguage":"de-CH"},{"@type":"Organization","@id":"https:\/\/timbeco.ee\/ch\/#organization","name":"Timbeco Woodhouse O\u00dc","url":"https:\/\/timbeco.ee\/ch\/","logo":{"@type":"ImageObject","inLanguage":"de-CH","@id":"https:\/\/timbeco.ee\/ch\/#\/schema\/logo\/image\/","url":"https:\/\/timbeco.ee\/ch\/wp-content\/uploads\/sites\/10\/2018\/03\/timbeco-logo.png","contentUrl":"https:\/\/timbeco.ee\/ch\/wp-content\/uploads\/sites\/10\/2018\/03\/timbeco-logo.png","width":200,"height":41,"caption":"Timbeco Woodhouse O\u00dc"},"image":{"@id":"https:\/\/timbeco.ee\/ch\/#\/schema\/logo\/image\/"}}]}},"_links":{"self":[{"href":"https:\/\/timbeco.ee\/ch\/wp-json\/wp\/v2\/pages\/3558","targetHints":{"allow":["GET"]}}],"collection":[{"href":"https:\/\/timbeco.ee\/ch\/wp-json\/wp\/v2\/pages"}],"about":[{"href":"https:\/\/timbeco.ee\/ch\/wp-json\/wp\/v2\/types\/page"}],"author":[{"embeddable":true,"href":"https:\/\/timbeco.ee\/ch\/wp-json\/wp\/v2\/users\/2"}],"replies":[{"embeddable":true,"href":"https:\/\/timbeco.ee\/ch\/wp-json\/wp\/v2\/comments?post=3558"}],"version-history":[{"count":41,"href":"https:\/\/timbeco.ee\/ch\/wp-json\/wp\/v2\/pages\/3558\/revisions"}],"predecessor-version":[{"id":4037,"href":"https:\/\/timbeco.ee\/ch\/wp-json\/wp\/v2\/pages\/3558\/revisions\/4037"}],"wp:featuredmedia":[{"embeddable":true,"href":"https:\/\/timbeco.ee\/ch\/wp-json\/wp\/v2\/media\/3562"}],"wp:attachment":[{"href":"https:\/\/timbeco.ee\/ch\/wp-json\/wp\/v2\/media?parent=3558"}],"curies":[{"name":"wp","href":"https:\/\/api.w.org\/{rel}","templated":true}]}}