{"id":35,"date":"2017-12-15T15:08:10","date_gmt":"2017-12-15T13:08:10","guid":{"rendered":"http:\/\/timbeco.ee\/?page_id=35"},"modified":"2023-01-12T08:14:04","modified_gmt":"2023-01-12T06:14:04","slug":"konstruktion","status":"publish","type":"page","link":"https:\/\/timbeco.ee\/ch\/konstruktion\/","title":{"rendered":"Konstruktion"},"content":{"rendered":"","protected":false},"excerpt":{"rendered":"","protected":false},"author":1,"featured_media":0,"parent":0,"menu_order":0,"comment_status":"closed","ping_status":"closed","template":"","meta":{"_acf_changed":false,"_monsterinsights_skip_tracking":false,"_monsterinsights_sitenote_active":false,"_monsterinsights_sitenote_note":"","_monsterinsights_sitenote_category":0,"footnotes":""},"class_list":["post-35","page","type-page","status-publish","hentry"],"acf":[],"yoast_head":"<!-- This site is optimized with the Yoast SEO Premium plugin v27.2 (Yoast SEO v27.2) - https:\/\/yoast.com\/product\/yoast-seo-premium-wordpress\/ -->\n<title>Bau von Elementh\u00e4usern und modularen Geb\u00e4uden - Timbeco Woodhous<\/title>\n<meta name=\"description\" content=\"Bau von Elementh\u00e4usern und modularen Geb\u00e4uden. Das Timbeco Woodhouse - Team verf\u00fcgt \u00fcber langj\u00e4hrige erfahrene Projekt- und Geb\u00e4udemanager.\" \/>\n<meta name=\"robots\" content=\"noindex, follow, max-snippet:-1, max-image-preview:large, max-video-preview:-1\" \/>\n<meta property=\"og:locale\" content=\"de_DE\" \/>\n<meta property=\"og:type\" content=\"article\" \/>\n<meta property=\"og:title\" content=\"Konstruktion\" \/>\n<meta property=\"og:url\" content=\"https:\/\/timbeco.ee\/ch\/konstruktion\/\" \/>\n<meta property=\"og:site_name\" content=\"Timbeco Switzerland\" \/>\n<meta property=\"article:modified_time\" content=\"2023-01-12T06:14:04+00:00\" \/>\n<meta property=\"og:image\" content=\"https:\/\/timbeco.ee\/ch\/wp-content\/uploads\/sites\/10\/2018\/09\/Bodo360-44.jpg\" \/>\n\t<meta property=\"og:image:width\" content=\"1024\" \/>\n\t<meta property=\"og:image:height\" content=\"605\" \/>\n\t<meta property=\"og:image:type\" content=\"image\/jpeg\" \/>\n<meta name=\"twitter:card\" content=\"summary_large_image\" \/>\n<script type=\"application\/ld+json\" class=\"yoast-schema-graph\">{\"@context\":\"https:\/\/schema.org\",\"@graph\":[{\"@type\":\"WebPage\",\"@id\":\"https:\/\/timbeco.ee\/ch\/konstruktion\/\",\"url\":\"https:\/\/timbeco.ee\/ch\/konstruktion\/\",\"name\":\"Bau von Elementh\u00e4usern und modularen Geb\u00e4uden - Timbeco Woodhous\",\"isPartOf\":{\"@id\":\"https:\/\/timbeco.ee\/ch\/#website\"},\"datePublished\":\"2017-12-15T13:08:10+00:00\",\"dateModified\":\"2023-01-12T06:14:04+00:00\",\"description\":\"Bau von Elementh\u00e4usern und modularen Geb\u00e4uden. Das Timbeco Woodhouse - Team verf\u00fcgt \u00fcber langj\u00e4hrige erfahrene Projekt- und Geb\u00e4udemanager.\",\"breadcrumb\":{\"@id\":\"https:\/\/timbeco.ee\/ch\/konstruktion\/#breadcrumb\"},\"inLanguage\":\"de-CH\",\"potentialAction\":[{\"@type\":\"ReadAction\",\"target\":[\"https:\/\/timbeco.ee\/ch\/konstruktion\/\"]}]},{\"@type\":\"BreadcrumbList\",\"@id\":\"https:\/\/timbeco.ee\/ch\/konstruktion\/#breadcrumb\",\"itemListElement\":[{\"@type\":\"ListItem\",\"position\":1,\"name\":\"Avaleht\",\"item\":\"https:\/\/timbeco.ee\/ch\/\"},{\"@type\":\"ListItem\",\"position\":2,\"name\":\"Konstruktion\"}]},{\"@type\":\"WebSite\",\"@id\":\"https:\/\/timbeco.ee\/ch\/#website\",\"url\":\"https:\/\/timbeco.ee\/ch\/\",\"name\":\"Timbeco Switzerland\",\"description\":\"Vorgefertigte bauteile, elementgeb\u00e4ude and modulare h\u00e4user\",\"publisher\":{\"@id\":\"https:\/\/timbeco.ee\/ch\/#organization\"},\"potentialAction\":[{\"@type\":\"SearchAction\",\"target\":{\"@type\":\"EntryPoint\",\"urlTemplate\":\"https:\/\/timbeco.ee\/ch\/?s={search_term_string}\"},\"query-input\":{\"@type\":\"PropertyValueSpecification\",\"valueRequired\":true,\"valueName\":\"search_term_string\"}}],\"inLanguage\":\"de-CH\"},{\"@type\":\"Organization\",\"@id\":\"https:\/\/timbeco.ee\/ch\/#organization\",\"name\":\"Timbeco Woodhouse O\u00dc\",\"url\":\"https:\/\/timbeco.ee\/ch\/\",\"logo\":{\"@type\":\"ImageObject\",\"inLanguage\":\"de-CH\",\"@id\":\"https:\/\/timbeco.ee\/ch\/#\/schema\/logo\/image\/\",\"url\":\"https:\/\/timbeco.ee\/ch\/wp-content\/uploads\/sites\/10\/2018\/03\/timbeco-logo.png\",\"contentUrl\":\"https:\/\/timbeco.ee\/ch\/wp-content\/uploads\/sites\/10\/2018\/03\/timbeco-logo.png\",\"width\":200,\"height\":41,\"caption\":\"Timbeco Woodhouse O\u00dc\"},\"image\":{\"@id\":\"https:\/\/timbeco.ee\/ch\/#\/schema\/logo\/image\/\"}}]}<\/script>\n<!-- \/ Yoast SEO Premium plugin. -->","yoast_head_json":{"title":"Bau von Elementh\u00e4usern und modularen Geb\u00e4uden - Timbeco Woodhous","description":"Bau von Elementh\u00e4usern und modularen Geb\u00e4uden. Das Timbeco Woodhouse - Team verf\u00fcgt \u00fcber langj\u00e4hrige erfahrene Projekt- und Geb\u00e4udemanager.","robots":{"index":"noindex","follow":"follow","max-snippet":"max-snippet:-1","max-image-preview":"max-image-preview:large","max-video-preview":"max-video-preview:-1"},"og_locale":"de_DE","og_type":"article","og_title":"Konstruktion","og_url":"https:\/\/timbeco.ee\/ch\/konstruktion\/","og_site_name":"Timbeco Switzerland","article_modified_time":"2023-01-12T06:14:04+00:00","og_image":[{"width":1024,"height":605,"url":"https:\/\/timbeco.ee\/ch\/wp-content\/uploads\/sites\/10\/2018\/09\/Bodo360-44.jpg","type":"image\/jpeg"}],"twitter_card":"summary_large_image","schema":{"@context":"https:\/\/schema.org","@graph":[{"@type":"WebPage","@id":"https:\/\/timbeco.ee\/ch\/konstruktion\/","url":"https:\/\/timbeco.ee\/ch\/konstruktion\/","name":"Bau von Elementh\u00e4usern und modularen Geb\u00e4uden - Timbeco Woodhous","isPartOf":{"@id":"https:\/\/timbeco.ee\/ch\/#website"},"datePublished":"2017-12-15T13:08:10+00:00","dateModified":"2023-01-12T06:14:04+00:00","description":"Bau von Elementh\u00e4usern und modularen Geb\u00e4uden. Das Timbeco Woodhouse - Team verf\u00fcgt \u00fcber langj\u00e4hrige erfahrene Projekt- und Geb\u00e4udemanager.","breadcrumb":{"@id":"https:\/\/timbeco.ee\/ch\/konstruktion\/#breadcrumb"},"inLanguage":"de-CH","potentialAction":[{"@type":"ReadAction","target":["https:\/\/timbeco.ee\/ch\/konstruktion\/"]}]},{"@type":"BreadcrumbList","@id":"https:\/\/timbeco.ee\/ch\/konstruktion\/#breadcrumb","itemListElement":[{"@type":"ListItem","position":1,"name":"Avaleht","item":"https:\/\/timbeco.ee\/ch\/"},{"@type":"ListItem","position":2,"name":"Konstruktion"}]},{"@type":"WebSite","@id":"https:\/\/timbeco.ee\/ch\/#website","url":"https:\/\/timbeco.ee\/ch\/","name":"Timbeco Switzerland","description":"Vorgefertigte bauteile, elementgeb\u00e4ude and modulare h\u00e4user","publisher":{"@id":"https:\/\/timbeco.ee\/ch\/#organization"},"potentialAction":[{"@type":"SearchAction","target":{"@type":"EntryPoint","urlTemplate":"https:\/\/timbeco.ee\/ch\/?s={search_term_string}"},"query-input":{"@type":"PropertyValueSpecification","valueRequired":true,"valueName":"search_term_string"}}],"inLanguage":"de-CH"},{"@type":"Organization","@id":"https:\/\/timbeco.ee\/ch\/#organization","name":"Timbeco Woodhouse O\u00dc","url":"https:\/\/timbeco.ee\/ch\/","logo":{"@type":"ImageObject","inLanguage":"de-CH","@id":"https:\/\/timbeco.ee\/ch\/#\/schema\/logo\/image\/","url":"https:\/\/timbeco.ee\/ch\/wp-content\/uploads\/sites\/10\/2018\/03\/timbeco-logo.png","contentUrl":"https:\/\/timbeco.ee\/ch\/wp-content\/uploads\/sites\/10\/2018\/03\/timbeco-logo.png","width":200,"height":41,"caption":"Timbeco Woodhouse O\u00dc"},"image":{"@id":"https:\/\/timbeco.ee\/ch\/#\/schema\/logo\/image\/"}}]}},"_links":{"self":[{"href":"https:\/\/timbeco.ee\/ch\/wp-json\/wp\/v2\/pages\/35","targetHints":{"allow":["GET"]}}],"collection":[{"href":"https:\/\/timbeco.ee\/ch\/wp-json\/wp\/v2\/pages"}],"about":[{"href":"https:\/\/timbeco.ee\/ch\/wp-json\/wp\/v2\/types\/page"}],"author":[{"embeddable":true,"href":"https:\/\/timbeco.ee\/ch\/wp-json\/wp\/v2\/users\/1"}],"replies":[{"embeddable":true,"href":"https:\/\/timbeco.ee\/ch\/wp-json\/wp\/v2\/comments?post=35"}],"version-history":[{"count":157,"href":"https:\/\/timbeco.ee\/ch\/wp-json\/wp\/v2\/pages\/35\/revisions"}],"predecessor-version":[{"id":4270,"href":"https:\/\/timbeco.ee\/ch\/wp-json\/wp\/v2\/pages\/35\/revisions\/4270"}],"wp:attachment":[{"href":"https:\/\/timbeco.ee\/ch\/wp-json\/wp\/v2\/media?parent=35"}],"curies":[{"name":"wp","href":"https:\/\/api.w.org\/{rel}","templated":true}]}}