{"id":3439,"date":"2018-10-09T11:05:14","date_gmt":"2018-10-09T08:05:14","guid":{"rendered":"https:\/\/timbeco.ee\/ch\/?page_id=3439"},"modified":"2023-01-12T08:14:37","modified_gmt":"2023-01-12T06:14:37","slug":"videos","status":"publish","type":"page","link":"https:\/\/timbeco.ee\/ch\/timbeco\/videos\/","title":{"rendered":"Videos"},"content":{"rendered":"","protected":false},"excerpt":{"rendered":"","protected":false},"author":2,"featured_media":0,"parent":39,"menu_order":6,"comment_status":"closed","ping_status":"closed","template":"","meta":{"_acf_changed":false,"_monsterinsights_skip_tracking":false,"_monsterinsights_sitenote_active":false,"_monsterinsights_sitenote_note":"","_monsterinsights_sitenote_category":0,"footnotes":""},"class_list":["post-3439","page","type-page","status-publish","hentry"],"acf":[],"yoast_head":"<!-- This site is optimized with the Yoast SEO Premium plugin v27.2 (Yoast SEO v27.2) - https:\/\/yoast.com\/product\/yoast-seo-premium-wordpress\/ -->\n<title>Timbeco Produktions- und Produkt videos - Timbeco Woodhouse O\u00dc<\/title>\n<meta name=\"description\" content=\"Videos geben einen guten \u00dcberblick \u00fcber Timbecos Team, Produkte, Produktion, Installationsprozess und eingebaute Geb\u00e4ude sowie Energieeffizienz.\" \/>\n<meta name=\"robots\" content=\"noindex, follow, max-snippet:-1, max-image-preview:large, max-video-preview:-1\" \/>\n<meta property=\"og:locale\" content=\"de_DE\" \/>\n<meta property=\"og:type\" content=\"article\" \/>\n<meta property=\"og:title\" content=\"Videos\" \/>\n<meta property=\"og:url\" content=\"https:\/\/timbeco.ee\/ch\/timbeco\/videos\/\" \/>\n<meta property=\"og:site_name\" content=\"Timbeco Switzerland\" \/>\n<meta property=\"article:modified_time\" content=\"2023-01-12T06:14:37+00:00\" \/>\n<meta name=\"twitter:card\" content=\"summary_large_image\" \/>\n<script type=\"application\/ld+json\" class=\"yoast-schema-graph\">{\"@context\":\"https:\/\/schema.org\",\"@graph\":[{\"@type\":\"WebPage\",\"@id\":\"https:\/\/timbeco.ee\/ch\/timbeco\/videos\/\",\"url\":\"https:\/\/timbeco.ee\/ch\/timbeco\/videos\/\",\"name\":\"Timbeco Produktions- und Produkt videos - Timbeco Woodhouse O\u00dc\",\"isPartOf\":{\"@id\":\"https:\/\/timbeco.ee\/ch\/#website\"},\"datePublished\":\"2018-10-09T08:05:14+00:00\",\"dateModified\":\"2023-01-12T06:14:37+00:00\",\"description\":\"Videos geben einen guten \u00dcberblick \u00fcber Timbecos Team, Produkte, Produktion, Installationsprozess und eingebaute Geb\u00e4ude sowie Energieeffizienz.\",\"breadcrumb\":{\"@id\":\"https:\/\/timbeco.ee\/ch\/timbeco\/videos\/#breadcrumb\"},\"inLanguage\":\"de-CH\",\"potentialAction\":[{\"@type\":\"ReadAction\",\"target\":[\"https:\/\/timbeco.ee\/ch\/timbeco\/videos\/\"]}]},{\"@type\":\"BreadcrumbList\",\"@id\":\"https:\/\/timbeco.ee\/ch\/timbeco\/videos\/#breadcrumb\",\"itemListElement\":[{\"@type\":\"ListItem\",\"position\":1,\"name\":\"Avaleht\",\"item\":\"https:\/\/timbeco.ee\/ch\/\"},{\"@type\":\"ListItem\",\"position\":2,\"name\":\"Timbeco\",\"item\":\"https:\/\/timbeco.ee\/ch\/timbeco\/\"},{\"@type\":\"ListItem\",\"position\":3,\"name\":\"Videos\"}]},{\"@type\":\"WebSite\",\"@id\":\"https:\/\/timbeco.ee\/ch\/#website\",\"url\":\"https:\/\/timbeco.ee\/ch\/\",\"name\":\"Timbeco Switzerland\",\"description\":\"Vorgefertigte bauteile, elementgeb\u00e4ude and modulare h\u00e4user\",\"publisher\":{\"@id\":\"https:\/\/timbeco.ee\/ch\/#organization\"},\"potentialAction\":[{\"@type\":\"SearchAction\",\"target\":{\"@type\":\"EntryPoint\",\"urlTemplate\":\"https:\/\/timbeco.ee\/ch\/?s={search_term_string}\"},\"query-input\":{\"@type\":\"PropertyValueSpecification\",\"valueRequired\":true,\"valueName\":\"search_term_string\"}}],\"inLanguage\":\"de-CH\"},{\"@type\":\"Organization\",\"@id\":\"https:\/\/timbeco.ee\/ch\/#organization\",\"name\":\"Timbeco Woodhouse O\u00dc\",\"url\":\"https:\/\/timbeco.ee\/ch\/\",\"logo\":{\"@type\":\"ImageObject\",\"inLanguage\":\"de-CH\",\"@id\":\"https:\/\/timbeco.ee\/ch\/#\/schema\/logo\/image\/\",\"url\":\"https:\/\/timbeco.ee\/ch\/wp-content\/uploads\/sites\/10\/2018\/03\/timbeco-logo.png\",\"contentUrl\":\"https:\/\/timbeco.ee\/ch\/wp-content\/uploads\/sites\/10\/2018\/03\/timbeco-logo.png\",\"width\":200,\"height\":41,\"caption\":\"Timbeco Woodhouse O\u00dc\"},\"image\":{\"@id\":\"https:\/\/timbeco.ee\/ch\/#\/schema\/logo\/image\/\"}}]}<\/script>\n<!-- \/ Yoast SEO Premium plugin. -->","yoast_head_json":{"title":"Timbeco Produktions- und Produkt videos - Timbeco Woodhouse O\u00dc","description":"Videos geben einen guten \u00dcberblick \u00fcber Timbecos Team, Produkte, Produktion, Installationsprozess und eingebaute Geb\u00e4ude sowie Energieeffizienz.","robots":{"index":"noindex","follow":"follow","max-snippet":"max-snippet:-1","max-image-preview":"max-image-preview:large","max-video-preview":"max-video-preview:-1"},"og_locale":"de_DE","og_type":"article","og_title":"Videos","og_url":"https:\/\/timbeco.ee\/ch\/timbeco\/videos\/","og_site_name":"Timbeco Switzerland","article_modified_time":"2023-01-12T06:14:37+00:00","twitter_card":"summary_large_image","schema":{"@context":"https:\/\/schema.org","@graph":[{"@type":"WebPage","@id":"https:\/\/timbeco.ee\/ch\/timbeco\/videos\/","url":"https:\/\/timbeco.ee\/ch\/timbeco\/videos\/","name":"Timbeco Produktions- und Produkt videos - Timbeco Woodhouse O\u00dc","isPartOf":{"@id":"https:\/\/timbeco.ee\/ch\/#website"},"datePublished":"2018-10-09T08:05:14+00:00","dateModified":"2023-01-12T06:14:37+00:00","description":"Videos geben einen guten \u00dcberblick \u00fcber Timbecos Team, Produkte, Produktion, Installationsprozess und eingebaute Geb\u00e4ude sowie Energieeffizienz.","breadcrumb":{"@id":"https:\/\/timbeco.ee\/ch\/timbeco\/videos\/#breadcrumb"},"inLanguage":"de-CH","potentialAction":[{"@type":"ReadAction","target":["https:\/\/timbeco.ee\/ch\/timbeco\/videos\/"]}]},{"@type":"BreadcrumbList","@id":"https:\/\/timbeco.ee\/ch\/timbeco\/videos\/#breadcrumb","itemListElement":[{"@type":"ListItem","position":1,"name":"Avaleht","item":"https:\/\/timbeco.ee\/ch\/"},{"@type":"ListItem","position":2,"name":"Timbeco","item":"https:\/\/timbeco.ee\/ch\/timbeco\/"},{"@type":"ListItem","position":3,"name":"Videos"}]},{"@type":"WebSite","@id":"https:\/\/timbeco.ee\/ch\/#website","url":"https:\/\/timbeco.ee\/ch\/","name":"Timbeco Switzerland","description":"Vorgefertigte bauteile, elementgeb\u00e4ude and modulare h\u00e4user","publisher":{"@id":"https:\/\/timbeco.ee\/ch\/#organization"},"potentialAction":[{"@type":"SearchAction","target":{"@type":"EntryPoint","urlTemplate":"https:\/\/timbeco.ee\/ch\/?s={search_term_string}"},"query-input":{"@type":"PropertyValueSpecification","valueRequired":true,"valueName":"search_term_string"}}],"inLanguage":"de-CH"},{"@type":"Organization","@id":"https:\/\/timbeco.ee\/ch\/#organization","name":"Timbeco Woodhouse O\u00dc","url":"https:\/\/timbeco.ee\/ch\/","logo":{"@type":"ImageObject","inLanguage":"de-CH","@id":"https:\/\/timbeco.ee\/ch\/#\/schema\/logo\/image\/","url":"https:\/\/timbeco.ee\/ch\/wp-content\/uploads\/sites\/10\/2018\/03\/timbeco-logo.png","contentUrl":"https:\/\/timbeco.ee\/ch\/wp-content\/uploads\/sites\/10\/2018\/03\/timbeco-logo.png","width":200,"height":41,"caption":"Timbeco Woodhouse O\u00dc"},"image":{"@id":"https:\/\/timbeco.ee\/ch\/#\/schema\/logo\/image\/"}}]}},"_links":{"self":[{"href":"https:\/\/timbeco.ee\/ch\/wp-json\/wp\/v2\/pages\/3439","targetHints":{"allow":["GET"]}}],"collection":[{"href":"https:\/\/timbeco.ee\/ch\/wp-json\/wp\/v2\/pages"}],"about":[{"href":"https:\/\/timbeco.ee\/ch\/wp-json\/wp\/v2\/types\/page"}],"author":[{"embeddable":true,"href":"https:\/\/timbeco.ee\/ch\/wp-json\/wp\/v2\/users\/2"}],"replies":[{"embeddable":true,"href":"https:\/\/timbeco.ee\/ch\/wp-json\/wp\/v2\/comments?post=3439"}],"version-history":[{"count":14,"href":"https:\/\/timbeco.ee\/ch\/wp-json\/wp\/v2\/pages\/3439\/revisions"}],"predecessor-version":[{"id":4271,"href":"https:\/\/timbeco.ee\/ch\/wp-json\/wp\/v2\/pages\/3439\/revisions\/4271"}],"up":[{"embeddable":true,"href":"https:\/\/timbeco.ee\/ch\/wp-json\/wp\/v2\/pages\/39"}],"wp:attachment":[{"href":"https:\/\/timbeco.ee\/ch\/wp-json\/wp\/v2\/media?parent=3439"}],"curies":[{"name":"wp","href":"https:\/\/api.w.org\/{rel}","templated":true}]}}